{"id":981,"date":"2025-02-04T10:46:30","date_gmt":"2025-02-04T09:46:30","guid":{"rendered":"https:\/\/www.chateaucarqueiranne.com\/?page_id=981"},"modified":"2025-06-26T11:43:58","modified_gmt":"2025-06-26T09:43:58","slug":"rose-cdc-2024","status":"publish","type":"page","link":"https:\/\/www.chateaucarqueiranne.com\/index.php\/rose-cdc-2024\/","title":{"rendered":"Ros\u00e9 CDC 2024"},"content":{"rendered":"\n<div class=\"wp-block-buttons is-content-justification-right is-layout-flex wp-container-core-buttons-is-layout-d445cf74 wp-block-buttons-is-layout-flex\">\n<div class=\"wp-block-button is-style-outline is-style-outline--1\"><a class=\"wp-block-button__link wp-element-button\" href=\"https:\/\/www.chateaucarqueiranne.com\/index.php\/1072-2\/\">EN \ud83c\uddfa\ud83c\uddf8<\/a><\/div>\n\n\n\n<div class=\"wp-block-button is-style-outline is-style-outline--2\"><a class=\"wp-block-button__link wp-element-button\" href=\"https:\/\/www.chateaucarqueiranne.com\/index.php\/cdc-rose-de\/\">DE \ud83c\udde9\ud83c\uddea<\/a><\/div>\n<\/div>\n\n\n\n<div style=\"height:50px\" aria-hidden=\"true\" class=\"wp-block-spacer\"><\/div>\n\n\n\n<h2 class=\"wp-block-heading has-text-align-center\" style=\"font-size:2.8rem\">Ch\u00e2teau Carqueiranne ros\u00e9, C\u00f4tes de Provence<\/h2>\n\n\n\n<div style=\"height:50px\" aria-hidden=\"true\" class=\"wp-block-spacer\"><\/div>\n\n\n\n<figure class=\"wp-block-image aligncenter size-large\"><img loading=\"lazy\" decoding=\"async\" width=\"1024\" height=\"683\" src=\"http:\/\/www.chateaucarqueiranne.com\/wp-content\/uploads\/2025\/02\/2-VPS-15-1024x683.jpg\" alt=\"\" class=\"wp-image-1007\" srcset=\"https:\/\/www.chateaucarqueiranne.com\/wp-content\/uploads\/2025\/02\/2-VPS-15-1024x683.jpg 1024w, https:\/\/www.chateaucarqueiranne.com\/wp-content\/uploads\/2025\/02\/2-VPS-15-scaled-600x401.jpg 600w, https:\/\/www.chateaucarqueiranne.com\/wp-content\/uploads\/2025\/02\/2-VPS-15-300x200.jpg 300w, https:\/\/www.chateaucarqueiranne.com\/wp-content\/uploads\/2025\/02\/2-VPS-15-768x513.jpg 768w, https:\/\/www.chateaucarqueiranne.com\/wp-content\/uploads\/2025\/02\/2-VPS-15-1536x1025.jpg 1536w\" sizes=\"(max-width: 1024px) 100vw, 1024px\" \/><\/figure>\n\n\n\n<div style=\"height:50px\" aria-hidden=\"true\" class=\"wp-block-spacer\"><\/div>\n\n\n\n<h2 class=\"wp-block-heading\" style=\"font-size:1.7rem\">L&rsquo;expression du terroir<\/h2>\n\n\n\n<p>Reflet authentique de notre terroir proven\u00e7al, le Ch\u00e2teau Carqueiranne Ros\u00e9 2024 incarne l\u2019\u00e9quilibre entre gourmandise et fra\u00eecheur. Issu d\u2019un assemblage de&nbsp;Grenache et Cinsault, il s\u00e9duit par sa finesse et sa vivacit\u00e9.<\/p>\n\n\n\n<div style=\"height:50px\" aria-hidden=\"true\" class=\"wp-block-spacer\"><\/div>\n\n\n\n<figure class=\"wp-block-gallery has-nested-images columns-default is-cropped wp-block-gallery-3 is-layout-flex wp-block-gallery-is-layout-flex\">\n<figure class=\"wp-block-image size-large\"><img loading=\"lazy\" decoding=\"async\" width=\"683\" height=\"1024\" data-id=\"1009\" src=\"http:\/\/www.chateaucarqueiranne.com\/wp-content\/uploads\/2025\/02\/2-VPS-31-683x1024.jpg\" alt=\"\" class=\"wp-image-1009\" srcset=\"https:\/\/www.chateaucarqueiranne.com\/wp-content\/uploads\/2025\/02\/2-VPS-31-683x1024.jpg 683w, https:\/\/www.chateaucarqueiranne.com\/wp-content\/uploads\/2025\/02\/2-VPS-31-scaled-600x899.jpg 600w, https:\/\/www.chateaucarqueiranne.com\/wp-content\/uploads\/2025\/02\/2-VPS-31-200x300.jpg 200w, https:\/\/www.chateaucarqueiranne.com\/wp-content\/uploads\/2025\/02\/2-VPS-31-768x1151.jpg 768w, https:\/\/www.chateaucarqueiranne.com\/wp-content\/uploads\/2025\/02\/2-VPS-31-1025x1536.jpg 1025w, https:\/\/www.chateaucarqueiranne.com\/wp-content\/uploads\/2025\/02\/2-VPS-31-scaled.jpg 1708w\" sizes=\"(max-width: 683px) 100vw, 683px\" \/><\/figure>\n\n\n\n<figure class=\"wp-block-image size-large\"><img loading=\"lazy\" decoding=\"async\" width=\"683\" height=\"1024\" data-id=\"1010\" src=\"http:\/\/www.chateaucarqueiranne.com\/wp-content\/uploads\/2025\/02\/2-VPS-87-683x1024.jpg\" alt=\"\" class=\"wp-image-1010\" srcset=\"https:\/\/www.chateaucarqueiranne.com\/wp-content\/uploads\/2025\/02\/2-VPS-87-683x1024.jpg 683w, https:\/\/www.chateaucarqueiranne.com\/wp-content\/uploads\/2025\/02\/2-VPS-87-scaled-600x899.jpg 600w, https:\/\/www.chateaucarqueiranne.com\/wp-content\/uploads\/2025\/02\/2-VPS-87-200x300.jpg 200w, https:\/\/www.chateaucarqueiranne.com\/wp-content\/uploads\/2025\/02\/2-VPS-87-768x1151.jpg 768w, https:\/\/www.chateaucarqueiranne.com\/wp-content\/uploads\/2025\/02\/2-VPS-87-1025x1536.jpg 1025w, https:\/\/www.chateaucarqueiranne.com\/wp-content\/uploads\/2025\/02\/2-VPS-87-1367x2048.jpg 1367w, https:\/\/www.chateaucarqueiranne.com\/wp-content\/uploads\/2025\/02\/2-VPS-87-721x1080.jpg 721w, https:\/\/www.chateaucarqueiranne.com\/wp-content\/uploads\/2025\/02\/2-VPS-87-scaled.jpg 1709w\" sizes=\"(max-width: 683px) 100vw, 683px\" \/><\/figure>\n<\/figure>\n\n\n\n<div style=\"height:50px\" aria-hidden=\"true\" class=\"wp-block-spacer\"><\/div>\n\n\n\n<h2 class=\"wp-block-heading\" style=\"font-size:1.7rem\">L&rsquo;art de la vinification Ch\u00e2teau Carqueiranne ros\u00e9<\/h2>\n\n\n\n<p>R\u00e9colt\u00e9s de nuit pour pr\u00e9server toute leur fra\u00eecheur, les raisins font l\u2019objet d\u2019une&nbsp;s\u00e9lection parcellaire&nbsp;minutieuse. La&nbsp;stabulation \u00e0 froid pendant 10 jours&nbsp;et la r\u00e9int\u00e9gration du&nbsp;filtrat de bourbes&nbsp;\u00e0 la cuve apportent richesse et profondeur aromatique.<\/p>\n\n\n\n<div style=\"height:51px\" aria-hidden=\"true\" class=\"wp-block-spacer\"><\/div>\n\n\n\n<h3 class=\"wp-block-heading\" style=\"font-size:1.7rem\">Notes de d\u00e9gustation<\/h3>\n\n\n\n<details class=\"wp-block-details has-raleway-font-family is-layout-flow wp-block-details-is-layout-flow\" style=\"font-size:16px\"><summary>Robe<\/summary>\n<p style=\"font-size:15px\">Claire aux reflets p\u00eache.<\/p>\n<\/details>\n\n\n\n<details class=\"wp-block-details has-raleway-font-family is-layout-flow wp-block-details-is-layout-flow\" style=\"font-size:17px\"><summary>Nez<\/summary>\n<p style=\"font-size:15px\">Franc qui d\u00e9voile des ar\u00f4mes de p\u00e2tisserie et fruits frais.<\/p>\n<\/details>\n\n\n\n<details class=\"wp-block-details has-raleway-font-family is-layout-flow wp-block-details-is-layout-flow\" style=\"font-size:16px\"><summary>Bouche<\/summary>\n<p style=\"font-size:15px\">Gourmande et caract\u00e9ris\u00e9e par une belle fra\u00eecheur. <\/p>\n<\/details>\n\n\n\n<div style=\"height:30px\" aria-hidden=\"true\" class=\"wp-block-spacer\"><\/div>\n\n\n\n<h3 class=\"wp-block-heading has-text-align-right\" id=\"block-27b15b07-307b-44ed-a854-8cdfb8619b47\" style=\"font-size:1.7rem\">Accords<\/h3>\n\n\n\n<p class=\"has-text-align-right\" id=\"block-6035868d-9bb8-4b3b-a034-e64190ab5082\">Cuisine proven\u00e7ale <strong>\u203b<\/strong><\/p>\n\n\n\n<p class=\"has-text-align-right\" id=\"block-4877ef08-79c9-4628-9fd5-3de6384ee813\">Plats \u00e9pic\u00e9s <strong>\u203b<\/strong><\/p>\n\n\n\n<div style=\"height:30px\" aria-hidden=\"true\" class=\"wp-block-spacer\"><\/div>\n\n\n\n<h3 class=\"wp-block-heading has-text-align-left\" id=\"block-27b15b07-307b-44ed-a854-8cdfb8619b47\" style=\"font-size:1.7rem\">Accords<\/h3>\n\n\n\n<p><strong>SERVICE<\/strong> : temp\u00e9rature id\u00e9ale entre 8 et 10\u00b0C.<\/p>\n\n\n\n<p><strong>CONSERVATION<\/strong> : \u00e0 d\u00e9guster dans l&rsquo;ann\u00e9e ou \u00e0 conserver deux ans.<\/p>\n\n\n\n<p>I<strong>NFORMATIONS<\/strong> : Alcool 12,5% Vol &#8211; Haute Valeur Environnementale (HVE)<\/p>\n\n\n\n<div style=\"height:50px\" aria-hidden=\"true\" class=\"wp-block-spacer\"><\/div>\n\n\n\n<figure class=\"wp-block-gallery has-nested-images columns-default is-cropped wp-block-gallery-4 is-layout-flex wp-block-gallery-is-layout-flex\">\n<figure class=\"wp-block-image size-large\"><img loading=\"lazy\" decoding=\"async\" width=\"1024\" height=\"1024\" data-id=\"961\" src=\"https:\/\/www.chateaucarqueiranne.com\/wp-content\/uploads\/2025\/01\/HVE_exploitation_noir-1-1024x1024.png\" alt=\"\" class=\"wp-image-961\" srcset=\"https:\/\/www.chateaucarqueiranne.com\/wp-content\/uploads\/2025\/01\/HVE_exploitation_noir-1-1024x1024.png 1024w, https:\/\/www.chateaucarqueiranne.com\/wp-content\/uploads\/2025\/01\/HVE_exploitation_noir-1-450x450.png 450w, https:\/\/www.chateaucarqueiranne.com\/wp-content\/uploads\/2025\/01\/HVE_exploitation_noir-1-100x100.png 100w, https:\/\/www.chateaucarqueiranne.com\/wp-content\/uploads\/2025\/01\/HVE_exploitation_noir-1-600x600.png 600w, https:\/\/www.chateaucarqueiranne.com\/wp-content\/uploads\/2025\/01\/HVE_exploitation_noir-1-300x300.png 300w, https:\/\/www.chateaucarqueiranne.com\/wp-content\/uploads\/2025\/01\/HVE_exploitation_noir-1-150x150.png 150w, https:\/\/www.chateaucarqueiranne.com\/wp-content\/uploads\/2025\/01\/HVE_exploitation_noir-1-768x768.png 768w, https:\/\/www.chateaucarqueiranne.com\/wp-content\/uploads\/2025\/01\/HVE_exploitation_noir-1-1080x1080.png 1080w, https:\/\/www.chateaucarqueiranne.com\/wp-content\/uploads\/2025\/01\/HVE_exploitation_noir-1.png 1181w\" sizes=\"(max-width: 1024px) 100vw, 1024px\" \/><\/figure>\n\n\n\n<figure class=\"wp-block-image size-full\"><img loading=\"lazy\" decoding=\"async\" width=\"732\" height=\"490\" data-id=\"1090\" src=\"http:\/\/www.chateaucarqueiranne.com\/wp-content\/uploads\/2025\/02\/Capture-decran-2025-02-24-a-10.14.43.png\" alt=\"\" class=\"wp-image-1090\" srcset=\"https:\/\/www.chateaucarqueiranne.com\/wp-content\/uploads\/2025\/02\/Capture-decran-2025-02-24-a-10.14.43.png 732w, https:\/\/www.chateaucarqueiranne.com\/wp-content\/uploads\/2025\/02\/Capture-decran-2025-02-24-a-10.14.43-600x402.png 600w, https:\/\/www.chateaucarqueiranne.com\/wp-content\/uploads\/2025\/02\/Capture-decran-2025-02-24-a-10.14.43-300x201.png 300w\" sizes=\"(max-width: 732px) 100vw, 732px\" \/><\/figure>\n<\/figure>\n","protected":false},"excerpt":{"rendered":"<p>Ch\u00e2teau Carqueiranne ros\u00e9, C\u00f4tes de Provence L&rsquo;expression du terroir Reflet authentique de notre terroir proven\u00e7al, le Ch\u00e2teau Carqueiranne Ros\u00e9 2024 incarne l\u2019\u00e9quilibre entre gourmandise et fra\u00eecheur. Issu d\u2019un assemblage de&nbsp;Grenache et Cinsault, il s\u00e9duit par sa finesse et sa vivacit\u00e9. L&rsquo;art de la vinification Ch\u00e2teau Carqueiranne ros\u00e9 R\u00e9colt\u00e9s de nuit pour pr\u00e9server toute leur fra\u00eecheur, [&hellip;]<\/p>\n","protected":false},"author":1,"featured_media":0,"parent":0,"menu_order":0,"comment_status":"closed","ping_status":"closed","template":"","meta":{"saved_in_kubio":false,"footnotes":""},"class_list":["post-981","page","type-page","status-publish","hentry"],"kubio_ai_page_context":{"short_desc":"","purpose":"general"},"yoast_head":"<!-- This site is optimized with the Yoast SEO plugin v27.4 - https:\/\/yoast.com\/product\/yoast-seo-wordpress\/ -->\n<title>Ros\u00e9 CDC 2024 - CH\u00c2TEAU CARQUEIRANNE<\/title>\n<meta name=\"robots\" content=\"index, follow, max-snippet:-1, max-image-preview:large, max-video-preview:-1\" \/>\n<link rel=\"canonical\" href=\"https:\/\/www.chateaucarqueiranne.com\/index.php\/rose-cdc-2024\/\" \/>\n<meta property=\"og:locale\" content=\"fr_FR\" \/>\n<meta property=\"og:type\" content=\"article\" \/>\n<meta property=\"og:title\" content=\"Ros\u00e9 CDC 2024 - CH\u00c2TEAU CARQUEIRANNE\" \/>\n<meta property=\"og:description\" content=\"Ch\u00e2teau Carqueiranne ros\u00e9, C\u00f4tes de Provence L&rsquo;expression du terroir Reflet authentique de notre terroir proven\u00e7al, le Ch\u00e2teau Carqueiranne Ros\u00e9 2024 incarne l\u2019\u00e9quilibre entre gourmandise et fra\u00eecheur. Issu d\u2019un assemblage de&nbsp;Grenache et Cinsault, il s\u00e9duit par sa finesse et sa vivacit\u00e9. L&rsquo;art de la vinification Ch\u00e2teau Carqueiranne ros\u00e9 R\u00e9colt\u00e9s de nuit pour pr\u00e9server toute leur fra\u00eecheur, [&hellip;]\" \/>\n<meta property=\"og:url\" content=\"https:\/\/www.chateaucarqueiranne.com\/index.php\/rose-cdc-2024\/\" \/>\n<meta property=\"og:site_name\" content=\"CH\u00c2TEAU CARQUEIRANNE\" \/>\n<meta property=\"article:modified_time\" content=\"2025-06-26T09:43:58+00:00\" \/>\n<meta property=\"og:image\" content=\"https:\/\/www.chateaucarqueiranne.com\/wp-content\/uploads\/2025\/02\/2-VPS-15-scaled.jpg\" \/>\n\t<meta property=\"og:image:width\" content=\"2560\" \/>\n\t<meta property=\"og:image:height\" content=\"1709\" \/>\n\t<meta property=\"og:image:type\" content=\"image\/jpeg\" \/>\n<meta name=\"twitter:card\" content=\"summary_large_image\" \/>\n<meta name=\"twitter:label1\" content=\"Dur\u00e9e de lecture estim\u00e9e\" \/>\n\t<meta name=\"twitter:data1\" content=\"2 minutes\" \/>\n<script type=\"application\/ld+json\" class=\"yoast-schema-graph\">{\"@context\":\"https:\\\/\\\/schema.org\",\"@graph\":[{\"@type\":\"WebPage\",\"@id\":\"https:\\\/\\\/www.chateaucarqueiranne.com\\\/index.php\\\/rose-cdc-2024\\\/\",\"url\":\"https:\\\/\\\/www.chateaucarqueiranne.com\\\/index.php\\\/rose-cdc-2024\\\/\",\"name\":\"Ros\u00e9 CDC 2024 - CH\u00c2TEAU CARQUEIRANNE\",\"isPartOf\":{\"@id\":\"https:\\\/\\\/www.chateaucarqueiranne.com\\\/#website\"},\"primaryImageOfPage\":{\"@id\":\"https:\\\/\\\/www.chateaucarqueiranne.com\\\/index.php\\\/rose-cdc-2024\\\/#primaryimage\"},\"image\":{\"@id\":\"https:\\\/\\\/www.chateaucarqueiranne.com\\\/index.php\\\/rose-cdc-2024\\\/#primaryimage\"},\"thumbnailUrl\":\"http:\\\/\\\/www.chateaucarqueiranne.com\\\/wp-content\\\/uploads\\\/2025\\\/02\\\/2-VPS-15-1024x683.jpg\",\"datePublished\":\"2025-02-04T09:46:30+00:00\",\"dateModified\":\"2025-06-26T09:43:58+00:00\",\"breadcrumb\":{\"@id\":\"https:\\\/\\\/www.chateaucarqueiranne.com\\\/index.php\\\/rose-cdc-2024\\\/#breadcrumb\"},\"inLanguage\":\"fr-FR\",\"potentialAction\":[{\"@type\":\"ReadAction\",\"target\":[\"https:\\\/\\\/www.chateaucarqueiranne.com\\\/index.php\\\/rose-cdc-2024\\\/\"]}]},{\"@type\":\"ImageObject\",\"inLanguage\":\"fr-FR\",\"@id\":\"https:\\\/\\\/www.chateaucarqueiranne.com\\\/index.php\\\/rose-cdc-2024\\\/#primaryimage\",\"url\":\"https:\\\/\\\/www.chateaucarqueiranne.com\\\/wp-content\\\/uploads\\\/2025\\\/02\\\/2-VPS-15-scaled.jpg\",\"contentUrl\":\"https:\\\/\\\/www.chateaucarqueiranne.com\\\/wp-content\\\/uploads\\\/2025\\\/02\\\/2-VPS-15-scaled.jpg\",\"width\":2560,\"height\":1709},{\"@type\":\"BreadcrumbList\",\"@id\":\"https:\\\/\\\/www.chateaucarqueiranne.com\\\/index.php\\\/rose-cdc-2024\\\/#breadcrumb\",\"itemListElement\":[{\"@type\":\"ListItem\",\"position\":1,\"name\":\"Accueil\",\"item\":\"https:\\\/\\\/www.chateaucarqueiranne.com\\\/\"},{\"@type\":\"ListItem\",\"position\":2,\"name\":\"Ros\u00e9 CDC 2024\"}]},{\"@type\":\"WebSite\",\"@id\":\"https:\\\/\\\/www.chateaucarqueiranne.com\\\/#website\",\"url\":\"https:\\\/\\\/www.chateaucarqueiranne.com\\\/\",\"name\":\"CH\u00c2TEAU CARQUEIRANNE\",\"description\":\"C\u00f4tes de Provence  \",\"publisher\":{\"@id\":\"https:\\\/\\\/www.chateaucarqueiranne.com\\\/#organization\"},\"potentialAction\":[{\"@type\":\"SearchAction\",\"target\":{\"@type\":\"EntryPoint\",\"urlTemplate\":\"https:\\\/\\\/www.chateaucarqueiranne.com\\\/?s={search_term_string}\"},\"query-input\":{\"@type\":\"PropertyValueSpecification\",\"valueRequired\":true,\"valueName\":\"search_term_string\"}}],\"inLanguage\":\"fr-FR\"},{\"@type\":\"Organization\",\"@id\":\"https:\\\/\\\/www.chateaucarqueiranne.com\\\/#organization\",\"name\":\"CH\u00c2TEAU CARQUEIRANNE\",\"url\":\"https:\\\/\\\/www.chateaucarqueiranne.com\\\/\",\"logo\":{\"@type\":\"ImageObject\",\"inLanguage\":\"fr-FR\",\"@id\":\"https:\\\/\\\/www.chateaucarqueiranne.com\\\/#\\\/schema\\\/logo\\\/image\\\/\",\"url\":\"https:\\\/\\\/www.chateaucarqueiranne.com\\\/wp-content\\\/uploads\\\/2024\\\/05\\\/Typo-Chateau-Sans-fond-1-e1715849615235.png\",\"contentUrl\":\"https:\\\/\\\/www.chateaucarqueiranne.com\\\/wp-content\\\/uploads\\\/2024\\\/05\\\/Typo-Chateau-Sans-fond-1-e1715849615235.png\",\"width\":1890,\"height\":592,\"caption\":\"CH\u00c2TEAU CARQUEIRANNE\"},\"image\":{\"@id\":\"https:\\\/\\\/www.chateaucarqueiranne.com\\\/#\\\/schema\\\/logo\\\/image\\\/\"}}]}<\/script>\n<!-- \/ Yoast SEO plugin. -->","yoast_head_json":{"title":"Ros\u00e9 CDC 2024 - CH\u00c2TEAU CARQUEIRANNE","robots":{"index":"index","follow":"follow","max-snippet":"max-snippet:-1","max-image-preview":"max-image-preview:large","max-video-preview":"max-video-preview:-1"},"canonical":"https:\/\/www.chateaucarqueiranne.com\/index.php\/rose-cdc-2024\/","og_locale":"fr_FR","og_type":"article","og_title":"Ros\u00e9 CDC 2024 - CH\u00c2TEAU CARQUEIRANNE","og_description":"Ch\u00e2teau Carqueiranne ros\u00e9, C\u00f4tes de Provence L&rsquo;expression du terroir Reflet authentique de notre terroir proven\u00e7al, le Ch\u00e2teau Carqueiranne Ros\u00e9 2024 incarne l\u2019\u00e9quilibre entre gourmandise et fra\u00eecheur. Issu d\u2019un assemblage de&nbsp;Grenache et Cinsault, il s\u00e9duit par sa finesse et sa vivacit\u00e9. L&rsquo;art de la vinification Ch\u00e2teau Carqueiranne ros\u00e9 R\u00e9colt\u00e9s de nuit pour pr\u00e9server toute leur fra\u00eecheur, [&hellip;]","og_url":"https:\/\/www.chateaucarqueiranne.com\/index.php\/rose-cdc-2024\/","og_site_name":"CH\u00c2TEAU CARQUEIRANNE","article_modified_time":"2025-06-26T09:43:58+00:00","og_image":[{"width":2560,"height":1709,"url":"https:\/\/www.chateaucarqueiranne.com\/wp-content\/uploads\/2025\/02\/2-VPS-15-scaled.jpg","type":"image\/jpeg"}],"twitter_card":"summary_large_image","twitter_misc":{"Dur\u00e9e de lecture estim\u00e9e":"2 minutes"},"schema":{"@context":"https:\/\/schema.org","@graph":[{"@type":"WebPage","@id":"https:\/\/www.chateaucarqueiranne.com\/index.php\/rose-cdc-2024\/","url":"https:\/\/www.chateaucarqueiranne.com\/index.php\/rose-cdc-2024\/","name":"Ros\u00e9 CDC 2024 - CH\u00c2TEAU CARQUEIRANNE","isPartOf":{"@id":"https:\/\/www.chateaucarqueiranne.com\/#website"},"primaryImageOfPage":{"@id":"https:\/\/www.chateaucarqueiranne.com\/index.php\/rose-cdc-2024\/#primaryimage"},"image":{"@id":"https:\/\/www.chateaucarqueiranne.com\/index.php\/rose-cdc-2024\/#primaryimage"},"thumbnailUrl":"http:\/\/www.chateaucarqueiranne.com\/wp-content\/uploads\/2025\/02\/2-VPS-15-1024x683.jpg","datePublished":"2025-02-04T09:46:30+00:00","dateModified":"2025-06-26T09:43:58+00:00","breadcrumb":{"@id":"https:\/\/www.chateaucarqueiranne.com\/index.php\/rose-cdc-2024\/#breadcrumb"},"inLanguage":"fr-FR","potentialAction":[{"@type":"ReadAction","target":["https:\/\/www.chateaucarqueiranne.com\/index.php\/rose-cdc-2024\/"]}]},{"@type":"ImageObject","inLanguage":"fr-FR","@id":"https:\/\/www.chateaucarqueiranne.com\/index.php\/rose-cdc-2024\/#primaryimage","url":"https:\/\/www.chateaucarqueiranne.com\/wp-content\/uploads\/2025\/02\/2-VPS-15-scaled.jpg","contentUrl":"https:\/\/www.chateaucarqueiranne.com\/wp-content\/uploads\/2025\/02\/2-VPS-15-scaled.jpg","width":2560,"height":1709},{"@type":"BreadcrumbList","@id":"https:\/\/www.chateaucarqueiranne.com\/index.php\/rose-cdc-2024\/#breadcrumb","itemListElement":[{"@type":"ListItem","position":1,"name":"Accueil","item":"https:\/\/www.chateaucarqueiranne.com\/"},{"@type":"ListItem","position":2,"name":"Ros\u00e9 CDC 2024"}]},{"@type":"WebSite","@id":"https:\/\/www.chateaucarqueiranne.com\/#website","url":"https:\/\/www.chateaucarqueiranne.com\/","name":"CH\u00c2TEAU CARQUEIRANNE","description":"C\u00f4tes de Provence  ","publisher":{"@id":"https:\/\/www.chateaucarqueiranne.com\/#organization"},"potentialAction":[{"@type":"SearchAction","target":{"@type":"EntryPoint","urlTemplate":"https:\/\/www.chateaucarqueiranne.com\/?s={search_term_string}"},"query-input":{"@type":"PropertyValueSpecification","valueRequired":true,"valueName":"search_term_string"}}],"inLanguage":"fr-FR"},{"@type":"Organization","@id":"https:\/\/www.chateaucarqueiranne.com\/#organization","name":"CH\u00c2TEAU CARQUEIRANNE","url":"https:\/\/www.chateaucarqueiranne.com\/","logo":{"@type":"ImageObject","inLanguage":"fr-FR","@id":"https:\/\/www.chateaucarqueiranne.com\/#\/schema\/logo\/image\/","url":"https:\/\/www.chateaucarqueiranne.com\/wp-content\/uploads\/2024\/05\/Typo-Chateau-Sans-fond-1-e1715849615235.png","contentUrl":"https:\/\/www.chateaucarqueiranne.com\/wp-content\/uploads\/2024\/05\/Typo-Chateau-Sans-fond-1-e1715849615235.png","width":1890,"height":592,"caption":"CH\u00c2TEAU CARQUEIRANNE"},"image":{"@id":"https:\/\/www.chateaucarqueiranne.com\/#\/schema\/logo\/image\/"}}]}},"_links":{"self":[{"href":"https:\/\/www.chateaucarqueiranne.com\/index.php\/wp-json\/wp\/v2\/pages\/981","targetHints":{"allow":["GET"]}}],"collection":[{"href":"https:\/\/www.chateaucarqueiranne.com\/index.php\/wp-json\/wp\/v2\/pages"}],"about":[{"href":"https:\/\/www.chateaucarqueiranne.com\/index.php\/wp-json\/wp\/v2\/types\/page"}],"author":[{"embeddable":true,"href":"https:\/\/www.chateaucarqueiranne.com\/index.php\/wp-json\/wp\/v2\/users\/1"}],"replies":[{"embeddable":true,"href":"https:\/\/www.chateaucarqueiranne.com\/index.php\/wp-json\/wp\/v2\/comments?post=981"}],"version-history":[{"count":11,"href":"https:\/\/www.chateaucarqueiranne.com\/index.php\/wp-json\/wp\/v2\/pages\/981\/revisions"}],"predecessor-version":[{"id":1508,"href":"https:\/\/www.chateaucarqueiranne.com\/index.php\/wp-json\/wp\/v2\/pages\/981\/revisions\/1508"}],"wp:attachment":[{"href":"https:\/\/www.chateaucarqueiranne.com\/index.php\/wp-json\/wp\/v2\/media?parent=981"}],"curies":[{"name":"wp","href":"https:\/\/api.w.org\/{rel}","templated":true}]}}