{"id":948,"date":"2025-02-04T10:36:13","date_gmt":"2025-02-04T09:36:13","guid":{"rendered":"https:\/\/www.chateaucarqueiranne.com\/?page_id=948"},"modified":"2025-05-21T14:07:02","modified_gmt":"2025-05-21T12:07:02","slug":"blanc-lamour","status":"publish","type":"page","link":"https:\/\/www.chateaucarqueiranne.com\/index.php\/blanc-lamour\/","title":{"rendered":"Blanc Lamour"},"content":{"rendered":"\n<div class=\"wp-block-buttons is-content-justification-right is-layout-flex wp-container-core-buttons-is-layout-e035ea83 wp-block-buttons-is-layout-flex\">\n<div class=\"wp-block-button is-style-outline is-style-outline--1\"><a class=\"wp-block-button__link has-text-align-right wp-element-button\" href=\"https:\/\/www.chateaucarqueiranne.com\/index.php\/1029-2\/\">EN \ud83c\uddfa\ud83c\uddf8<\/a><\/div>\n\n\n\n<div class=\"wp-block-button is-style-outline is-style-outline--2\"><a class=\"wp-block-button__link wp-element-button\" href=\"https:\/\/www.chateaucarqueiranne.com\/index.php\/lamour-blanc-de\/\">DE \ud83c\udde9\ud83c\uddea<\/a><\/div>\n<\/div>\n\n\n\n<div style=\"height:50px\" aria-hidden=\"true\" class=\"wp-block-spacer\"><\/div>\n\n\n\n<h2 class=\"wp-block-heading has-text-align-center\" style=\"font-size:2.8rem\">LAMOUR blanc, C\u00f4tes de Provence<\/h2>\n\n\n\n<div style=\"height:50px\" aria-hidden=\"true\" class=\"wp-block-spacer\"><\/div>\n\n\n\n<figure class=\"wp-block-image aligncenter size-large\"><img loading=\"lazy\" decoding=\"async\" width=\"1024\" height=\"683\" src=\"http:\/\/www.chateaucarqueiranne.com\/wp-content\/uploads\/2025\/02\/3-VPS-18-1-1024x683.jpg\" alt=\"\" class=\"wp-image-1000\" srcset=\"https:\/\/www.chateaucarqueiranne.com\/wp-content\/uploads\/2025\/02\/3-VPS-18-1-1024x683.jpg 1024w, https:\/\/www.chateaucarqueiranne.com\/wp-content\/uploads\/2025\/02\/3-VPS-18-1-scaled-600x401.jpg 600w, https:\/\/www.chateaucarqueiranne.com\/wp-content\/uploads\/2025\/02\/3-VPS-18-1-300x200.jpg 300w, https:\/\/www.chateaucarqueiranne.com\/wp-content\/uploads\/2025\/02\/3-VPS-18-1-768x513.jpg 768w, https:\/\/www.chateaucarqueiranne.com\/wp-content\/uploads\/2025\/02\/3-VPS-18-1-1536x1025.jpg 1536w\" sizes=\"(max-width: 1024px) 100vw, 1024px\" \/><\/figure>\n\n\n\n<div style=\"height:50px\" aria-hidden=\"true\" class=\"wp-block-spacer\"><\/div>\n\n\n\n<h2 class=\"wp-block-heading has-raleway-font-family\" style=\"font-size:1.7rem\">L&rsquo;\u00e9clat d&rsquo;un vin de plaisir<\/h2>\n\n\n\n<p>C\u00e9l\u00e9brant les instants pr\u00e9cieux,&nbsp;<strong>LAMOUR Blanc<\/strong>&nbsp;incarne le vin de plaisir par excellence. Ce monoc\u00e9page 100% Rolle d\u00e9voile une palette aromatique raffin\u00e9e et \u00e9l\u00e9gante.<\/p>\n\n\n\n<div style=\"height:50px\" aria-hidden=\"true\" class=\"wp-block-spacer\"><\/div>\n\n\n\n<div class=\"wp-block-group is-layout-constrained wp-block-group-is-layout-constrained\">\n<figure class=\"wp-block-gallery has-nested-images columns-default is-cropped wp-block-gallery-3 is-layout-flex wp-block-gallery-is-layout-flex\">\n<figure class=\"wp-block-image size-large\"><img loading=\"lazy\" decoding=\"async\" width=\"683\" height=\"1024\" data-id=\"1001\" src=\"https:\/\/www.chateaucarqueiranne.com\/wp-content\/uploads\/2025\/02\/2-VPS-78-683x1024.jpg\" alt=\"\" class=\"wp-image-1001\" srcset=\"https:\/\/www.chateaucarqueiranne.com\/wp-content\/uploads\/2025\/02\/2-VPS-78-683x1024.jpg 683w, https:\/\/www.chateaucarqueiranne.com\/wp-content\/uploads\/2025\/02\/2-VPS-78-scaled-600x899.jpg 600w, https:\/\/www.chateaucarqueiranne.com\/wp-content\/uploads\/2025\/02\/2-VPS-78-200x300.jpg 200w, https:\/\/www.chateaucarqueiranne.com\/wp-content\/uploads\/2025\/02\/2-VPS-78-768x1151.jpg 768w, https:\/\/www.chateaucarqueiranne.com\/wp-content\/uploads\/2025\/02\/2-VPS-78-1025x1536.jpg 1025w, https:\/\/www.chateaucarqueiranne.com\/wp-content\/uploads\/2025\/02\/2-VPS-78-scaled.jpg 1709w\" sizes=\"(max-width: 683px) 100vw, 683px\" \/><\/figure>\n\n\n\n<figure class=\"wp-block-image size-large\"><img loading=\"lazy\" decoding=\"async\" width=\"683\" height=\"1024\" data-id=\"1002\" src=\"https:\/\/www.chateaucarqueiranne.com\/wp-content\/uploads\/2025\/02\/2-VPS-64-683x1024.jpg\" alt=\"\" class=\"wp-image-1002\" srcset=\"https:\/\/www.chateaucarqueiranne.com\/wp-content\/uploads\/2025\/02\/2-VPS-64-683x1024.jpg 683w, https:\/\/www.chateaucarqueiranne.com\/wp-content\/uploads\/2025\/02\/2-VPS-64-scaled-600x899.jpg 600w, https:\/\/www.chateaucarqueiranne.com\/wp-content\/uploads\/2025\/02\/2-VPS-64-200x300.jpg 200w, https:\/\/www.chateaucarqueiranne.com\/wp-content\/uploads\/2025\/02\/2-VPS-64-768x1151.jpg 768w, https:\/\/www.chateaucarqueiranne.com\/wp-content\/uploads\/2025\/02\/2-VPS-64-1025x1536.jpg 1025w, https:\/\/www.chateaucarqueiranne.com\/wp-content\/uploads\/2025\/02\/2-VPS-64-scaled.jpg 1709w\" sizes=\"(max-width: 683px) 100vw, 683px\" \/><\/figure>\n<\/figure>\n<\/div>\n\n\n\n<div style=\"height:50px\" aria-hidden=\"true\" class=\"wp-block-spacer\"><\/div>\n\n\n\n<h2 class=\"wp-block-heading\" style=\"font-size:1.7rem\">L&rsquo;art de la vinification LAMOUR<\/h2>\n\n\n\n<p>\u00c9labor\u00e9 avec soin, il b\u00e9n\u00e9ficie d\u2019une vinification alliant pr\u00e9cision et tradition. Les raisins, r\u00e9colt\u00e9s \u00e0 maturit\u00e9 optimale, sont vinifi\u00e9s et \u00e9lev\u00e9s en f\u00fbts de ch\u00eane. Ce savoir-faire lui conf\u00e8re une texture soyeuse et une profondeur aromatique remarquable. Son profil unique, \u00e0 la fois frais et structur\u00e9, refl\u00e8te toute l\u2019expertise du Ch\u00e2teau Carqueiranne.<\/p>\n\n\n\n<div style=\"height:51px\" aria-hidden=\"true\" class=\"wp-block-spacer\"><\/div>\n\n\n\n<h3 class=\"wp-block-heading\" style=\"font-size:1.7rem\">Notes de d\u00e9gustation<\/h3>\n\n\n\n<details class=\"wp-block-details has-raleway-font-family is-layout-flow wp-block-details-is-layout-flow\" style=\"font-size:16px\"><summary>Robe<\/summary>\n<p style=\"font-size:15px\">P\u00e2le aux reflets dor\u00e9s.<\/p>\n<\/details>\n\n\n\n<details class=\"wp-block-details has-raleway-font-family is-layout-flow wp-block-details-is-layout-flow\" style=\"font-size:17px\"><summary>Nez<\/summary>\n<p style=\"font-size:15px\">Ar\u00f4mes de fleur d&rsquo;oranger et de pomelos.<\/p>\n<\/details>\n\n\n\n<details class=\"wp-block-details has-raleway-font-family is-layout-flow wp-block-details-is-layout-flow\" style=\"font-size:16px\"><summary>Bouche<\/summary>\n<p style=\"font-size:15px\">Croquante, s\u2019enrichit de notes florales rappelant le tilleul. La bouche se prolonge avec une belle salinit\u00e9 en final.<\/p>\n<\/details>\n\n\n\n<div style=\"height:30px\" aria-hidden=\"true\" class=\"wp-block-spacer\"><\/div>\n\n\n\n<h3 class=\"wp-block-heading has-text-align-right\" id=\"block-27b15b07-307b-44ed-a854-8cdfb8619b47\" style=\"font-size:1.7rem\">Accords<\/h3>\n\n\n\n<p class=\"has-text-align-right\" id=\"block-6035868d-9bb8-4b3b-a034-e64190ab5082\">Fruits de mer <strong>\u203b<\/strong><\/p>\n\n\n\n<p class=\"has-text-align-right\" id=\"block-4877ef08-79c9-4628-9fd5-3de6384ee813\">Viande blanche <strong>\u203b<\/strong><\/p>\n\n\n\n<p class=\"has-text-align-right\" id=\"block-9ce3b1d7-97e7-4ce6-8974-a15cc5595b45\">Plats m\u00e9diterran\u00e9ens<strong> \u203b<\/strong><\/p>\n\n\n\n<p class=\"has-text-align-right\" id=\"block-9ce3b1d7-97e7-4ce6-8974-a15cc5595b45\">L\u00e9gumes grill\u00e9s<strong> \u203b<\/strong><\/p>\n\n\n\n<div style=\"height:30px\" aria-hidden=\"true\" class=\"wp-block-spacer\"><\/div>\n\n\n\n<h3 class=\"wp-block-heading\" style=\"font-size:1.7rem\">Caract\u00e9ristiques<\/h3>\n\n\n\n<p><strong>SERVICE <\/strong>: Temp\u00e9rature id\u00e9ale entre 8\u00b0 et 10\u00b0C.<\/p>\n\n\n\n<p><strong>CONSERVATION<\/strong> : A d\u00e9guster d\u00e8s aujourd&rsquo;hui &#8211; potentiel de garde de 5 ans.<\/p>\n\n\n\n<p><strong>INFORMATIONS<\/strong> : Alcool : 12,5% Vol &#8211;  Haute Valeur Environnementale (HVE)<\/p>\n\n\n\n<div style=\"height:50px\" aria-hidden=\"true\" class=\"wp-block-spacer\"><\/div>\n\n\n\n<figure class=\"wp-block-gallery has-nested-images columns-default is-cropped wp-block-gallery-4 is-layout-flex wp-block-gallery-is-layout-flex\">\n<figure class=\"wp-block-image size-large\"><img loading=\"lazy\" decoding=\"async\" width=\"1024\" height=\"1024\" data-id=\"961\" src=\"https:\/\/www.chateaucarqueiranne.com\/wp-content\/uploads\/2025\/01\/HVE_exploitation_noir-1-1024x1024.png\" alt=\"\" class=\"wp-image-961\" srcset=\"https:\/\/www.chateaucarqueiranne.com\/wp-content\/uploads\/2025\/01\/HVE_exploitation_noir-1-1024x1024.png 1024w, https:\/\/www.chateaucarqueiranne.com\/wp-content\/uploads\/2025\/01\/HVE_exploitation_noir-1-450x450.png 450w, https:\/\/www.chateaucarqueiranne.com\/wp-content\/uploads\/2025\/01\/HVE_exploitation_noir-1-100x100.png 100w, https:\/\/www.chateaucarqueiranne.com\/wp-content\/uploads\/2025\/01\/HVE_exploitation_noir-1-600x600.png 600w, https:\/\/www.chateaucarqueiranne.com\/wp-content\/uploads\/2025\/01\/HVE_exploitation_noir-1-300x300.png 300w, https:\/\/www.chateaucarqueiranne.com\/wp-content\/uploads\/2025\/01\/HVE_exploitation_noir-1-150x150.png 150w, https:\/\/www.chateaucarqueiranne.com\/wp-content\/uploads\/2025\/01\/HVE_exploitation_noir-1-768x768.png 768w, https:\/\/www.chateaucarqueiranne.com\/wp-content\/uploads\/2025\/01\/HVE_exploitation_noir-1-1080x1080.png 1080w, https:\/\/www.chateaucarqueiranne.com\/wp-content\/uploads\/2025\/01\/HVE_exploitation_noir-1.png 1181w\" sizes=\"(max-width: 1024px) 100vw, 1024px\" \/><\/figure>\n\n\n\n<figure class=\"wp-block-image size-full\"><img loading=\"lazy\" decoding=\"async\" width=\"732\" height=\"490\" data-id=\"1090\" src=\"https:\/\/www.chateaucarqueiranne.com\/wp-content\/uploads\/2025\/02\/Capture-decran-2025-02-24-a-10.14.43.png\" alt=\"\" class=\"wp-image-1090\" srcset=\"https:\/\/www.chateaucarqueiranne.com\/wp-content\/uploads\/2025\/02\/Capture-decran-2025-02-24-a-10.14.43.png 732w, https:\/\/www.chateaucarqueiranne.com\/wp-content\/uploads\/2025\/02\/Capture-decran-2025-02-24-a-10.14.43-600x402.png 600w, https:\/\/www.chateaucarqueiranne.com\/wp-content\/uploads\/2025\/02\/Capture-decran-2025-02-24-a-10.14.43-300x201.png 300w\" sizes=\"(max-width: 732px) 100vw, 732px\" \/><\/figure>\n<\/figure>\n","protected":false},"excerpt":{"rendered":"<p>LAMOUR blanc, C\u00f4tes de Provence L&rsquo;\u00e9clat d&rsquo;un vin de plaisir C\u00e9l\u00e9brant les instants pr\u00e9cieux,&nbsp;LAMOUR Blanc&nbsp;incarne le vin de plaisir par excellence. Ce monoc\u00e9page 100% Rolle d\u00e9voile une palette aromatique raffin\u00e9e et \u00e9l\u00e9gante. L&rsquo;art de la vinification LAMOUR \u00c9labor\u00e9 avec soin, il b\u00e9n\u00e9ficie d\u2019une vinification alliant pr\u00e9cision et tradition. Les raisins, r\u00e9colt\u00e9s \u00e0 maturit\u00e9 optimale, sont [&hellip;]<\/p>\n","protected":false},"author":1,"featured_media":0,"parent":0,"menu_order":0,"comment_status":"closed","ping_status":"closed","template":"","meta":{"saved_in_kubio":false,"footnotes":""},"class_list":["post-948","page","type-page","status-publish","hentry"],"kubio_ai_page_context":{"short_desc":"","purpose":"general"},"yoast_head":"<!-- This site is optimized with the Yoast SEO plugin v27.4 - https:\/\/yoast.com\/product\/yoast-seo-wordpress\/ -->\n<title>Blanc Lamour - CH\u00c2TEAU CARQUEIRANNE<\/title>\n<meta name=\"robots\" content=\"index, follow, max-snippet:-1, max-image-preview:large, max-video-preview:-1\" \/>\n<link rel=\"canonical\" href=\"https:\/\/www.chateaucarqueiranne.com\/index.php\/blanc-lamour\/\" \/>\n<meta property=\"og:locale\" content=\"fr_FR\" \/>\n<meta property=\"og:type\" content=\"article\" \/>\n<meta property=\"og:title\" content=\"Blanc Lamour - CH\u00c2TEAU CARQUEIRANNE\" \/>\n<meta property=\"og:description\" content=\"LAMOUR blanc, C\u00f4tes de Provence L&rsquo;\u00e9clat d&rsquo;un vin de plaisir C\u00e9l\u00e9brant les instants pr\u00e9cieux,&nbsp;LAMOUR Blanc&nbsp;incarne le vin de plaisir par excellence. Ce monoc\u00e9page 100% Rolle d\u00e9voile une palette aromatique raffin\u00e9e et \u00e9l\u00e9gante. L&rsquo;art de la vinification LAMOUR \u00c9labor\u00e9 avec soin, il b\u00e9n\u00e9ficie d\u2019une vinification alliant pr\u00e9cision et tradition. Les raisins, r\u00e9colt\u00e9s \u00e0 maturit\u00e9 optimale, sont [&hellip;]\" \/>\n<meta property=\"og:url\" content=\"https:\/\/www.chateaucarqueiranne.com\/index.php\/blanc-lamour\/\" \/>\n<meta property=\"og:site_name\" content=\"CH\u00c2TEAU CARQUEIRANNE\" \/>\n<meta property=\"article:modified_time\" content=\"2025-05-21T12:07:02+00:00\" \/>\n<meta property=\"og:image\" content=\"https:\/\/www.chateaucarqueiranne.com\/wp-content\/uploads\/2025\/02\/3-VPS-18-1-scaled.jpg\" \/>\n\t<meta property=\"og:image:width\" content=\"2560\" \/>\n\t<meta property=\"og:image:height\" content=\"1709\" \/>\n\t<meta property=\"og:image:type\" content=\"image\/jpeg\" \/>\n<meta name=\"twitter:card\" content=\"summary_large_image\" \/>\n<meta name=\"twitter:label1\" content=\"Dur\u00e9e de lecture estim\u00e9e\" \/>\n\t<meta name=\"twitter:data1\" content=\"2 minutes\" \/>\n<script type=\"application\/ld+json\" class=\"yoast-schema-graph\">{\"@context\":\"https:\\\/\\\/schema.org\",\"@graph\":[{\"@type\":\"WebPage\",\"@id\":\"https:\\\/\\\/www.chateaucarqueiranne.com\\\/index.php\\\/blanc-lamour\\\/\",\"url\":\"https:\\\/\\\/www.chateaucarqueiranne.com\\\/index.php\\\/blanc-lamour\\\/\",\"name\":\"Blanc Lamour - CH\u00c2TEAU CARQUEIRANNE\",\"isPartOf\":{\"@id\":\"https:\\\/\\\/www.chateaucarqueiranne.com\\\/#website\"},\"primaryImageOfPage\":{\"@id\":\"https:\\\/\\\/www.chateaucarqueiranne.com\\\/index.php\\\/blanc-lamour\\\/#primaryimage\"},\"image\":{\"@id\":\"https:\\\/\\\/www.chateaucarqueiranne.com\\\/index.php\\\/blanc-lamour\\\/#primaryimage\"},\"thumbnailUrl\":\"http:\\\/\\\/www.chateaucarqueiranne.com\\\/wp-content\\\/uploads\\\/2025\\\/02\\\/3-VPS-18-1-1024x683.jpg\",\"datePublished\":\"2025-02-04T09:36:13+00:00\",\"dateModified\":\"2025-05-21T12:07:02+00:00\",\"breadcrumb\":{\"@id\":\"https:\\\/\\\/www.chateaucarqueiranne.com\\\/index.php\\\/blanc-lamour\\\/#breadcrumb\"},\"inLanguage\":\"fr-FR\",\"potentialAction\":[{\"@type\":\"ReadAction\",\"target\":[\"https:\\\/\\\/www.chateaucarqueiranne.com\\\/index.php\\\/blanc-lamour\\\/\"]}]},{\"@type\":\"ImageObject\",\"inLanguage\":\"fr-FR\",\"@id\":\"https:\\\/\\\/www.chateaucarqueiranne.com\\\/index.php\\\/blanc-lamour\\\/#primaryimage\",\"url\":\"https:\\\/\\\/www.chateaucarqueiranne.com\\\/wp-content\\\/uploads\\\/2025\\\/02\\\/3-VPS-18-1-scaled.jpg\",\"contentUrl\":\"https:\\\/\\\/www.chateaucarqueiranne.com\\\/wp-content\\\/uploads\\\/2025\\\/02\\\/3-VPS-18-1-scaled.jpg\",\"width\":2560,\"height\":1709},{\"@type\":\"BreadcrumbList\",\"@id\":\"https:\\\/\\\/www.chateaucarqueiranne.com\\\/index.php\\\/blanc-lamour\\\/#breadcrumb\",\"itemListElement\":[{\"@type\":\"ListItem\",\"position\":1,\"name\":\"Accueil\",\"item\":\"https:\\\/\\\/www.chateaucarqueiranne.com\\\/\"},{\"@type\":\"ListItem\",\"position\":2,\"name\":\"Blanc Lamour\"}]},{\"@type\":\"WebSite\",\"@id\":\"https:\\\/\\\/www.chateaucarqueiranne.com\\\/#website\",\"url\":\"https:\\\/\\\/www.chateaucarqueiranne.com\\\/\",\"name\":\"CH\u00c2TEAU CARQUEIRANNE\",\"description\":\"C\u00f4tes de Provence  \",\"publisher\":{\"@id\":\"https:\\\/\\\/www.chateaucarqueiranne.com\\\/#organization\"},\"potentialAction\":[{\"@type\":\"SearchAction\",\"target\":{\"@type\":\"EntryPoint\",\"urlTemplate\":\"https:\\\/\\\/www.chateaucarqueiranne.com\\\/?s={search_term_string}\"},\"query-input\":{\"@type\":\"PropertyValueSpecification\",\"valueRequired\":true,\"valueName\":\"search_term_string\"}}],\"inLanguage\":\"fr-FR\"},{\"@type\":\"Organization\",\"@id\":\"https:\\\/\\\/www.chateaucarqueiranne.com\\\/#organization\",\"name\":\"CH\u00c2TEAU CARQUEIRANNE\",\"url\":\"https:\\\/\\\/www.chateaucarqueiranne.com\\\/\",\"logo\":{\"@type\":\"ImageObject\",\"inLanguage\":\"fr-FR\",\"@id\":\"https:\\\/\\\/www.chateaucarqueiranne.com\\\/#\\\/schema\\\/logo\\\/image\\\/\",\"url\":\"https:\\\/\\\/www.chateaucarqueiranne.com\\\/wp-content\\\/uploads\\\/2024\\\/05\\\/Typo-Chateau-Sans-fond-1-e1715849615235.png\",\"contentUrl\":\"https:\\\/\\\/www.chateaucarqueiranne.com\\\/wp-content\\\/uploads\\\/2024\\\/05\\\/Typo-Chateau-Sans-fond-1-e1715849615235.png\",\"width\":1890,\"height\":592,\"caption\":\"CH\u00c2TEAU CARQUEIRANNE\"},\"image\":{\"@id\":\"https:\\\/\\\/www.chateaucarqueiranne.com\\\/#\\\/schema\\\/logo\\\/image\\\/\"}}]}<\/script>\n<!-- \/ Yoast SEO plugin. -->","yoast_head_json":{"title":"Blanc Lamour - CH\u00c2TEAU CARQUEIRANNE","robots":{"index":"index","follow":"follow","max-snippet":"max-snippet:-1","max-image-preview":"max-image-preview:large","max-video-preview":"max-video-preview:-1"},"canonical":"https:\/\/www.chateaucarqueiranne.com\/index.php\/blanc-lamour\/","og_locale":"fr_FR","og_type":"article","og_title":"Blanc Lamour - CH\u00c2TEAU CARQUEIRANNE","og_description":"LAMOUR blanc, C\u00f4tes de Provence L&rsquo;\u00e9clat d&rsquo;un vin de plaisir C\u00e9l\u00e9brant les instants pr\u00e9cieux,&nbsp;LAMOUR Blanc&nbsp;incarne le vin de plaisir par excellence. Ce monoc\u00e9page 100% Rolle d\u00e9voile une palette aromatique raffin\u00e9e et \u00e9l\u00e9gante. L&rsquo;art de la vinification LAMOUR \u00c9labor\u00e9 avec soin, il b\u00e9n\u00e9ficie d\u2019une vinification alliant pr\u00e9cision et tradition. Les raisins, r\u00e9colt\u00e9s \u00e0 maturit\u00e9 optimale, sont [&hellip;]","og_url":"https:\/\/www.chateaucarqueiranne.com\/index.php\/blanc-lamour\/","og_site_name":"CH\u00c2TEAU CARQUEIRANNE","article_modified_time":"2025-05-21T12:07:02+00:00","og_image":[{"width":2560,"height":1709,"url":"https:\/\/www.chateaucarqueiranne.com\/wp-content\/uploads\/2025\/02\/3-VPS-18-1-scaled.jpg","type":"image\/jpeg"}],"twitter_card":"summary_large_image","twitter_misc":{"Dur\u00e9e de lecture estim\u00e9e":"2 minutes"},"schema":{"@context":"https:\/\/schema.org","@graph":[{"@type":"WebPage","@id":"https:\/\/www.chateaucarqueiranne.com\/index.php\/blanc-lamour\/","url":"https:\/\/www.chateaucarqueiranne.com\/index.php\/blanc-lamour\/","name":"Blanc Lamour - CH\u00c2TEAU CARQUEIRANNE","isPartOf":{"@id":"https:\/\/www.chateaucarqueiranne.com\/#website"},"primaryImageOfPage":{"@id":"https:\/\/www.chateaucarqueiranne.com\/index.php\/blanc-lamour\/#primaryimage"},"image":{"@id":"https:\/\/www.chateaucarqueiranne.com\/index.php\/blanc-lamour\/#primaryimage"},"thumbnailUrl":"http:\/\/www.chateaucarqueiranne.com\/wp-content\/uploads\/2025\/02\/3-VPS-18-1-1024x683.jpg","datePublished":"2025-02-04T09:36:13+00:00","dateModified":"2025-05-21T12:07:02+00:00","breadcrumb":{"@id":"https:\/\/www.chateaucarqueiranne.com\/index.php\/blanc-lamour\/#breadcrumb"},"inLanguage":"fr-FR","potentialAction":[{"@type":"ReadAction","target":["https:\/\/www.chateaucarqueiranne.com\/index.php\/blanc-lamour\/"]}]},{"@type":"ImageObject","inLanguage":"fr-FR","@id":"https:\/\/www.chateaucarqueiranne.com\/index.php\/blanc-lamour\/#primaryimage","url":"https:\/\/www.chateaucarqueiranne.com\/wp-content\/uploads\/2025\/02\/3-VPS-18-1-scaled.jpg","contentUrl":"https:\/\/www.chateaucarqueiranne.com\/wp-content\/uploads\/2025\/02\/3-VPS-18-1-scaled.jpg","width":2560,"height":1709},{"@type":"BreadcrumbList","@id":"https:\/\/www.chateaucarqueiranne.com\/index.php\/blanc-lamour\/#breadcrumb","itemListElement":[{"@type":"ListItem","position":1,"name":"Accueil","item":"https:\/\/www.chateaucarqueiranne.com\/"},{"@type":"ListItem","position":2,"name":"Blanc Lamour"}]},{"@type":"WebSite","@id":"https:\/\/www.chateaucarqueiranne.com\/#website","url":"https:\/\/www.chateaucarqueiranne.com\/","name":"CH\u00c2TEAU CARQUEIRANNE","description":"C\u00f4tes de Provence  ","publisher":{"@id":"https:\/\/www.chateaucarqueiranne.com\/#organization"},"potentialAction":[{"@type":"SearchAction","target":{"@type":"EntryPoint","urlTemplate":"https:\/\/www.chateaucarqueiranne.com\/?s={search_term_string}"},"query-input":{"@type":"PropertyValueSpecification","valueRequired":true,"valueName":"search_term_string"}}],"inLanguage":"fr-FR"},{"@type":"Organization","@id":"https:\/\/www.chateaucarqueiranne.com\/#organization","name":"CH\u00c2TEAU CARQUEIRANNE","url":"https:\/\/www.chateaucarqueiranne.com\/","logo":{"@type":"ImageObject","inLanguage":"fr-FR","@id":"https:\/\/www.chateaucarqueiranne.com\/#\/schema\/logo\/image\/","url":"https:\/\/www.chateaucarqueiranne.com\/wp-content\/uploads\/2024\/05\/Typo-Chateau-Sans-fond-1-e1715849615235.png","contentUrl":"https:\/\/www.chateaucarqueiranne.com\/wp-content\/uploads\/2024\/05\/Typo-Chateau-Sans-fond-1-e1715849615235.png","width":1890,"height":592,"caption":"CH\u00c2TEAU CARQUEIRANNE"},"image":{"@id":"https:\/\/www.chateaucarqueiranne.com\/#\/schema\/logo\/image\/"}}]}},"_links":{"self":[{"href":"https:\/\/www.chateaucarqueiranne.com\/index.php\/wp-json\/wp\/v2\/pages\/948","targetHints":{"allow":["GET"]}}],"collection":[{"href":"https:\/\/www.chateaucarqueiranne.com\/index.php\/wp-json\/wp\/v2\/pages"}],"about":[{"href":"https:\/\/www.chateaucarqueiranne.com\/index.php\/wp-json\/wp\/v2\/types\/page"}],"author":[{"embeddable":true,"href":"https:\/\/www.chateaucarqueiranne.com\/index.php\/wp-json\/wp\/v2\/users\/1"}],"replies":[{"embeddable":true,"href":"https:\/\/www.chateaucarqueiranne.com\/index.php\/wp-json\/wp\/v2\/comments?post=948"}],"version-history":[{"count":27,"href":"https:\/\/www.chateaucarqueiranne.com\/index.php\/wp-json\/wp\/v2\/pages\/948\/revisions"}],"predecessor-version":[{"id":1509,"href":"https:\/\/www.chateaucarqueiranne.com\/index.php\/wp-json\/wp\/v2\/pages\/948\/revisions\/1509"}],"wp:attachment":[{"href":"https:\/\/www.chateaucarqueiranne.com\/index.php\/wp-json\/wp\/v2\/media?parent=948"}],"curies":[{"name":"wp","href":"https:\/\/api.w.org\/{rel}","templated":true}]}}