{"id":65,"date":"2024-04-25T11:11:41","date_gmt":"2024-04-25T09:11:41","guid":{"rendered":"http:\/\/www.chateaucarqueiranne.com\/?page_id=65"},"modified":"2025-11-10T12:54:25","modified_gmt":"2025-11-10T11:54:25","slug":"jazz-vignes-au-chateau-carqueiranne","status":"publish","type":"page","link":"https:\/\/www.chateaucarqueiranne.com\/index.php\/jazz-vignes-au-chateau-carqueiranne\/","title":{"rendered":"Jazz &amp; Vignes au Ch\u00e2teau Carqueiranne"},"content":{"rendered":"\n<div class=\"wp-block-buttons is-content-justification-right is-layout-flex wp-container-core-buttons-is-layout-d445cf74 wp-block-buttons-is-layout-flex\">\n<div class=\"wp-block-button is-style-outline is-style-outline--1\"><a class=\"wp-block-button__link wp-element-button\" href=\"https:\/\/www.chateaucarqueiranne.com\/index.php\/en\/jazz-vignes-at-chateau-carqueiranne\/\">EN \ud83c\uddfa\ud83c\uddf8<\/a><\/div>\n\n\n\n<div class=\"wp-block-button is-style-outline is-style-outline--2\"><a class=\"wp-block-button__link wp-element-button\" href=\"https:\/\/www.chateaucarqueiranne.com\/index.php\/jazz-und-wein-de\/\">DE \ud83c\udde9\ud83c\uddea<\/a><\/div>\n<\/div>\n\n\n\n<h2 class=\"wp-block-heading has-text-align-center\" style=\"font-size:2.8rem\">Jazz &amp; Vignes au Ch\u00e2teau Carqueiranne<\/h2>\n\n\n\n\n\n\n\n<p>Les \u00e9v\u00e8nements Jazz &amp; Vignes reviennent l&rsquo;ann\u00e9e prochaine !<\/p>\n\n\n\n<p>Un rendez-vous qui marie le jazz et les saveurs proven\u00e7ales.<\/p>\n\n\n\n<p>Au pied du ch\u00e2teau, Jazz &amp; Vignes propose une exp\u00e9rience o\u00f9 la musique, le vin et le terroir proven\u00e7al se rencontrent pour cr\u00e9er des soir\u00e9es m\u00e9morables.<\/p>\n\n\n\n<p>Chaque jeudi soir d&rsquo;\u00e9t\u00e9, vous pourrez assister \u00e0 des concerts de jazz live, le tout en d\u00e9gustant nos vins ros\u00e9, blanc ou rouge C\u00f4tes de Provence ainsi que des planches compos\u00e9es de produits locaux. Entre musique, vin et douceur du soir, Jazz &amp; Vignes c\u00e9l\u00e8bre la rencontre entre le patrimoine vivant du Ch\u00e2teau et la chaleur des soir\u00e9es d\u2019\u00e9t\u00e9.<\/p>\n\n\n\n<p>Si vous souhaitez \u00eatre inform\u00e9 en exclusivit\u00e9 des dates pr\u00e9vues en 2026, suivez le lien ci-dessous.<\/p>\n\n\n\n\n\n\n\n\n\n<figure class=\"wp-block-image size-large\"><img loading=\"lazy\" decoding=\"async\" width=\"768\" height=\"1024\" src=\"http:\/\/www.chateaucarqueiranne.com\/wp-content\/uploads\/2025\/06\/IMG_4862-768x1024.jpg\" alt=\"\" class=\"wp-image-1797\" srcset=\"https:\/\/www.chateaucarqueiranne.com\/wp-content\/uploads\/2025\/06\/IMG_4862-768x1024.jpg 768w, https:\/\/www.chateaucarqueiranne.com\/wp-content\/uploads\/2025\/06\/IMG_4862-225x300.jpg 225w, https:\/\/www.chateaucarqueiranne.com\/wp-content\/uploads\/2025\/06\/IMG_4862-1152x1536.jpg 1152w, https:\/\/www.chateaucarqueiranne.com\/wp-content\/uploads\/2025\/06\/IMG_4862-1536x2048.jpg 1536w, https:\/\/www.chateaucarqueiranne.com\/wp-content\/uploads\/2025\/06\/IMG_4862-810x1080.jpg 810w, https:\/\/www.chateaucarqueiranne.com\/wp-content\/uploads\/2025\/06\/IMG_4862-scaled.jpg 1920w\" sizes=\"(max-width: 768px) 100vw, 768px\" \/><\/figure>\n","protected":false},"excerpt":{"rendered":"<p>Jazz &amp; Vignes au Ch\u00e2teau Carqueiranne Les \u00e9v\u00e8nements Jazz &amp; Vignes reviennent l&rsquo;ann\u00e9e prochaine ! Un rendez-vous qui marie le jazz et les saveurs proven\u00e7ales. Au pied du ch\u00e2teau, Jazz &amp; Vignes propose une exp\u00e9rience o\u00f9 la musique, le vin et le terroir proven\u00e7al se rencontrent pour cr\u00e9er des soir\u00e9es m\u00e9morables. Chaque jeudi soir d&rsquo;\u00e9t\u00e9, [&hellip;]<\/p>\n","protected":false},"author":1,"featured_media":631,"parent":0,"menu_order":0,"comment_status":"closed","ping_status":"closed","template":"","meta":{"saved_in_kubio":true,"footnotes":""},"class_list":["post-65","page","type-page","status-publish","has-post-thumbnail","hentry"],"kubio_ai_page_context":{"short_desc":"","purpose":"general"},"yoast_head":"<!-- This site is optimized with the Yoast SEO plugin v27.4 - https:\/\/yoast.com\/product\/yoast-seo-wordpress\/ -->\n<title>Jazz &amp; Vignes au Ch\u00e2teau Carqueiranne - CH\u00c2TEAU CARQUEIRANNE<\/title>\n<meta name=\"description\" content=\"Vivez l&#039;exp\u00e9rience de Jazz &amp; Vignes au Ch\u00e2teau Carqueiranne : concertsde jazz, d\u00e9gustation de vins C\u00f4tes de Provence et saveurs du terroir.\" \/>\n<meta name=\"robots\" content=\"index, follow, max-snippet:-1, max-image-preview:large, max-video-preview:-1\" \/>\n<link rel=\"canonical\" href=\"https:\/\/www.chateaucarqueiranne.com\/index.php\/jazz-vignes-au-chateau-carqueiranne\/\" \/>\n<meta property=\"og:locale\" content=\"fr_FR\" \/>\n<meta property=\"og:type\" content=\"article\" \/>\n<meta property=\"og:title\" content=\"Jazz &amp; Vignes au Ch\u00e2teau Carqueiranne - CH\u00c2TEAU CARQUEIRANNE\" \/>\n<meta property=\"og:description\" content=\"Vivez l&#039;exp\u00e9rience de Jazz &amp; Vignes au Ch\u00e2teau Carqueiranne : concertsde jazz, d\u00e9gustation de vins C\u00f4tes de Provence et saveurs du terroir.\" \/>\n<meta property=\"og:url\" content=\"https:\/\/www.chateaucarqueiranne.com\/index.php\/jazz-vignes-au-chateau-carqueiranne\/\" \/>\n<meta property=\"og:site_name\" content=\"CH\u00c2TEAU CARQUEIRANNE\" \/>\n<meta property=\"article:modified_time\" content=\"2025-11-10T11:54:25+00:00\" \/>\n<meta property=\"og:image\" content=\"https:\/\/www.chateaucarqueiranne.com\/wp-content\/uploads\/2024\/10\/3-CC2-42-1-scaled.jpg\" \/>\n\t<meta property=\"og:image:width\" content=\"2560\" \/>\n\t<meta property=\"og:image:height\" content=\"1707\" \/>\n\t<meta property=\"og:image:type\" content=\"image\/jpeg\" \/>\n<meta name=\"twitter:card\" content=\"summary_large_image\" \/>\n<meta name=\"twitter:label1\" content=\"Dur\u00e9e de lecture estim\u00e9e\" \/>\n\t<meta name=\"twitter:data1\" content=\"2 minutes\" \/>\n<script type=\"application\/ld+json\" class=\"yoast-schema-graph\">{\"@context\":\"https:\\\/\\\/schema.org\",\"@graph\":[{\"@type\":\"WebPage\",\"@id\":\"https:\\\/\\\/www.chateaucarqueiranne.com\\\/index.php\\\/jazz-vignes-au-chateau-carqueiranne\\\/\",\"url\":\"https:\\\/\\\/www.chateaucarqueiranne.com\\\/index.php\\\/jazz-vignes-au-chateau-carqueiranne\\\/\",\"name\":\"Jazz &amp; Vignes au Ch\u00e2teau Carqueiranne - CH\u00c2TEAU CARQUEIRANNE\",\"isPartOf\":{\"@id\":\"https:\\\/\\\/www.chateaucarqueiranne.com\\\/#website\"},\"primaryImageOfPage\":{\"@id\":\"https:\\\/\\\/www.chateaucarqueiranne.com\\\/index.php\\\/jazz-vignes-au-chateau-carqueiranne\\\/#primaryimage\"},\"image\":{\"@id\":\"https:\\\/\\\/www.chateaucarqueiranne.com\\\/index.php\\\/jazz-vignes-au-chateau-carqueiranne\\\/#primaryimage\"},\"thumbnailUrl\":\"https:\\\/\\\/www.chateaucarqueiranne.com\\\/wp-content\\\/uploads\\\/2024\\\/10\\\/3-CC2-42-1-scaled.jpg\",\"datePublished\":\"2024-04-25T09:11:41+00:00\",\"dateModified\":\"2025-11-10T11:54:25+00:00\",\"description\":\"Vivez l'exp\u00e9rience de Jazz & Vignes au Ch\u00e2teau Carqueiranne : concertsde jazz, d\u00e9gustation de vins C\u00f4tes de Provence et saveurs du terroir.\",\"breadcrumb\":{\"@id\":\"https:\\\/\\\/www.chateaucarqueiranne.com\\\/index.php\\\/jazz-vignes-au-chateau-carqueiranne\\\/#breadcrumb\"},\"inLanguage\":\"fr-FR\",\"potentialAction\":[{\"@type\":\"ReadAction\",\"target\":[\"https:\\\/\\\/www.chateaucarqueiranne.com\\\/index.php\\\/jazz-vignes-au-chateau-carqueiranne\\\/\"]}]},{\"@type\":\"ImageObject\",\"inLanguage\":\"fr-FR\",\"@id\":\"https:\\\/\\\/www.chateaucarqueiranne.com\\\/index.php\\\/jazz-vignes-au-chateau-carqueiranne\\\/#primaryimage\",\"url\":\"https:\\\/\\\/www.chateaucarqueiranne.com\\\/wp-content\\\/uploads\\\/2024\\\/10\\\/3-CC2-42-1-scaled.jpg\",\"contentUrl\":\"https:\\\/\\\/www.chateaucarqueiranne.com\\\/wp-content\\\/uploads\\\/2024\\\/10\\\/3-CC2-42-1-scaled.jpg\",\"width\":2560,\"height\":1707,\"caption\":\"Jazz & Vignes au Ch\u00e2teau Carqueiranne\"},{\"@type\":\"BreadcrumbList\",\"@id\":\"https:\\\/\\\/www.chateaucarqueiranne.com\\\/index.php\\\/jazz-vignes-au-chateau-carqueiranne\\\/#breadcrumb\",\"itemListElement\":[{\"@type\":\"ListItem\",\"position\":1,\"name\":\"Accueil\",\"item\":\"https:\\\/\\\/www.chateaucarqueiranne.com\\\/\"},{\"@type\":\"ListItem\",\"position\":2,\"name\":\"Jazz &amp; Vignes au Ch\u00e2teau Carqueiranne\"}]},{\"@type\":\"WebSite\",\"@id\":\"https:\\\/\\\/www.chateaucarqueiranne.com\\\/#website\",\"url\":\"https:\\\/\\\/www.chateaucarqueiranne.com\\\/\",\"name\":\"CH\u00c2TEAU CARQUEIRANNE\",\"description\":\"C\u00f4tes de Provence  \",\"publisher\":{\"@id\":\"https:\\\/\\\/www.chateaucarqueiranne.com\\\/#organization\"},\"potentialAction\":[{\"@type\":\"SearchAction\",\"target\":{\"@type\":\"EntryPoint\",\"urlTemplate\":\"https:\\\/\\\/www.chateaucarqueiranne.com\\\/?s={search_term_string}\"},\"query-input\":{\"@type\":\"PropertyValueSpecification\",\"valueRequired\":true,\"valueName\":\"search_term_string\"}}],\"inLanguage\":\"fr-FR\"},{\"@type\":\"Organization\",\"@id\":\"https:\\\/\\\/www.chateaucarqueiranne.com\\\/#organization\",\"name\":\"CH\u00c2TEAU CARQUEIRANNE\",\"url\":\"https:\\\/\\\/www.chateaucarqueiranne.com\\\/\",\"logo\":{\"@type\":\"ImageObject\",\"inLanguage\":\"fr-FR\",\"@id\":\"https:\\\/\\\/www.chateaucarqueiranne.com\\\/#\\\/schema\\\/logo\\\/image\\\/\",\"url\":\"https:\\\/\\\/www.chateaucarqueiranne.com\\\/wp-content\\\/uploads\\\/2024\\\/05\\\/Typo-Chateau-Sans-fond-1-e1715849615235.png\",\"contentUrl\":\"https:\\\/\\\/www.chateaucarqueiranne.com\\\/wp-content\\\/uploads\\\/2024\\\/05\\\/Typo-Chateau-Sans-fond-1-e1715849615235.png\",\"width\":1890,\"height\":592,\"caption\":\"CH\u00c2TEAU CARQUEIRANNE\"},\"image\":{\"@id\":\"https:\\\/\\\/www.chateaucarqueiranne.com\\\/#\\\/schema\\\/logo\\\/image\\\/\"}}]}<\/script>\n<!-- \/ Yoast SEO plugin. -->","yoast_head_json":{"title":"Jazz &amp; Vignes au Ch\u00e2teau Carqueiranne - CH\u00c2TEAU CARQUEIRANNE","description":"Vivez l'exp\u00e9rience de Jazz & Vignes au Ch\u00e2teau Carqueiranne : concertsde jazz, d\u00e9gustation de vins C\u00f4tes de Provence et saveurs du terroir.","robots":{"index":"index","follow":"follow","max-snippet":"max-snippet:-1","max-image-preview":"max-image-preview:large","max-video-preview":"max-video-preview:-1"},"canonical":"https:\/\/www.chateaucarqueiranne.com\/index.php\/jazz-vignes-au-chateau-carqueiranne\/","og_locale":"fr_FR","og_type":"article","og_title":"Jazz &amp; Vignes au Ch\u00e2teau Carqueiranne - CH\u00c2TEAU CARQUEIRANNE","og_description":"Vivez l'exp\u00e9rience de Jazz & Vignes au Ch\u00e2teau Carqueiranne : concertsde jazz, d\u00e9gustation de vins C\u00f4tes de Provence et saveurs du terroir.","og_url":"https:\/\/www.chateaucarqueiranne.com\/index.php\/jazz-vignes-au-chateau-carqueiranne\/","og_site_name":"CH\u00c2TEAU CARQUEIRANNE","article_modified_time":"2025-11-10T11:54:25+00:00","og_image":[{"width":2560,"height":1707,"url":"https:\/\/www.chateaucarqueiranne.com\/wp-content\/uploads\/2024\/10\/3-CC2-42-1-scaled.jpg","type":"image\/jpeg"}],"twitter_card":"summary_large_image","twitter_misc":{"Dur\u00e9e de lecture estim\u00e9e":"2 minutes"},"schema":{"@context":"https:\/\/schema.org","@graph":[{"@type":"WebPage","@id":"https:\/\/www.chateaucarqueiranne.com\/index.php\/jazz-vignes-au-chateau-carqueiranne\/","url":"https:\/\/www.chateaucarqueiranne.com\/index.php\/jazz-vignes-au-chateau-carqueiranne\/","name":"Jazz &amp; Vignes au Ch\u00e2teau Carqueiranne - CH\u00c2TEAU CARQUEIRANNE","isPartOf":{"@id":"https:\/\/www.chateaucarqueiranne.com\/#website"},"primaryImageOfPage":{"@id":"https:\/\/www.chateaucarqueiranne.com\/index.php\/jazz-vignes-au-chateau-carqueiranne\/#primaryimage"},"image":{"@id":"https:\/\/www.chateaucarqueiranne.com\/index.php\/jazz-vignes-au-chateau-carqueiranne\/#primaryimage"},"thumbnailUrl":"https:\/\/www.chateaucarqueiranne.com\/wp-content\/uploads\/2024\/10\/3-CC2-42-1-scaled.jpg","datePublished":"2024-04-25T09:11:41+00:00","dateModified":"2025-11-10T11:54:25+00:00","description":"Vivez l'exp\u00e9rience de Jazz & Vignes au Ch\u00e2teau Carqueiranne : concertsde jazz, d\u00e9gustation de vins C\u00f4tes de Provence et saveurs du terroir.","breadcrumb":{"@id":"https:\/\/www.chateaucarqueiranne.com\/index.php\/jazz-vignes-au-chateau-carqueiranne\/#breadcrumb"},"inLanguage":"fr-FR","potentialAction":[{"@type":"ReadAction","target":["https:\/\/www.chateaucarqueiranne.com\/index.php\/jazz-vignes-au-chateau-carqueiranne\/"]}]},{"@type":"ImageObject","inLanguage":"fr-FR","@id":"https:\/\/www.chateaucarqueiranne.com\/index.php\/jazz-vignes-au-chateau-carqueiranne\/#primaryimage","url":"https:\/\/www.chateaucarqueiranne.com\/wp-content\/uploads\/2024\/10\/3-CC2-42-1-scaled.jpg","contentUrl":"https:\/\/www.chateaucarqueiranne.com\/wp-content\/uploads\/2024\/10\/3-CC2-42-1-scaled.jpg","width":2560,"height":1707,"caption":"Jazz & Vignes au Ch\u00e2teau Carqueiranne"},{"@type":"BreadcrumbList","@id":"https:\/\/www.chateaucarqueiranne.com\/index.php\/jazz-vignes-au-chateau-carqueiranne\/#breadcrumb","itemListElement":[{"@type":"ListItem","position":1,"name":"Accueil","item":"https:\/\/www.chateaucarqueiranne.com\/"},{"@type":"ListItem","position":2,"name":"Jazz &amp; Vignes au Ch\u00e2teau Carqueiranne"}]},{"@type":"WebSite","@id":"https:\/\/www.chateaucarqueiranne.com\/#website","url":"https:\/\/www.chateaucarqueiranne.com\/","name":"CH\u00c2TEAU CARQUEIRANNE","description":"C\u00f4tes de Provence  ","publisher":{"@id":"https:\/\/www.chateaucarqueiranne.com\/#organization"},"potentialAction":[{"@type":"SearchAction","target":{"@type":"EntryPoint","urlTemplate":"https:\/\/www.chateaucarqueiranne.com\/?s={search_term_string}"},"query-input":{"@type":"PropertyValueSpecification","valueRequired":true,"valueName":"search_term_string"}}],"inLanguage":"fr-FR"},{"@type":"Organization","@id":"https:\/\/www.chateaucarqueiranne.com\/#organization","name":"CH\u00c2TEAU CARQUEIRANNE","url":"https:\/\/www.chateaucarqueiranne.com\/","logo":{"@type":"ImageObject","inLanguage":"fr-FR","@id":"https:\/\/www.chateaucarqueiranne.com\/#\/schema\/logo\/image\/","url":"https:\/\/www.chateaucarqueiranne.com\/wp-content\/uploads\/2024\/05\/Typo-Chateau-Sans-fond-1-e1715849615235.png","contentUrl":"https:\/\/www.chateaucarqueiranne.com\/wp-content\/uploads\/2024\/05\/Typo-Chateau-Sans-fond-1-e1715849615235.png","width":1890,"height":592,"caption":"CH\u00c2TEAU CARQUEIRANNE"},"image":{"@id":"https:\/\/www.chateaucarqueiranne.com\/#\/schema\/logo\/image\/"}}]}},"_links":{"self":[{"href":"https:\/\/www.chateaucarqueiranne.com\/index.php\/wp-json\/wp\/v2\/pages\/65","targetHints":{"allow":["GET"]}}],"collection":[{"href":"https:\/\/www.chateaucarqueiranne.com\/index.php\/wp-json\/wp\/v2\/pages"}],"about":[{"href":"https:\/\/www.chateaucarqueiranne.com\/index.php\/wp-json\/wp\/v2\/types\/page"}],"author":[{"embeddable":true,"href":"https:\/\/www.chateaucarqueiranne.com\/index.php\/wp-json\/wp\/v2\/users\/1"}],"replies":[{"embeddable":true,"href":"https:\/\/www.chateaucarqueiranne.com\/index.php\/wp-json\/wp\/v2\/comments?post=65"}],"version-history":[{"count":74,"href":"https:\/\/www.chateaucarqueiranne.com\/index.php\/wp-json\/wp\/v2\/pages\/65\/revisions"}],"predecessor-version":[{"id":2199,"href":"https:\/\/www.chateaucarqueiranne.com\/index.php\/wp-json\/wp\/v2\/pages\/65\/revisions\/2199"}],"wp:featuredmedia":[{"embeddable":true,"href":"https:\/\/www.chateaucarqueiranne.com\/index.php\/wp-json\/wp\/v2\/media\/631"}],"wp:attachment":[{"href":"https:\/\/www.chateaucarqueiranne.com\/index.php\/wp-json\/wp\/v2\/media?parent=65"}],"curies":[{"name":"wp","href":"https:\/\/api.w.org\/{rel}","templated":true}]}}