{"id":646,"date":"2024-10-21T12:05:42","date_gmt":"2024-10-21T10:05:42","guid":{"rendered":"https:\/\/www.chateaucarqueiranne.com\/?page_id=646"},"modified":"2025-11-10T12:38:31","modified_gmt":"2025-11-10T11:38:31","slug":"terroir-viticole-provence","status":"publish","type":"page","link":"https:\/\/www.chateaucarqueiranne.com\/index.php\/terroir-viticole-provence\/","title":{"rendered":"Terroir viticole en Provence"},"content":{"rendered":"\n<div class=\"wp-block-buttons is-content-justification-right is-layout-flex wp-container-core-buttons-is-layout-d445cf74 wp-block-buttons-is-layout-flex\">\n<div class=\"wp-block-button is-style-outline is-style-outline--1\"><a class=\"wp-block-button__link wp-element-button\" href=\"https:\/\/www.chateaucarqueiranne.com\/index.php\/an-exceptional-wine-growing-terroir-in-provence\/\">EN \ud83c\uddfa\ud83c\uddf8<\/a><\/div>\n\n\n\n<div class=\"wp-block-button is-style-outline is-style-outline--2\"><a class=\"wp-block-button__link wp-element-button\" href=\"https:\/\/www.chateaucarqueiranne.com\/index.php\/ein-ausergewohnliches-weinbaugebiet-in-der-provence-de\/\">DE \ud83c\udde9\ud83c\uddea<\/a><\/div>\n<\/div>\n\n\n\n<h1 class=\"wp-block-heading has-text-align-center\" style=\"font-size:2.8rem\">Un terroir viticole d&rsquo;exception en Provence<\/h1>\n\n\n\n\n\n<p class=\"has-text-align-center\"><strong>La Provence, berceau historique du vignoble fran\u00e7ais, cultive une tradition viticole vieille de 2600 ans. Entre h\u00e9ritage mill\u00e9naire et savoir-faire transmis de g\u00e9n\u00e9ration en g\u00e9n\u00e9ration, ses vins racontent l\u2019histoire d\u2019un terroir viticole unique en Provence. <\/strong><\/p>\n\n\n\n\n\n<div class=\"wp-block-media-text is-stacked-on-mobile\" style=\"grid-template-columns:47% auto\"><figure class=\"wp-block-media-text__media\"><img loading=\"lazy\" decoding=\"async\" width=\"495\" height=\"850\" src=\"https:\/\/www.chateaucarqueiranne.com\/wp-content\/uploads\/2024\/12\/Design-sans-titre-18.png\" alt=\"Coucher de soleil sur nos vignes \u00e0 Carqueiranne, en Provence.\" class=\"wp-image-846 size-full\" srcset=\"https:\/\/www.chateaucarqueiranne.com\/wp-content\/uploads\/2024\/12\/Design-sans-titre-18.png 495w, https:\/\/www.chateaucarqueiranne.com\/wp-content\/uploads\/2024\/12\/Design-sans-titre-18-175x300.png 175w\" sizes=\"(max-width: 495px) 100vw, 495px\" \/><\/figure><div class=\"wp-block-media-text__content\">\n<h2 class=\"wp-block-heading\" style=\"font-size:1.7rem\">L&rsquo;h\u00e9ritage du savoir-faire viticole proven\u00e7al<\/h2>\n\n\n\n<p style=\"font-size:15px\">Il y a 2600 ans, les Phoc\u00e9ens ont introduit les premi\u00e8res vignes en France. Plus tard, les Romains ont perfectionn\u00e9 les techniques viticoles et les ont diffus\u00e9es \u00e0 travers leur empire, comme en t\u00e9moignent les vestiges du port antique d\u2019Olbia.<br><br>Le vin proven\u00e7al est un h\u00e9ritage s\u00e9culaire. Une tradition qui a progressivement fa\u00e7onn\u00e9 des appellations reconnues comme l&rsquo;<strong><em><a href=\"https:\/\/www.vinsdeprovence.com\/les-appellations\/cotes-de-provence\" target=\"_blank\" rel=\"noreferrer noopener\">AOP C\u00f4tes de Provence.<\/a><\/em><\/strong>  Ce savoir-faire repose sur un terroir unique et des crit\u00e8res de qualit\u00e9 rigoureux.<\/p>\n<\/div><\/div>\n\n\n\n\n\n<p class=\"has-text-align-center\"><span style=\"font-family: Raleway;font-weight: 400\" class=\"kubio-has-inline-font-family-weight\"><strong>La Provence, riche de sa diversit\u00e9 g\u00e9ologique, se divise en deux grands ensembles : au nord, les sols calcaires fa\u00e7onn\u00e9s par l&rsquo;\u00e9rosion, et face \u00e0 la mer, les sols cristallins. Ces particularit\u00e9s influencent directement la qualit\u00e9 des vins produits en Provence.<\/strong><\/span><\/p>\n\n\n\n\n\n<div class=\"wp-block-media-text has-media-on-the-right is-stacked-on-mobile\"><div class=\"wp-block-media-text__content\">\n<h2 class=\"wp-block-heading\" style=\"font-size:1.7rem\">Les conditions id\u00e9ales de notre terroir \u00e0 Carqueiranne<\/h2>\n\n\n\n<p style=\"font-size:15px\">Le Ch\u00e2teau Carqueiranne b\u00e9n\u00e9ficie de conditions climatiques id\u00e9ales pour ses vignes : un ensoleillement g\u00e9n\u00e9reux, des temp\u00e9ratures mod\u00e9r\u00e9es, et le Mistral qui r\u00e9duit la pr\u00e9sence de parasites et de maladies. Ce cadre favorise une agro-\u00e9cologie respectueuse de l\u2019environnement, certifi\u00e9e <a href=\"https:\/\/www.chateaucarqueiranne.com\/index.php\/hve\/\" target=\"_blank\" rel=\"noreferrer noopener\"><strong><em>Haute Valeur Environnementale (HVE).<\/em><\/strong><\/a><br><br>De plus, les brises marines fournissent une irrigation naturelle et une subtile salinit\u00e9 aux c\u00e9pages cultiv\u00e9s sur les 18 hectares du domaine.<\/p>\n<\/div><figure class=\"wp-block-media-text__media\"><img loading=\"lazy\" decoding=\"async\" width=\"475\" height=\"830\" src=\"https:\/\/www.chateaucarqueiranne.com\/wp-content\/uploads\/2024\/12\/Design-sans-titre-20.png\" alt=\"Coucher de soleil sur notre terroir viticole en Provence.\" class=\"wp-image-848 size-full\" srcset=\"https:\/\/www.chateaucarqueiranne.com\/wp-content\/uploads\/2024\/12\/Design-sans-titre-20.png 475w, https:\/\/www.chateaucarqueiranne.com\/wp-content\/uploads\/2024\/12\/Design-sans-titre-20-172x300.png 172w\" sizes=\"(max-width: 475px) 100vw, 475px\" \/><\/figure><\/div>\n\n\n\n\n\n<div class=\"wp-block-media-text is-stacked-on-mobile\"><figure class=\"wp-block-media-text__media\"><img loading=\"lazy\" decoding=\"async\" width=\"480\" height=\"650\" src=\"https:\/\/www.chateaucarqueiranne.com\/wp-content\/uploads\/2024\/11\/Design-sans-titre-18.png\" alt=\"Oranges de nos parcelles en Provence.\" class=\"wp-image-769 size-full\" srcset=\"https:\/\/www.chateaucarqueiranne.com\/wp-content\/uploads\/2024\/11\/Design-sans-titre-18.png 480w, https:\/\/www.chateaucarqueiranne.com\/wp-content\/uploads\/2024\/11\/Design-sans-titre-18-222x300.png 222w\" sizes=\"(max-width: 480px) 100vw, 480px\" \/><\/figure><div class=\"wp-block-media-text__content\">\n<h2 class=\"wp-block-heading\" style=\"font-size:1.7rem\">Une approche parcellaire durable en Provence<\/h2>\n\n\n\n<p style=\"font-size:15px\">Le Ch\u00e2teau Carqueiranne assemble harmonieusement Grenache, Cinsault, Mourv\u00e8dre, Rolle, Clairette, Ugni Blanc, Viognier, Merlot, Syrah, Cabernet Sauvignon et Cabernet Franc.<\/p>\n\n\n\n<p style=\"font-size:15px\">En compl\u00e9ment de la vigne, le domaine valorise une polyculture durable en cultivant orangers, oliviers, figuiers, lavandes et pivoines. Cette approche r\u00e9g\u00e9n\u00e9ratrice de l\u2019environnement est soutenue par <strong><em><a href=\"https:\/\/www.chateaucarqueiranne.com\/index.php\/portraits\/\" target=\"_blank\" rel=\"noreferrer noopener\">une \u00e9quipe <\/a><\/em><\/strong>agricole d\u00e9vou\u00e9e de quatre personnes \u00e0 temps plein.<\/p>\n<\/div><\/div>\n","protected":false},"excerpt":{"rendered":"<p>Un terroir viticole d&rsquo;exception en Provence La Provence, berceau historique du vignoble fran\u00e7ais, cultive une tradition viticole vieille de 2600 ans. Entre h\u00e9ritage mill\u00e9naire et savoir-faire transmis de g\u00e9n\u00e9ration en g\u00e9n\u00e9ration, ses vins racontent l\u2019histoire d\u2019un terroir viticole unique en Provence. L&rsquo;h\u00e9ritage du savoir-faire viticole proven\u00e7al Il y a 2600 ans, les Phoc\u00e9ens ont introduit [&hellip;]<\/p>\n","protected":false},"author":1,"featured_media":767,"parent":0,"menu_order":0,"comment_status":"closed","ping_status":"closed","template":"","meta":{"saved_in_kubio":true,"footnotes":""},"class_list":["post-646","page","type-page","status-publish","has-post-thumbnail","hentry"],"kubio_ai_page_context":{"short_desc":"","purpose":"general"},"yoast_head":"<!-- This site is optimized with the Yoast SEO plugin v27.4 - https:\/\/yoast.com\/product\/yoast-seo-wordpress\/ -->\n<title>Terroir viticole en Provence - Ch\u00e2teau Carqueiranne<\/title>\n<meta name=\"description\" content=\"D\u00e9couvrez le terroir viticole en Provence. Conditions climatiques et savoir-faire unique fa\u00e7onnent les vins du Ch\u00e2teau Carqueiranne.\" \/>\n<meta name=\"robots\" content=\"index, follow, max-snippet:-1, max-image-preview:large, max-video-preview:-1\" \/>\n<link rel=\"canonical\" href=\"https:\/\/www.chateaucarqueiranne.com\/index.php\/terroir-viticole-provence\/\" \/>\n<meta property=\"og:locale\" content=\"fr_FR\" \/>\n<meta property=\"og:type\" content=\"article\" \/>\n<meta property=\"og:title\" content=\"Terroir viticole en Provence - Ch\u00e2teau Carqueiranne\" \/>\n<meta property=\"og:description\" content=\"D\u00e9couvrez le terroir viticole en Provence. Conditions climatiques et savoir-faire unique fa\u00e7onnent les vins du Ch\u00e2teau Carqueiranne.\" \/>\n<meta property=\"og:url\" content=\"https:\/\/www.chateaucarqueiranne.com\/index.php\/terroir-viticole-provence\/\" \/>\n<meta property=\"og:site_name\" content=\"CH\u00c2TEAU CARQUEIRANNE\" \/>\n<meta property=\"article:modified_time\" content=\"2025-11-10T11:38:31+00:00\" \/>\n<meta property=\"og:image\" content=\"https:\/\/www.chateaucarqueiranne.com\/wp-content\/uploads\/2024\/11\/Design-sans-titre-15-1.png\" \/>\n\t<meta property=\"og:image:width\" content=\"480\" \/>\n\t<meta property=\"og:image:height\" content=\"650\" \/>\n\t<meta property=\"og:image:type\" content=\"image\/png\" \/>\n<meta name=\"twitter:card\" content=\"summary_large_image\" \/>\n<meta name=\"twitter:label1\" content=\"Dur\u00e9e de lecture estim\u00e9e\" \/>\n\t<meta name=\"twitter:data1\" content=\"3 minutes\" \/>\n<script type=\"application\/ld+json\" class=\"yoast-schema-graph\">{\"@context\":\"https:\\\/\\\/schema.org\",\"@graph\":[{\"@type\":\"WebPage\",\"@id\":\"https:\\\/\\\/www.chateaucarqueiranne.com\\\/index.php\\\/terroir-viticole-provence\\\/\",\"url\":\"https:\\\/\\\/www.chateaucarqueiranne.com\\\/index.php\\\/terroir-viticole-provence\\\/\",\"name\":\"Terroir viticole en Provence - Ch\u00e2teau Carqueiranne\",\"isPartOf\":{\"@id\":\"https:\\\/\\\/www.chateaucarqueiranne.com\\\/#website\"},\"primaryImageOfPage\":{\"@id\":\"https:\\\/\\\/www.chateaucarqueiranne.com\\\/index.php\\\/terroir-viticole-provence\\\/#primaryimage\"},\"image\":{\"@id\":\"https:\\\/\\\/www.chateaucarqueiranne.com\\\/index.php\\\/terroir-viticole-provence\\\/#primaryimage\"},\"thumbnailUrl\":\"https:\\\/\\\/www.chateaucarqueiranne.com\\\/wp-content\\\/uploads\\\/2024\\\/11\\\/Design-sans-titre-15-1.png\",\"datePublished\":\"2024-10-21T10:05:42+00:00\",\"dateModified\":\"2025-11-10T11:38:31+00:00\",\"description\":\"D\u00e9couvrez le terroir viticole en Provence. Conditions climatiques et savoir-faire unique fa\u00e7onnent les vins du Ch\u00e2teau Carqueiranne.\",\"breadcrumb\":{\"@id\":\"https:\\\/\\\/www.chateaucarqueiranne.com\\\/index.php\\\/terroir-viticole-provence\\\/#breadcrumb\"},\"inLanguage\":\"fr-FR\",\"potentialAction\":[{\"@type\":\"ReadAction\",\"target\":[\"https:\\\/\\\/www.chateaucarqueiranne.com\\\/index.php\\\/terroir-viticole-provence\\\/\"]}]},{\"@type\":\"ImageObject\",\"inLanguage\":\"fr-FR\",\"@id\":\"https:\\\/\\\/www.chateaucarqueiranne.com\\\/index.php\\\/terroir-viticole-provence\\\/#primaryimage\",\"url\":\"https:\\\/\\\/www.chateaucarqueiranne.com\\\/wp-content\\\/uploads\\\/2024\\\/11\\\/Design-sans-titre-15-1.png\",\"contentUrl\":\"https:\\\/\\\/www.chateaucarqueiranne.com\\\/wp-content\\\/uploads\\\/2024\\\/11\\\/Design-sans-titre-15-1.png\",\"width\":480,\"height\":650},{\"@type\":\"BreadcrumbList\",\"@id\":\"https:\\\/\\\/www.chateaucarqueiranne.com\\\/index.php\\\/terroir-viticole-provence\\\/#breadcrumb\",\"itemListElement\":[{\"@type\":\"ListItem\",\"position\":1,\"name\":\"Accueil\",\"item\":\"https:\\\/\\\/www.chateaucarqueiranne.com\\\/\"},{\"@type\":\"ListItem\",\"position\":2,\"name\":\"Terroir viticole en Provence\"}]},{\"@type\":\"WebSite\",\"@id\":\"https:\\\/\\\/www.chateaucarqueiranne.com\\\/#website\",\"url\":\"https:\\\/\\\/www.chateaucarqueiranne.com\\\/\",\"name\":\"CH\u00c2TEAU CARQUEIRANNE\",\"description\":\"C\u00f4tes de Provence  \",\"publisher\":{\"@id\":\"https:\\\/\\\/www.chateaucarqueiranne.com\\\/#organization\"},\"potentialAction\":[{\"@type\":\"SearchAction\",\"target\":{\"@type\":\"EntryPoint\",\"urlTemplate\":\"https:\\\/\\\/www.chateaucarqueiranne.com\\\/?s={search_term_string}\"},\"query-input\":{\"@type\":\"PropertyValueSpecification\",\"valueRequired\":true,\"valueName\":\"search_term_string\"}}],\"inLanguage\":\"fr-FR\"},{\"@type\":\"Organization\",\"@id\":\"https:\\\/\\\/www.chateaucarqueiranne.com\\\/#organization\",\"name\":\"CH\u00c2TEAU CARQUEIRANNE\",\"url\":\"https:\\\/\\\/www.chateaucarqueiranne.com\\\/\",\"logo\":{\"@type\":\"ImageObject\",\"inLanguage\":\"fr-FR\",\"@id\":\"https:\\\/\\\/www.chateaucarqueiranne.com\\\/#\\\/schema\\\/logo\\\/image\\\/\",\"url\":\"https:\\\/\\\/www.chateaucarqueiranne.com\\\/wp-content\\\/uploads\\\/2024\\\/05\\\/Typo-Chateau-Sans-fond-1-e1715849615235.png\",\"contentUrl\":\"https:\\\/\\\/www.chateaucarqueiranne.com\\\/wp-content\\\/uploads\\\/2024\\\/05\\\/Typo-Chateau-Sans-fond-1-e1715849615235.png\",\"width\":1890,\"height\":592,\"caption\":\"CH\u00c2TEAU CARQUEIRANNE\"},\"image\":{\"@id\":\"https:\\\/\\\/www.chateaucarqueiranne.com\\\/#\\\/schema\\\/logo\\\/image\\\/\"}}]}<\/script>\n<!-- \/ Yoast SEO plugin. -->","yoast_head_json":{"title":"Terroir viticole en Provence - Ch\u00e2teau Carqueiranne","description":"D\u00e9couvrez le terroir viticole en Provence. Conditions climatiques et savoir-faire unique fa\u00e7onnent les vins du Ch\u00e2teau Carqueiranne.","robots":{"index":"index","follow":"follow","max-snippet":"max-snippet:-1","max-image-preview":"max-image-preview:large","max-video-preview":"max-video-preview:-1"},"canonical":"https:\/\/www.chateaucarqueiranne.com\/index.php\/terroir-viticole-provence\/","og_locale":"fr_FR","og_type":"article","og_title":"Terroir viticole en Provence - Ch\u00e2teau Carqueiranne","og_description":"D\u00e9couvrez le terroir viticole en Provence. Conditions climatiques et savoir-faire unique fa\u00e7onnent les vins du Ch\u00e2teau Carqueiranne.","og_url":"https:\/\/www.chateaucarqueiranne.com\/index.php\/terroir-viticole-provence\/","og_site_name":"CH\u00c2TEAU CARQUEIRANNE","article_modified_time":"2025-11-10T11:38:31+00:00","og_image":[{"width":480,"height":650,"url":"https:\/\/www.chateaucarqueiranne.com\/wp-content\/uploads\/2024\/11\/Design-sans-titre-15-1.png","type":"image\/png"}],"twitter_card":"summary_large_image","twitter_misc":{"Dur\u00e9e de lecture estim\u00e9e":"3 minutes"},"schema":{"@context":"https:\/\/schema.org","@graph":[{"@type":"WebPage","@id":"https:\/\/www.chateaucarqueiranne.com\/index.php\/terroir-viticole-provence\/","url":"https:\/\/www.chateaucarqueiranne.com\/index.php\/terroir-viticole-provence\/","name":"Terroir viticole en Provence - Ch\u00e2teau Carqueiranne","isPartOf":{"@id":"https:\/\/www.chateaucarqueiranne.com\/#website"},"primaryImageOfPage":{"@id":"https:\/\/www.chateaucarqueiranne.com\/index.php\/terroir-viticole-provence\/#primaryimage"},"image":{"@id":"https:\/\/www.chateaucarqueiranne.com\/index.php\/terroir-viticole-provence\/#primaryimage"},"thumbnailUrl":"https:\/\/www.chateaucarqueiranne.com\/wp-content\/uploads\/2024\/11\/Design-sans-titre-15-1.png","datePublished":"2024-10-21T10:05:42+00:00","dateModified":"2025-11-10T11:38:31+00:00","description":"D\u00e9couvrez le terroir viticole en Provence. Conditions climatiques et savoir-faire unique fa\u00e7onnent les vins du Ch\u00e2teau Carqueiranne.","breadcrumb":{"@id":"https:\/\/www.chateaucarqueiranne.com\/index.php\/terroir-viticole-provence\/#breadcrumb"},"inLanguage":"fr-FR","potentialAction":[{"@type":"ReadAction","target":["https:\/\/www.chateaucarqueiranne.com\/index.php\/terroir-viticole-provence\/"]}]},{"@type":"ImageObject","inLanguage":"fr-FR","@id":"https:\/\/www.chateaucarqueiranne.com\/index.php\/terroir-viticole-provence\/#primaryimage","url":"https:\/\/www.chateaucarqueiranne.com\/wp-content\/uploads\/2024\/11\/Design-sans-titre-15-1.png","contentUrl":"https:\/\/www.chateaucarqueiranne.com\/wp-content\/uploads\/2024\/11\/Design-sans-titre-15-1.png","width":480,"height":650},{"@type":"BreadcrumbList","@id":"https:\/\/www.chateaucarqueiranne.com\/index.php\/terroir-viticole-provence\/#breadcrumb","itemListElement":[{"@type":"ListItem","position":1,"name":"Accueil","item":"https:\/\/www.chateaucarqueiranne.com\/"},{"@type":"ListItem","position":2,"name":"Terroir viticole en Provence"}]},{"@type":"WebSite","@id":"https:\/\/www.chateaucarqueiranne.com\/#website","url":"https:\/\/www.chateaucarqueiranne.com\/","name":"CH\u00c2TEAU CARQUEIRANNE","description":"C\u00f4tes de Provence  ","publisher":{"@id":"https:\/\/www.chateaucarqueiranne.com\/#organization"},"potentialAction":[{"@type":"SearchAction","target":{"@type":"EntryPoint","urlTemplate":"https:\/\/www.chateaucarqueiranne.com\/?s={search_term_string}"},"query-input":{"@type":"PropertyValueSpecification","valueRequired":true,"valueName":"search_term_string"}}],"inLanguage":"fr-FR"},{"@type":"Organization","@id":"https:\/\/www.chateaucarqueiranne.com\/#organization","name":"CH\u00c2TEAU CARQUEIRANNE","url":"https:\/\/www.chateaucarqueiranne.com\/","logo":{"@type":"ImageObject","inLanguage":"fr-FR","@id":"https:\/\/www.chateaucarqueiranne.com\/#\/schema\/logo\/image\/","url":"https:\/\/www.chateaucarqueiranne.com\/wp-content\/uploads\/2024\/05\/Typo-Chateau-Sans-fond-1-e1715849615235.png","contentUrl":"https:\/\/www.chateaucarqueiranne.com\/wp-content\/uploads\/2024\/05\/Typo-Chateau-Sans-fond-1-e1715849615235.png","width":1890,"height":592,"caption":"CH\u00c2TEAU CARQUEIRANNE"},"image":{"@id":"https:\/\/www.chateaucarqueiranne.com\/#\/schema\/logo\/image\/"}}]}},"_links":{"self":[{"href":"https:\/\/www.chateaucarqueiranne.com\/index.php\/wp-json\/wp\/v2\/pages\/646","targetHints":{"allow":["GET"]}}],"collection":[{"href":"https:\/\/www.chateaucarqueiranne.com\/index.php\/wp-json\/wp\/v2\/pages"}],"about":[{"href":"https:\/\/www.chateaucarqueiranne.com\/index.php\/wp-json\/wp\/v2\/types\/page"}],"author":[{"embeddable":true,"href":"https:\/\/www.chateaucarqueiranne.com\/index.php\/wp-json\/wp\/v2\/users\/1"}],"replies":[{"embeddable":true,"href":"https:\/\/www.chateaucarqueiranne.com\/index.php\/wp-json\/wp\/v2\/comments?post=646"}],"version-history":[{"count":24,"href":"https:\/\/www.chateaucarqueiranne.com\/index.php\/wp-json\/wp\/v2\/pages\/646\/revisions"}],"predecessor-version":[{"id":2192,"href":"https:\/\/www.chateaucarqueiranne.com\/index.php\/wp-json\/wp\/v2\/pages\/646\/revisions\/2192"}],"wp:featuredmedia":[{"embeddable":true,"href":"https:\/\/www.chateaucarqueiranne.com\/index.php\/wp-json\/wp\/v2\/media\/767"}],"wp:attachment":[{"href":"https:\/\/www.chateaucarqueiranne.com\/index.php\/wp-json\/wp\/v2\/media?parent=646"}],"curies":[{"name":"wp","href":"https:\/\/api.w.org\/{rel}","templated":true}]}}