{"id":321,"date":"2024-10-10T14:58:13","date_gmt":"2024-10-10T12:58:13","guid":{"rendered":"https:\/\/www.chateaucarqueiranne.com\/?page_id=321"},"modified":"2025-10-22T16:09:39","modified_gmt":"2025-10-22T14:09:39","slug":"cocktail-lumieres-au-chateau-carqueiranne","status":"publish","type":"page","link":"https:\/\/www.chateaucarqueiranne.com\/index.php\/cocktail-lumieres-au-chateau-carqueiranne\/","title":{"rendered":"Cocktail &amp; Lumi\u00e8res au Ch\u00e2teau Carqueiranne"},"content":{"rendered":"\n\n\n<div class=\"wp-block-buttons is-content-justification-right is-layout-flex wp-container-core-buttons-is-layout-d445cf74 wp-block-buttons-is-layout-flex\">\n<div class=\"wp-block-button is-style-outline is-style-outline--1\"><a class=\"wp-block-button__link wp-element-button\" href=\"https:\/\/www.chateaucarqueiranne.com\/index.php\/en\/cocktail-lumieres-at-chateau-carqueiranne\/\">EN \ud83c\uddfa\ud83c\uddf8<\/a><\/div>\n\n\n\n<div class=\"wp-block-button is-style-outline is-style-outline--2\"><a class=\"wp-block-button__link wp-element-button\" href=\"https:\/\/www.chateaucarqueiranne.com\/index.php\/cocktail-und-lichter-de\/\">DE \ud83c\udde9\ud83c\uddea<\/a><\/div>\n<\/div>\n\n\n\n<h2 class=\"wp-block-heading has-text-align-center\" style=\"font-size:2.8rem\">Cocktail &amp; Lumi\u00e8res au Ch\u00e2teau Carqueiranne<\/h2>\n\n\n\n\n\n<figure class=\"wp-block-video\"><video height=\"1080\" style=\"aspect-ratio: 1920 \/ 1080;\" width=\"1920\" autoplay controls muted src=\"https:\/\/www.chateaucarqueiranne.com\/wp-content\/uploads\/2025\/06\/2025-05-31-22-28-20-258.mp4\"><\/video><\/figure>\n\n\n\n<p>V<span style=\"font-family: Raleway;font-weight: 400\" class=\"kubio-has-inline-font-family-weight\">enez illuminer vos soir\u00e9es avec les jeudi Cocktail &amp; Lumi\u00e8res au Ch\u00e2teau Carqueiranne.<\/span> Une soir\u00e9e merveilleuse o\u00f9 vous pourrez d\u00e9guster nos vins et un assortiment de canap\u00e9s et charcuteries \u00e0 volont\u00e9.<\/p>\n\n\n\n<p>Installez-vous confortablement pr\u00e8s des braseros, d\u00e9gustez des cocktails exclusifs \u00e0 base de notre ros\u00e9&nbsp;<em><strong><a href=\"https:\/\/www.chateaucarqueiranne.com\/index.php\/rose-chateau-carqueiranne-provence\/\" target=\"_blank\" rel=\"noreferrer noopener\">Ch\u00e2teau Carqueiranne C\u00f4tes de Provence<\/a><\/strong><\/em>. Savourez des amuse-bouche raffin\u00e9s en contemplant les jeux de lumi\u00e8re sur la fa\u00e7ade du ch\u00e2teau.<\/p>\n\n\n\n\n\n<figure class=\"wp-block-image size-full\"><img loading=\"lazy\" decoding=\"async\" width=\"2560\" height=\"1920\" src=\"http:\/\/www.chateaucarqueiranne.com\/wp-content\/uploads\/2024\/12\/IMG_9635-1-scaled.jpg\" alt=\"Fa\u00e7ade du Ch\u00e2teau Carqueiranne illumin\u00e9 pour l'\u00e9v\u00e9nement Cocktail &amp; Lumi\u00e8res.\" class=\"wp-image-904\" srcset=\"https:\/\/www.chateaucarqueiranne.com\/wp-content\/uploads\/2024\/12\/IMG_9635-1-scaled.jpg 2560w, https:\/\/www.chateaucarqueiranne.com\/wp-content\/uploads\/2024\/12\/IMG_9635-1-300x225.jpg 300w, https:\/\/www.chateaucarqueiranne.com\/wp-content\/uploads\/2024\/12\/IMG_9635-1-1024x768.jpg 1024w, https:\/\/www.chateaucarqueiranne.com\/wp-content\/uploads\/2024\/12\/IMG_9635-1-768x576.jpg 768w\" sizes=\"(max-width: 2560px) 100vw, 2560px\" \/><\/figure>\n\n\n\n<p>En souvenir de cet \u00e9v\u00e9nement, chaque invit\u00e9 repart avec un verre s\u00e9rigraphi\u00e9 \u00e0 l\u2019effigie du Ch\u00e2teau Carqueiranne.<\/p>\n\n\n\n<p>Pour pr\u00e9server l\u2019intimit\u00e9 et la convivialit\u00e9 de cette soir\u00e9e, le nombre de places est limit\u00e9. Nous vous invitons \u00e0 r\u00e9server d\u00e8s maintenant.<\/p>\n\n\n\n<p>Prochain \u00e9v\u00e9nement \u00e0 venir&#8230;<\/p>\n\n\n\n\n\n<div style=\"height:48px\" aria-hidden=\"true\" class=\"wp-block-spacer\"><\/div>\n","protected":false},"excerpt":{"rendered":"<p>Cocktail &amp; Lumi\u00e8res au Ch\u00e2teau Carqueiranne Venez illuminer vos soir\u00e9es avec les jeudi Cocktail &amp; Lumi\u00e8res au Ch\u00e2teau Carqueiranne. Une soir\u00e9e merveilleuse o\u00f9 vous pourrez d\u00e9guster nos vins et un assortiment de canap\u00e9s et charcuteries \u00e0 volont\u00e9. Installez-vous confortablement pr\u00e8s des braseros, d\u00e9gustez des cocktails exclusifs \u00e0 base de notre ros\u00e9&nbsp;Ch\u00e2teau Carqueiranne C\u00f4tes de Provence. [&hellip;]<\/p>\n","protected":false},"author":1,"featured_media":905,"parent":0,"menu_order":0,"comment_status":"closed","ping_status":"closed","template":"","meta":{"saved_in_kubio":true,"footnotes":""},"class_list":["post-321","page","type-page","status-publish","has-post-thumbnail","hentry"],"kubio_ai_page_context":{"short_desc":"","purpose":"general"},"yoast_head":"<!-- This site is optimized with the Yoast SEO plugin v27.4 - https:\/\/yoast.com\/product\/yoast-seo-wordpress\/ -->\n<title>Cocktail &amp; Lumi\u00e8res au Ch\u00e2teau Carqueiranne - CH\u00c2TEAU CARQUEIRANNE<\/title>\n<meta name=\"description\" content=\"D\u00e9couvrez notre \u00e9v\u00e9nement Cocktail &amp; Lumi\u00e8res au Ch\u00e2teau Carqueiranne : jeux de lumi\u00e8res, braseros et ros\u00e9 . R\u00e9servez d\u00e8s maintenant.\" \/>\n<meta name=\"robots\" content=\"index, follow, max-snippet:-1, max-image-preview:large, max-video-preview:-1\" \/>\n<link rel=\"canonical\" href=\"https:\/\/www.chateaucarqueiranne.com\/index.php\/cocktail-lumieres-au-chateau-carqueiranne\/\" \/>\n<meta property=\"og:locale\" content=\"fr_FR\" \/>\n<meta property=\"og:type\" content=\"article\" \/>\n<meta property=\"og:title\" content=\"Cocktail &amp; Lumi\u00e8res au Ch\u00e2teau Carqueiranne - CH\u00c2TEAU CARQUEIRANNE\" \/>\n<meta property=\"og:description\" content=\"D\u00e9couvrez notre \u00e9v\u00e9nement Cocktail &amp; Lumi\u00e8res au Ch\u00e2teau Carqueiranne : jeux de lumi\u00e8res, braseros et ros\u00e9 . R\u00e9servez d\u00e8s maintenant.\" \/>\n<meta property=\"og:url\" content=\"https:\/\/www.chateaucarqueiranne.com\/index.php\/cocktail-lumieres-au-chateau-carqueiranne\/\" \/>\n<meta property=\"og:site_name\" content=\"CH\u00c2TEAU CARQUEIRANNE\" \/>\n<meta property=\"article:modified_time\" content=\"2025-10-22T14:09:39+00:00\" \/>\n<meta property=\"og:image\" content=\"https:\/\/www.chateaucarqueiranne.com\/wp-content\/uploads\/2024\/12\/IMG_9635-1-edited-scaled.jpg\" \/>\n\t<meta property=\"og:image:width\" content=\"2560\" \/>\n\t<meta property=\"og:image:height\" content=\"1707\" \/>\n\t<meta property=\"og:image:type\" content=\"image\/jpeg\" \/>\n<meta name=\"twitter:card\" content=\"summary_large_image\" \/>\n<meta name=\"twitter:label1\" content=\"Dur\u00e9e de lecture estim\u00e9e\" \/>\n\t<meta name=\"twitter:data1\" content=\"2 minutes\" \/>\n<script type=\"application\/ld+json\" class=\"yoast-schema-graph\">{\"@context\":\"https:\\\/\\\/schema.org\",\"@graph\":[{\"@type\":\"WebPage\",\"@id\":\"https:\\\/\\\/www.chateaucarqueiranne.com\\\/index.php\\\/cocktail-lumieres-au-chateau-carqueiranne\\\/\",\"url\":\"https:\\\/\\\/www.chateaucarqueiranne.com\\\/index.php\\\/cocktail-lumieres-au-chateau-carqueiranne\\\/\",\"name\":\"Cocktail &amp; Lumi\u00e8res au Ch\u00e2teau Carqueiranne - CH\u00c2TEAU CARQUEIRANNE\",\"isPartOf\":{\"@id\":\"https:\\\/\\\/www.chateaucarqueiranne.com\\\/#website\"},\"primaryImageOfPage\":{\"@id\":\"https:\\\/\\\/www.chateaucarqueiranne.com\\\/index.php\\\/cocktail-lumieres-au-chateau-carqueiranne\\\/#primaryimage\"},\"image\":{\"@id\":\"https:\\\/\\\/www.chateaucarqueiranne.com\\\/index.php\\\/cocktail-lumieres-au-chateau-carqueiranne\\\/#primaryimage\"},\"thumbnailUrl\":\"https:\\\/\\\/www.chateaucarqueiranne.com\\\/wp-content\\\/uploads\\\/2024\\\/12\\\/IMG_9635-1-edited-scaled.jpg\",\"datePublished\":\"2024-10-10T12:58:13+00:00\",\"dateModified\":\"2025-10-22T14:09:39+00:00\",\"description\":\"D\u00e9couvrez notre \u00e9v\u00e9nement Cocktail & Lumi\u00e8res au Ch\u00e2teau Carqueiranne : jeux de lumi\u00e8res, braseros et ros\u00e9 . R\u00e9servez d\u00e8s maintenant.\",\"breadcrumb\":{\"@id\":\"https:\\\/\\\/www.chateaucarqueiranne.com\\\/index.php\\\/cocktail-lumieres-au-chateau-carqueiranne\\\/#breadcrumb\"},\"inLanguage\":\"fr-FR\",\"potentialAction\":[{\"@type\":\"ReadAction\",\"target\":[\"https:\\\/\\\/www.chateaucarqueiranne.com\\\/index.php\\\/cocktail-lumieres-au-chateau-carqueiranne\\\/\"]}]},{\"@type\":\"ImageObject\",\"inLanguage\":\"fr-FR\",\"@id\":\"https:\\\/\\\/www.chateaucarqueiranne.com\\\/index.php\\\/cocktail-lumieres-au-chateau-carqueiranne\\\/#primaryimage\",\"url\":\"https:\\\/\\\/www.chateaucarqueiranne.com\\\/wp-content\\\/uploads\\\/2024\\\/12\\\/IMG_9635-1-edited-scaled.jpg\",\"contentUrl\":\"https:\\\/\\\/www.chateaucarqueiranne.com\\\/wp-content\\\/uploads\\\/2024\\\/12\\\/IMG_9635-1-edited-scaled.jpg\",\"width\":2560,\"height\":1707},{\"@type\":\"BreadcrumbList\",\"@id\":\"https:\\\/\\\/www.chateaucarqueiranne.com\\\/index.php\\\/cocktail-lumieres-au-chateau-carqueiranne\\\/#breadcrumb\",\"itemListElement\":[{\"@type\":\"ListItem\",\"position\":1,\"name\":\"Accueil\",\"item\":\"https:\\\/\\\/www.chateaucarqueiranne.com\\\/\"},{\"@type\":\"ListItem\",\"position\":2,\"name\":\"Cocktail &amp; Lumi\u00e8res au Ch\u00e2teau Carqueiranne\"}]},{\"@type\":\"WebSite\",\"@id\":\"https:\\\/\\\/www.chateaucarqueiranne.com\\\/#website\",\"url\":\"https:\\\/\\\/www.chateaucarqueiranne.com\\\/\",\"name\":\"CH\u00c2TEAU CARQUEIRANNE\",\"description\":\"C\u00f4tes de Provence  \",\"publisher\":{\"@id\":\"https:\\\/\\\/www.chateaucarqueiranne.com\\\/#organization\"},\"potentialAction\":[{\"@type\":\"SearchAction\",\"target\":{\"@type\":\"EntryPoint\",\"urlTemplate\":\"https:\\\/\\\/www.chateaucarqueiranne.com\\\/?s={search_term_string}\"},\"query-input\":{\"@type\":\"PropertyValueSpecification\",\"valueRequired\":true,\"valueName\":\"search_term_string\"}}],\"inLanguage\":\"fr-FR\"},{\"@type\":\"Organization\",\"@id\":\"https:\\\/\\\/www.chateaucarqueiranne.com\\\/#organization\",\"name\":\"CH\u00c2TEAU CARQUEIRANNE\",\"url\":\"https:\\\/\\\/www.chateaucarqueiranne.com\\\/\",\"logo\":{\"@type\":\"ImageObject\",\"inLanguage\":\"fr-FR\",\"@id\":\"https:\\\/\\\/www.chateaucarqueiranne.com\\\/#\\\/schema\\\/logo\\\/image\\\/\",\"url\":\"https:\\\/\\\/www.chateaucarqueiranne.com\\\/wp-content\\\/uploads\\\/2024\\\/05\\\/Typo-Chateau-Sans-fond-1-e1715849615235.png\",\"contentUrl\":\"https:\\\/\\\/www.chateaucarqueiranne.com\\\/wp-content\\\/uploads\\\/2024\\\/05\\\/Typo-Chateau-Sans-fond-1-e1715849615235.png\",\"width\":1890,\"height\":592,\"caption\":\"CH\u00c2TEAU CARQUEIRANNE\"},\"image\":{\"@id\":\"https:\\\/\\\/www.chateaucarqueiranne.com\\\/#\\\/schema\\\/logo\\\/image\\\/\"}}]}<\/script>\n<!-- \/ Yoast SEO plugin. -->","yoast_head_json":{"title":"Cocktail &amp; Lumi\u00e8res au Ch\u00e2teau Carqueiranne - CH\u00c2TEAU CARQUEIRANNE","description":"D\u00e9couvrez notre \u00e9v\u00e9nement Cocktail & Lumi\u00e8res au Ch\u00e2teau Carqueiranne : jeux de lumi\u00e8res, braseros et ros\u00e9 . R\u00e9servez d\u00e8s maintenant.","robots":{"index":"index","follow":"follow","max-snippet":"max-snippet:-1","max-image-preview":"max-image-preview:large","max-video-preview":"max-video-preview:-1"},"canonical":"https:\/\/www.chateaucarqueiranne.com\/index.php\/cocktail-lumieres-au-chateau-carqueiranne\/","og_locale":"fr_FR","og_type":"article","og_title":"Cocktail &amp; Lumi\u00e8res au Ch\u00e2teau Carqueiranne - CH\u00c2TEAU CARQUEIRANNE","og_description":"D\u00e9couvrez notre \u00e9v\u00e9nement Cocktail & Lumi\u00e8res au Ch\u00e2teau Carqueiranne : jeux de lumi\u00e8res, braseros et ros\u00e9 . R\u00e9servez d\u00e8s maintenant.","og_url":"https:\/\/www.chateaucarqueiranne.com\/index.php\/cocktail-lumieres-au-chateau-carqueiranne\/","og_site_name":"CH\u00c2TEAU CARQUEIRANNE","article_modified_time":"2025-10-22T14:09:39+00:00","og_image":[{"width":2560,"height":1707,"url":"https:\/\/www.chateaucarqueiranne.com\/wp-content\/uploads\/2024\/12\/IMG_9635-1-edited-scaled.jpg","type":"image\/jpeg"}],"twitter_card":"summary_large_image","twitter_misc":{"Dur\u00e9e de lecture estim\u00e9e":"2 minutes"},"schema":{"@context":"https:\/\/schema.org","@graph":[{"@type":"WebPage","@id":"https:\/\/www.chateaucarqueiranne.com\/index.php\/cocktail-lumieres-au-chateau-carqueiranne\/","url":"https:\/\/www.chateaucarqueiranne.com\/index.php\/cocktail-lumieres-au-chateau-carqueiranne\/","name":"Cocktail &amp; Lumi\u00e8res au Ch\u00e2teau Carqueiranne - CH\u00c2TEAU CARQUEIRANNE","isPartOf":{"@id":"https:\/\/www.chateaucarqueiranne.com\/#website"},"primaryImageOfPage":{"@id":"https:\/\/www.chateaucarqueiranne.com\/index.php\/cocktail-lumieres-au-chateau-carqueiranne\/#primaryimage"},"image":{"@id":"https:\/\/www.chateaucarqueiranne.com\/index.php\/cocktail-lumieres-au-chateau-carqueiranne\/#primaryimage"},"thumbnailUrl":"https:\/\/www.chateaucarqueiranne.com\/wp-content\/uploads\/2024\/12\/IMG_9635-1-edited-scaled.jpg","datePublished":"2024-10-10T12:58:13+00:00","dateModified":"2025-10-22T14:09:39+00:00","description":"D\u00e9couvrez notre \u00e9v\u00e9nement Cocktail & Lumi\u00e8res au Ch\u00e2teau Carqueiranne : jeux de lumi\u00e8res, braseros et ros\u00e9 . R\u00e9servez d\u00e8s maintenant.","breadcrumb":{"@id":"https:\/\/www.chateaucarqueiranne.com\/index.php\/cocktail-lumieres-au-chateau-carqueiranne\/#breadcrumb"},"inLanguage":"fr-FR","potentialAction":[{"@type":"ReadAction","target":["https:\/\/www.chateaucarqueiranne.com\/index.php\/cocktail-lumieres-au-chateau-carqueiranne\/"]}]},{"@type":"ImageObject","inLanguage":"fr-FR","@id":"https:\/\/www.chateaucarqueiranne.com\/index.php\/cocktail-lumieres-au-chateau-carqueiranne\/#primaryimage","url":"https:\/\/www.chateaucarqueiranne.com\/wp-content\/uploads\/2024\/12\/IMG_9635-1-edited-scaled.jpg","contentUrl":"https:\/\/www.chateaucarqueiranne.com\/wp-content\/uploads\/2024\/12\/IMG_9635-1-edited-scaled.jpg","width":2560,"height":1707},{"@type":"BreadcrumbList","@id":"https:\/\/www.chateaucarqueiranne.com\/index.php\/cocktail-lumieres-au-chateau-carqueiranne\/#breadcrumb","itemListElement":[{"@type":"ListItem","position":1,"name":"Accueil","item":"https:\/\/www.chateaucarqueiranne.com\/"},{"@type":"ListItem","position":2,"name":"Cocktail &amp; Lumi\u00e8res au Ch\u00e2teau Carqueiranne"}]},{"@type":"WebSite","@id":"https:\/\/www.chateaucarqueiranne.com\/#website","url":"https:\/\/www.chateaucarqueiranne.com\/","name":"CH\u00c2TEAU CARQUEIRANNE","description":"C\u00f4tes de Provence  ","publisher":{"@id":"https:\/\/www.chateaucarqueiranne.com\/#organization"},"potentialAction":[{"@type":"SearchAction","target":{"@type":"EntryPoint","urlTemplate":"https:\/\/www.chateaucarqueiranne.com\/?s={search_term_string}"},"query-input":{"@type":"PropertyValueSpecification","valueRequired":true,"valueName":"search_term_string"}}],"inLanguage":"fr-FR"},{"@type":"Organization","@id":"https:\/\/www.chateaucarqueiranne.com\/#organization","name":"CH\u00c2TEAU CARQUEIRANNE","url":"https:\/\/www.chateaucarqueiranne.com\/","logo":{"@type":"ImageObject","inLanguage":"fr-FR","@id":"https:\/\/www.chateaucarqueiranne.com\/#\/schema\/logo\/image\/","url":"https:\/\/www.chateaucarqueiranne.com\/wp-content\/uploads\/2024\/05\/Typo-Chateau-Sans-fond-1-e1715849615235.png","contentUrl":"https:\/\/www.chateaucarqueiranne.com\/wp-content\/uploads\/2024\/05\/Typo-Chateau-Sans-fond-1-e1715849615235.png","width":1890,"height":592,"caption":"CH\u00c2TEAU CARQUEIRANNE"},"image":{"@id":"https:\/\/www.chateaucarqueiranne.com\/#\/schema\/logo\/image\/"}}]}},"_links":{"self":[{"href":"https:\/\/www.chateaucarqueiranne.com\/index.php\/wp-json\/wp\/v2\/pages\/321","targetHints":{"allow":["GET"]}}],"collection":[{"href":"https:\/\/www.chateaucarqueiranne.com\/index.php\/wp-json\/wp\/v2\/pages"}],"about":[{"href":"https:\/\/www.chateaucarqueiranne.com\/index.php\/wp-json\/wp\/v2\/types\/page"}],"author":[{"embeddable":true,"href":"https:\/\/www.chateaucarqueiranne.com\/index.php\/wp-json\/wp\/v2\/users\/1"}],"replies":[{"embeddable":true,"href":"https:\/\/www.chateaucarqueiranne.com\/index.php\/wp-json\/wp\/v2\/comments?post=321"}],"version-history":[{"count":30,"href":"https:\/\/www.chateaucarqueiranne.com\/index.php\/wp-json\/wp\/v2\/pages\/321\/revisions"}],"predecessor-version":[{"id":2125,"href":"https:\/\/www.chateaucarqueiranne.com\/index.php\/wp-json\/wp\/v2\/pages\/321\/revisions\/2125"}],"wp:featuredmedia":[{"embeddable":true,"href":"https:\/\/www.chateaucarqueiranne.com\/index.php\/wp-json\/wp\/v2\/media\/905"}],"wp:attachment":[{"href":"https:\/\/www.chateaucarqueiranne.com\/index.php\/wp-json\/wp\/v2\/media?parent=321"}],"curies":[{"name":"wp","href":"https:\/\/api.w.org\/{rel}","templated":true}]}}