{"id":30,"date":"2024-04-25T08:44:02","date_gmt":"2024-04-25T06:44:02","guid":{"rendered":"http:\/\/www.chateaucarqueiranne.com\/?page_id=30"},"modified":"2025-11-10T12:12:14","modified_gmt":"2025-11-10T11:12:14","slug":"chateau-carqueiranne-patrimoine-historique","status":"publish","type":"page","link":"https:\/\/www.chateaucarqueiranne.com\/index.php\/chateau-carqueiranne-patrimoine-historique\/","title":{"rendered":"Le Ch\u00e2teau Carqueiranne, un patrimoine historique"},"content":{"rendered":"\n<div class=\"wp-block-buttons is-content-justification-right is-layout-flex wp-container-core-buttons-is-layout-d445cf74 wp-block-buttons-is-layout-flex\">\n<div class=\"wp-block-button is-style-outline is-style-outline--1\"><a class=\"wp-block-button__link wp-element-button\" href=\"https:\/\/www.chateaucarqueiranne.com\/index.php\/en\/chateau-carqueiranne-a-historic-heritage-site\/\">EN \ud83c\uddfa\ud83c\uddf8<\/a><\/div>\n\n\n\n<div class=\"wp-block-button is-style-outline is-style-outline--2\"><a class=\"wp-block-button__link wp-element-button\" href=\"https:\/\/www.chateaucarqueiranne.com\/index.php\/eine-historisches-erbe-de\/\">DE \ud83c\udde9\ud83c\uddea<\/a><\/div>\n<\/div>\n\n\n\n<h2 class=\"wp-block-heading has-text-align-center\" style=\"font-size:2.8rem\">Le Ch\u00e2teau Carqueiranne, un patrimoine historique <\/h2>\n\n\n\n\n\n<p class=\"has-text-align-center\"><strong>Le Ch\u00e2teau Carqueiranne, patrimoine&nbsp;<strong>exceptionnel<\/strong>&nbsp;en Provence, t\u00e9moigne des traditions et de l\u2019Histoire de la r\u00e9gion, depuis l\u2019\u00e9poque des phoc\u00e9ens qui ont introduit la vigne en Provence il y a 2 600 ans. Proche d\u2019Olbia, Carqueiranne est une ancienne seigneurie proven\u00e7ale. Elle voit ses racines remonter au XIIIe si\u00e8cle sous l\u2019\u00e9gide de Guillaume d<strong>e Carcairana, originaire de Corbetta proche de Milan.<\/strong><\/strong><\/p>\n\n\n\n\n\n<div class=\"wp-block-media-text is-stacked-on-mobile\" style=\"grid-template-columns:48% auto\"><figure class=\"wp-block-media-text__media\"><img loading=\"lazy\" decoding=\"async\" width=\"505\" height=\"860\" src=\"https:\/\/www.chateaucarqueiranne.com\/wp-content\/uploads\/2024\/12\/Design-sans-titre-16.png\" alt=\"\" class=\"wp-image-839 size-full\" srcset=\"https:\/\/www.chateaucarqueiranne.com\/wp-content\/uploads\/2024\/12\/Design-sans-titre-16.png 505w, https:\/\/www.chateaucarqueiranne.com\/wp-content\/uploads\/2024\/12\/Design-sans-titre-16-176x300.png 176w\" sizes=\"(max-width: 505px) 100vw, 505px\" \/><\/figure><div class=\"wp-block-media-text__content\">\n<h3 class=\"wp-block-heading\" style=\"font-size:1.7rem\">Un patrimoine historique en Provence<\/h3>\n\n\n\n<p>L\u2019histoire du domaine commence en <strong>1217 avec l&rsquo;acquisition par Guillaume de Carcairana<\/strong> du&nbsp;domaine et son investiture eccl\u00e9siastique&nbsp;en 1252 par le pape Innocent IV.<\/p>\n\n\n\n<p>Le Ch\u00e2teau Carqueiranne est ensuite \u00e9troitement li\u00e9 aux familles seigneuriales proven\u00e7ales. En particulier, les Thomas de Fos et les Ripert qui marqu\u00e8rent les XV\u00e8me et XVII\u00e8me si\u00e8cles. Situ\u00e9 au c\u0153ur de la\u00a0Provence, ce ch\u00e2teau a vu des \u00e9v\u00e9nements historiques marquants. A titre d\u2019exemple, l\u2019\u00e9v\u00eaque de Toulon, Louis de La Tour du Pin de Montauban, y d\u00e9c\u00e8de le 12 septembre 1737.\u00a0Aujourd\u2019hui, le\u00a0Ch\u00e2teau Carqueiranne\u00a0demeure un v\u00e9ritable t\u00e9moin du\u00a0<a href=\"https:\/\/www.carqueiranne.fr\/tourisme\/decouvrir-carqueiranne\/patrimoine-historique-345.html?fbclid=IwAR3CO7eAghzkb_kutv8fQjPCUP-rgi81er17tKjf7A-BBbUSAK6eIQPaOP8\" target=\"_blank\" rel=\"noreferrer noopener\"><em><strong>patrimoine historique<\/strong>\u00a0<\/em><\/a>de la r\u00e9gion.<\/p>\n<\/div><\/div>\n\n\n\n\n\n<div class=\"wp-block-media-text has-media-on-the-right is-stacked-on-mobile\"><div class=\"wp-block-media-text__content\">\n<h3 class=\"wp-block-heading\" style=\"font-size:1.7rem\">L&rsquo;influence des Richet au Ch\u00e2teau Carqueiranne<\/h3>\n\n\n\n<p style=\"font-size:15px\">S\u2019\u00e9tendant sur 250 hectares, le domaine fut acquis en 1873 par la famille Richet. Celle-ci r\u00e9nova la fa\u00e7ade du Ch\u00e2teau et d\u00e9veloppa de nouvelles infrastructures. C&rsquo;est le cas du barrage de la Colle Noire, r\u00e9servoirs d\u2019eau, serres, b\u00e2timents agricoles. De plus, elle fit l&rsquo;acquisition de l\u2019ile du Grand Ribaud.<\/p>\n\n\n\n<p style=\"font-size:15px\">Charles Richet conduisit des recherches sur la chaleur animale, les serums, et d\u00e9couvrit, en 1902, avec Paul Portier, le ph\u00e9nom\u00e8ne de l&rsquo;anaphylaxie, ce qui lui valut le prix Nobel de m\u00e9decine en 1913. Il est l&rsquo;auteur de plus 700 ouvrages. Il fut membre de l&rsquo;Acad\u00e9mie de m\u00e9decine (1898) et de l&rsquo;Acad\u00e9mie des sciences (1914).<\/p>\n\n\n\n<p style=\"font-size:15px\"> <br><\/p>\n<\/div><figure class=\"wp-block-media-text__media\"><img loading=\"lazy\" decoding=\"async\" width=\"505\" height=\"860\" src=\"https:\/\/www.chateaucarqueiranne.com\/wp-content\/uploads\/2024\/12\/Design-sans-titre-17.png\" alt=\"\" class=\"wp-image-841 size-full\" srcset=\"https:\/\/www.chateaucarqueiranne.com\/wp-content\/uploads\/2024\/12\/Design-sans-titre-17.png 505w, https:\/\/www.chateaucarqueiranne.com\/wp-content\/uploads\/2024\/12\/Design-sans-titre-17-176x300.png 176w\" sizes=\"(max-width: 505px) 100vw, 505px\" \/><\/figure><\/div>\n\n\n\n<div class=\"wp-block-media-text has-media-on-the-right is-stacked-on-mobile\" style=\"grid-template-columns:auto 53%\"><div class=\"wp-block-media-text__content\">\n<p class=\"has-text-align-left\">Mais Charles Richet avait d&rsquo;autres centres d&rsquo;int\u00e9r\u00eat. Ap\u00f4tre du pacifisme, il se passionna aussi pour les d\u00e9buts de l\u2019aviation, construisant dans son hangar du Ch\u00e2teau\u00a0Carqueiranne en 1896 un premier a\u00e9roplane \u00e0 vapeur qui vola une centaine de m\u00e8tres \u00e0 la pointe Peno. Il inspira et encouragea ses pupilles Louis et Jacques Br\u00e9guet dans leurs futures entreprises. Savant touche \u00e0 tout,\u00a0Charles Richet\u00a0s&rsquo;attacha \u00e9galement \u00e0 l&rsquo;\u00e9tude des ph\u00e9nom\u00e8nes occultes ou supranormaux et fonda la m\u00e9tapsychique\u00a0en r\u00e9alisant notamment de nombreuses exp\u00e9riences au Ch\u00e2teau avec le c\u00e9l\u00e8bre medium napolitain Eusapia Paladino.\u00a0<\/p>\n<\/div><figure class=\"wp-block-media-text__media\"><img loading=\"lazy\" decoding=\"async\" width=\"480\" height=\"650\" src=\"http:\/\/www.chateaucarqueiranne.com\/wp-content\/uploads\/2024\/11\/Design-sans-titre-4-1.png\" alt=\"\" class=\"wp-image-760 size-full\" srcset=\"https:\/\/www.chateaucarqueiranne.com\/wp-content\/uploads\/2024\/11\/Design-sans-titre-4-1.png 480w, https:\/\/www.chateaucarqueiranne.com\/wp-content\/uploads\/2024\/11\/Design-sans-titre-4-1-222x300.png 222w\" sizes=\"(max-width: 480px) 100vw, 480px\" \/><\/figure><\/div>\n\n\n\n<figure class=\"wp-block-image size-full is-resized\"><img loading=\"lazy\" decoding=\"async\" width=\"1024\" height=\"1024\" src=\"https:\/\/www.chateaucarqueiranne.com\/wp-content\/uploads\/2025\/06\/Territories-of-Carqueiranne-Hyeres-granted-by-the-Count-of-Provence-to-Lord-De-Fos-the-De-Thomas-family.-1024-x-1024-px-1024-x-1024-px-1.png\" alt=\"\" class=\"wp-image-1890\" style=\"width:667px;height:auto\" srcset=\"https:\/\/www.chateaucarqueiranne.com\/wp-content\/uploads\/2025\/06\/Territories-of-Carqueiranne-Hyeres-granted-by-the-Count-of-Provence-to-Lord-De-Fos-the-De-Thomas-family.-1024-x-1024-px-1024-x-1024-px-1.png 1024w, https:\/\/www.chateaucarqueiranne.com\/wp-content\/uploads\/2025\/06\/Territories-of-Carqueiranne-Hyeres-granted-by-the-Count-of-Provence-to-Lord-De-Fos-the-De-Thomas-family.-1024-x-1024-px-1024-x-1024-px-1-300x300.png 300w, https:\/\/www.chateaucarqueiranne.com\/wp-content\/uploads\/2025\/06\/Territories-of-Carqueiranne-Hyeres-granted-by-the-Count-of-Provence-to-Lord-De-Fos-the-De-Thomas-family.-1024-x-1024-px-1024-x-1024-px-1-150x150.png 150w, https:\/\/www.chateaucarqueiranne.com\/wp-content\/uploads\/2025\/06\/Territories-of-Carqueiranne-Hyeres-granted-by-the-Count-of-Provence-to-Lord-De-Fos-the-De-Thomas-family.-1024-x-1024-px-1024-x-1024-px-1-768x768.png 768w\" sizes=\"(max-width: 1024px) 100vw, 1024px\" \/><\/figure>\n\n\n\n<div class=\"wp-block-media-text is-stacked-on-mobile\"><figure class=\"wp-block-media-text__media\"><img loading=\"lazy\" decoding=\"async\" width=\"495\" height=\"850\" src=\"https:\/\/www.chateaucarqueiranne.com\/wp-content\/uploads\/2024\/11\/Design-sans-titre-15-2.png\" alt=\"Fa\u00e7ade r\u00e9nov\u00e9e du Ch\u00e2teau Carqueiranne en Provence.\" class=\"wp-image-795 size-full\" srcset=\"https:\/\/www.chateaucarqueiranne.com\/wp-content\/uploads\/2024\/11\/Design-sans-titre-15-2.png 495w, https:\/\/www.chateaucarqueiranne.com\/wp-content\/uploads\/2024\/11\/Design-sans-titre-15-2-175x300.png 175w\" sizes=\"(max-width: 495px) 100vw, 495px\" \/><\/figure><div class=\"wp-block-media-text__content\">\n<h3 class=\"wp-block-heading\" style=\"font-size:1.7rem\">La restauration du domaine historique<\/h3>\n\n\n\n<p><\/p>\n\n\n\n<p style=\"font-size:15px\">Au XX\u00e8me si\u00e8cle, le ch\u00e2teau connaitra cependant un d\u00e9clin important, jusqu\u2019\u00e0 l\u2019effondrement d\u2019une partie de sa tour Ouest en 2018.<br>Menac\u00e9 par un arr\u00eat de p\u00e9ril en 2022, la famille Lamour se mobilisera pour sauver ce patrimoine historique exceptionnel. Elle entreprendra la restauration des diff\u00e9rents \u00e9difices \u00e0 partir de 2023. Le ch\u00e2teau, la chapelle, <a data-type=\"page\" data-id=\"240\" href=\"https:\/\/www.chateaucarqueiranne.com\/index.php\/la-paillote-ephemere-du-chateau\/\"><em><strong>la paillote<\/strong><\/em><\/a>, le pigeonnier, la magnanerie, la serre Eiffel, les hangars agricoles ainsi que les r\u00e9servoirs d\u2019eau pluviale.<\/p>\n<\/div><\/div>\n\n\n\n\n\n<div class=\"wp-block-media-text has-media-on-the-right is-stacked-on-mobile\" style=\"grid-template-columns:auto 48%\"><div class=\"wp-block-media-text__content\">\n<h3 class=\"wp-block-heading\" style=\"font-size:1.7rem\">Nouvelles racines viticoles au Ch\u00e2teau Carqueiranne<\/h3>\n\n\n\n<p><\/p>\n\n\n\n<p style=\"font-size:15px\">En parall\u00e8le, un projet de d\u00e9veloppement viticole est conduit en partenariat avec <a href=\"https:\/\/www.cellierdelacrau.fr\" target=\"_blank\" rel=\"noreferrer noopener\"><strong><em>le Cellier de la Crau<\/em><\/strong><\/a>. Le domaine viticole du Ch\u00e2teau Carqueiranne s\u2019\u00e9tend d\u00e9sormais sur 25 Hectares de parcelles. Elles sont situ\u00e9es sur les communes de Carqueiranne, La Crau et Hy\u00e8res, en appellation <strong>AOP C\u00f4tes de Provence et IGP du Var.<\/strong><\/p>\n<\/div><figure class=\"wp-block-media-text__media\"><img loading=\"lazy\" decoding=\"async\" width=\"480\" height=\"650\" src=\"https:\/\/www.chateaucarqueiranne.com\/wp-content\/uploads\/2024\/11\/Design-sans-titre-14.png\" alt=\"Vignes en AOP C\u00f4tes de Provence du Ch\u00e2teau Carqueiranne.\" class=\"wp-image-756 size-full\" srcset=\"https:\/\/www.chateaucarqueiranne.com\/wp-content\/uploads\/2024\/11\/Design-sans-titre-14.png 480w, https:\/\/www.chateaucarqueiranne.com\/wp-content\/uploads\/2024\/11\/Design-sans-titre-14-222x300.png 222w\" sizes=\"(max-width: 480px) 100vw, 480px\" \/><\/figure><\/div>\n\n\n\n<p><\/p>\n","protected":false},"excerpt":{"rendered":"<p>Le Ch\u00e2teau Carqueiranne, un patrimoine historique Le Ch\u00e2teau Carqueiranne, patrimoine&nbsp;exceptionnel&nbsp;en Provence, t\u00e9moigne des traditions et de l\u2019Histoire de la r\u00e9gion, depuis l\u2019\u00e9poque des phoc\u00e9ens qui ont introduit la vigne en Provence il y a 2 600 ans. Proche d\u2019Olbia, Carqueiranne est une ancienne seigneurie proven\u00e7ale. Elle voit ses racines remonter au XIIIe si\u00e8cle sous l\u2019\u00e9gide [&hellip;]<\/p>\n","protected":false},"author":1,"featured_media":659,"parent":0,"menu_order":0,"comment_status":"closed","ping_status":"closed","template":"","meta":{"saved_in_kubio":true,"footnotes":""},"class_list":["post-30","page","type-page","status-publish","has-post-thumbnail","hentry"],"kubio_ai_page_context":{"short_desc":"","purpose":"general"},"yoast_head":"<!-- This site is optimized with the Yoast SEO plugin v27.4 - https:\/\/yoast.com\/product\/yoast-seo-wordpress\/ -->\n<title>Le Ch\u00e2teau Carqueiranne, un patrimoine historique - CH\u00c2TEAU CARQUEIRANNE<\/title>\n<meta name=\"description\" content=\"D\u00e9couvrez le Ch\u00e2teau Carqueiranne , entre patrimoine historique en Provence et domaine viticole en AOP C\u00f4tes de Provence.\" \/>\n<meta name=\"robots\" content=\"index, follow, max-snippet:-1, max-image-preview:large, max-video-preview:-1\" \/>\n<link rel=\"canonical\" href=\"https:\/\/www.chateaucarqueiranne.com\/index.php\/chateau-carqueiranne-patrimoine-historique\/\" \/>\n<meta property=\"og:locale\" content=\"fr_FR\" \/>\n<meta property=\"og:type\" content=\"article\" \/>\n<meta property=\"og:title\" content=\"Le Ch\u00e2teau Carqueiranne, un patrimoine historique - CH\u00c2TEAU CARQUEIRANNE\" \/>\n<meta property=\"og:description\" content=\"D\u00e9couvrez le Ch\u00e2teau Carqueiranne , entre patrimoine historique en Provence et domaine viticole en AOP C\u00f4tes de Provence.\" \/>\n<meta property=\"og:url\" content=\"https:\/\/www.chateaucarqueiranne.com\/index.php\/chateau-carqueiranne-patrimoine-historique\/\" \/>\n<meta property=\"og:site_name\" content=\"CH\u00c2TEAU CARQUEIRANNE\" \/>\n<meta property=\"article:modified_time\" content=\"2025-11-10T11:12:14+00:00\" \/>\n<meta property=\"og:image\" content=\"https:\/\/www.chateaucarqueiranne.com\/wp-content\/uploads\/2024\/10\/1-CC-14-scaled.jpg\" \/>\n\t<meta property=\"og:image:width\" content=\"2560\" \/>\n\t<meta property=\"og:image:height\" content=\"1709\" \/>\n\t<meta property=\"og:image:type\" content=\"image\/jpeg\" \/>\n<meta name=\"twitter:card\" content=\"summary_large_image\" \/>\n<meta name=\"twitter:label1\" content=\"Dur\u00e9e de lecture estim\u00e9e\" \/>\n\t<meta name=\"twitter:data1\" content=\"5 minutes\" \/>\n<script type=\"application\/ld+json\" class=\"yoast-schema-graph\">{\"@context\":\"https:\\\/\\\/schema.org\",\"@graph\":[{\"@type\":\"WebPage\",\"@id\":\"https:\\\/\\\/www.chateaucarqueiranne.com\\\/index.php\\\/chateau-carqueiranne-patrimoine-historique\\\/\",\"url\":\"https:\\\/\\\/www.chateaucarqueiranne.com\\\/index.php\\\/chateau-carqueiranne-patrimoine-historique\\\/\",\"name\":\"Le Ch\u00e2teau Carqueiranne, un patrimoine historique - CH\u00c2TEAU CARQUEIRANNE\",\"isPartOf\":{\"@id\":\"https:\\\/\\\/www.chateaucarqueiranne.com\\\/#website\"},\"primaryImageOfPage\":{\"@id\":\"https:\\\/\\\/www.chateaucarqueiranne.com\\\/index.php\\\/chateau-carqueiranne-patrimoine-historique\\\/#primaryimage\"},\"image\":{\"@id\":\"https:\\\/\\\/www.chateaucarqueiranne.com\\\/index.php\\\/chateau-carqueiranne-patrimoine-historique\\\/#primaryimage\"},\"thumbnailUrl\":\"https:\\\/\\\/www.chateaucarqueiranne.com\\\/wp-content\\\/uploads\\\/2024\\\/10\\\/1-CC-14-scaled.jpg\",\"datePublished\":\"2024-04-25T06:44:02+00:00\",\"dateModified\":\"2025-11-10T11:12:14+00:00\",\"description\":\"D\u00e9couvrez le Ch\u00e2teau Carqueiranne , entre patrimoine historique en Provence et domaine viticole en AOP C\u00f4tes de Provence.\",\"breadcrumb\":{\"@id\":\"https:\\\/\\\/www.chateaucarqueiranne.com\\\/index.php\\\/chateau-carqueiranne-patrimoine-historique\\\/#breadcrumb\"},\"inLanguage\":\"fr-FR\",\"potentialAction\":[{\"@type\":\"ReadAction\",\"target\":[\"https:\\\/\\\/www.chateaucarqueiranne.com\\\/index.php\\\/chateau-carqueiranne-patrimoine-historique\\\/\"]}]},{\"@type\":\"ImageObject\",\"inLanguage\":\"fr-FR\",\"@id\":\"https:\\\/\\\/www.chateaucarqueiranne.com\\\/index.php\\\/chateau-carqueiranne-patrimoine-historique\\\/#primaryimage\",\"url\":\"https:\\\/\\\/www.chateaucarqueiranne.com\\\/wp-content\\\/uploads\\\/2024\\\/10\\\/1-CC-14-scaled.jpg\",\"contentUrl\":\"https:\\\/\\\/www.chateaucarqueiranne.com\\\/wp-content\\\/uploads\\\/2024\\\/10\\\/1-CC-14-scaled.jpg\",\"width\":2560,\"height\":1709},{\"@type\":\"BreadcrumbList\",\"@id\":\"https:\\\/\\\/www.chateaucarqueiranne.com\\\/index.php\\\/chateau-carqueiranne-patrimoine-historique\\\/#breadcrumb\",\"itemListElement\":[{\"@type\":\"ListItem\",\"position\":1,\"name\":\"Accueil\",\"item\":\"https:\\\/\\\/www.chateaucarqueiranne.com\\\/\"},{\"@type\":\"ListItem\",\"position\":2,\"name\":\"Le Ch\u00e2teau Carqueiranne, un patrimoine historique\"}]},{\"@type\":\"WebSite\",\"@id\":\"https:\\\/\\\/www.chateaucarqueiranne.com\\\/#website\",\"url\":\"https:\\\/\\\/www.chateaucarqueiranne.com\\\/\",\"name\":\"CH\u00c2TEAU CARQUEIRANNE\",\"description\":\"C\u00f4tes de Provence  \",\"publisher\":{\"@id\":\"https:\\\/\\\/www.chateaucarqueiranne.com\\\/#organization\"},\"potentialAction\":[{\"@type\":\"SearchAction\",\"target\":{\"@type\":\"EntryPoint\",\"urlTemplate\":\"https:\\\/\\\/www.chateaucarqueiranne.com\\\/?s={search_term_string}\"},\"query-input\":{\"@type\":\"PropertyValueSpecification\",\"valueRequired\":true,\"valueName\":\"search_term_string\"}}],\"inLanguage\":\"fr-FR\"},{\"@type\":\"Organization\",\"@id\":\"https:\\\/\\\/www.chateaucarqueiranne.com\\\/#organization\",\"name\":\"CH\u00c2TEAU CARQUEIRANNE\",\"url\":\"https:\\\/\\\/www.chateaucarqueiranne.com\\\/\",\"logo\":{\"@type\":\"ImageObject\",\"inLanguage\":\"fr-FR\",\"@id\":\"https:\\\/\\\/www.chateaucarqueiranne.com\\\/#\\\/schema\\\/logo\\\/image\\\/\",\"url\":\"https:\\\/\\\/www.chateaucarqueiranne.com\\\/wp-content\\\/uploads\\\/2024\\\/05\\\/Typo-Chateau-Sans-fond-1-e1715849615235.png\",\"contentUrl\":\"https:\\\/\\\/www.chateaucarqueiranne.com\\\/wp-content\\\/uploads\\\/2024\\\/05\\\/Typo-Chateau-Sans-fond-1-e1715849615235.png\",\"width\":1890,\"height\":592,\"caption\":\"CH\u00c2TEAU CARQUEIRANNE\"},\"image\":{\"@id\":\"https:\\\/\\\/www.chateaucarqueiranne.com\\\/#\\\/schema\\\/logo\\\/image\\\/\"}}]}<\/script>\n<!-- \/ Yoast SEO plugin. -->","yoast_head_json":{"title":"Le Ch\u00e2teau Carqueiranne, un patrimoine historique - CH\u00c2TEAU CARQUEIRANNE","description":"D\u00e9couvrez le Ch\u00e2teau Carqueiranne , entre patrimoine historique en Provence et domaine viticole en AOP C\u00f4tes de Provence.","robots":{"index":"index","follow":"follow","max-snippet":"max-snippet:-1","max-image-preview":"max-image-preview:large","max-video-preview":"max-video-preview:-1"},"canonical":"https:\/\/www.chateaucarqueiranne.com\/index.php\/chateau-carqueiranne-patrimoine-historique\/","og_locale":"fr_FR","og_type":"article","og_title":"Le Ch\u00e2teau Carqueiranne, un patrimoine historique - CH\u00c2TEAU CARQUEIRANNE","og_description":"D\u00e9couvrez le Ch\u00e2teau Carqueiranne , entre patrimoine historique en Provence et domaine viticole en AOP C\u00f4tes de Provence.","og_url":"https:\/\/www.chateaucarqueiranne.com\/index.php\/chateau-carqueiranne-patrimoine-historique\/","og_site_name":"CH\u00c2TEAU CARQUEIRANNE","article_modified_time":"2025-11-10T11:12:14+00:00","og_image":[{"width":2560,"height":1709,"url":"https:\/\/www.chateaucarqueiranne.com\/wp-content\/uploads\/2024\/10\/1-CC-14-scaled.jpg","type":"image\/jpeg"}],"twitter_card":"summary_large_image","twitter_misc":{"Dur\u00e9e de lecture estim\u00e9e":"5 minutes"},"schema":{"@context":"https:\/\/schema.org","@graph":[{"@type":"WebPage","@id":"https:\/\/www.chateaucarqueiranne.com\/index.php\/chateau-carqueiranne-patrimoine-historique\/","url":"https:\/\/www.chateaucarqueiranne.com\/index.php\/chateau-carqueiranne-patrimoine-historique\/","name":"Le Ch\u00e2teau Carqueiranne, un patrimoine historique - CH\u00c2TEAU CARQUEIRANNE","isPartOf":{"@id":"https:\/\/www.chateaucarqueiranne.com\/#website"},"primaryImageOfPage":{"@id":"https:\/\/www.chateaucarqueiranne.com\/index.php\/chateau-carqueiranne-patrimoine-historique\/#primaryimage"},"image":{"@id":"https:\/\/www.chateaucarqueiranne.com\/index.php\/chateau-carqueiranne-patrimoine-historique\/#primaryimage"},"thumbnailUrl":"https:\/\/www.chateaucarqueiranne.com\/wp-content\/uploads\/2024\/10\/1-CC-14-scaled.jpg","datePublished":"2024-04-25T06:44:02+00:00","dateModified":"2025-11-10T11:12:14+00:00","description":"D\u00e9couvrez le Ch\u00e2teau Carqueiranne , entre patrimoine historique en Provence et domaine viticole en AOP C\u00f4tes de Provence.","breadcrumb":{"@id":"https:\/\/www.chateaucarqueiranne.com\/index.php\/chateau-carqueiranne-patrimoine-historique\/#breadcrumb"},"inLanguage":"fr-FR","potentialAction":[{"@type":"ReadAction","target":["https:\/\/www.chateaucarqueiranne.com\/index.php\/chateau-carqueiranne-patrimoine-historique\/"]}]},{"@type":"ImageObject","inLanguage":"fr-FR","@id":"https:\/\/www.chateaucarqueiranne.com\/index.php\/chateau-carqueiranne-patrimoine-historique\/#primaryimage","url":"https:\/\/www.chateaucarqueiranne.com\/wp-content\/uploads\/2024\/10\/1-CC-14-scaled.jpg","contentUrl":"https:\/\/www.chateaucarqueiranne.com\/wp-content\/uploads\/2024\/10\/1-CC-14-scaled.jpg","width":2560,"height":1709},{"@type":"BreadcrumbList","@id":"https:\/\/www.chateaucarqueiranne.com\/index.php\/chateau-carqueiranne-patrimoine-historique\/#breadcrumb","itemListElement":[{"@type":"ListItem","position":1,"name":"Accueil","item":"https:\/\/www.chateaucarqueiranne.com\/"},{"@type":"ListItem","position":2,"name":"Le Ch\u00e2teau Carqueiranne, un patrimoine historique"}]},{"@type":"WebSite","@id":"https:\/\/www.chateaucarqueiranne.com\/#website","url":"https:\/\/www.chateaucarqueiranne.com\/","name":"CH\u00c2TEAU CARQUEIRANNE","description":"C\u00f4tes de Provence  ","publisher":{"@id":"https:\/\/www.chateaucarqueiranne.com\/#organization"},"potentialAction":[{"@type":"SearchAction","target":{"@type":"EntryPoint","urlTemplate":"https:\/\/www.chateaucarqueiranne.com\/?s={search_term_string}"},"query-input":{"@type":"PropertyValueSpecification","valueRequired":true,"valueName":"search_term_string"}}],"inLanguage":"fr-FR"},{"@type":"Organization","@id":"https:\/\/www.chateaucarqueiranne.com\/#organization","name":"CH\u00c2TEAU CARQUEIRANNE","url":"https:\/\/www.chateaucarqueiranne.com\/","logo":{"@type":"ImageObject","inLanguage":"fr-FR","@id":"https:\/\/www.chateaucarqueiranne.com\/#\/schema\/logo\/image\/","url":"https:\/\/www.chateaucarqueiranne.com\/wp-content\/uploads\/2024\/05\/Typo-Chateau-Sans-fond-1-e1715849615235.png","contentUrl":"https:\/\/www.chateaucarqueiranne.com\/wp-content\/uploads\/2024\/05\/Typo-Chateau-Sans-fond-1-e1715849615235.png","width":1890,"height":592,"caption":"CH\u00c2TEAU CARQUEIRANNE"},"image":{"@id":"https:\/\/www.chateaucarqueiranne.com\/#\/schema\/logo\/image\/"}}]}},"_links":{"self":[{"href":"https:\/\/www.chateaucarqueiranne.com\/index.php\/wp-json\/wp\/v2\/pages\/30","targetHints":{"allow":["GET"]}}],"collection":[{"href":"https:\/\/www.chateaucarqueiranne.com\/index.php\/wp-json\/wp\/v2\/pages"}],"about":[{"href":"https:\/\/www.chateaucarqueiranne.com\/index.php\/wp-json\/wp\/v2\/types\/page"}],"author":[{"embeddable":true,"href":"https:\/\/www.chateaucarqueiranne.com\/index.php\/wp-json\/wp\/v2\/users\/1"}],"replies":[{"embeddable":true,"href":"https:\/\/www.chateaucarqueiranne.com\/index.php\/wp-json\/wp\/v2\/comments?post=30"}],"version-history":[{"count":71,"href":"https:\/\/www.chateaucarqueiranne.com\/index.php\/wp-json\/wp\/v2\/pages\/30\/revisions"}],"predecessor-version":[{"id":2190,"href":"https:\/\/www.chateaucarqueiranne.com\/index.php\/wp-json\/wp\/v2\/pages\/30\/revisions\/2190"}],"wp:featuredmedia":[{"embeddable":true,"href":"https:\/\/www.chateaucarqueiranne.com\/index.php\/wp-json\/wp\/v2\/media\/659"}],"wp:attachment":[{"href":"https:\/\/www.chateaucarqueiranne.com\/index.php\/wp-json\/wp\/v2\/media?parent=30"}],"curies":[{"name":"wp","href":"https:\/\/api.w.org\/{rel}","templated":true}]}}