{"id":1726,"date":"2025-05-29T13:14:00","date_gmt":"2025-05-29T11:14:00","guid":{"rendered":"https:\/\/www.chateaucarqueiranne.com\/?page_id=1726"},"modified":"2025-06-04T10:17:26","modified_gmt":"2025-06-04T08:17:26","slug":"vignes-et-patrimoine-oenotourisme-de","status":"publish","type":"page","link":"https:\/\/www.chateaucarqueiranne.com\/index.php\/vignes-et-patrimoine-oenotourisme-de\/","title":{"rendered":"Vignes et Patrimoine Oenotourisme DE"},"content":{"rendered":"\n\n\n<div class=\"wp-block-buttons is-content-justification-right is-layout-flex wp-container-core-buttons-is-layout-d445cf74 wp-block-buttons-is-layout-flex\">\n<div class=\"wp-block-button is-style-outline is-style-outline--1\"><a class=\"wp-block-button__link wp-element-button\" href=\"https:\/\/www.chateaucarqueiranne.com\/index.php\/vignes-et-patrimoine-oenotourisme-en\/\">EN \ud83c\uddfa\ud83c\uddf8<\/a><\/div>\n\n\n\n<div class=\"wp-block-button is-style-outline is-style-outline--2\"><a class=\"wp-block-button__link wp-element-button\" href=\"https:\/\/www.chateaucarqueiranne.com\/index.php\/vignes-et-patrimoine-oenotourisme\/\">FR \ud83c\uddeb\ud83c\uddf7<\/a><\/div>\n<\/div>\n\n\n\n<h2 class=\"wp-block-heading has-text-align-center\">Verkostung Weinberge &amp; Kulturerbe<\/h2>\n\n\n\n\n\n<p class=\"has-text-align-center\"><strong><em>Tauchen Sie ein in das Herz des Terroirs des Var und entdecken Sie die Eleganz des Ch\u00e2teau Carqueiranne, das in der idyllischen Umgebung von Carqueiranne liegt.<\/em><\/strong><\/p>\n\n\n\n<div class=\"wp-block-media-text is-stacked-on-mobile\" style=\"grid-template-columns:56% auto\"><figure class=\"wp-block-media-text__media\"><img loading=\"lazy\" decoding=\"async\" width=\"683\" height=\"1024\" src=\"http:\/\/www.chateaucarqueiranne.com\/wp-content\/uploads\/2025\/06\/1-CC-19-683x1024.jpg\" alt=\"\" class=\"wp-image-1755 size-full\" srcset=\"https:\/\/www.chateaucarqueiranne.com\/wp-content\/uploads\/2025\/06\/1-CC-19-683x1024.jpg 683w, https:\/\/www.chateaucarqueiranne.com\/wp-content\/uploads\/2025\/06\/1-CC-19-200x300.jpg 200w, https:\/\/www.chateaucarqueiranne.com\/wp-content\/uploads\/2025\/06\/1-CC-19-scaled.jpg 1709w\" sizes=\"(max-width: 683px) 100vw, 683px\" \/><\/figure><div class=\"wp-block-media-text__content\">\n<p>Bei dieser F\u00fchrung werden Sie zu einem<strong> raffinierten Spaziergang<\/strong> durch unsere sonnenverw\u00f6hnten Weinberge eingeladen, der von einer <strong>Pr\u00e4sentation der Geschichte<\/strong> des Weinguts vor der majest\u00e4tischen Fassade des Ch\u00e2teau Carqueiranne unterbrochen wird.<\/p>\n\n\n\n<p>Sie k\u00f6nnen die Architektur dieses symboltr\u00e4chtigen Herrenhauses bewundern, das ein Zeugnis des <strong>lokalen Kulturerbes<\/strong> ist, und gleichzeitig die Geschichten und Anekdoten erfahren, die diesen einzigartigen Ort im Laufe der Jahrhunderte geformt haben<\/p>\n<\/div><\/div>\n\n\n\n<div class=\"wp-block-media-text is-stacked-on-mobile\" style=\"grid-template-columns:56% auto\"><figure class=\"wp-block-media-text__media\"><img loading=\"lazy\" decoding=\"async\" width=\"495\" height=\"850\" src=\"http:\/\/www.chateaucarqueiranne.com\/wp-content\/uploads\/2024\/12\/Design-sans-titre-19.png\" alt=\"\" class=\"wp-image-847 size-full\" srcset=\"https:\/\/www.chateaucarqueiranne.com\/wp-content\/uploads\/2024\/12\/Design-sans-titre-19.png 495w, https:\/\/www.chateaucarqueiranne.com\/wp-content\/uploads\/2024\/12\/Design-sans-titre-19-175x300.png 175w\" sizes=\"(max-width: 495px) 100vw, 495px\" \/><\/figure><div class=\"wp-block-media-text__content\">\n<p>W\u00e4hrend des Spaziergangs wird Ihnen unser Team auch etwas \u00fcber unsere jungen Weinberge und den Prozess der Weinherstellung erz\u00e4hlen. Sie werden mehr \u00fcber unseren Ansatz erfahren, vom Anbau der Reben bis hin zu den aktuellen Produktionsmethoden, die von Transparenz und Leidenschaft gepr\u00e4gt sind. Dieses Eintauchen wird Ihnen ein besseres Verst\u00e4ndnis f\u00fcr unsere Weine und <strong>die Vision, die unsere Arbeit leitet, bieten<\/strong>.<\/p>\n<\/div><\/div>\n\n\n\n\n\n<p>Der Besuch wird mit einer <strong>gastronomischen Wein Verkostung<\/strong> abgeschlossen, bei der unsere au\u00dfergew\u00f6hnlichen Cuv\u00e9es mit einer Auswahl an schmackhaften und abwechslungsreichen Mundst\u00fccke kombiniert werden. In einem warmen und eleganten Rahmen werden Sie die harmonische Verbindung von erlesenen Weinen und sorgf\u00e4ltig ausgew\u00e4hlten Gerichten genie\u00dfen, die so konzipiert sind, dass sie jeden Geschmack hervorheben und ein einzigartiges Geschmackserlebnis bieten.<\/p>\n\n\n\n\n\n<iframe loading=\"lazy\" src=\"https:\/\/app.wineriz.com\/iframes\/683effe3c098664b7c0311cb\" allowfullscreen frameborder=\"0\" width=\"100%\" height=\"600px\"><\/iframe>\n","protected":false},"excerpt":{"rendered":"<p>Verkostung Weinberge &amp; Kulturerbe Tauchen Sie ein in das Herz des Terroirs des Var und entdecken Sie die Eleganz des Ch\u00e2teau Carqueiranne, das in der idyllischen Umgebung von Carqueiranne liegt. Bei dieser F\u00fchrung werden Sie zu einem raffinierten Spaziergang durch unsere sonnenverw\u00f6hnten Weinberge eingeladen, der von einer Pr\u00e4sentation der Geschichte des Weinguts vor der majest\u00e4tischen [&hellip;]<\/p>\n","protected":false},"author":1,"featured_media":0,"parent":0,"menu_order":0,"comment_status":"closed","ping_status":"closed","template":"","meta":{"saved_in_kubio":false,"footnotes":""},"class_list":["post-1726","page","type-page","status-publish","hentry"],"kubio_ai_page_context":{"short_desc":"","purpose":"general"},"yoast_head":"<!-- This site is optimized with the Yoast SEO plugin v27.4 - https:\/\/yoast.com\/product\/yoast-seo-wordpress\/ -->\n<title>Vignes et Patrimoine Oenotourisme DE - CH\u00c2TEAU CARQUEIRANNE<\/title>\n<meta name=\"robots\" content=\"index, follow, max-snippet:-1, max-image-preview:large, max-video-preview:-1\" \/>\n<link rel=\"canonical\" href=\"https:\/\/www.chateaucarqueiranne.com\/index.php\/vignes-et-patrimoine-oenotourisme-de\/\" \/>\n<meta property=\"og:locale\" content=\"fr_FR\" \/>\n<meta property=\"og:type\" content=\"article\" \/>\n<meta property=\"og:title\" content=\"Vignes et Patrimoine Oenotourisme DE - CH\u00c2TEAU CARQUEIRANNE\" \/>\n<meta property=\"og:description\" content=\"Verkostung Weinberge &amp; Kulturerbe Tauchen Sie ein in das Herz des Terroirs des Var und entdecken Sie die Eleganz des Ch\u00e2teau Carqueiranne, das in der idyllischen Umgebung von Carqueiranne liegt. Bei dieser F\u00fchrung werden Sie zu einem raffinierten Spaziergang durch unsere sonnenverw\u00f6hnten Weinberge eingeladen, der von einer Pr\u00e4sentation der Geschichte des Weinguts vor der majest\u00e4tischen [&hellip;]\" \/>\n<meta property=\"og:url\" content=\"https:\/\/www.chateaucarqueiranne.com\/index.php\/vignes-et-patrimoine-oenotourisme-de\/\" \/>\n<meta property=\"og:site_name\" content=\"CH\u00c2TEAU CARQUEIRANNE\" \/>\n<meta property=\"article:modified_time\" content=\"2025-06-04T08:17:26+00:00\" \/>\n<meta property=\"og:image\" content=\"https:\/\/www.chateaucarqueiranne.com\/wp-content\/uploads\/2025\/06\/1-CC-19-scaled.jpg\" \/>\n\t<meta property=\"og:image:width\" content=\"1709\" \/>\n\t<meta property=\"og:image:height\" content=\"2560\" \/>\n\t<meta property=\"og:image:type\" content=\"image\/jpeg\" \/>\n<meta name=\"twitter:card\" content=\"summary_large_image\" \/>\n<meta name=\"twitter:label1\" content=\"Dur\u00e9e de lecture estim\u00e9e\" \/>\n\t<meta name=\"twitter:data1\" content=\"2 minutes\" \/>\n<script type=\"application\/ld+json\" class=\"yoast-schema-graph\">{\"@context\":\"https:\\\/\\\/schema.org\",\"@graph\":[{\"@type\":\"WebPage\",\"@id\":\"https:\\\/\\\/www.chateaucarqueiranne.com\\\/index.php\\\/vignes-et-patrimoine-oenotourisme-de\\\/\",\"url\":\"https:\\\/\\\/www.chateaucarqueiranne.com\\\/index.php\\\/vignes-et-patrimoine-oenotourisme-de\\\/\",\"name\":\"Vignes et Patrimoine Oenotourisme DE - CH\u00c2TEAU CARQUEIRANNE\",\"isPartOf\":{\"@id\":\"https:\\\/\\\/www.chateaucarqueiranne.com\\\/#website\"},\"primaryImageOfPage\":{\"@id\":\"https:\\\/\\\/www.chateaucarqueiranne.com\\\/index.php\\\/vignes-et-patrimoine-oenotourisme-de\\\/#primaryimage\"},\"image\":{\"@id\":\"https:\\\/\\\/www.chateaucarqueiranne.com\\\/index.php\\\/vignes-et-patrimoine-oenotourisme-de\\\/#primaryimage\"},\"thumbnailUrl\":\"http:\\\/\\\/www.chateaucarqueiranne.com\\\/wp-content\\\/uploads\\\/2025\\\/06\\\/1-CC-19-683x1024.jpg\",\"datePublished\":\"2025-05-29T11:14:00+00:00\",\"dateModified\":\"2025-06-04T08:17:26+00:00\",\"breadcrumb\":{\"@id\":\"https:\\\/\\\/www.chateaucarqueiranne.com\\\/index.php\\\/vignes-et-patrimoine-oenotourisme-de\\\/#breadcrumb\"},\"inLanguage\":\"fr-FR\",\"potentialAction\":[{\"@type\":\"ReadAction\",\"target\":[\"https:\\\/\\\/www.chateaucarqueiranne.com\\\/index.php\\\/vignes-et-patrimoine-oenotourisme-de\\\/\"]}]},{\"@type\":\"ImageObject\",\"inLanguage\":\"fr-FR\",\"@id\":\"https:\\\/\\\/www.chateaucarqueiranne.com\\\/index.php\\\/vignes-et-patrimoine-oenotourisme-de\\\/#primaryimage\",\"url\":\"https:\\\/\\\/www.chateaucarqueiranne.com\\\/wp-content\\\/uploads\\\/2025\\\/06\\\/1-CC-19-scaled.jpg\",\"contentUrl\":\"https:\\\/\\\/www.chateaucarqueiranne.com\\\/wp-content\\\/uploads\\\/2025\\\/06\\\/1-CC-19-scaled.jpg\",\"width\":1709,\"height\":2560},{\"@type\":\"BreadcrumbList\",\"@id\":\"https:\\\/\\\/www.chateaucarqueiranne.com\\\/index.php\\\/vignes-et-patrimoine-oenotourisme-de\\\/#breadcrumb\",\"itemListElement\":[{\"@type\":\"ListItem\",\"position\":1,\"name\":\"Accueil\",\"item\":\"https:\\\/\\\/www.chateaucarqueiranne.com\\\/\"},{\"@type\":\"ListItem\",\"position\":2,\"name\":\"Vignes et Patrimoine Oenotourisme DE\"}]},{\"@type\":\"WebSite\",\"@id\":\"https:\\\/\\\/www.chateaucarqueiranne.com\\\/#website\",\"url\":\"https:\\\/\\\/www.chateaucarqueiranne.com\\\/\",\"name\":\"CH\u00c2TEAU CARQUEIRANNE\",\"description\":\"C\u00f4tes de Provence  \",\"publisher\":{\"@id\":\"https:\\\/\\\/www.chateaucarqueiranne.com\\\/#organization\"},\"potentialAction\":[{\"@type\":\"SearchAction\",\"target\":{\"@type\":\"EntryPoint\",\"urlTemplate\":\"https:\\\/\\\/www.chateaucarqueiranne.com\\\/?s={search_term_string}\"},\"query-input\":{\"@type\":\"PropertyValueSpecification\",\"valueRequired\":true,\"valueName\":\"search_term_string\"}}],\"inLanguage\":\"fr-FR\"},{\"@type\":\"Organization\",\"@id\":\"https:\\\/\\\/www.chateaucarqueiranne.com\\\/#organization\",\"name\":\"CH\u00c2TEAU CARQUEIRANNE\",\"url\":\"https:\\\/\\\/www.chateaucarqueiranne.com\\\/\",\"logo\":{\"@type\":\"ImageObject\",\"inLanguage\":\"fr-FR\",\"@id\":\"https:\\\/\\\/www.chateaucarqueiranne.com\\\/#\\\/schema\\\/logo\\\/image\\\/\",\"url\":\"https:\\\/\\\/www.chateaucarqueiranne.com\\\/wp-content\\\/uploads\\\/2024\\\/05\\\/Typo-Chateau-Sans-fond-1-e1715849615235.png\",\"contentUrl\":\"https:\\\/\\\/www.chateaucarqueiranne.com\\\/wp-content\\\/uploads\\\/2024\\\/05\\\/Typo-Chateau-Sans-fond-1-e1715849615235.png\",\"width\":1890,\"height\":592,\"caption\":\"CH\u00c2TEAU CARQUEIRANNE\"},\"image\":{\"@id\":\"https:\\\/\\\/www.chateaucarqueiranne.com\\\/#\\\/schema\\\/logo\\\/image\\\/\"}}]}<\/script>\n<!-- \/ Yoast SEO plugin. -->","yoast_head_json":{"title":"Vignes et Patrimoine Oenotourisme DE - CH\u00c2TEAU CARQUEIRANNE","robots":{"index":"index","follow":"follow","max-snippet":"max-snippet:-1","max-image-preview":"max-image-preview:large","max-video-preview":"max-video-preview:-1"},"canonical":"https:\/\/www.chateaucarqueiranne.com\/index.php\/vignes-et-patrimoine-oenotourisme-de\/","og_locale":"fr_FR","og_type":"article","og_title":"Vignes et Patrimoine Oenotourisme DE - CH\u00c2TEAU CARQUEIRANNE","og_description":"Verkostung Weinberge &amp; Kulturerbe Tauchen Sie ein in das Herz des Terroirs des Var und entdecken Sie die Eleganz des Ch\u00e2teau Carqueiranne, das in der idyllischen Umgebung von Carqueiranne liegt. Bei dieser F\u00fchrung werden Sie zu einem raffinierten Spaziergang durch unsere sonnenverw\u00f6hnten Weinberge eingeladen, der von einer Pr\u00e4sentation der Geschichte des Weinguts vor der majest\u00e4tischen [&hellip;]","og_url":"https:\/\/www.chateaucarqueiranne.com\/index.php\/vignes-et-patrimoine-oenotourisme-de\/","og_site_name":"CH\u00c2TEAU CARQUEIRANNE","article_modified_time":"2025-06-04T08:17:26+00:00","og_image":[{"width":1709,"height":2560,"url":"https:\/\/www.chateaucarqueiranne.com\/wp-content\/uploads\/2025\/06\/1-CC-19-scaled.jpg","type":"image\/jpeg"}],"twitter_card":"summary_large_image","twitter_misc":{"Dur\u00e9e de lecture estim\u00e9e":"2 minutes"},"schema":{"@context":"https:\/\/schema.org","@graph":[{"@type":"WebPage","@id":"https:\/\/www.chateaucarqueiranne.com\/index.php\/vignes-et-patrimoine-oenotourisme-de\/","url":"https:\/\/www.chateaucarqueiranne.com\/index.php\/vignes-et-patrimoine-oenotourisme-de\/","name":"Vignes et Patrimoine Oenotourisme DE - CH\u00c2TEAU CARQUEIRANNE","isPartOf":{"@id":"https:\/\/www.chateaucarqueiranne.com\/#website"},"primaryImageOfPage":{"@id":"https:\/\/www.chateaucarqueiranne.com\/index.php\/vignes-et-patrimoine-oenotourisme-de\/#primaryimage"},"image":{"@id":"https:\/\/www.chateaucarqueiranne.com\/index.php\/vignes-et-patrimoine-oenotourisme-de\/#primaryimage"},"thumbnailUrl":"http:\/\/www.chateaucarqueiranne.com\/wp-content\/uploads\/2025\/06\/1-CC-19-683x1024.jpg","datePublished":"2025-05-29T11:14:00+00:00","dateModified":"2025-06-04T08:17:26+00:00","breadcrumb":{"@id":"https:\/\/www.chateaucarqueiranne.com\/index.php\/vignes-et-patrimoine-oenotourisme-de\/#breadcrumb"},"inLanguage":"fr-FR","potentialAction":[{"@type":"ReadAction","target":["https:\/\/www.chateaucarqueiranne.com\/index.php\/vignes-et-patrimoine-oenotourisme-de\/"]}]},{"@type":"ImageObject","inLanguage":"fr-FR","@id":"https:\/\/www.chateaucarqueiranne.com\/index.php\/vignes-et-patrimoine-oenotourisme-de\/#primaryimage","url":"https:\/\/www.chateaucarqueiranne.com\/wp-content\/uploads\/2025\/06\/1-CC-19-scaled.jpg","contentUrl":"https:\/\/www.chateaucarqueiranne.com\/wp-content\/uploads\/2025\/06\/1-CC-19-scaled.jpg","width":1709,"height":2560},{"@type":"BreadcrumbList","@id":"https:\/\/www.chateaucarqueiranne.com\/index.php\/vignes-et-patrimoine-oenotourisme-de\/#breadcrumb","itemListElement":[{"@type":"ListItem","position":1,"name":"Accueil","item":"https:\/\/www.chateaucarqueiranne.com\/"},{"@type":"ListItem","position":2,"name":"Vignes et Patrimoine Oenotourisme DE"}]},{"@type":"WebSite","@id":"https:\/\/www.chateaucarqueiranne.com\/#website","url":"https:\/\/www.chateaucarqueiranne.com\/","name":"CH\u00c2TEAU CARQUEIRANNE","description":"C\u00f4tes de Provence  ","publisher":{"@id":"https:\/\/www.chateaucarqueiranne.com\/#organization"},"potentialAction":[{"@type":"SearchAction","target":{"@type":"EntryPoint","urlTemplate":"https:\/\/www.chateaucarqueiranne.com\/?s={search_term_string}"},"query-input":{"@type":"PropertyValueSpecification","valueRequired":true,"valueName":"search_term_string"}}],"inLanguage":"fr-FR"},{"@type":"Organization","@id":"https:\/\/www.chateaucarqueiranne.com\/#organization","name":"CH\u00c2TEAU CARQUEIRANNE","url":"https:\/\/www.chateaucarqueiranne.com\/","logo":{"@type":"ImageObject","inLanguage":"fr-FR","@id":"https:\/\/www.chateaucarqueiranne.com\/#\/schema\/logo\/image\/","url":"https:\/\/www.chateaucarqueiranne.com\/wp-content\/uploads\/2024\/05\/Typo-Chateau-Sans-fond-1-e1715849615235.png","contentUrl":"https:\/\/www.chateaucarqueiranne.com\/wp-content\/uploads\/2024\/05\/Typo-Chateau-Sans-fond-1-e1715849615235.png","width":1890,"height":592,"caption":"CH\u00c2TEAU CARQUEIRANNE"},"image":{"@id":"https:\/\/www.chateaucarqueiranne.com\/#\/schema\/logo\/image\/"}}]}},"_links":{"self":[{"href":"https:\/\/www.chateaucarqueiranne.com\/index.php\/wp-json\/wp\/v2\/pages\/1726","targetHints":{"allow":["GET"]}}],"collection":[{"href":"https:\/\/www.chateaucarqueiranne.com\/index.php\/wp-json\/wp\/v2\/pages"}],"about":[{"href":"https:\/\/www.chateaucarqueiranne.com\/index.php\/wp-json\/wp\/v2\/types\/page"}],"author":[{"embeddable":true,"href":"https:\/\/www.chateaucarqueiranne.com\/index.php\/wp-json\/wp\/v2\/users\/1"}],"replies":[{"embeddable":true,"href":"https:\/\/www.chateaucarqueiranne.com\/index.php\/wp-json\/wp\/v2\/comments?post=1726"}],"version-history":[{"count":9,"href":"https:\/\/www.chateaucarqueiranne.com\/index.php\/wp-json\/wp\/v2\/pages\/1726\/revisions"}],"predecessor-version":[{"id":1777,"href":"https:\/\/www.chateaucarqueiranne.com\/index.php\/wp-json\/wp\/v2\/pages\/1726\/revisions\/1777"}],"wp:attachment":[{"href":"https:\/\/www.chateaucarqueiranne.com\/index.php\/wp-json\/wp\/v2\/media?parent=1726"}],"curies":[{"name":"wp","href":"https:\/\/api.w.org\/{rel}","templated":true}]}}