{"id":1716,"date":"2025-05-29T15:33:15","date_gmt":"2025-05-29T13:33:15","guid":{"rendered":"https:\/\/www.chateaucarqueiranne.com\/?page_id=1716"},"modified":"2025-11-10T12:56:05","modified_gmt":"2025-11-10T11:56:05","slug":"vignes-et-patrimoine-oenotourisme","status":"publish","type":"page","link":"https:\/\/www.chateaucarqueiranne.com\/index.php\/vignes-et-patrimoine-oenotourisme\/","title":{"rendered":"Vignes et Patrimoine Oenotourisme"},"content":{"rendered":"\n\n\n<div class=\"wp-block-buttons is-content-justification-right is-layout-flex wp-container-core-buttons-is-layout-d445cf74 wp-block-buttons-is-layout-flex\">\n<div class=\"wp-block-button is-style-outline is-style-outline--1\"><a class=\"wp-block-button__link wp-element-button\" href=\"https:\/\/www.chateaucarqueiranne.com\/index.php\/vignes-et-patrimoine-oenotourisme-en\/\">EN \ud83c\uddfa\ud83c\uddf8<\/a><\/div>\n\n\n\n<div class=\"wp-block-button is-style-outline is-style-outline--2\"><a class=\"wp-block-button__link wp-element-button\" href=\"https:\/\/www.chateaucarqueiranne.com\/index.php\/vignes-et-patrimoine-oenotourisme-de\/\">DE \ud83c\udde9\ud83c\uddea<\/a><\/div>\n<\/div>\n\n\n\n<h2 class=\"wp-block-heading has-text-align-center\">D\u00e9gustation Vignes &amp; Patrimoine<\/h2>\n\n\n\n\n\n<p class=\"has-text-align-center\"><strong><em>Plongez au c\u0153ur du terroir varois en d\u00e9couvrant l\u2019\u00e9l\u00e9gance du Ch\u00e2teau Carqueiranne, situ\u00e9 dans le cadre idyllique de Carqueiranne.<\/em><\/strong><\/p>\n\n\n\n<div class=\"wp-block-media-text is-stacked-on-mobile\" style=\"grid-template-columns:56% auto\"><figure class=\"wp-block-media-text__media\"><img loading=\"lazy\" decoding=\"async\" width=\"683\" height=\"1024\" src=\"http:\/\/www.chateaucarqueiranne.com\/wp-content\/uploads\/2025\/06\/1-CC-19-683x1024.jpg\" alt=\"\" class=\"wp-image-1755 size-full\" srcset=\"https:\/\/www.chateaucarqueiranne.com\/wp-content\/uploads\/2025\/06\/1-CC-19-683x1024.jpg 683w, https:\/\/www.chateaucarqueiranne.com\/wp-content\/uploads\/2025\/06\/1-CC-19-200x300.jpg 200w, https:\/\/www.chateaucarqueiranne.com\/wp-content\/uploads\/2025\/06\/1-CC-19-scaled.jpg 1709w\" sizes=\"(max-width: 683px) 100vw, 683px\" \/><\/figure><div class=\"wp-block-media-text__content\">\n<p>Lors de cette visite guid\u00e9e, vous serez convi\u00e9 \u00e0 une <strong>promenade<\/strong> \u00e0 travers nos vignes baign\u00e9es de soleil, ponctu\u00e9e d\u2019une pr\u00e9sentation de <strong>l\u2019histoire du domaine<\/strong> devant la fa\u00e7ade du ch\u00e2teau.<\/p>\n\n\n\n<p>Vous pourrez admirer l\u2019architecture de cette demeure embl\u00e9matique dont l&rsquo;origine remonte \u00e0 1217. Devenez t\u00e9moins vivants de la richesse du patrimoine local et des anecdotes qui ont fa\u00e7onn\u00e9 ce lieu unique au fil des si\u00e8cles.<\/p>\n<\/div><\/div>\n\n\n\n\n\n<div class=\"wp-block-media-text is-stacked-on-mobile\" style=\"grid-template-columns:56% auto\"><figure class=\"wp-block-media-text__media\"><img loading=\"lazy\" decoding=\"async\" width=\"475\" height=\"830\" src=\"http:\/\/www.chateaucarqueiranne.com\/wp-content\/uploads\/2024\/12\/Design-sans-titre-20.png\" alt=\"\" class=\"wp-image-848 size-full\" srcset=\"https:\/\/www.chateaucarqueiranne.com\/wp-content\/uploads\/2024\/12\/Design-sans-titre-20.png 475w, https:\/\/www.chateaucarqueiranne.com\/wp-content\/uploads\/2024\/12\/Design-sans-titre-20-172x300.png 172w\" sizes=\"(max-width: 475px) 100vw, 475px\" \/><\/figure><div class=\"wp-block-media-text__content\">\n<p>Au fil de la promenade, notre \u00e9quipe vous pr\u00e9sentera \u00e9galement notre vignoble et le <strong>processus de vinification<\/strong>. Vous en apprendrez davantage sur notre culture de la vigne jusqu&rsquo;aux m\u00e9thodes de production. Cette immersion vous offrira une meilleure compr\u00e9hension de nos vins et de la <strong>vision qui guide notre travail<\/strong>.<\/p>\n<\/div><\/div>\n\n\n\n\n\n<p>La visite se conclura par une <strong>d\u00e9gustation p\u00e9dagogique<\/strong> en accords mets et vins, alliant nos cuv\u00e9es d\u2019exception \u00e0 une s\u00e9lection de bouch\u00e9es savoureuses dans un cadre chaleureux et \u00e9l\u00e9gant, Ce sera l&rsquo;occasion de d\u00e9couvrir les principes des accords mets et vins, tout en profitant pleinement de chaque vin pour une exp\u00e9rience unique.<\/p>\n\n\n\n\n<iframe loading=\"lazy\" src=\"https:\/\/app.wineriz.com\/iframes\/683effe3c098664b7c0311cb\" allowfullscreen frameborder=\"0\" width=\"100%\" height=\"600px\"><\/iframe>\n\n\n<div class=\"wp-block-buttons is-layout-flex wp-block-buttons-is-layout-flex\">\n<div class=\"wp-block-button is-style-outline is-style-outline--3\"><a class=\"wp-block-button__link has-text-align-center wp-element-button\" href=\"https:\/\/www.chateaucarqueiranne.com\/index.php\/cgv-dvp\/\">Conditions G\u00e9n\u00e9rales de Vente<\/a><\/div>\n<\/div>\n","protected":false},"excerpt":{"rendered":"<p>D\u00e9gustation Vignes &amp; Patrimoine Plongez au c\u0153ur du terroir varois en d\u00e9couvrant l\u2019\u00e9l\u00e9gance du Ch\u00e2teau Carqueiranne, situ\u00e9 dans le cadre idyllique de Carqueiranne. Lors de cette visite guid\u00e9e, vous serez convi\u00e9 \u00e0 une promenade \u00e0 travers nos vignes baign\u00e9es de soleil, ponctu\u00e9e d\u2019une pr\u00e9sentation de l\u2019histoire du domaine devant la fa\u00e7ade du ch\u00e2teau. Vous pourrez [&hellip;]<\/p>\n","protected":false},"author":1,"featured_media":0,"parent":0,"menu_order":0,"comment_status":"closed","ping_status":"closed","template":"","meta":{"saved_in_kubio":true,"footnotes":""},"class_list":["post-1716","page","type-page","status-publish","hentry"],"kubio_ai_page_context":{"short_desc":"","purpose":"general"},"yoast_head":"<!-- This site is optimized with the Yoast SEO plugin v27.4 - https:\/\/yoast.com\/product\/yoast-seo-wordpress\/ -->\n<title>Vignes et Patrimoine Oenotourisme - CH\u00c2TEAU CARQUEIRANNE<\/title>\n<meta name=\"robots\" content=\"index, follow, max-snippet:-1, max-image-preview:large, max-video-preview:-1\" \/>\n<link rel=\"canonical\" href=\"https:\/\/www.chateaucarqueiranne.com\/index.php\/vignes-et-patrimoine-oenotourisme\/\" \/>\n<meta property=\"og:locale\" content=\"fr_FR\" \/>\n<meta property=\"og:type\" content=\"article\" \/>\n<meta property=\"og:title\" content=\"Vignes et Patrimoine Oenotourisme - CH\u00c2TEAU CARQUEIRANNE\" \/>\n<meta property=\"og:description\" content=\"D\u00e9gustation Vignes &amp; Patrimoine Plongez au c\u0153ur du terroir varois en d\u00e9couvrant l\u2019\u00e9l\u00e9gance du Ch\u00e2teau Carqueiranne, situ\u00e9 dans le cadre idyllique de Carqueiranne. Lors de cette visite guid\u00e9e, vous serez convi\u00e9 \u00e0 une promenade \u00e0 travers nos vignes baign\u00e9es de soleil, ponctu\u00e9e d\u2019une pr\u00e9sentation de l\u2019histoire du domaine devant la fa\u00e7ade du ch\u00e2teau. Vous pourrez [&hellip;]\" \/>\n<meta property=\"og:url\" content=\"https:\/\/www.chateaucarqueiranne.com\/index.php\/vignes-et-patrimoine-oenotourisme\/\" \/>\n<meta property=\"og:site_name\" content=\"CH\u00c2TEAU CARQUEIRANNE\" \/>\n<meta property=\"article:modified_time\" content=\"2025-11-10T11:56:05+00:00\" \/>\n<meta property=\"og:image\" content=\"https:\/\/www.chateaucarqueiranne.com\/wp-content\/uploads\/2025\/06\/1-CC-19-scaled.jpg\" \/>\n\t<meta property=\"og:image:width\" content=\"1709\" \/>\n\t<meta property=\"og:image:height\" content=\"2560\" \/>\n\t<meta property=\"og:image:type\" content=\"image\/jpeg\" \/>\n<meta name=\"twitter:card\" content=\"summary_large_image\" \/>\n<meta name=\"twitter:label1\" content=\"Dur\u00e9e de lecture estim\u00e9e\" \/>\n\t<meta name=\"twitter:data1\" content=\"2 minutes\" \/>\n<script type=\"application\/ld+json\" class=\"yoast-schema-graph\">{\"@context\":\"https:\\\/\\\/schema.org\",\"@graph\":[{\"@type\":\"WebPage\",\"@id\":\"https:\\\/\\\/www.chateaucarqueiranne.com\\\/index.php\\\/vignes-et-patrimoine-oenotourisme\\\/\",\"url\":\"https:\\\/\\\/www.chateaucarqueiranne.com\\\/index.php\\\/vignes-et-patrimoine-oenotourisme\\\/\",\"name\":\"Vignes et Patrimoine Oenotourisme - CH\u00c2TEAU CARQUEIRANNE\",\"isPartOf\":{\"@id\":\"https:\\\/\\\/www.chateaucarqueiranne.com\\\/#website\"},\"primaryImageOfPage\":{\"@id\":\"https:\\\/\\\/www.chateaucarqueiranne.com\\\/index.php\\\/vignes-et-patrimoine-oenotourisme\\\/#primaryimage\"},\"image\":{\"@id\":\"https:\\\/\\\/www.chateaucarqueiranne.com\\\/index.php\\\/vignes-et-patrimoine-oenotourisme\\\/#primaryimage\"},\"thumbnailUrl\":\"http:\\\/\\\/www.chateaucarqueiranne.com\\\/wp-content\\\/uploads\\\/2025\\\/06\\\/1-CC-19-683x1024.jpg\",\"datePublished\":\"2025-05-29T13:33:15+00:00\",\"dateModified\":\"2025-11-10T11:56:05+00:00\",\"breadcrumb\":{\"@id\":\"https:\\\/\\\/www.chateaucarqueiranne.com\\\/index.php\\\/vignes-et-patrimoine-oenotourisme\\\/#breadcrumb\"},\"inLanguage\":\"fr-FR\",\"potentialAction\":[{\"@type\":\"ReadAction\",\"target\":[\"https:\\\/\\\/www.chateaucarqueiranne.com\\\/index.php\\\/vignes-et-patrimoine-oenotourisme\\\/\"]}]},{\"@type\":\"ImageObject\",\"inLanguage\":\"fr-FR\",\"@id\":\"https:\\\/\\\/www.chateaucarqueiranne.com\\\/index.php\\\/vignes-et-patrimoine-oenotourisme\\\/#primaryimage\",\"url\":\"https:\\\/\\\/www.chateaucarqueiranne.com\\\/wp-content\\\/uploads\\\/2025\\\/06\\\/1-CC-19-scaled.jpg\",\"contentUrl\":\"https:\\\/\\\/www.chateaucarqueiranne.com\\\/wp-content\\\/uploads\\\/2025\\\/06\\\/1-CC-19-scaled.jpg\",\"width\":1709,\"height\":2560},{\"@type\":\"BreadcrumbList\",\"@id\":\"https:\\\/\\\/www.chateaucarqueiranne.com\\\/index.php\\\/vignes-et-patrimoine-oenotourisme\\\/#breadcrumb\",\"itemListElement\":[{\"@type\":\"ListItem\",\"position\":1,\"name\":\"Accueil\",\"item\":\"https:\\\/\\\/www.chateaucarqueiranne.com\\\/\"},{\"@type\":\"ListItem\",\"position\":2,\"name\":\"Vignes et Patrimoine Oenotourisme\"}]},{\"@type\":\"WebSite\",\"@id\":\"https:\\\/\\\/www.chateaucarqueiranne.com\\\/#website\",\"url\":\"https:\\\/\\\/www.chateaucarqueiranne.com\\\/\",\"name\":\"CH\u00c2TEAU CARQUEIRANNE\",\"description\":\"C\u00f4tes de Provence  \",\"publisher\":{\"@id\":\"https:\\\/\\\/www.chateaucarqueiranne.com\\\/#organization\"},\"potentialAction\":[{\"@type\":\"SearchAction\",\"target\":{\"@type\":\"EntryPoint\",\"urlTemplate\":\"https:\\\/\\\/www.chateaucarqueiranne.com\\\/?s={search_term_string}\"},\"query-input\":{\"@type\":\"PropertyValueSpecification\",\"valueRequired\":true,\"valueName\":\"search_term_string\"}}],\"inLanguage\":\"fr-FR\"},{\"@type\":\"Organization\",\"@id\":\"https:\\\/\\\/www.chateaucarqueiranne.com\\\/#organization\",\"name\":\"CH\u00c2TEAU CARQUEIRANNE\",\"url\":\"https:\\\/\\\/www.chateaucarqueiranne.com\\\/\",\"logo\":{\"@type\":\"ImageObject\",\"inLanguage\":\"fr-FR\",\"@id\":\"https:\\\/\\\/www.chateaucarqueiranne.com\\\/#\\\/schema\\\/logo\\\/image\\\/\",\"url\":\"https:\\\/\\\/www.chateaucarqueiranne.com\\\/wp-content\\\/uploads\\\/2024\\\/05\\\/Typo-Chateau-Sans-fond-1-e1715849615235.png\",\"contentUrl\":\"https:\\\/\\\/www.chateaucarqueiranne.com\\\/wp-content\\\/uploads\\\/2024\\\/05\\\/Typo-Chateau-Sans-fond-1-e1715849615235.png\",\"width\":1890,\"height\":592,\"caption\":\"CH\u00c2TEAU CARQUEIRANNE\"},\"image\":{\"@id\":\"https:\\\/\\\/www.chateaucarqueiranne.com\\\/#\\\/schema\\\/logo\\\/image\\\/\"}}]}<\/script>\n<!-- \/ Yoast SEO plugin. -->","yoast_head_json":{"title":"Vignes et Patrimoine Oenotourisme - CH\u00c2TEAU CARQUEIRANNE","robots":{"index":"index","follow":"follow","max-snippet":"max-snippet:-1","max-image-preview":"max-image-preview:large","max-video-preview":"max-video-preview:-1"},"canonical":"https:\/\/www.chateaucarqueiranne.com\/index.php\/vignes-et-patrimoine-oenotourisme\/","og_locale":"fr_FR","og_type":"article","og_title":"Vignes et Patrimoine Oenotourisme - CH\u00c2TEAU CARQUEIRANNE","og_description":"D\u00e9gustation Vignes &amp; Patrimoine Plongez au c\u0153ur du terroir varois en d\u00e9couvrant l\u2019\u00e9l\u00e9gance du Ch\u00e2teau Carqueiranne, situ\u00e9 dans le cadre idyllique de Carqueiranne. Lors de cette visite guid\u00e9e, vous serez convi\u00e9 \u00e0 une promenade \u00e0 travers nos vignes baign\u00e9es de soleil, ponctu\u00e9e d\u2019une pr\u00e9sentation de l\u2019histoire du domaine devant la fa\u00e7ade du ch\u00e2teau. Vous pourrez [&hellip;]","og_url":"https:\/\/www.chateaucarqueiranne.com\/index.php\/vignes-et-patrimoine-oenotourisme\/","og_site_name":"CH\u00c2TEAU CARQUEIRANNE","article_modified_time":"2025-11-10T11:56:05+00:00","og_image":[{"width":1709,"height":2560,"url":"https:\/\/www.chateaucarqueiranne.com\/wp-content\/uploads\/2025\/06\/1-CC-19-scaled.jpg","type":"image\/jpeg"}],"twitter_card":"summary_large_image","twitter_misc":{"Dur\u00e9e de lecture estim\u00e9e":"2 minutes"},"schema":{"@context":"https:\/\/schema.org","@graph":[{"@type":"WebPage","@id":"https:\/\/www.chateaucarqueiranne.com\/index.php\/vignes-et-patrimoine-oenotourisme\/","url":"https:\/\/www.chateaucarqueiranne.com\/index.php\/vignes-et-patrimoine-oenotourisme\/","name":"Vignes et Patrimoine Oenotourisme - CH\u00c2TEAU CARQUEIRANNE","isPartOf":{"@id":"https:\/\/www.chateaucarqueiranne.com\/#website"},"primaryImageOfPage":{"@id":"https:\/\/www.chateaucarqueiranne.com\/index.php\/vignes-et-patrimoine-oenotourisme\/#primaryimage"},"image":{"@id":"https:\/\/www.chateaucarqueiranne.com\/index.php\/vignes-et-patrimoine-oenotourisme\/#primaryimage"},"thumbnailUrl":"http:\/\/www.chateaucarqueiranne.com\/wp-content\/uploads\/2025\/06\/1-CC-19-683x1024.jpg","datePublished":"2025-05-29T13:33:15+00:00","dateModified":"2025-11-10T11:56:05+00:00","breadcrumb":{"@id":"https:\/\/www.chateaucarqueiranne.com\/index.php\/vignes-et-patrimoine-oenotourisme\/#breadcrumb"},"inLanguage":"fr-FR","potentialAction":[{"@type":"ReadAction","target":["https:\/\/www.chateaucarqueiranne.com\/index.php\/vignes-et-patrimoine-oenotourisme\/"]}]},{"@type":"ImageObject","inLanguage":"fr-FR","@id":"https:\/\/www.chateaucarqueiranne.com\/index.php\/vignes-et-patrimoine-oenotourisme\/#primaryimage","url":"https:\/\/www.chateaucarqueiranne.com\/wp-content\/uploads\/2025\/06\/1-CC-19-scaled.jpg","contentUrl":"https:\/\/www.chateaucarqueiranne.com\/wp-content\/uploads\/2025\/06\/1-CC-19-scaled.jpg","width":1709,"height":2560},{"@type":"BreadcrumbList","@id":"https:\/\/www.chateaucarqueiranne.com\/index.php\/vignes-et-patrimoine-oenotourisme\/#breadcrumb","itemListElement":[{"@type":"ListItem","position":1,"name":"Accueil","item":"https:\/\/www.chateaucarqueiranne.com\/"},{"@type":"ListItem","position":2,"name":"Vignes et Patrimoine Oenotourisme"}]},{"@type":"WebSite","@id":"https:\/\/www.chateaucarqueiranne.com\/#website","url":"https:\/\/www.chateaucarqueiranne.com\/","name":"CH\u00c2TEAU CARQUEIRANNE","description":"C\u00f4tes de Provence  ","publisher":{"@id":"https:\/\/www.chateaucarqueiranne.com\/#organization"},"potentialAction":[{"@type":"SearchAction","target":{"@type":"EntryPoint","urlTemplate":"https:\/\/www.chateaucarqueiranne.com\/?s={search_term_string}"},"query-input":{"@type":"PropertyValueSpecification","valueRequired":true,"valueName":"search_term_string"}}],"inLanguage":"fr-FR"},{"@type":"Organization","@id":"https:\/\/www.chateaucarqueiranne.com\/#organization","name":"CH\u00c2TEAU CARQUEIRANNE","url":"https:\/\/www.chateaucarqueiranne.com\/","logo":{"@type":"ImageObject","inLanguage":"fr-FR","@id":"https:\/\/www.chateaucarqueiranne.com\/#\/schema\/logo\/image\/","url":"https:\/\/www.chateaucarqueiranne.com\/wp-content\/uploads\/2024\/05\/Typo-Chateau-Sans-fond-1-e1715849615235.png","contentUrl":"https:\/\/www.chateaucarqueiranne.com\/wp-content\/uploads\/2024\/05\/Typo-Chateau-Sans-fond-1-e1715849615235.png","width":1890,"height":592,"caption":"CH\u00c2TEAU CARQUEIRANNE"},"image":{"@id":"https:\/\/www.chateaucarqueiranne.com\/#\/schema\/logo\/image\/"}}]}},"_links":{"self":[{"href":"https:\/\/www.chateaucarqueiranne.com\/index.php\/wp-json\/wp\/v2\/pages\/1716","targetHints":{"allow":["GET"]}}],"collection":[{"href":"https:\/\/www.chateaucarqueiranne.com\/index.php\/wp-json\/wp\/v2\/pages"}],"about":[{"href":"https:\/\/www.chateaucarqueiranne.com\/index.php\/wp-json\/wp\/v2\/types\/page"}],"author":[{"embeddable":true,"href":"https:\/\/www.chateaucarqueiranne.com\/index.php\/wp-json\/wp\/v2\/users\/1"}],"replies":[{"embeddable":true,"href":"https:\/\/www.chateaucarqueiranne.com\/index.php\/wp-json\/wp\/v2\/comments?post=1716"}],"version-history":[{"count":22,"href":"https:\/\/www.chateaucarqueiranne.com\/index.php\/wp-json\/wp\/v2\/pages\/1716\/revisions"}],"predecessor-version":[{"id":2201,"href":"https:\/\/www.chateaucarqueiranne.com\/index.php\/wp-json\/wp\/v2\/pages\/1716\/revisions\/2201"}],"wp:attachment":[{"href":"https:\/\/www.chateaucarqueiranne.com\/index.php\/wp-json\/wp\/v2\/media?parent=1716"}],"curies":[{"name":"wp","href":"https:\/\/api.w.org\/{rel}","templated":true}]}}