{"id":1462,"date":"2025-05-21T12:27:26","date_gmt":"2025-05-21T10:27:26","guid":{"rendered":"https:\/\/www.chateaucarqueiranne.com\/?page_id=1462"},"modified":"2025-05-21T12:27:27","modified_gmt":"2025-05-21T10:27:27","slug":"ein-ausergewohnliches-weinbaugebiet-in-der-provence-de","status":"publish","type":"page","link":"https:\/\/www.chateaucarqueiranne.com\/index.php\/ein-ausergewohnliches-weinbaugebiet-in-der-provence-de\/","title":{"rendered":"Ein au\u00dfergew\u00f6hnliches Weinbaugebiet in der Provence DE"},"content":{"rendered":"\n<div class=\"wp-block-buttons is-content-justification-right is-layout-flex wp-container-core-buttons-is-layout-d445cf74 wp-block-buttons-is-layout-flex\">\n<div class=\"wp-block-button is-style-outline is-style-outline--1\"><a class=\"wp-block-button__link wp-element-button\" href=\"https:\/\/www.chateaucarqueiranne.com\/index.php\/an-exceptional-wine-growing-terroir-in-provence\/\">EN \ud83c\uddfa\ud83c\uddf8<\/a><\/div>\n\n\n\n<div class=\"wp-block-button is-style-outline is-style-outline--2\"><a class=\"wp-block-button__link wp-element-button\" href=\"https:\/\/www.chateaucarqueiranne.com\/index.php\/terroir-viticole-provence\/\">FR \ud83c\uddeb\ud83c\uddf7<\/a><\/div>\n<\/div>\n\n\n\n<h1 class=\"wp-block-heading has-text-align-center\" style=\"font-size:2.8rem\">Ein au\u00dfergew\u00f6hnliches Weinbaugebiet in der Provence<\/h1>\n\n\n\n<p class=\"has-text-align-center\"><\/p>\n\n\n\n\n\n<p class=\"has-text-align-center\">Die Provence, die historische Wiege des franz\u00f6sischen Weinbaus, pflegt eine 2600 Jahre alte Weinbautradition. Zwischen tausendj\u00e4hrigem Erbe und von Generation zu Generation weitergegebenem Know-how erz\u00e4hlen ihre Weine die Geschichte eines einzigartigen Weinbaugebiets in der Provence.<\/p>\n\n\n\n<p class=\"has-text-align-center\"><\/p>\n\n\n\n\n\n<div class=\"wp-block-media-text is-stacked-on-mobile\" style=\"grid-template-columns:47% auto\"><figure class=\"wp-block-media-text__media\"><img loading=\"lazy\" decoding=\"async\" width=\"495\" height=\"850\" src=\"https:\/\/www.chateaucarqueiranne.com\/wp-content\/uploads\/2024\/12\/Design-sans-titre-18.png\" alt=\"Coucher de soleil sur nos vignes \u00e0 Carqueiranne, en Provence.\" class=\"wp-image-846 size-full\" srcset=\"https:\/\/www.chateaucarqueiranne.com\/wp-content\/uploads\/2024\/12\/Design-sans-titre-18.png 495w, https:\/\/www.chateaucarqueiranne.com\/wp-content\/uploads\/2024\/12\/Design-sans-titre-18-175x300.png 175w\" sizes=\"(max-width: 495px) 100vw, 495px\" \/><\/figure><div class=\"wp-block-media-text__content\">\n<h2 class=\"wp-block-heading\" style=\"font-size:1.7rem\">Das Erbe des provenzalischen Weinbauwissens<\/h2>\n\n\n\n<p style=\"font-size:15px\">Vor 2600 Jahren f\u00fchrten die Phok\u00e4er die ersten Weinreben in Frankreich ein. Sp\u00e4ter perfektionierten die R\u00f6mer die Weinbautechniken und verbreiteten sie in ihrem ganzen Reich, wie die \u00dcberreste des antiken Hafens von Olbia belegen.<\/p>\n\n\n\n<p style=\"font-size:15px\">Der Wein aus der Provence ist ein jahrhundertealtes Erbe. Eine Tradition, die nach und nach anerkannte Bezeichnungen wie die <strong>AOP C\u00f4tes de Provence<\/strong> geformt hat. Dieses Wissen beruht auf einem einzigartigen Terroir und strengen Qualit\u00e4tskriterien.<\/p>\n<\/div><\/div>\n\n\n\n\n\n<p class=\"has-text-align-center\"><strong><em>Die Provence ist reich an geologischer Vielfalt und l\u00e4sst sich in zwei gro\u00dfe Gruppen unterteilen: Im Norden befinden sich die durch Erosion geformten Kalksteinb\u00f6den und gegen\u00fcber dem Meer die kristallinen B\u00f6den. Diese Besonderheiten haben einen direkten Einfluss auf die Qualit\u00e4t der in der Provence produzierten Weine.<\/em><\/strong><\/p>\n\n\n\n<p class=\"has-text-align-center\"><\/p>\n\n\n\n\n\n<div class=\"wp-block-media-text has-media-on-the-right is-stacked-on-mobile\"><div class=\"wp-block-media-text__content\">\n<h2 class=\"wp-block-heading\" style=\"font-size:1.7rem\">Die idealen Bedingungen unseres Terroirs in Carqueiranne<\/h2>\n\n\n\n<p style=\"font-size:15px\">Das Ch\u00e2teau Carqueiranne profitiert von idealen klimatischen Bedingungen f\u00fcr seine Weinberge: gro\u00dfz\u00fcgige Sonneneinstrahlung, gem\u00e4\u00dfigte Temperaturen und Mistral, der die Pr\u00e4senz von Parasiten und Krankheiten reduziert. Diese Rahmenbedingungen beg\u00fcnstigen eine umweltfreundliche Agrar\u00f6kologie, die mit dem Zertifikat <strong>Hoher Umweltswert (HVE) <\/strong>ausgezeichnet ist.<\/p>\n\n\n\n<p style=\"font-size:15px\">Dar\u00fcber hinaus sorgen die Meeresbrisen f\u00fcr eine nat\u00fcrliche Bew\u00e4sserung und eine subtile Salzigkeit der Rebsorten, die auf den 18 Hektar des Weinguts angebaut werden.<\/p>\n<\/div><figure class=\"wp-block-media-text__media\"><img loading=\"lazy\" decoding=\"async\" width=\"475\" height=\"830\" src=\"https:\/\/www.chateaucarqueiranne.com\/wp-content\/uploads\/2024\/12\/Design-sans-titre-20.png\" alt=\"Coucher de soleil sur notre terroir viticole en Provence.\" class=\"wp-image-848 size-full\" srcset=\"https:\/\/www.chateaucarqueiranne.com\/wp-content\/uploads\/2024\/12\/Design-sans-titre-20.png 475w, https:\/\/www.chateaucarqueiranne.com\/wp-content\/uploads\/2024\/12\/Design-sans-titre-20-172x300.png 172w\" sizes=\"(max-width: 475px) 100vw, 475px\" \/><\/figure><\/div>\n\n\n\n\n\n<div class=\"wp-block-media-text is-stacked-on-mobile\"><figure class=\"wp-block-media-text__media\"><img loading=\"lazy\" decoding=\"async\" width=\"480\" height=\"650\" src=\"https:\/\/www.chateaucarqueiranne.com\/wp-content\/uploads\/2024\/11\/Design-sans-titre-18.png\" alt=\"Oranges de nos parcelles en Provence.\" class=\"wp-image-769 size-full\" srcset=\"https:\/\/www.chateaucarqueiranne.com\/wp-content\/uploads\/2024\/11\/Design-sans-titre-18.png 480w, https:\/\/www.chateaucarqueiranne.com\/wp-content\/uploads\/2024\/11\/Design-sans-titre-18-222x300.png 222w\" sizes=\"(max-width: 480px) 100vw, 480px\" \/><\/figure><div class=\"wp-block-media-text__content\">\n<h2 class=\"wp-block-heading\" style=\"font-size:1.7rem\">Ein nachhaltiger Parzellenansatz in der Provence<\/h2>\n\n\n\n<p style=\"font-size:15px\">Auf dem Ch\u00e2teau Carqueiranne werden Grenache, Cinsault, Mourv\u00e8dre, Rolle, Clairette, Ugni Blanc, Viognier, Merlot, Syrah, Cabernet Sauvignon und Cabernet Franc harmonisch miteinander vereint.<\/p>\n\n\n\n<p style=\"font-size:15px\">Zus\u00e4tzlich zum Weinbau wertet das Weingut eine nachhaltige Polykultur auf, indem es Orangen-, Oliven-, Feigen-, Lavendel- und Pfingstrosenb\u00e4ume anbaut. Dieser regenerative Ansatz f\u00fcr die Umwelt wird von einem engagierten landwirtschaftlichen Team aus vier Vollzeitkr\u00e4ften unterst\u00fctzt.<\/p>\n<\/div><\/div>\n","protected":false},"excerpt":{"rendered":"<p>Ein au\u00dfergew\u00f6hnliches Weinbaugebiet in der Provence Die Provence, die historische Wiege des franz\u00f6sischen Weinbaus, pflegt eine 2600 Jahre alte Weinbautradition. Zwischen tausendj\u00e4hrigem Erbe und von Generation zu Generation weitergegebenem Know-how erz\u00e4hlen ihre Weine die Geschichte eines einzigartigen Weinbaugebiets in der Provence. Das Erbe des provenzalischen Weinbauwissens Vor 2600 Jahren f\u00fchrten die Phok\u00e4er die ersten Weinreben [&hellip;]<\/p>\n","protected":false},"author":1,"featured_media":0,"parent":0,"menu_order":0,"comment_status":"closed","ping_status":"closed","template":"","meta":{"saved_in_kubio":false,"footnotes":""},"class_list":["post-1462","page","type-page","status-publish","hentry"],"kubio_ai_page_context":{"short_desc":"","purpose":"general"},"yoast_head":"<!-- This site is optimized with the Yoast SEO plugin v27.4 - https:\/\/yoast.com\/product\/yoast-seo-wordpress\/ -->\n<title>Ein au\u00dfergew\u00f6hnliches Weinbaugebiet in der Provence DE - CH\u00c2TEAU CARQUEIRANNE<\/title>\n<meta name=\"robots\" content=\"index, follow, max-snippet:-1, max-image-preview:large, max-video-preview:-1\" \/>\n<link rel=\"canonical\" href=\"https:\/\/www.chateaucarqueiranne.com\/index.php\/ein-ausergewohnliches-weinbaugebiet-in-der-provence-de\/\" \/>\n<meta property=\"og:locale\" content=\"fr_FR\" \/>\n<meta property=\"og:type\" content=\"article\" \/>\n<meta property=\"og:title\" content=\"Ein au\u00dfergew\u00f6hnliches Weinbaugebiet in der Provence DE - CH\u00c2TEAU CARQUEIRANNE\" \/>\n<meta property=\"og:description\" content=\"Ein au\u00dfergew\u00f6hnliches Weinbaugebiet in der Provence Die Provence, die historische Wiege des franz\u00f6sischen Weinbaus, pflegt eine 2600 Jahre alte Weinbautradition. Zwischen tausendj\u00e4hrigem Erbe und von Generation zu Generation weitergegebenem Know-how erz\u00e4hlen ihre Weine die Geschichte eines einzigartigen Weinbaugebiets in der Provence. Das Erbe des provenzalischen Weinbauwissens Vor 2600 Jahren f\u00fchrten die Phok\u00e4er die ersten Weinreben [&hellip;]\" \/>\n<meta property=\"og:url\" content=\"https:\/\/www.chateaucarqueiranne.com\/index.php\/ein-ausergewohnliches-weinbaugebiet-in-der-provence-de\/\" \/>\n<meta property=\"og:site_name\" content=\"CH\u00c2TEAU CARQUEIRANNE\" \/>\n<meta property=\"article:modified_time\" content=\"2025-05-21T10:27:27+00:00\" \/>\n<meta property=\"og:image\" content=\"https:\/\/www.chateaucarqueiranne.com\/wp-content\/uploads\/2024\/12\/Design-sans-titre-18.png\" \/>\n\t<meta property=\"og:image:width\" content=\"495\" \/>\n\t<meta property=\"og:image:height\" content=\"850\" \/>\n\t<meta property=\"og:image:type\" content=\"image\/png\" \/>\n<meta name=\"twitter:card\" content=\"summary_large_image\" \/>\n<script type=\"application\/ld+json\" class=\"yoast-schema-graph\">{\"@context\":\"https:\\\/\\\/schema.org\",\"@graph\":[{\"@type\":\"WebPage\",\"@id\":\"https:\\\/\\\/www.chateaucarqueiranne.com\\\/index.php\\\/ein-ausergewohnliches-weinbaugebiet-in-der-provence-de\\\/\",\"url\":\"https:\\\/\\\/www.chateaucarqueiranne.com\\\/index.php\\\/ein-ausergewohnliches-weinbaugebiet-in-der-provence-de\\\/\",\"name\":\"Ein au\u00dfergew\u00f6hnliches Weinbaugebiet in der Provence DE - CH\u00c2TEAU CARQUEIRANNE\",\"isPartOf\":{\"@id\":\"https:\\\/\\\/www.chateaucarqueiranne.com\\\/#website\"},\"primaryImageOfPage\":{\"@id\":\"https:\\\/\\\/www.chateaucarqueiranne.com\\\/index.php\\\/ein-ausergewohnliches-weinbaugebiet-in-der-provence-de\\\/#primaryimage\"},\"image\":{\"@id\":\"https:\\\/\\\/www.chateaucarqueiranne.com\\\/index.php\\\/ein-ausergewohnliches-weinbaugebiet-in-der-provence-de\\\/#primaryimage\"},\"thumbnailUrl\":\"https:\\\/\\\/www.chateaucarqueiranne.com\\\/wp-content\\\/uploads\\\/2024\\\/12\\\/Design-sans-titre-18.png\",\"datePublished\":\"2025-05-21T10:27:26+00:00\",\"dateModified\":\"2025-05-21T10:27:27+00:00\",\"breadcrumb\":{\"@id\":\"https:\\\/\\\/www.chateaucarqueiranne.com\\\/index.php\\\/ein-ausergewohnliches-weinbaugebiet-in-der-provence-de\\\/#breadcrumb\"},\"inLanguage\":\"fr-FR\",\"potentialAction\":[{\"@type\":\"ReadAction\",\"target\":[\"https:\\\/\\\/www.chateaucarqueiranne.com\\\/index.php\\\/ein-ausergewohnliches-weinbaugebiet-in-der-provence-de\\\/\"]}]},{\"@type\":\"ImageObject\",\"inLanguage\":\"fr-FR\",\"@id\":\"https:\\\/\\\/www.chateaucarqueiranne.com\\\/index.php\\\/ein-ausergewohnliches-weinbaugebiet-in-der-provence-de\\\/#primaryimage\",\"url\":\"https:\\\/\\\/www.chateaucarqueiranne.com\\\/wp-content\\\/uploads\\\/2024\\\/12\\\/Design-sans-titre-18.png\",\"contentUrl\":\"https:\\\/\\\/www.chateaucarqueiranne.com\\\/wp-content\\\/uploads\\\/2024\\\/12\\\/Design-sans-titre-18.png\",\"width\":495,\"height\":850},{\"@type\":\"BreadcrumbList\",\"@id\":\"https:\\\/\\\/www.chateaucarqueiranne.com\\\/index.php\\\/ein-ausergewohnliches-weinbaugebiet-in-der-provence-de\\\/#breadcrumb\",\"itemListElement\":[{\"@type\":\"ListItem\",\"position\":1,\"name\":\"Accueil\",\"item\":\"https:\\\/\\\/www.chateaucarqueiranne.com\\\/\"},{\"@type\":\"ListItem\",\"position\":2,\"name\":\"Ein au\u00dfergew\u00f6hnliches Weinbaugebiet in der Provence DE\"}]},{\"@type\":\"WebSite\",\"@id\":\"https:\\\/\\\/www.chateaucarqueiranne.com\\\/#website\",\"url\":\"https:\\\/\\\/www.chateaucarqueiranne.com\\\/\",\"name\":\"CH\u00c2TEAU CARQUEIRANNE\",\"description\":\"C\u00f4tes de Provence  \",\"publisher\":{\"@id\":\"https:\\\/\\\/www.chateaucarqueiranne.com\\\/#organization\"},\"potentialAction\":[{\"@type\":\"SearchAction\",\"target\":{\"@type\":\"EntryPoint\",\"urlTemplate\":\"https:\\\/\\\/www.chateaucarqueiranne.com\\\/?s={search_term_string}\"},\"query-input\":{\"@type\":\"PropertyValueSpecification\",\"valueRequired\":true,\"valueName\":\"search_term_string\"}}],\"inLanguage\":\"fr-FR\"},{\"@type\":\"Organization\",\"@id\":\"https:\\\/\\\/www.chateaucarqueiranne.com\\\/#organization\",\"name\":\"CH\u00c2TEAU CARQUEIRANNE\",\"url\":\"https:\\\/\\\/www.chateaucarqueiranne.com\\\/\",\"logo\":{\"@type\":\"ImageObject\",\"inLanguage\":\"fr-FR\",\"@id\":\"https:\\\/\\\/www.chateaucarqueiranne.com\\\/#\\\/schema\\\/logo\\\/image\\\/\",\"url\":\"https:\\\/\\\/www.chateaucarqueiranne.com\\\/wp-content\\\/uploads\\\/2024\\\/05\\\/Typo-Chateau-Sans-fond-1-e1715849615235.png\",\"contentUrl\":\"https:\\\/\\\/www.chateaucarqueiranne.com\\\/wp-content\\\/uploads\\\/2024\\\/05\\\/Typo-Chateau-Sans-fond-1-e1715849615235.png\",\"width\":1890,\"height\":592,\"caption\":\"CH\u00c2TEAU CARQUEIRANNE\"},\"image\":{\"@id\":\"https:\\\/\\\/www.chateaucarqueiranne.com\\\/#\\\/schema\\\/logo\\\/image\\\/\"}}]}<\/script>\n<!-- \/ Yoast SEO plugin. -->","yoast_head_json":{"title":"Ein au\u00dfergew\u00f6hnliches Weinbaugebiet in der Provence DE - CH\u00c2TEAU CARQUEIRANNE","robots":{"index":"index","follow":"follow","max-snippet":"max-snippet:-1","max-image-preview":"max-image-preview:large","max-video-preview":"max-video-preview:-1"},"canonical":"https:\/\/www.chateaucarqueiranne.com\/index.php\/ein-ausergewohnliches-weinbaugebiet-in-der-provence-de\/","og_locale":"fr_FR","og_type":"article","og_title":"Ein au\u00dfergew\u00f6hnliches Weinbaugebiet in der Provence DE - CH\u00c2TEAU CARQUEIRANNE","og_description":"Ein au\u00dfergew\u00f6hnliches Weinbaugebiet in der Provence Die Provence, die historische Wiege des franz\u00f6sischen Weinbaus, pflegt eine 2600 Jahre alte Weinbautradition. Zwischen tausendj\u00e4hrigem Erbe und von Generation zu Generation weitergegebenem Know-how erz\u00e4hlen ihre Weine die Geschichte eines einzigartigen Weinbaugebiets in der Provence. Das Erbe des provenzalischen Weinbauwissens Vor 2600 Jahren f\u00fchrten die Phok\u00e4er die ersten Weinreben [&hellip;]","og_url":"https:\/\/www.chateaucarqueiranne.com\/index.php\/ein-ausergewohnliches-weinbaugebiet-in-der-provence-de\/","og_site_name":"CH\u00c2TEAU CARQUEIRANNE","article_modified_time":"2025-05-21T10:27:27+00:00","og_image":[{"width":495,"height":850,"url":"https:\/\/www.chateaucarqueiranne.com\/wp-content\/uploads\/2024\/12\/Design-sans-titre-18.png","type":"image\/png"}],"twitter_card":"summary_large_image","schema":{"@context":"https:\/\/schema.org","@graph":[{"@type":"WebPage","@id":"https:\/\/www.chateaucarqueiranne.com\/index.php\/ein-ausergewohnliches-weinbaugebiet-in-der-provence-de\/","url":"https:\/\/www.chateaucarqueiranne.com\/index.php\/ein-ausergewohnliches-weinbaugebiet-in-der-provence-de\/","name":"Ein au\u00dfergew\u00f6hnliches Weinbaugebiet in der Provence DE - CH\u00c2TEAU CARQUEIRANNE","isPartOf":{"@id":"https:\/\/www.chateaucarqueiranne.com\/#website"},"primaryImageOfPage":{"@id":"https:\/\/www.chateaucarqueiranne.com\/index.php\/ein-ausergewohnliches-weinbaugebiet-in-der-provence-de\/#primaryimage"},"image":{"@id":"https:\/\/www.chateaucarqueiranne.com\/index.php\/ein-ausergewohnliches-weinbaugebiet-in-der-provence-de\/#primaryimage"},"thumbnailUrl":"https:\/\/www.chateaucarqueiranne.com\/wp-content\/uploads\/2024\/12\/Design-sans-titre-18.png","datePublished":"2025-05-21T10:27:26+00:00","dateModified":"2025-05-21T10:27:27+00:00","breadcrumb":{"@id":"https:\/\/www.chateaucarqueiranne.com\/index.php\/ein-ausergewohnliches-weinbaugebiet-in-der-provence-de\/#breadcrumb"},"inLanguage":"fr-FR","potentialAction":[{"@type":"ReadAction","target":["https:\/\/www.chateaucarqueiranne.com\/index.php\/ein-ausergewohnliches-weinbaugebiet-in-der-provence-de\/"]}]},{"@type":"ImageObject","inLanguage":"fr-FR","@id":"https:\/\/www.chateaucarqueiranne.com\/index.php\/ein-ausergewohnliches-weinbaugebiet-in-der-provence-de\/#primaryimage","url":"https:\/\/www.chateaucarqueiranne.com\/wp-content\/uploads\/2024\/12\/Design-sans-titre-18.png","contentUrl":"https:\/\/www.chateaucarqueiranne.com\/wp-content\/uploads\/2024\/12\/Design-sans-titre-18.png","width":495,"height":850},{"@type":"BreadcrumbList","@id":"https:\/\/www.chateaucarqueiranne.com\/index.php\/ein-ausergewohnliches-weinbaugebiet-in-der-provence-de\/#breadcrumb","itemListElement":[{"@type":"ListItem","position":1,"name":"Accueil","item":"https:\/\/www.chateaucarqueiranne.com\/"},{"@type":"ListItem","position":2,"name":"Ein au\u00dfergew\u00f6hnliches Weinbaugebiet in der Provence DE"}]},{"@type":"WebSite","@id":"https:\/\/www.chateaucarqueiranne.com\/#website","url":"https:\/\/www.chateaucarqueiranne.com\/","name":"CH\u00c2TEAU CARQUEIRANNE","description":"C\u00f4tes de Provence  ","publisher":{"@id":"https:\/\/www.chateaucarqueiranne.com\/#organization"},"potentialAction":[{"@type":"SearchAction","target":{"@type":"EntryPoint","urlTemplate":"https:\/\/www.chateaucarqueiranne.com\/?s={search_term_string}"},"query-input":{"@type":"PropertyValueSpecification","valueRequired":true,"valueName":"search_term_string"}}],"inLanguage":"fr-FR"},{"@type":"Organization","@id":"https:\/\/www.chateaucarqueiranne.com\/#organization","name":"CH\u00c2TEAU CARQUEIRANNE","url":"https:\/\/www.chateaucarqueiranne.com\/","logo":{"@type":"ImageObject","inLanguage":"fr-FR","@id":"https:\/\/www.chateaucarqueiranne.com\/#\/schema\/logo\/image\/","url":"https:\/\/www.chateaucarqueiranne.com\/wp-content\/uploads\/2024\/05\/Typo-Chateau-Sans-fond-1-e1715849615235.png","contentUrl":"https:\/\/www.chateaucarqueiranne.com\/wp-content\/uploads\/2024\/05\/Typo-Chateau-Sans-fond-1-e1715849615235.png","width":1890,"height":592,"caption":"CH\u00c2TEAU CARQUEIRANNE"},"image":{"@id":"https:\/\/www.chateaucarqueiranne.com\/#\/schema\/logo\/image\/"}}]}},"_links":{"self":[{"href":"https:\/\/www.chateaucarqueiranne.com\/index.php\/wp-json\/wp\/v2\/pages\/1462","targetHints":{"allow":["GET"]}}],"collection":[{"href":"https:\/\/www.chateaucarqueiranne.com\/index.php\/wp-json\/wp\/v2\/pages"}],"about":[{"href":"https:\/\/www.chateaucarqueiranne.com\/index.php\/wp-json\/wp\/v2\/types\/page"}],"author":[{"embeddable":true,"href":"https:\/\/www.chateaucarqueiranne.com\/index.php\/wp-json\/wp\/v2\/users\/1"}],"replies":[{"embeddable":true,"href":"https:\/\/www.chateaucarqueiranne.com\/index.php\/wp-json\/wp\/v2\/comments?post=1462"}],"version-history":[{"count":3,"href":"https:\/\/www.chateaucarqueiranne.com\/index.php\/wp-json\/wp\/v2\/pages\/1462\/revisions"}],"predecessor-version":[{"id":1472,"href":"https:\/\/www.chateaucarqueiranne.com\/index.php\/wp-json\/wp\/v2\/pages\/1462\/revisions\/1472"}],"wp:attachment":[{"href":"https:\/\/www.chateaucarqueiranne.com\/index.php\/wp-json\/wp\/v2\/media?parent=1462"}],"curies":[{"name":"wp","href":"https:\/\/api.w.org\/{rel}","templated":true}]}}