{"id":1458,"date":"2025-05-21T12:27:17","date_gmt":"2025-05-21T10:27:17","guid":{"rendered":"https:\/\/www.chateaucarqueiranne.com\/?page_id=1458"},"modified":"2025-05-21T12:27:17","modified_gmt":"2025-05-21T10:27:17","slug":"ein-einzigartiges-doppeltes-erbe-de","status":"publish","type":"page","link":"https:\/\/www.chateaucarqueiranne.com\/index.php\/ein-einzigartiges-doppeltes-erbe-de\/","title":{"rendered":"Ein einzigartiges doppeltes Erbe DE"},"content":{"rendered":"\n<div class=\"wp-block-buttons is-content-justification-right is-layout-flex wp-container-core-buttons-is-layout-d445cf74 wp-block-buttons-is-layout-flex\">\n<div class=\"wp-block-button is-style-outline is-style-outline--1\"><a class=\"wp-block-button__link wp-element-button\" href=\"https:\/\/www.chateaucarqueiranne.com\/index.php\/en\/the-unique-spirit-of-chateau-carqueiranne\/\">EN \ud83c\uddfa\ud83c\uddf8<\/a><\/div>\n\n\n\n<div class=\"wp-block-button is-style-outline is-style-outline--2\"><a class=\"wp-block-button__link wp-element-button\">FR \ud83c\uddeb\ud83c\uddf7<\/a><\/div>\n<\/div>\n\n\n\n<h2 class=\"wp-block-heading has-text-align-center\" style=\"font-size:2.8rem\">Der einzigartige Geist Ch\u00e2teau Carqueiranne<\/h2>\n\n\n\n\n\n<p class=\"has-text-align-center\">Der einzigartige Geist von Ch\u00e2teau Carqueiranne baut auf drei wesentlichen S\u00e4ulen auf. Unser historisches Erbe zu respektieren, au\u00dfergew\u00f6hnliche Weine zu produzieren und die provenzalische Lebenskunst widerzuspiegeln. Von diesem Geist geleitet, ist jede Geste Teil eines in der Zeit verankerten Wissen, das zu teilen wir uns zur Aufgabe gemacht haben.<\/p>\n\n\n\n<p class=\"has-text-align-center\"><\/p>\n\n\n\n\n\n<div class=\"wp-block-media-text is-stacked-on-mobile\"><figure class=\"wp-block-media-text__media\"><img loading=\"lazy\" decoding=\"async\" width=\"480\" height=\"650\" src=\"https:\/\/www.chateaucarqueiranne.com\/wp-content\/uploads\/2024\/11\/Design-sans-titre-4-1.png\" alt=\"Croix d'\u00e9poque sur le haut du Ch\u00e2teau Carqueiranne.\" class=\"wp-image-760 size-full\" srcset=\"https:\/\/www.chateaucarqueiranne.com\/wp-content\/uploads\/2024\/11\/Design-sans-titre-4-1.png 480w, https:\/\/www.chateaucarqueiranne.com\/wp-content\/uploads\/2024\/11\/Design-sans-titre-4-1-222x300.png 222w\" sizes=\"(max-width: 480px) 100vw, 480px\" \/><\/figure><div class=\"wp-block-media-text__content\">\n<h3 class=\"wp-block-heading\" style=\"font-size:1.8rem\">Ein einzigartiges doppeltes Erbe<\/h3>\n\n\n\n<p><\/p>\n\n\n\n<p style=\"font-size:15px\">Das Ch\u00e2teau Carqueiranne, ein historisches Erbe in der Provence, verk\u00f6rpert ein doppeltes Erbe. Zum einen das Ged\u00e4chtnis einer jahrhundertealten Geschichte, zum anderen ein einzigartiges Weinbau-\u00d6kosystem. Der Reichtum seiner B\u00f6den, die von der Mittelmeersonne und dem Mistral verw\u00f6hnt werden, n\u00e4hrt die Reben und die Biodiversit\u00e4t.<\/p>\n\n\n\n<p style=\"font-size:15px\">.<\/p>\n<\/div><\/div>\n\n\n\n\n\n<div class=\"wp-block-media-text has-media-on-the-right is-stacked-on-mobile\"><div class=\"wp-block-media-text__content\">\n<h3 class=\"wp-block-heading\" style=\"font-size:1.8rem\">Qualit\u00e4t als Anspruch<\/h3>\n\n\n\n<p><\/p>\n\n\n\n<p style=\"font-size:15px\">Auf Ch\u00e2teau Carqueiranne steht das Streben nach Qualit\u00e4t im Mittelpunkt all dessen, was wir tun. Jeder Schritt unserer Arbeit wird von strengen und umweltfreundlichen Praktiken bestimmt. Insbesondere unterziehen wir uns externen Kontrollen, die die Einhaltung der h\u00f6chsten Standards gew\u00e4hrleisten. Doch \u00fcber die Zertifizierungen hinaus zeigt sich die Leidenschaft unserer Teams f\u00fcr Spitzenleistungen und Nachhaltigkeit. Weniger produzieren, aber besser produzieren, mit einer Qualit\u00e4t, die die Zeit \u00fcberdauert. Vom Weinanbau bis zur Weinbereitung werden so alle Anstrengungen unternommen, um au\u00dfergew\u00f6hnliche Weine mit der A.O.P C\u00f4tes de Provence zu erzeugen.<\/p>\n\n\n\n<p style=\"font-size:15px\"><\/p>\n<\/div><figure class=\"wp-block-media-text__media\"><img loading=\"lazy\" decoding=\"async\" width=\"480\" height=\"650\" src=\"http:\/\/www.chateaucarqueiranne.com\/wp-content\/uploads\/2024\/11\/Design-sans-titre-5.png\" alt=\"Feuille de vigne du Ch\u00e2teau Carqueiranne\" class=\"wp-image-745 size-full\" srcset=\"https:\/\/www.chateaucarqueiranne.com\/wp-content\/uploads\/2024\/11\/Design-sans-titre-5.png 480w, https:\/\/www.chateaucarqueiranne.com\/wp-content\/uploads\/2024\/11\/Design-sans-titre-5-222x300.png 222w\" sizes=\"(max-width: 480px) 100vw, 480px\" \/><\/figure><\/div>\n\n\n\n\n\n<div class=\"wp-block-media-text is-stacked-on-mobile\"><figure class=\"wp-block-media-text__media\"><img loading=\"lazy\" decoding=\"async\" width=\"480\" height=\"650\" src=\"http:\/\/www.chateaucarqueiranne.com\/wp-content\/uploads\/2024\/11\/Design-sans-titre-7.png\" alt=\"\" class=\"wp-image-747 size-full\" srcset=\"https:\/\/www.chateaucarqueiranne.com\/wp-content\/uploads\/2024\/11\/Design-sans-titre-7.png 480w, https:\/\/www.chateaucarqueiranne.com\/wp-content\/uploads\/2024\/11\/Design-sans-titre-7-222x300.png 222w\" sizes=\"(max-width: 480px) 100vw, 480px\" \/><\/figure><div class=\"wp-block-media-text__content\">\n<h3 class=\"wp-block-heading\" style=\"font-size:1.8rem\">Die Authentizit\u00e4t der Provence im Ch\u00e2teau Carqueiranne<\/h3>\n\n\n\n<p><\/p>\n\n\n\n<p style=\"font-size:15px\">Das Wesen unseres Anwesens liegt in einem ungek\u00fcnstelten Luxus, der der provenzalischen Lebenskunst treu bleibt. Wir empfangen unsere Besucher in einem authentischen Rahmen. Hier treffen die Natur, das lokale Know-how und unsere Weine aus der Provence aufeinander, um eine aufrichtige, in der Region verwurzelte Erfahrung zu bieten. Diese Aufrichtigkeit spiegelt sich in unseren Entscheidungen wider. Wir arbeiten mit lokalen Handwerkern zusammen, um einen Gro\u00dfteil unserer Arbeiten auszuf\u00fchren. Dar\u00fcber hinaus engagieren sich unsere Mitarbeiter, die tief in der Region verwurzelt sind, daf\u00fcr, eine authentische und wahrhaftige Erfahrung zu bieten.<\/p>\n\n\n\n<p style=\"font-size:15px\"><\/p>\n<\/div><\/div>\n\n\n\n\n\n<div class=\"wp-block-media-text has-media-on-the-right is-stacked-on-mobile\"><div class=\"wp-block-media-text__content\">\n<h3 class=\"wp-block-heading\" style=\"font-size:1.8rem\">Transparenz im zentrum unserer veranstaltungen<\/h3>\n\n\n\n<p><\/p>\n\n\n\n<p style=\"font-size:15px\">Das Ch\u00e2teau Carqueiranne legt gro\u00dfen Wert auf Transparenz. Alles wird beleuchtet, ohne etwas zu verbergen. Wir organisieren regelm\u00e4\u00dfig Veranstaltungen, bei denen die Besucher unsere Teams kennenlernen und einen Blick hinter die Kulissen des Schlosses werfen k\u00f6nnen. Diese Transparenz ist ein Vertrauensbeweis und eine Erinnerung an unseren Auftrag. Es liegt uns am Herzen, dieses Erbe zu bewahren und es an zuk\u00fcnftige Generationen weiterzugeben.<\/p>\n\n\n\n<p style=\"font-size:15px\"><\/p>\n<\/div><figure class=\"wp-block-media-text__media\"><img loading=\"lazy\" decoding=\"async\" width=\"480\" height=\"650\" src=\"http:\/\/www.chateaucarqueiranne.com\/wp-content\/uploads\/2024\/11\/Design-sans-titre-8.png\" alt=\"Verre s\u00e9rigraphie Ch\u00e2teau Carqueiranne\" class=\"wp-image-748 size-full\" srcset=\"https:\/\/www.chateaucarqueiranne.com\/wp-content\/uploads\/2024\/11\/Design-sans-titre-8.png 480w, https:\/\/www.chateaucarqueiranne.com\/wp-content\/uploads\/2024\/11\/Design-sans-titre-8-222x300.png 222w\" sizes=\"(max-width: 480px) 100vw, 480px\" \/><\/figure><\/div>\n","protected":false},"excerpt":{"rendered":"<p>Der einzigartige Geist Ch\u00e2teau Carqueiranne Der einzigartige Geist von Ch\u00e2teau Carqueiranne baut auf drei wesentlichen S\u00e4ulen auf. Unser historisches Erbe zu respektieren, au\u00dfergew\u00f6hnliche Weine zu produzieren und die provenzalische Lebenskunst widerzuspiegeln. Von diesem Geist geleitet, ist jede Geste Teil eines in der Zeit verankerten Wissen, das zu teilen wir uns zur Aufgabe gemacht haben. Ein [&hellip;]<\/p>\n","protected":false},"author":1,"featured_media":0,"parent":0,"menu_order":0,"comment_status":"closed","ping_status":"closed","template":"","meta":{"saved_in_kubio":false,"footnotes":""},"class_list":["post-1458","page","type-page","status-publish","hentry"],"kubio_ai_page_context":{"short_desc":"","purpose":"general"},"yoast_head":"<!-- This site is optimized with the Yoast SEO plugin v27.4 - https:\/\/yoast.com\/product\/yoast-seo-wordpress\/ -->\n<title>Ein einzigartiges doppeltes Erbe DE - CH\u00c2TEAU CARQUEIRANNE<\/title>\n<meta name=\"robots\" content=\"index, follow, max-snippet:-1, max-image-preview:large, max-video-preview:-1\" \/>\n<link rel=\"canonical\" href=\"https:\/\/www.chateaucarqueiranne.com\/index.php\/ein-einzigartiges-doppeltes-erbe-de\/\" \/>\n<meta property=\"og:locale\" content=\"fr_FR\" \/>\n<meta property=\"og:type\" content=\"article\" \/>\n<meta property=\"og:title\" content=\"Ein einzigartiges doppeltes Erbe DE - CH\u00c2TEAU CARQUEIRANNE\" \/>\n<meta property=\"og:description\" content=\"Der einzigartige Geist Ch\u00e2teau Carqueiranne Der einzigartige Geist von Ch\u00e2teau Carqueiranne baut auf drei wesentlichen S\u00e4ulen auf. Unser historisches Erbe zu respektieren, au\u00dfergew\u00f6hnliche Weine zu produzieren und die provenzalische Lebenskunst widerzuspiegeln. Von diesem Geist geleitet, ist jede Geste Teil eines in der Zeit verankerten Wissen, das zu teilen wir uns zur Aufgabe gemacht haben. Ein [&hellip;]\" \/>\n<meta property=\"og:url\" content=\"https:\/\/www.chateaucarqueiranne.com\/index.php\/ein-einzigartiges-doppeltes-erbe-de\/\" \/>\n<meta property=\"og:site_name\" content=\"CH\u00c2TEAU CARQUEIRANNE\" \/>\n<meta property=\"og:image\" content=\"https:\/\/www.chateaucarqueiranne.com\/wp-content\/uploads\/2024\/11\/Design-sans-titre-4-1.png\" \/>\n\t<meta property=\"og:image:width\" content=\"480\" \/>\n\t<meta property=\"og:image:height\" content=\"650\" \/>\n\t<meta property=\"og:image:type\" content=\"image\/png\" \/>\n<meta name=\"twitter:card\" content=\"summary_large_image\" \/>\n<script type=\"application\/ld+json\" class=\"yoast-schema-graph\">{\"@context\":\"https:\\\/\\\/schema.org\",\"@graph\":[{\"@type\":\"WebPage\",\"@id\":\"https:\\\/\\\/www.chateaucarqueiranne.com\\\/index.php\\\/ein-einzigartiges-doppeltes-erbe-de\\\/\",\"url\":\"https:\\\/\\\/www.chateaucarqueiranne.com\\\/index.php\\\/ein-einzigartiges-doppeltes-erbe-de\\\/\",\"name\":\"Ein einzigartiges doppeltes Erbe DE - CH\u00c2TEAU CARQUEIRANNE\",\"isPartOf\":{\"@id\":\"https:\\\/\\\/www.chateaucarqueiranne.com\\\/#website\"},\"primaryImageOfPage\":{\"@id\":\"https:\\\/\\\/www.chateaucarqueiranne.com\\\/index.php\\\/ein-einzigartiges-doppeltes-erbe-de\\\/#primaryimage\"},\"image\":{\"@id\":\"https:\\\/\\\/www.chateaucarqueiranne.com\\\/index.php\\\/ein-einzigartiges-doppeltes-erbe-de\\\/#primaryimage\"},\"thumbnailUrl\":\"https:\\\/\\\/www.chateaucarqueiranne.com\\\/wp-content\\\/uploads\\\/2024\\\/11\\\/Design-sans-titre-4-1.png\",\"datePublished\":\"2025-05-21T10:27:17+00:00\",\"breadcrumb\":{\"@id\":\"https:\\\/\\\/www.chateaucarqueiranne.com\\\/index.php\\\/ein-einzigartiges-doppeltes-erbe-de\\\/#breadcrumb\"},\"inLanguage\":\"fr-FR\",\"potentialAction\":[{\"@type\":\"ReadAction\",\"target\":[\"https:\\\/\\\/www.chateaucarqueiranne.com\\\/index.php\\\/ein-einzigartiges-doppeltes-erbe-de\\\/\"]}]},{\"@type\":\"ImageObject\",\"inLanguage\":\"fr-FR\",\"@id\":\"https:\\\/\\\/www.chateaucarqueiranne.com\\\/index.php\\\/ein-einzigartiges-doppeltes-erbe-de\\\/#primaryimage\",\"url\":\"https:\\\/\\\/www.chateaucarqueiranne.com\\\/wp-content\\\/uploads\\\/2024\\\/11\\\/Design-sans-titre-4-1.png\",\"contentUrl\":\"https:\\\/\\\/www.chateaucarqueiranne.com\\\/wp-content\\\/uploads\\\/2024\\\/11\\\/Design-sans-titre-4-1.png\",\"width\":480,\"height\":650},{\"@type\":\"BreadcrumbList\",\"@id\":\"https:\\\/\\\/www.chateaucarqueiranne.com\\\/index.php\\\/ein-einzigartiges-doppeltes-erbe-de\\\/#breadcrumb\",\"itemListElement\":[{\"@type\":\"ListItem\",\"position\":1,\"name\":\"Accueil\",\"item\":\"https:\\\/\\\/www.chateaucarqueiranne.com\\\/\"},{\"@type\":\"ListItem\",\"position\":2,\"name\":\"Ein einzigartiges doppeltes Erbe DE\"}]},{\"@type\":\"WebSite\",\"@id\":\"https:\\\/\\\/www.chateaucarqueiranne.com\\\/#website\",\"url\":\"https:\\\/\\\/www.chateaucarqueiranne.com\\\/\",\"name\":\"CH\u00c2TEAU CARQUEIRANNE\",\"description\":\"C\u00f4tes de Provence  \",\"publisher\":{\"@id\":\"https:\\\/\\\/www.chateaucarqueiranne.com\\\/#organization\"},\"potentialAction\":[{\"@type\":\"SearchAction\",\"target\":{\"@type\":\"EntryPoint\",\"urlTemplate\":\"https:\\\/\\\/www.chateaucarqueiranne.com\\\/?s={search_term_string}\"},\"query-input\":{\"@type\":\"PropertyValueSpecification\",\"valueRequired\":true,\"valueName\":\"search_term_string\"}}],\"inLanguage\":\"fr-FR\"},{\"@type\":\"Organization\",\"@id\":\"https:\\\/\\\/www.chateaucarqueiranne.com\\\/#organization\",\"name\":\"CH\u00c2TEAU CARQUEIRANNE\",\"url\":\"https:\\\/\\\/www.chateaucarqueiranne.com\\\/\",\"logo\":{\"@type\":\"ImageObject\",\"inLanguage\":\"fr-FR\",\"@id\":\"https:\\\/\\\/www.chateaucarqueiranne.com\\\/#\\\/schema\\\/logo\\\/image\\\/\",\"url\":\"https:\\\/\\\/www.chateaucarqueiranne.com\\\/wp-content\\\/uploads\\\/2024\\\/05\\\/Typo-Chateau-Sans-fond-1-e1715849615235.png\",\"contentUrl\":\"https:\\\/\\\/www.chateaucarqueiranne.com\\\/wp-content\\\/uploads\\\/2024\\\/05\\\/Typo-Chateau-Sans-fond-1-e1715849615235.png\",\"width\":1890,\"height\":592,\"caption\":\"CH\u00c2TEAU CARQUEIRANNE\"},\"image\":{\"@id\":\"https:\\\/\\\/www.chateaucarqueiranne.com\\\/#\\\/schema\\\/logo\\\/image\\\/\"}}]}<\/script>\n<!-- \/ Yoast SEO plugin. -->","yoast_head_json":{"title":"Ein einzigartiges doppeltes Erbe DE - CH\u00c2TEAU CARQUEIRANNE","robots":{"index":"index","follow":"follow","max-snippet":"max-snippet:-1","max-image-preview":"max-image-preview:large","max-video-preview":"max-video-preview:-1"},"canonical":"https:\/\/www.chateaucarqueiranne.com\/index.php\/ein-einzigartiges-doppeltes-erbe-de\/","og_locale":"fr_FR","og_type":"article","og_title":"Ein einzigartiges doppeltes Erbe DE - CH\u00c2TEAU CARQUEIRANNE","og_description":"Der einzigartige Geist Ch\u00e2teau Carqueiranne Der einzigartige Geist von Ch\u00e2teau Carqueiranne baut auf drei wesentlichen S\u00e4ulen auf. Unser historisches Erbe zu respektieren, au\u00dfergew\u00f6hnliche Weine zu produzieren und die provenzalische Lebenskunst widerzuspiegeln. Von diesem Geist geleitet, ist jede Geste Teil eines in der Zeit verankerten Wissen, das zu teilen wir uns zur Aufgabe gemacht haben. Ein [&hellip;]","og_url":"https:\/\/www.chateaucarqueiranne.com\/index.php\/ein-einzigartiges-doppeltes-erbe-de\/","og_site_name":"CH\u00c2TEAU CARQUEIRANNE","og_image":[{"width":480,"height":650,"url":"https:\/\/www.chateaucarqueiranne.com\/wp-content\/uploads\/2024\/11\/Design-sans-titre-4-1.png","type":"image\/png"}],"twitter_card":"summary_large_image","schema":{"@context":"https:\/\/schema.org","@graph":[{"@type":"WebPage","@id":"https:\/\/www.chateaucarqueiranne.com\/index.php\/ein-einzigartiges-doppeltes-erbe-de\/","url":"https:\/\/www.chateaucarqueiranne.com\/index.php\/ein-einzigartiges-doppeltes-erbe-de\/","name":"Ein einzigartiges doppeltes Erbe DE - CH\u00c2TEAU CARQUEIRANNE","isPartOf":{"@id":"https:\/\/www.chateaucarqueiranne.com\/#website"},"primaryImageOfPage":{"@id":"https:\/\/www.chateaucarqueiranne.com\/index.php\/ein-einzigartiges-doppeltes-erbe-de\/#primaryimage"},"image":{"@id":"https:\/\/www.chateaucarqueiranne.com\/index.php\/ein-einzigartiges-doppeltes-erbe-de\/#primaryimage"},"thumbnailUrl":"https:\/\/www.chateaucarqueiranne.com\/wp-content\/uploads\/2024\/11\/Design-sans-titre-4-1.png","datePublished":"2025-05-21T10:27:17+00:00","breadcrumb":{"@id":"https:\/\/www.chateaucarqueiranne.com\/index.php\/ein-einzigartiges-doppeltes-erbe-de\/#breadcrumb"},"inLanguage":"fr-FR","potentialAction":[{"@type":"ReadAction","target":["https:\/\/www.chateaucarqueiranne.com\/index.php\/ein-einzigartiges-doppeltes-erbe-de\/"]}]},{"@type":"ImageObject","inLanguage":"fr-FR","@id":"https:\/\/www.chateaucarqueiranne.com\/index.php\/ein-einzigartiges-doppeltes-erbe-de\/#primaryimage","url":"https:\/\/www.chateaucarqueiranne.com\/wp-content\/uploads\/2024\/11\/Design-sans-titre-4-1.png","contentUrl":"https:\/\/www.chateaucarqueiranne.com\/wp-content\/uploads\/2024\/11\/Design-sans-titre-4-1.png","width":480,"height":650},{"@type":"BreadcrumbList","@id":"https:\/\/www.chateaucarqueiranne.com\/index.php\/ein-einzigartiges-doppeltes-erbe-de\/#breadcrumb","itemListElement":[{"@type":"ListItem","position":1,"name":"Accueil","item":"https:\/\/www.chateaucarqueiranne.com\/"},{"@type":"ListItem","position":2,"name":"Ein einzigartiges doppeltes Erbe DE"}]},{"@type":"WebSite","@id":"https:\/\/www.chateaucarqueiranne.com\/#website","url":"https:\/\/www.chateaucarqueiranne.com\/","name":"CH\u00c2TEAU CARQUEIRANNE","description":"C\u00f4tes de Provence  ","publisher":{"@id":"https:\/\/www.chateaucarqueiranne.com\/#organization"},"potentialAction":[{"@type":"SearchAction","target":{"@type":"EntryPoint","urlTemplate":"https:\/\/www.chateaucarqueiranne.com\/?s={search_term_string}"},"query-input":{"@type":"PropertyValueSpecification","valueRequired":true,"valueName":"search_term_string"}}],"inLanguage":"fr-FR"},{"@type":"Organization","@id":"https:\/\/www.chateaucarqueiranne.com\/#organization","name":"CH\u00c2TEAU CARQUEIRANNE","url":"https:\/\/www.chateaucarqueiranne.com\/","logo":{"@type":"ImageObject","inLanguage":"fr-FR","@id":"https:\/\/www.chateaucarqueiranne.com\/#\/schema\/logo\/image\/","url":"https:\/\/www.chateaucarqueiranne.com\/wp-content\/uploads\/2024\/05\/Typo-Chateau-Sans-fond-1-e1715849615235.png","contentUrl":"https:\/\/www.chateaucarqueiranne.com\/wp-content\/uploads\/2024\/05\/Typo-Chateau-Sans-fond-1-e1715849615235.png","width":1890,"height":592,"caption":"CH\u00c2TEAU CARQUEIRANNE"},"image":{"@id":"https:\/\/www.chateaucarqueiranne.com\/#\/schema\/logo\/image\/"}}]}},"_links":{"self":[{"href":"https:\/\/www.chateaucarqueiranne.com\/index.php\/wp-json\/wp\/v2\/pages\/1458","targetHints":{"allow":["GET"]}}],"collection":[{"href":"https:\/\/www.chateaucarqueiranne.com\/index.php\/wp-json\/wp\/v2\/pages"}],"about":[{"href":"https:\/\/www.chateaucarqueiranne.com\/index.php\/wp-json\/wp\/v2\/types\/page"}],"author":[{"embeddable":true,"href":"https:\/\/www.chateaucarqueiranne.com\/index.php\/wp-json\/wp\/v2\/users\/1"}],"replies":[{"embeddable":true,"href":"https:\/\/www.chateaucarqueiranne.com\/index.php\/wp-json\/wp\/v2\/comments?post=1458"}],"version-history":[{"count":4,"href":"https:\/\/www.chateaucarqueiranne.com\/index.php\/wp-json\/wp\/v2\/pages\/1458\/revisions"}],"predecessor-version":[{"id":1473,"href":"https:\/\/www.chateaucarqueiranne.com\/index.php\/wp-json\/wp\/v2\/pages\/1458\/revisions\/1473"}],"wp:attachment":[{"href":"https:\/\/www.chateaucarqueiranne.com\/index.php\/wp-json\/wp\/v2\/media?parent=1458"}],"curies":[{"name":"wp","href":"https:\/\/api.w.org\/{rel}","templated":true}]}}