{"id":1452,"date":"2025-05-21T12:27:08","date_gmt":"2025-05-21T10:27:08","guid":{"rendered":"https:\/\/www.chateaucarqueiranne.com\/?page_id=1452"},"modified":"2025-05-21T12:27:08","modified_gmt":"2025-05-21T10:27:08","slug":"mannschaft-de","status":"publish","type":"page","link":"https:\/\/www.chateaucarqueiranne.com\/index.php\/mannschaft-de\/","title":{"rendered":"MANNSCHAFT DE"},"content":{"rendered":"\n<div class=\"wp-block-buttons is-content-justification-right is-layout-flex wp-container-core-buttons-is-layout-d445cf74 wp-block-buttons-is-layout-flex\">\n<div class=\"wp-block-button is-style-outline is-style-outline--1\"><a class=\"wp-block-button__link wp-element-button\" href=\"https:\/\/www.chateaucarqueiranne.com\/index.php\/en\/team-portraits\/\">EN \ud83c\uddfa\ud83c\uddf8<\/a><\/div>\n\n\n\n<div class=\"wp-block-button is-style-outline is-style-outline--2\"><a class=\"wp-block-button__link wp-element-button\" href=\"https:\/\/www.chateaucarqueiranne.com\/index.php\/portraits\/\">FR \ud83c\uddeb\ud83c\uddf7<\/a><\/div>\n<\/div>\n\n\n\n<h2 class=\"wp-block-heading has-text-align-center\" style=\"font-size:2.8rem\">Unser Team<\/h2>\n\n\n\n\n\n<p class=\"has-text-align-center\"><strong>Auf Ch\u00e2teau Carqueiranne tr\u00e4gt jedes Mitglied unseres Teams mit seinem Fachwissen, seiner Leidenschaft und seinem Verpflichtung dazu bei, diesen einzigartigen Ort zum Leben zu erwecken. Entdecken Sie die inspirierenden Werdeg\u00e4nge derjenigen, die jeden Tag daran arbeiten, das Anwesen aufzuwerten und seine Geschichte zu schreiben. <\/strong><\/p>\n\n\n\n\n\n<figure class=\"wp-block-image size-full is-resized\"><img loading=\"lazy\" decoding=\"async\" width=\"1050\" height=\"650\" src=\"https:\/\/www.chateaucarqueiranne.com\/wp-content\/uploads\/2024\/11\/Design-sans-titre-9-2.png\" alt=\"\" class=\"wp-image-788\" style=\"width:628px;height:auto\" srcset=\"https:\/\/www.chateaucarqueiranne.com\/wp-content\/uploads\/2024\/11\/Design-sans-titre-9-2.png 1050w, https:\/\/www.chateaucarqueiranne.com\/wp-content\/uploads\/2024\/11\/Design-sans-titre-9-2-300x186.png 300w, https:\/\/www.chateaucarqueiranne.com\/wp-content\/uploads\/2024\/11\/Design-sans-titre-9-2-1024x634.png 1024w, https:\/\/www.chateaucarqueiranne.com\/wp-content\/uploads\/2024\/11\/Design-sans-titre-9-2-768x475.png 768w\" sizes=\"(max-width: 1050px) 100vw, 1050px\" \/><\/figure>\n\n\n\n<h2 class=\"wp-block-heading has-medium-font-size\"><strong>Lernen Sie Laurent kennen, unseren Chef de Culture auf Ch\u00e2teau Carqueiranne.<\/strong><\/h2>\n\n\n\n<p>Nach einer 12-j\u00e4hrigen Karriere in der Armee wechselte Laurent in die Landwirtschaft und erwarb ein Brevet Professionnel de Responsable d&rsquo;Exploitation Agricole, das auf Weinbau und \u00d6nologie spezialisiert ist. Mit seiner Leidenschaft f\u00fcr den Weinanbau trat Laurent im Januar 2024 in das Ch\u00e2teau Carqueiranne ein.<\/p>\n\n\n\n<p>Als Chef de Culture \u00fcberwacht Laurent die technische und administrative Leitung des Betriebs. Er k\u00fcmmert sich um alle Aktivit\u00e4ten im Zusammenhang mit der Polykultur, von der Wahl der Behandlungsmethoden f\u00fcr die Weinberge bis hin zur Personalverwaltung.<\/p>\n\n\n\n<p>Was ihn an Ch\u00e2teau Carqueiranne reizte? Die gro\u00dfe Herausforderung, die es zu meistern galt. Das ehrgeizige Projekt zur Renovierung des Weinguts erm\u00f6glicht es ihm, sein Know-how in einem einzigartigen Rahmen an der Seite eines eingespielten Teams einzusetzen.<\/p>\n\n\n\n<p>Als Liebhaber des Meeres betreibt Laurent Wassersport und genie\u00dft die Natursch\u00f6nheiten der Region in vollen Z\u00fcgen.<\/p>\n\n\n\n<p>Danke Laurent f\u00fcr deine Expertise im Team!<\/p>\n\n\n\n\n\n<figure class=\"wp-block-image size-large\"><img loading=\"lazy\" decoding=\"async\" width=\"1024\" height=\"634\" src=\"https:\/\/www.chateaucarqueiranne.com\/wp-content\/uploads\/2025\/01\/Design-sans-titre-1-1024x634.png\" alt=\"\" class=\"wp-image-941\" srcset=\"https:\/\/www.chateaucarqueiranne.com\/wp-content\/uploads\/2025\/01\/Design-sans-titre-1-1024x634.png 1024w, https:\/\/www.chateaucarqueiranne.com\/wp-content\/uploads\/2025\/01\/Design-sans-titre-1-300x186.png 300w, https:\/\/www.chateaucarqueiranne.com\/wp-content\/uploads\/2025\/01\/Design-sans-titre-1-768x475.png 768w, https:\/\/www.chateaucarqueiranne.com\/wp-content\/uploads\/2025\/01\/Design-sans-titre-1.png 1050w\" sizes=\"(max-width: 1024px) 100vw, 1024px\" \/><\/figure>\n\n\n\n<h2 class=\"wp-block-heading has-medium-font-size\"><strong>Lernen Sie Jean-Luc, unseren Kulturassistenten auf Ch\u00e2teau Carqueiranne, kennen.<\/strong><\/h2>\n\n\n\n<p>Jean-Luc stammt aus Burgund und hat einen BTS-Abschluss in Weinbau und \u00d6nologie.<\/p>\n\n\n\n<p>25 Jahre lang leitete er seinen eigenen Weinbaubetrieb und restaurierte ein Herrenhaus zu G\u00e4stezimmern. Dann zogen sie mit seiner Frau nach S\u00fcdfrankreich um.<\/p>\n\n\n\n<p>Was ihn am Ch\u00e2teau Carqueiranne reizte? Die Gr\u00f6\u00dfe des Projekts und die freundliche Atmosph\u00e4re des Teams. Von dieser Herausforderung motiviert, bl\u00fcht er in diesem einzigartigen Umfeld voll auf.<\/p>\n\n\n\n<p>Im Zweierteam mit Laurent ist Jean-Luc seit September 2024 Teil des Teams. Er k\u00fcmmert sich um die Pflege der Weinberge und beaufsichtigt auch die Gestaltung der Umgebung des Schlosses.<\/p>\n\n\n\n<p>Au\u00dferhalb der Arbeit ist Jean-Luc ein echter Liebhaber des Mittelmeers. Zwischen Bootsausfl\u00fcgen und Tauchg\u00e4ngen erkundet er gerne die Sch\u00e4tze dieser sch\u00f6nen Region.<\/p>\n\n\n\n<p>Danke, Jean-Luc, f\u00fcr dein Wissen im Team!<\/p>\n\n\n\n\n\n<figure class=\"wp-block-image size-full\"><img loading=\"lazy\" decoding=\"async\" width=\"1050\" height=\"650\" src=\"https:\/\/www.chateaucarqueiranne.com\/wp-content\/uploads\/2024\/11\/Design-sans-titre-10-1.png\" alt=\"\" class=\"wp-image-789\" srcset=\"https:\/\/www.chateaucarqueiranne.com\/wp-content\/uploads\/2024\/11\/Design-sans-titre-10-1.png 1050w, https:\/\/www.chateaucarqueiranne.com\/wp-content\/uploads\/2024\/11\/Design-sans-titre-10-1-300x186.png 300w, https:\/\/www.chateaucarqueiranne.com\/wp-content\/uploads\/2024\/11\/Design-sans-titre-10-1-1024x634.png 1024w, https:\/\/www.chateaucarqueiranne.com\/wp-content\/uploads\/2024\/11\/Design-sans-titre-10-1-768x475.png 768w\" sizes=\"(max-width: 1050px) 100vw, 1050px\" \/><\/figure>\n\n\n\n<h2 class=\"wp-block-heading has-medium-font-size\"><strong>Lernen Sie H\u00e9l\u00e8ne kennen, unsere vielseitig einsetzbare Technikerin im Ch\u00e2teau Carqueiranne.<\/strong><\/h2>\n\n\n\n<p>H\u00e9l\u00e8ne wurde in der N\u00e4he von Paris geboren und wuchs in Savoyen auf, bevor sie sich vor 20 Jahren in Carqueiranne niederlie\u00df.<\/p>\n\n\n\n<p>Als Naturliebhaberin und Sportbegeisterte genie\u00dft sie das Leben im Freien in dieser Region, mit der sie sich zutiefst verbunden f\u00fchlt.<\/p>\n\n\n\n<p>Bevor sie 2023 zum Schloss kam, arbeitete H\u00e9l\u00e8ne im Gem\u00fcseanbau, nachdem sie zuvor 15 Jahre lang in der Gastronomie t\u00e4tig war. Heute nutzt sie ihre Erfahrungen in der Landwirtschaft und im Veranstaltungsbereich, indem sie bei der Organisation von Veranstaltungen hilft und bei der Pflege der Weinberge mithilft.<\/p>\n\n\n\n<p>Danke, H\u00e9l\u00e8ne, f\u00fcr deine Dynamik und Vielseitigkeit im Team!<\/p>\n\n\n\n\n\n<figure class=\"wp-block-image size-full\"><img loading=\"lazy\" decoding=\"async\" width=\"1050\" height=\"650\" src=\"https:\/\/www.chateaucarqueiranne.com\/wp-content\/uploads\/2024\/11\/Design-sans-titre-11-1.png\" alt=\"\" class=\"wp-image-790\" srcset=\"https:\/\/www.chateaucarqueiranne.com\/wp-content\/uploads\/2024\/11\/Design-sans-titre-11-1.png 1050w, https:\/\/www.chateaucarqueiranne.com\/wp-content\/uploads\/2024\/11\/Design-sans-titre-11-1-300x186.png 300w, https:\/\/www.chateaucarqueiranne.com\/wp-content\/uploads\/2024\/11\/Design-sans-titre-11-1-1024x634.png 1024w, https:\/\/www.chateaucarqueiranne.com\/wp-content\/uploads\/2024\/11\/Design-sans-titre-11-1-768x475.png 768w\" sizes=\"(max-width: 1050px) 100vw, 1050px\" \/><\/figure>\n\n\n\n<h2 class=\"wp-block-heading has-medium-font-size\"><br><strong>Lernen Sie Greg kennen, unseren vielseitigen Techniker im Ch\u00e2teau Carqueiranne<\/strong>.<\/h2>\n\n\n\n<p>Greg stammt aus unserer sch\u00f6nen Region und ist seit M\u00e4rz 2024 Teil unseres Teams. Als Naturliebhaber erkundet er gerne die vielf\u00e4ltigen Landschaften der Region und fr\u00f6nt einer seiner gr\u00f6\u00dften Leidenschaften: der Jagd.<\/p>\n\n\n\n<p>Mit \u00fcber 10 Jahren Erfahrung auf Weing\u00fctern widmete sich Greg haupts\u00e4chlich der Pflege der Weinberge, bevor er zum Schloss kam. Sp\u00e4ter verlagerte er seinen Schwerpunkt auf die Gartenpflege und entwickelte so neue F\u00e4higkeiten in diesem Bereich.<\/p>\n\n\n\n<p>Was ihn am Ch\u00e2teau Carqueiranne reizte? Die Vielseitigkeit seiner Stelle. Seit mehreren Monaten arbeitet er mit H\u00e9l\u00e8ne zusammen, um die Gr\u00fcnfl\u00e4chen zu pflegen.<\/p>\n\n\n\n<p>Danke, Greg, f\u00fcr deinen Einsatz im Team!<\/p>\n\n\n","protected":false},"excerpt":{"rendered":"<p>Unser Team Auf Ch\u00e2teau Carqueiranne tr\u00e4gt jedes Mitglied unseres Teams mit seinem Fachwissen, seiner Leidenschaft und seinem Verpflichtung dazu bei, diesen einzigartigen Ort zum Leben zu erwecken. Entdecken Sie die inspirierenden Werdeg\u00e4nge derjenigen, die jeden Tag daran arbeiten, das Anwesen aufzuwerten und seine Geschichte zu schreiben. Lernen Sie Laurent kennen, unseren Chef de Culture auf [&hellip;]<\/p>\n","protected":false},"author":1,"featured_media":0,"parent":0,"menu_order":0,"comment_status":"closed","ping_status":"closed","template":"","meta":{"saved_in_kubio":false,"footnotes":""},"class_list":["post-1452","page","type-page","status-publish","hentry"],"kubio_ai_page_context":{"short_desc":"","purpose":"general"},"yoast_head":"<!-- This site is optimized with the Yoast SEO plugin v27.2 - https:\/\/yoast.com\/product\/yoast-seo-wordpress\/ -->\n<title>MANNSCHAFT DE - CH\u00c2TEAU CARQUEIRANNE<\/title>\n<meta name=\"robots\" content=\"index, follow, max-snippet:-1, max-image-preview:large, max-video-preview:-1\" \/>\n<link rel=\"canonical\" href=\"https:\/\/www.chateaucarqueiranne.com\/index.php\/mannschaft-de\/\" \/>\n<meta property=\"og:locale\" content=\"fr_FR\" \/>\n<meta property=\"og:type\" content=\"article\" \/>\n<meta property=\"og:title\" content=\"MANNSCHAFT DE - CH\u00c2TEAU CARQUEIRANNE\" \/>\n<meta property=\"og:description\" content=\"Unser Team Auf Ch\u00e2teau Carqueiranne tr\u00e4gt jedes Mitglied unseres Teams mit seinem Fachwissen, seiner Leidenschaft und seinem Verpflichtung dazu bei, diesen einzigartigen Ort zum Leben zu erwecken. Entdecken Sie die inspirierenden Werdeg\u00e4nge derjenigen, die jeden Tag daran arbeiten, das Anwesen aufzuwerten und seine Geschichte zu schreiben. Lernen Sie Laurent kennen, unseren Chef de Culture auf [&hellip;]\" \/>\n<meta property=\"og:url\" content=\"https:\/\/www.chateaucarqueiranne.com\/index.php\/mannschaft-de\/\" \/>\n<meta property=\"og:site_name\" content=\"CH\u00c2TEAU CARQUEIRANNE\" \/>\n<meta property=\"og:image\" content=\"https:\/\/www.chateaucarqueiranne.com\/wp-content\/uploads\/2024\/11\/Design-sans-titre-9-2.png\" \/>\n\t<meta property=\"og:image:width\" content=\"1050\" \/>\n\t<meta property=\"og:image:height\" content=\"650\" \/>\n\t<meta property=\"og:image:type\" content=\"image\/png\" \/>\n<meta name=\"twitter:card\" content=\"summary_large_image\" \/>\n<script type=\"application\/ld+json\" class=\"yoast-schema-graph\">{\"@context\":\"https:\/\/schema.org\",\"@graph\":[{\"@type\":\"WebPage\",\"@id\":\"https:\/\/www.chateaucarqueiranne.com\/index.php\/mannschaft-de\/\",\"url\":\"https:\/\/www.chateaucarqueiranne.com\/index.php\/mannschaft-de\/\",\"name\":\"MANNSCHAFT DE - CH\u00c2TEAU CARQUEIRANNE\",\"isPartOf\":{\"@id\":\"https:\/\/www.chateaucarqueiranne.com\/#website\"},\"primaryImageOfPage\":{\"@id\":\"https:\/\/www.chateaucarqueiranne.com\/index.php\/mannschaft-de\/#primaryimage\"},\"image\":{\"@id\":\"https:\/\/www.chateaucarqueiranne.com\/index.php\/mannschaft-de\/#primaryimage\"},\"thumbnailUrl\":\"https:\/\/www.chateaucarqueiranne.com\/wp-content\/uploads\/2024\/11\/Design-sans-titre-9-2.png\",\"datePublished\":\"2025-05-21T10:27:08+00:00\",\"breadcrumb\":{\"@id\":\"https:\/\/www.chateaucarqueiranne.com\/index.php\/mannschaft-de\/#breadcrumb\"},\"inLanguage\":\"fr-FR\",\"potentialAction\":[{\"@type\":\"ReadAction\",\"target\":[\"https:\/\/www.chateaucarqueiranne.com\/index.php\/mannschaft-de\/\"]}]},{\"@type\":\"ImageObject\",\"inLanguage\":\"fr-FR\",\"@id\":\"https:\/\/www.chateaucarqueiranne.com\/index.php\/mannschaft-de\/#primaryimage\",\"url\":\"https:\/\/www.chateaucarqueiranne.com\/wp-content\/uploads\/2024\/11\/Design-sans-titre-9-2.png\",\"contentUrl\":\"https:\/\/www.chateaucarqueiranne.com\/wp-content\/uploads\/2024\/11\/Design-sans-titre-9-2.png\",\"width\":1050,\"height\":650},{\"@type\":\"BreadcrumbList\",\"@id\":\"https:\/\/www.chateaucarqueiranne.com\/index.php\/mannschaft-de\/#breadcrumb\",\"itemListElement\":[{\"@type\":\"ListItem\",\"position\":1,\"name\":\"Accueil\",\"item\":\"https:\/\/www.chateaucarqueiranne.com\/\"},{\"@type\":\"ListItem\",\"position\":2,\"name\":\"MANNSCHAFT DE\"}]},{\"@type\":\"WebSite\",\"@id\":\"https:\/\/www.chateaucarqueiranne.com\/#website\",\"url\":\"https:\/\/www.chateaucarqueiranne.com\/\",\"name\":\"CH\u00c2TEAU CARQUEIRANNE\",\"description\":\"C\u00f4tes de Provence  \",\"publisher\":{\"@id\":\"https:\/\/www.chateaucarqueiranne.com\/#organization\"},\"potentialAction\":[{\"@type\":\"SearchAction\",\"target\":{\"@type\":\"EntryPoint\",\"urlTemplate\":\"https:\/\/www.chateaucarqueiranne.com\/?s={search_term_string}\"},\"query-input\":{\"@type\":\"PropertyValueSpecification\",\"valueRequired\":true,\"valueName\":\"search_term_string\"}}],\"inLanguage\":\"fr-FR\"},{\"@type\":\"Organization\",\"@id\":\"https:\/\/www.chateaucarqueiranne.com\/#organization\",\"name\":\"CH\u00c2TEAU CARQUEIRANNE\",\"url\":\"https:\/\/www.chateaucarqueiranne.com\/\",\"logo\":{\"@type\":\"ImageObject\",\"inLanguage\":\"fr-FR\",\"@id\":\"https:\/\/www.chateaucarqueiranne.com\/#\/schema\/logo\/image\/\",\"url\":\"https:\/\/www.chateaucarqueiranne.com\/wp-content\/uploads\/2024\/05\/Typo-Chateau-Sans-fond-1-e1715849615235.png\",\"contentUrl\":\"https:\/\/www.chateaucarqueiranne.com\/wp-content\/uploads\/2024\/05\/Typo-Chateau-Sans-fond-1-e1715849615235.png\",\"width\":1890,\"height\":592,\"caption\":\"CH\u00c2TEAU CARQUEIRANNE\"},\"image\":{\"@id\":\"https:\/\/www.chateaucarqueiranne.com\/#\/schema\/logo\/image\/\"}}]}<\/script>\n<!-- \/ Yoast SEO plugin. -->","yoast_head_json":{"title":"MANNSCHAFT DE - CH\u00c2TEAU CARQUEIRANNE","robots":{"index":"index","follow":"follow","max-snippet":"max-snippet:-1","max-image-preview":"max-image-preview:large","max-video-preview":"max-video-preview:-1"},"canonical":"https:\/\/www.chateaucarqueiranne.com\/index.php\/mannschaft-de\/","og_locale":"fr_FR","og_type":"article","og_title":"MANNSCHAFT DE - CH\u00c2TEAU CARQUEIRANNE","og_description":"Unser Team Auf Ch\u00e2teau Carqueiranne tr\u00e4gt jedes Mitglied unseres Teams mit seinem Fachwissen, seiner Leidenschaft und seinem Verpflichtung dazu bei, diesen einzigartigen Ort zum Leben zu erwecken. Entdecken Sie die inspirierenden Werdeg\u00e4nge derjenigen, die jeden Tag daran arbeiten, das Anwesen aufzuwerten und seine Geschichte zu schreiben. Lernen Sie Laurent kennen, unseren Chef de Culture auf [&hellip;]","og_url":"https:\/\/www.chateaucarqueiranne.com\/index.php\/mannschaft-de\/","og_site_name":"CH\u00c2TEAU CARQUEIRANNE","og_image":[{"width":1050,"height":650,"url":"https:\/\/www.chateaucarqueiranne.com\/wp-content\/uploads\/2024\/11\/Design-sans-titre-9-2.png","type":"image\/png"}],"twitter_card":"summary_large_image","schema":{"@context":"https:\/\/schema.org","@graph":[{"@type":"WebPage","@id":"https:\/\/www.chateaucarqueiranne.com\/index.php\/mannschaft-de\/","url":"https:\/\/www.chateaucarqueiranne.com\/index.php\/mannschaft-de\/","name":"MANNSCHAFT DE - CH\u00c2TEAU CARQUEIRANNE","isPartOf":{"@id":"https:\/\/www.chateaucarqueiranne.com\/#website"},"primaryImageOfPage":{"@id":"https:\/\/www.chateaucarqueiranne.com\/index.php\/mannschaft-de\/#primaryimage"},"image":{"@id":"https:\/\/www.chateaucarqueiranne.com\/index.php\/mannschaft-de\/#primaryimage"},"thumbnailUrl":"https:\/\/www.chateaucarqueiranne.com\/wp-content\/uploads\/2024\/11\/Design-sans-titre-9-2.png","datePublished":"2025-05-21T10:27:08+00:00","breadcrumb":{"@id":"https:\/\/www.chateaucarqueiranne.com\/index.php\/mannschaft-de\/#breadcrumb"},"inLanguage":"fr-FR","potentialAction":[{"@type":"ReadAction","target":["https:\/\/www.chateaucarqueiranne.com\/index.php\/mannschaft-de\/"]}]},{"@type":"ImageObject","inLanguage":"fr-FR","@id":"https:\/\/www.chateaucarqueiranne.com\/index.php\/mannschaft-de\/#primaryimage","url":"https:\/\/www.chateaucarqueiranne.com\/wp-content\/uploads\/2024\/11\/Design-sans-titre-9-2.png","contentUrl":"https:\/\/www.chateaucarqueiranne.com\/wp-content\/uploads\/2024\/11\/Design-sans-titre-9-2.png","width":1050,"height":650},{"@type":"BreadcrumbList","@id":"https:\/\/www.chateaucarqueiranne.com\/index.php\/mannschaft-de\/#breadcrumb","itemListElement":[{"@type":"ListItem","position":1,"name":"Accueil","item":"https:\/\/www.chateaucarqueiranne.com\/"},{"@type":"ListItem","position":2,"name":"MANNSCHAFT DE"}]},{"@type":"WebSite","@id":"https:\/\/www.chateaucarqueiranne.com\/#website","url":"https:\/\/www.chateaucarqueiranne.com\/","name":"CH\u00c2TEAU CARQUEIRANNE","description":"C\u00f4tes de Provence  ","publisher":{"@id":"https:\/\/www.chateaucarqueiranne.com\/#organization"},"potentialAction":[{"@type":"SearchAction","target":{"@type":"EntryPoint","urlTemplate":"https:\/\/www.chateaucarqueiranne.com\/?s={search_term_string}"},"query-input":{"@type":"PropertyValueSpecification","valueRequired":true,"valueName":"search_term_string"}}],"inLanguage":"fr-FR"},{"@type":"Organization","@id":"https:\/\/www.chateaucarqueiranne.com\/#organization","name":"CH\u00c2TEAU CARQUEIRANNE","url":"https:\/\/www.chateaucarqueiranne.com\/","logo":{"@type":"ImageObject","inLanguage":"fr-FR","@id":"https:\/\/www.chateaucarqueiranne.com\/#\/schema\/logo\/image\/","url":"https:\/\/www.chateaucarqueiranne.com\/wp-content\/uploads\/2024\/05\/Typo-Chateau-Sans-fond-1-e1715849615235.png","contentUrl":"https:\/\/www.chateaucarqueiranne.com\/wp-content\/uploads\/2024\/05\/Typo-Chateau-Sans-fond-1-e1715849615235.png","width":1890,"height":592,"caption":"CH\u00c2TEAU CARQUEIRANNE"},"image":{"@id":"https:\/\/www.chateaucarqueiranne.com\/#\/schema\/logo\/image\/"}}]}},"_links":{"self":[{"href":"https:\/\/www.chateaucarqueiranne.com\/index.php\/wp-json\/wp\/v2\/pages\/1452","targetHints":{"allow":["GET"]}}],"collection":[{"href":"https:\/\/www.chateaucarqueiranne.com\/index.php\/wp-json\/wp\/v2\/pages"}],"about":[{"href":"https:\/\/www.chateaucarqueiranne.com\/index.php\/wp-json\/wp\/v2\/types\/page"}],"author":[{"embeddable":true,"href":"https:\/\/www.chateaucarqueiranne.com\/index.php\/wp-json\/wp\/v2\/users\/1"}],"replies":[{"embeddable":true,"href":"https:\/\/www.chateaucarqueiranne.com\/index.php\/wp-json\/wp\/v2\/comments?post=1452"}],"version-history":[{"count":3,"href":"https:\/\/www.chateaucarqueiranne.com\/index.php\/wp-json\/wp\/v2\/pages\/1452\/revisions"}],"predecessor-version":[{"id":1474,"href":"https:\/\/www.chateaucarqueiranne.com\/index.php\/wp-json\/wp\/v2\/pages\/1452\/revisions\/1474"}],"wp:attachment":[{"href":"https:\/\/www.chateaucarqueiranne.com\/index.php\/wp-json\/wp\/v2\/media?parent=1452"}],"curies":[{"name":"wp","href":"https:\/\/api.w.org\/{rel}","templated":true}]}}