{"id":1436,"date":"2025-05-21T12:23:46","date_gmt":"2025-05-21T10:23:46","guid":{"rendered":"https:\/\/www.chateaucarqueiranne.com\/?page_id=1436"},"modified":"2025-05-21T12:23:47","modified_gmt":"2025-05-21T10:23:47","slug":"lamour-rose-de","status":"publish","type":"page","link":"https:\/\/www.chateaucarqueiranne.com\/index.php\/lamour-rose-de\/","title":{"rendered":"Lamour Rose DE"},"content":{"rendered":"\n<div class=\"wp-block-buttons is-content-justification-right is-layout-flex wp-container-core-buttons-is-layout-d445cf74 wp-block-buttons-is-layout-flex\">\n<div class=\"wp-block-button is-style-outline is-style-outline--1\"><a class=\"wp-block-button__link wp-element-button\" href=\"https:\/\/www.chateaucarqueiranne.com\/index.php\/lamour-rose-en\/\">EN \ud83c\uddfa\ud83c\uddf8<\/a><\/div>\n\n\n\n<div class=\"wp-block-button is-style-outline is-style-outline--2\"><a class=\"wp-block-button__link wp-element-button\" href=\"https:\/\/www.chateaucarqueiranne.com\/index.php\/rose-lamour\/\">FR \ud83c\uddeb\ud83c\uddf7<\/a><\/div>\n<\/div>\n\n\n\n<div style=\"height:50px\" aria-hidden=\"true\" class=\"wp-block-spacer\"><\/div>\n\n\n\n<h2 class=\"wp-block-heading has-text-align-center\" style=\"font-size:2.8rem\">LAMOUR ros\u00e9, C\u00f4tes de Provence<\/h2>\n\n\n\n<div style=\"height:50px\" aria-hidden=\"true\" class=\"wp-block-spacer\"><\/div>\n\n\n\n<figure class=\"wp-block-image aligncenter size-large\"><img loading=\"lazy\" decoding=\"async\" width=\"1024\" height=\"683\" src=\"http:\/\/www.chateaucarqueiranne.com\/wp-content\/uploads\/2025\/02\/2-VPS-9-1024x683.jpg\" alt=\"\" class=\"wp-image-1016\" srcset=\"https:\/\/www.chateaucarqueiranne.com\/wp-content\/uploads\/2025\/02\/2-VPS-9-1024x683.jpg 1024w, https:\/\/www.chateaucarqueiranne.com\/wp-content\/uploads\/2025\/02\/2-VPS-9-scaled-600x401.jpg 600w, https:\/\/www.chateaucarqueiranne.com\/wp-content\/uploads\/2025\/02\/2-VPS-9-300x200.jpg 300w, https:\/\/www.chateaucarqueiranne.com\/wp-content\/uploads\/2025\/02\/2-VPS-9-768x513.jpg 768w, https:\/\/www.chateaucarqueiranne.com\/wp-content\/uploads\/2025\/02\/2-VPS-9-1536x1025.jpg 1536w\" sizes=\"(max-width: 1024px) 100vw, 1024px\" \/><\/figure>\n\n\n\n<div style=\"height:50px\" aria-hidden=\"true\" class=\"wp-block-spacer\"><\/div>\n\n\n\n<h2 class=\"wp-block-heading\" style=\"font-size:1.7rem\">Eleganz in Nuancen<\/h2>\n\n\n\n<p>LAMOUR Ros\u00e9 feiert die kostbaren Augenblicke und verk\u00f6rpert den Genusswein par excellence. Diese Cuv\u00e9e aus einer Assemblage von Grenache, Cinsault und Rolle enth\u00fcllt ein ausdrucksstarkes und exotisches Aromaprofil.<\/p>\n\n\n\n<div style=\"height:50px\" aria-hidden=\"true\" class=\"wp-block-spacer\"><\/div>\n\n\n\n<figure class=\"wp-block-gallery has-nested-images columns-default is-cropped wp-block-gallery-3 is-layout-flex wp-block-gallery-is-layout-flex\">\n<figure class=\"wp-block-image size-large\"><img loading=\"lazy\" decoding=\"async\" width=\"683\" height=\"1024\" data-id=\"1018\" src=\"http:\/\/www.chateaucarqueiranne.com\/wp-content\/uploads\/2025\/02\/2-VPS-12-683x1024.jpg\" alt=\"\" class=\"wp-image-1018\" srcset=\"https:\/\/www.chateaucarqueiranne.com\/wp-content\/uploads\/2025\/02\/2-VPS-12-683x1024.jpg 683w, https:\/\/www.chateaucarqueiranne.com\/wp-content\/uploads\/2025\/02\/2-VPS-12-scaled-600x899.jpg 600w, https:\/\/www.chateaucarqueiranne.com\/wp-content\/uploads\/2025\/02\/2-VPS-12-200x300.jpg 200w, https:\/\/www.chateaucarqueiranne.com\/wp-content\/uploads\/2025\/02\/2-VPS-12-768x1151.jpg 768w, https:\/\/www.chateaucarqueiranne.com\/wp-content\/uploads\/2025\/02\/2-VPS-12-1025x1536.jpg 1025w, https:\/\/www.chateaucarqueiranne.com\/wp-content\/uploads\/2025\/02\/2-VPS-12-scaled.jpg 1709w\" sizes=\"(max-width: 683px) 100vw, 683px\" \/><\/figure>\n\n\n\n<figure class=\"wp-block-image size-large\"><img loading=\"lazy\" decoding=\"async\" width=\"683\" height=\"1024\" data-id=\"1017\" src=\"http:\/\/www.chateaucarqueiranne.com\/wp-content\/uploads\/2025\/02\/2-VPS-5-683x1024.jpg\" alt=\"\" class=\"wp-image-1017\" srcset=\"https:\/\/www.chateaucarqueiranne.com\/wp-content\/uploads\/2025\/02\/2-VPS-5-683x1024.jpg 683w, https:\/\/www.chateaucarqueiranne.com\/wp-content\/uploads\/2025\/02\/2-VPS-5-scaled-600x899.jpg 600w, https:\/\/www.chateaucarqueiranne.com\/wp-content\/uploads\/2025\/02\/2-VPS-5-200x300.jpg 200w, https:\/\/www.chateaucarqueiranne.com\/wp-content\/uploads\/2025\/02\/2-VPS-5-768x1151.jpg 768w, https:\/\/www.chateaucarqueiranne.com\/wp-content\/uploads\/2025\/02\/2-VPS-5-1025x1536.jpg 1025w, https:\/\/www.chateaucarqueiranne.com\/wp-content\/uploads\/2025\/02\/2-VPS-5-scaled.jpg 1708w\" sizes=\"(max-width: 683px) 100vw, 683px\" \/><\/figure>\n<\/figure>\n\n\n\n<div style=\"height:50px\" aria-hidden=\"true\" class=\"wp-block-spacer\"><\/div>\n\n\n\n<h2 class=\"wp-block-heading\" style=\"font-size:1.7rem\">Die Kunst der Weinbereitung LAMOUR Ros\u00e9<\/h2>\n\n\n\n<p>R\u00e9colt\u00e9s de nuit pour pr\u00e9server leur fra\u00eecheur, les raisins b\u00e9n\u00e9ficient d\u2019une vinification pr\u00e9cise. La stabulation \u00e0 froid pendant&nbsp;<strong>10 jours<\/strong>&nbsp;intensifie l\u2019expression aromatique, r\u00e9v\u00e9lant toute la finesse de ce ros\u00e9.<\/p>\n\n\n\n<div style=\"height:51px\" aria-hidden=\"true\" class=\"wp-block-spacer\"><\/div>\n\n\n\n<h3 class=\"wp-block-heading\" style=\"font-size:1.7rem\">Degustationsnoten<\/h3>\n\n\n\n<details class=\"wp-block-details has-raleway-font-family is-layout-flow wp-block-details-is-layout-flow\" style=\"font-size:16px\"><summary>Robe<\/summary>\n<p style=\"font-size:15px\">Klar mit rosafarbenen Reflexen.<\/p>\n<\/details>\n\n\n\n<details class=\"wp-block-details has-raleway-font-family is-layout-flow wp-block-details-is-layout-flow\" style=\"font-size:17px\"><summary>Nase<\/summary>\n<p style=\"font-size:15px\">Sehr ausdrucksstark, Aromen von exotischen Fr\u00fcchten und wei\u00dfen Fr\u00fcchten<\/p>\n<\/details>\n\n\n\n<details class=\"wp-block-details has-raleway-font-family is-layout-flow wp-block-details-is-layout-flow\" style=\"font-size:16px\"><summary>Gaumen<\/summary>\n<p style=\"font-size:15px\">Reich und fleischig, sch\u00f6ne Frische, Aromen von exotischen Fr\u00fcchten.<\/p>\n<\/details>\n\n\n\n<div style=\"height:30px\" aria-hidden=\"true\" class=\"wp-block-spacer\"><\/div>\n\n\n\n<h3 class=\"wp-block-heading has-text-align-right\" id=\"block-27b15b07-307b-44ed-a854-8cdfb8619b47\" style=\"font-size:1.7rem\">Paarungen<\/h3>\n\n\n\n<p class=\"has-text-align-right\" id=\"block-6035868d-9bb8-4b3b-a034-e64190ab5082\">Aperitifs <strong>\u203b<\/strong><\/p>\n\n\n\n<p class=\"has-text-align-right\" id=\"block-4877ef08-79c9-4628-9fd5-3de6384ee813\">Gefl\u00fcgel <strong>\u203b<\/strong><\/p>\n\n\n\n<p class=\"has-text-align-right\" id=\"block-9ce3b1d7-97e7-4ce6-8974-a15cc5595b45\">Fisch<strong> \u203b<\/strong><\/p>\n\n\n\n<div style=\"height:30px\" aria-hidden=\"true\" class=\"wp-block-spacer\"><\/div>\n\n\n\n<h3 class=\"wp-block-heading\" style=\"font-size:1.7rem\">Charakteristika<\/h3>\n\n\n\n<p><strong>SERVICE <\/strong>: Ideale Temperatur zwischen 8\u00b0 und 10\u00b0C.<\/p>\n\n\n\n<p><strong>LANGERUNG<\/strong> : Innerhalb eines Jahres zu genie\u00dfen<\/p>\n\n\n\n<p><strong>INFORMATIONS<\/strong> : Alkohol : 12,5% Vol &#8211; Hoher Umweltswert (HVE)<\/p>\n\n\n\n<div style=\"height:50px\" aria-hidden=\"true\" class=\"wp-block-spacer\"><\/div>\n\n\n\n<figure class=\"wp-block-gallery has-nested-images columns-default is-cropped wp-block-gallery-4 is-layout-flex wp-block-gallery-is-layout-flex\">\n<figure class=\"wp-block-image size-large\"><img loading=\"lazy\" decoding=\"async\" width=\"1024\" height=\"1024\" data-id=\"961\" src=\"https:\/\/www.chateaucarqueiranne.com\/wp-content\/uploads\/2025\/01\/HVE_exploitation_noir-1-1024x1024.png\" alt=\"\" class=\"wp-image-961\" srcset=\"https:\/\/www.chateaucarqueiranne.com\/wp-content\/uploads\/2025\/01\/HVE_exploitation_noir-1-1024x1024.png 1024w, https:\/\/www.chateaucarqueiranne.com\/wp-content\/uploads\/2025\/01\/HVE_exploitation_noir-1-450x450.png 450w, https:\/\/www.chateaucarqueiranne.com\/wp-content\/uploads\/2025\/01\/HVE_exploitation_noir-1-100x100.png 100w, https:\/\/www.chateaucarqueiranne.com\/wp-content\/uploads\/2025\/01\/HVE_exploitation_noir-1-600x600.png 600w, https:\/\/www.chateaucarqueiranne.com\/wp-content\/uploads\/2025\/01\/HVE_exploitation_noir-1-300x300.png 300w, https:\/\/www.chateaucarqueiranne.com\/wp-content\/uploads\/2025\/01\/HVE_exploitation_noir-1-150x150.png 150w, https:\/\/www.chateaucarqueiranne.com\/wp-content\/uploads\/2025\/01\/HVE_exploitation_noir-1-768x768.png 768w, https:\/\/www.chateaucarqueiranne.com\/wp-content\/uploads\/2025\/01\/HVE_exploitation_noir-1-1080x1080.png 1080w, https:\/\/www.chateaucarqueiranne.com\/wp-content\/uploads\/2025\/01\/HVE_exploitation_noir-1.png 1181w\" sizes=\"(max-width: 1024px) 100vw, 1024px\" \/><\/figure>\n\n\n\n<figure class=\"wp-block-image size-full\"><img loading=\"lazy\" decoding=\"async\" width=\"732\" height=\"490\" data-id=\"1090\" src=\"http:\/\/www.chateaucarqueiranne.com\/wp-content\/uploads\/2025\/02\/Capture-decran-2025-02-24-a-10.14.43.png\" alt=\"\" class=\"wp-image-1090\" srcset=\"https:\/\/www.chateaucarqueiranne.com\/wp-content\/uploads\/2025\/02\/Capture-decran-2025-02-24-a-10.14.43.png 732w, https:\/\/www.chateaucarqueiranne.com\/wp-content\/uploads\/2025\/02\/Capture-decran-2025-02-24-a-10.14.43-600x402.png 600w, https:\/\/www.chateaucarqueiranne.com\/wp-content\/uploads\/2025\/02\/Capture-decran-2025-02-24-a-10.14.43-300x201.png 300w\" sizes=\"(max-width: 732px) 100vw, 732px\" \/><\/figure>\n<\/figure>\n","protected":false},"excerpt":{"rendered":"<p>LAMOUR ros\u00e9, C\u00f4tes de Provence Eleganz in Nuancen LAMOUR Ros\u00e9 feiert die kostbaren Augenblicke und verk\u00f6rpert den Genusswein par excellence. Diese Cuv\u00e9e aus einer Assemblage von Grenache, Cinsault und Rolle enth\u00fcllt ein ausdrucksstarkes und exotisches Aromaprofil. Die Kunst der Weinbereitung LAMOUR Ros\u00e9 R\u00e9colt\u00e9s de nuit pour pr\u00e9server leur fra\u00eecheur, les raisins b\u00e9n\u00e9ficient d\u2019une vinification pr\u00e9cise. [&hellip;]<\/p>\n","protected":false},"author":1,"featured_media":0,"parent":0,"menu_order":0,"comment_status":"closed","ping_status":"closed","template":"","meta":{"saved_in_kubio":false,"footnotes":""},"class_list":["post-1436","page","type-page","status-publish","hentry"],"kubio_ai_page_context":{"short_desc":"","purpose":"general"},"yoast_head":"<!-- This site is optimized with the Yoast SEO plugin v27.4 - https:\/\/yoast.com\/product\/yoast-seo-wordpress\/ -->\n<title>Lamour Rose DE - CH\u00c2TEAU CARQUEIRANNE<\/title>\n<meta name=\"robots\" content=\"index, follow, max-snippet:-1, max-image-preview:large, max-video-preview:-1\" \/>\n<link rel=\"canonical\" href=\"https:\/\/www.chateaucarqueiranne.com\/index.php\/lamour-rose-de\/\" \/>\n<meta property=\"og:locale\" content=\"fr_FR\" \/>\n<meta property=\"og:type\" content=\"article\" \/>\n<meta property=\"og:title\" content=\"Lamour Rose DE - CH\u00c2TEAU CARQUEIRANNE\" \/>\n<meta property=\"og:description\" content=\"LAMOUR ros\u00e9, C\u00f4tes de Provence Eleganz in Nuancen LAMOUR Ros\u00e9 feiert die kostbaren Augenblicke und verk\u00f6rpert den Genusswein par excellence. Diese Cuv\u00e9e aus einer Assemblage von Grenache, Cinsault und Rolle enth\u00fcllt ein ausdrucksstarkes und exotisches Aromaprofil. Die Kunst der Weinbereitung LAMOUR Ros\u00e9 R\u00e9colt\u00e9s de nuit pour pr\u00e9server leur fra\u00eecheur, les raisins b\u00e9n\u00e9ficient d\u2019une vinification pr\u00e9cise. [&hellip;]\" \/>\n<meta property=\"og:url\" content=\"https:\/\/www.chateaucarqueiranne.com\/index.php\/lamour-rose-de\/\" \/>\n<meta property=\"og:site_name\" content=\"CH\u00c2TEAU CARQUEIRANNE\" \/>\n<meta property=\"article:modified_time\" content=\"2025-05-21T10:23:47+00:00\" \/>\n<meta property=\"og:image\" content=\"https:\/\/www.chateaucarqueiranne.com\/wp-content\/uploads\/2025\/02\/2-VPS-9-scaled.jpg\" \/>\n\t<meta property=\"og:image:width\" content=\"2560\" \/>\n\t<meta property=\"og:image:height\" content=\"1709\" \/>\n\t<meta property=\"og:image:type\" content=\"image\/jpeg\" \/>\n<meta name=\"twitter:card\" content=\"summary_large_image\" \/>\n<script type=\"application\/ld+json\" class=\"yoast-schema-graph\">{\"@context\":\"https:\\\/\\\/schema.org\",\"@graph\":[{\"@type\":\"WebPage\",\"@id\":\"https:\\\/\\\/www.chateaucarqueiranne.com\\\/index.php\\\/lamour-rose-de\\\/\",\"url\":\"https:\\\/\\\/www.chateaucarqueiranne.com\\\/index.php\\\/lamour-rose-de\\\/\",\"name\":\"Lamour Rose DE - CH\u00c2TEAU CARQUEIRANNE\",\"isPartOf\":{\"@id\":\"https:\\\/\\\/www.chateaucarqueiranne.com\\\/#website\"},\"primaryImageOfPage\":{\"@id\":\"https:\\\/\\\/www.chateaucarqueiranne.com\\\/index.php\\\/lamour-rose-de\\\/#primaryimage\"},\"image\":{\"@id\":\"https:\\\/\\\/www.chateaucarqueiranne.com\\\/index.php\\\/lamour-rose-de\\\/#primaryimage\"},\"thumbnailUrl\":\"http:\\\/\\\/www.chateaucarqueiranne.com\\\/wp-content\\\/uploads\\\/2025\\\/02\\\/2-VPS-9-1024x683.jpg\",\"datePublished\":\"2025-05-21T10:23:46+00:00\",\"dateModified\":\"2025-05-21T10:23:47+00:00\",\"breadcrumb\":{\"@id\":\"https:\\\/\\\/www.chateaucarqueiranne.com\\\/index.php\\\/lamour-rose-de\\\/#breadcrumb\"},\"inLanguage\":\"fr-FR\",\"potentialAction\":[{\"@type\":\"ReadAction\",\"target\":[\"https:\\\/\\\/www.chateaucarqueiranne.com\\\/index.php\\\/lamour-rose-de\\\/\"]}]},{\"@type\":\"ImageObject\",\"inLanguage\":\"fr-FR\",\"@id\":\"https:\\\/\\\/www.chateaucarqueiranne.com\\\/index.php\\\/lamour-rose-de\\\/#primaryimage\",\"url\":\"https:\\\/\\\/www.chateaucarqueiranne.com\\\/wp-content\\\/uploads\\\/2025\\\/02\\\/2-VPS-9-scaled.jpg\",\"contentUrl\":\"https:\\\/\\\/www.chateaucarqueiranne.com\\\/wp-content\\\/uploads\\\/2025\\\/02\\\/2-VPS-9-scaled.jpg\",\"width\":2560,\"height\":1709},{\"@type\":\"BreadcrumbList\",\"@id\":\"https:\\\/\\\/www.chateaucarqueiranne.com\\\/index.php\\\/lamour-rose-de\\\/#breadcrumb\",\"itemListElement\":[{\"@type\":\"ListItem\",\"position\":1,\"name\":\"Accueil\",\"item\":\"https:\\\/\\\/www.chateaucarqueiranne.com\\\/\"},{\"@type\":\"ListItem\",\"position\":2,\"name\":\"Lamour Rose DE\"}]},{\"@type\":\"WebSite\",\"@id\":\"https:\\\/\\\/www.chateaucarqueiranne.com\\\/#website\",\"url\":\"https:\\\/\\\/www.chateaucarqueiranne.com\\\/\",\"name\":\"CH\u00c2TEAU CARQUEIRANNE\",\"description\":\"C\u00f4tes de Provence  \",\"publisher\":{\"@id\":\"https:\\\/\\\/www.chateaucarqueiranne.com\\\/#organization\"},\"potentialAction\":[{\"@type\":\"SearchAction\",\"target\":{\"@type\":\"EntryPoint\",\"urlTemplate\":\"https:\\\/\\\/www.chateaucarqueiranne.com\\\/?s={search_term_string}\"},\"query-input\":{\"@type\":\"PropertyValueSpecification\",\"valueRequired\":true,\"valueName\":\"search_term_string\"}}],\"inLanguage\":\"fr-FR\"},{\"@type\":\"Organization\",\"@id\":\"https:\\\/\\\/www.chateaucarqueiranne.com\\\/#organization\",\"name\":\"CH\u00c2TEAU CARQUEIRANNE\",\"url\":\"https:\\\/\\\/www.chateaucarqueiranne.com\\\/\",\"logo\":{\"@type\":\"ImageObject\",\"inLanguage\":\"fr-FR\",\"@id\":\"https:\\\/\\\/www.chateaucarqueiranne.com\\\/#\\\/schema\\\/logo\\\/image\\\/\",\"url\":\"https:\\\/\\\/www.chateaucarqueiranne.com\\\/wp-content\\\/uploads\\\/2024\\\/05\\\/Typo-Chateau-Sans-fond-1-e1715849615235.png\",\"contentUrl\":\"https:\\\/\\\/www.chateaucarqueiranne.com\\\/wp-content\\\/uploads\\\/2024\\\/05\\\/Typo-Chateau-Sans-fond-1-e1715849615235.png\",\"width\":1890,\"height\":592,\"caption\":\"CH\u00c2TEAU CARQUEIRANNE\"},\"image\":{\"@id\":\"https:\\\/\\\/www.chateaucarqueiranne.com\\\/#\\\/schema\\\/logo\\\/image\\\/\"}}]}<\/script>\n<!-- \/ Yoast SEO plugin. -->","yoast_head_json":{"title":"Lamour Rose DE - CH\u00c2TEAU CARQUEIRANNE","robots":{"index":"index","follow":"follow","max-snippet":"max-snippet:-1","max-image-preview":"max-image-preview:large","max-video-preview":"max-video-preview:-1"},"canonical":"https:\/\/www.chateaucarqueiranne.com\/index.php\/lamour-rose-de\/","og_locale":"fr_FR","og_type":"article","og_title":"Lamour Rose DE - CH\u00c2TEAU CARQUEIRANNE","og_description":"LAMOUR ros\u00e9, C\u00f4tes de Provence Eleganz in Nuancen LAMOUR Ros\u00e9 feiert die kostbaren Augenblicke und verk\u00f6rpert den Genusswein par excellence. Diese Cuv\u00e9e aus einer Assemblage von Grenache, Cinsault und Rolle enth\u00fcllt ein ausdrucksstarkes und exotisches Aromaprofil. Die Kunst der Weinbereitung LAMOUR Ros\u00e9 R\u00e9colt\u00e9s de nuit pour pr\u00e9server leur fra\u00eecheur, les raisins b\u00e9n\u00e9ficient d\u2019une vinification pr\u00e9cise. [&hellip;]","og_url":"https:\/\/www.chateaucarqueiranne.com\/index.php\/lamour-rose-de\/","og_site_name":"CH\u00c2TEAU CARQUEIRANNE","article_modified_time":"2025-05-21T10:23:47+00:00","og_image":[{"width":2560,"height":1709,"url":"https:\/\/www.chateaucarqueiranne.com\/wp-content\/uploads\/2025\/02\/2-VPS-9-scaled.jpg","type":"image\/jpeg"}],"twitter_card":"summary_large_image","schema":{"@context":"https:\/\/schema.org","@graph":[{"@type":"WebPage","@id":"https:\/\/www.chateaucarqueiranne.com\/index.php\/lamour-rose-de\/","url":"https:\/\/www.chateaucarqueiranne.com\/index.php\/lamour-rose-de\/","name":"Lamour Rose DE - CH\u00c2TEAU CARQUEIRANNE","isPartOf":{"@id":"https:\/\/www.chateaucarqueiranne.com\/#website"},"primaryImageOfPage":{"@id":"https:\/\/www.chateaucarqueiranne.com\/index.php\/lamour-rose-de\/#primaryimage"},"image":{"@id":"https:\/\/www.chateaucarqueiranne.com\/index.php\/lamour-rose-de\/#primaryimage"},"thumbnailUrl":"http:\/\/www.chateaucarqueiranne.com\/wp-content\/uploads\/2025\/02\/2-VPS-9-1024x683.jpg","datePublished":"2025-05-21T10:23:46+00:00","dateModified":"2025-05-21T10:23:47+00:00","breadcrumb":{"@id":"https:\/\/www.chateaucarqueiranne.com\/index.php\/lamour-rose-de\/#breadcrumb"},"inLanguage":"fr-FR","potentialAction":[{"@type":"ReadAction","target":["https:\/\/www.chateaucarqueiranne.com\/index.php\/lamour-rose-de\/"]}]},{"@type":"ImageObject","inLanguage":"fr-FR","@id":"https:\/\/www.chateaucarqueiranne.com\/index.php\/lamour-rose-de\/#primaryimage","url":"https:\/\/www.chateaucarqueiranne.com\/wp-content\/uploads\/2025\/02\/2-VPS-9-scaled.jpg","contentUrl":"https:\/\/www.chateaucarqueiranne.com\/wp-content\/uploads\/2025\/02\/2-VPS-9-scaled.jpg","width":2560,"height":1709},{"@type":"BreadcrumbList","@id":"https:\/\/www.chateaucarqueiranne.com\/index.php\/lamour-rose-de\/#breadcrumb","itemListElement":[{"@type":"ListItem","position":1,"name":"Accueil","item":"https:\/\/www.chateaucarqueiranne.com\/"},{"@type":"ListItem","position":2,"name":"Lamour Rose DE"}]},{"@type":"WebSite","@id":"https:\/\/www.chateaucarqueiranne.com\/#website","url":"https:\/\/www.chateaucarqueiranne.com\/","name":"CH\u00c2TEAU CARQUEIRANNE","description":"C\u00f4tes de Provence  ","publisher":{"@id":"https:\/\/www.chateaucarqueiranne.com\/#organization"},"potentialAction":[{"@type":"SearchAction","target":{"@type":"EntryPoint","urlTemplate":"https:\/\/www.chateaucarqueiranne.com\/?s={search_term_string}"},"query-input":{"@type":"PropertyValueSpecification","valueRequired":true,"valueName":"search_term_string"}}],"inLanguage":"fr-FR"},{"@type":"Organization","@id":"https:\/\/www.chateaucarqueiranne.com\/#organization","name":"CH\u00c2TEAU CARQUEIRANNE","url":"https:\/\/www.chateaucarqueiranne.com\/","logo":{"@type":"ImageObject","inLanguage":"fr-FR","@id":"https:\/\/www.chateaucarqueiranne.com\/#\/schema\/logo\/image\/","url":"https:\/\/www.chateaucarqueiranne.com\/wp-content\/uploads\/2024\/05\/Typo-Chateau-Sans-fond-1-e1715849615235.png","contentUrl":"https:\/\/www.chateaucarqueiranne.com\/wp-content\/uploads\/2024\/05\/Typo-Chateau-Sans-fond-1-e1715849615235.png","width":1890,"height":592,"caption":"CH\u00c2TEAU CARQUEIRANNE"},"image":{"@id":"https:\/\/www.chateaucarqueiranne.com\/#\/schema\/logo\/image\/"}}]}},"_links":{"self":[{"href":"https:\/\/www.chateaucarqueiranne.com\/index.php\/wp-json\/wp\/v2\/pages\/1436","targetHints":{"allow":["GET"]}}],"collection":[{"href":"https:\/\/www.chateaucarqueiranne.com\/index.php\/wp-json\/wp\/v2\/pages"}],"about":[{"href":"https:\/\/www.chateaucarqueiranne.com\/index.php\/wp-json\/wp\/v2\/types\/page"}],"author":[{"embeddable":true,"href":"https:\/\/www.chateaucarqueiranne.com\/index.php\/wp-json\/wp\/v2\/users\/1"}],"replies":[{"embeddable":true,"href":"https:\/\/www.chateaucarqueiranne.com\/index.php\/wp-json\/wp\/v2\/comments?post=1436"}],"version-history":[{"count":3,"href":"https:\/\/www.chateaucarqueiranne.com\/index.php\/wp-json\/wp\/v2\/pages\/1436\/revisions"}],"predecessor-version":[{"id":1480,"href":"https:\/\/www.chateaucarqueiranne.com\/index.php\/wp-json\/wp\/v2\/pages\/1436\/revisions\/1480"}],"wp:attachment":[{"href":"https:\/\/www.chateaucarqueiranne.com\/index.php\/wp-json\/wp\/v2\/media?parent=1436"}],"curies":[{"name":"wp","href":"https:\/\/api.w.org\/{rel}","templated":true}]}}