{"id":1428,"date":"2025-05-21T12:17:53","date_gmt":"2025-05-21T10:17:53","guid":{"rendered":"https:\/\/www.chateaucarqueiranne.com\/?page_id=1428"},"modified":"2025-05-21T12:17:53","modified_gmt":"2025-05-21T10:17:53","slug":"cocktail-und-lichter-de","status":"publish","type":"page","link":"https:\/\/www.chateaucarqueiranne.com\/index.php\/cocktail-und-lichter-de\/","title":{"rendered":"Cocktail und Lichter DE"},"content":{"rendered":"\n<div class=\"wp-block-buttons is-content-justification-right is-layout-flex wp-container-core-buttons-is-layout-d445cf74 wp-block-buttons-is-layout-flex\">\n<div class=\"wp-block-button is-style-outline is-style-outline--1\"><a class=\"wp-block-button__link wp-element-button\" href=\"https:\/\/www.chateaucarqueiranne.com\/index.php\/en\/cocktail-lumieres-at-chateau-carqueiranne\/\">EN \ud83c\uddfa\ud83c\uddf8<\/a><\/div>\n\n\n\n<div class=\"wp-block-button is-style-outline is-style-outline--2\"><a class=\"wp-block-button__link wp-element-button\" href=\"https:\/\/www.chateaucarqueiranne.com\/index.php\/cocktail-lumieres-au-chateau-carqueiranne\/\">FR \ud83c\uddeb\ud83c\uddf7<\/a><\/div>\n<\/div>\n\n\n\n<h2 class=\"wp-block-heading has-text-align-center\" style=\"font-size:2.8rem\">Cocktail und Lichter im Ch\u00e2teau Carqueiranne<\/h2>\n\n\n\n\n\n<figure class=\"wp-block-image size-full\"><img loading=\"lazy\" decoding=\"async\" width=\"2560\" height=\"1920\" src=\"http:\/\/www.chateaucarqueiranne.com\/wp-content\/uploads\/2024\/12\/IMG_9635-1-scaled.jpg\" alt=\"Fa\u00e7ade du Ch\u00e2teau Carqueiranne illumin\u00e9 pour l'\u00e9v\u00e9nement Cocktail &amp; Lumi\u00e8res.\" class=\"wp-image-904\" srcset=\"https:\/\/www.chateaucarqueiranne.com\/wp-content\/uploads\/2024\/12\/IMG_9635-1-scaled.jpg 2560w, https:\/\/www.chateaucarqueiranne.com\/wp-content\/uploads\/2024\/12\/IMG_9635-1-300x225.jpg 300w, https:\/\/www.chateaucarqueiranne.com\/wp-content\/uploads\/2024\/12\/IMG_9635-1-1024x768.jpg 1024w, https:\/\/www.chateaucarqueiranne.com\/wp-content\/uploads\/2024\/12\/IMG_9635-1-768x576.jpg 768w\" sizes=\"(max-width: 2560px) 100vw, 2560px\" \/><\/figure>\n\n\n\n\n\n<p>Erhellen Sie diesen Winter Ihre Abende mit den Donnerstags Cocktail &amp; Lichter im Ch\u00e2teau Carqueiranne. Eine Veranstaltung, bei der sich der Charme des Ch\u00e2teau Carqueiranne mit warmen und leuchtenden Momenten verbindet.<\/p>\n\n\n\n<p>Machen Sie es sich neben den Feuerk\u00f6rben gem\u00fctlich und genie\u00dfen Sie exklusive Cocktails auf der Basis unseres Ros\u00e9weines Ch\u00e2teau Carqueiranne C\u00f4tes de Provence. Genie\u00dfen Sie raffinierte H\u00e4ppchen, w\u00e4hrend Sie das Lichtspiel auf der Fassade des Schlosses betrachten.<\/p>\n\n\n\n\n\n\n\n\n\n<p>Als Erinnerung an dieses Ereignis geht jeder Gast mit einem Glas mit dem Siebdruck des Ch\u00e2teau Carqueiranne nach Hause.<\/p>\n\n\n\n<p>Um die Intimit\u00e4t und Geselligkeit dieses Abends zu wahren, ist die Anzahl der Pl\u00e4tze begrenzt. Wir bitten Sie, bereits jetzt zu reservieren.<\/p>\n\n\n\n<div style=\"height:48px\" aria-hidden=\"true\" class=\"wp-block-spacer\"><\/div>\n\n\n\n<div class=\"wp-block-buttons is-layout-flex wp-block-buttons-is-layout-flex\">\n<div class=\"wp-block-button is-style-outline is-style-outline--3\"><a class=\"wp-block-button__link has-text-align-center wp-element-button\" href=\"https:\/\/www.eventbrite.fr\/e\/cocktail-lumieres-tickets-1304042529309?aff=oddtdtcreator&amp;fbclid=PAZXh0bgNhZW0CMTEAAaZx_M2MPij97mvn8G6FktDSSDVSerBcIMdmf4B06QznR_d14LTatiA7q58_aem_vL-ySL90kKWygoQDKf9p5A\" target=\"_blank\" rel=\"noreferrer noopener\">Reservieren Sie jetzt Ihren Platz<\/a><\/div>\n<\/div>\n","protected":false},"excerpt":{"rendered":"<p>Cocktail und Lichter im Ch\u00e2teau Carqueiranne Erhellen Sie diesen Winter Ihre Abende mit den Donnerstags Cocktail &amp; Lichter im Ch\u00e2teau Carqueiranne. Eine Veranstaltung, bei der sich der Charme des Ch\u00e2teau Carqueiranne mit warmen und leuchtenden Momenten verbindet. Machen Sie es sich neben den Feuerk\u00f6rben gem\u00fctlich und genie\u00dfen Sie exklusive Cocktails auf der Basis unseres Ros\u00e9weines [&hellip;]<\/p>\n","protected":false},"author":1,"featured_media":0,"parent":0,"menu_order":0,"comment_status":"closed","ping_status":"closed","template":"","meta":{"saved_in_kubio":false,"footnotes":""},"class_list":["post-1428","page","type-page","status-publish","hentry"],"kubio_ai_page_context":{"short_desc":"","purpose":"general"},"yoast_head":"<!-- This site is optimized with the Yoast SEO plugin v27.4 - https:\/\/yoast.com\/product\/yoast-seo-wordpress\/ -->\n<title>Cocktail und Lichter DE - CH\u00c2TEAU CARQUEIRANNE<\/title>\n<meta name=\"robots\" content=\"index, follow, max-snippet:-1, max-image-preview:large, max-video-preview:-1\" \/>\n<link rel=\"canonical\" href=\"https:\/\/www.chateaucarqueiranne.com\/index.php\/cocktail-und-lichter-de\/\" \/>\n<meta property=\"og:locale\" content=\"fr_FR\" \/>\n<meta property=\"og:type\" content=\"article\" \/>\n<meta property=\"og:title\" content=\"Cocktail und Lichter DE - CH\u00c2TEAU CARQUEIRANNE\" \/>\n<meta property=\"og:description\" content=\"Cocktail und Lichter im Ch\u00e2teau Carqueiranne Erhellen Sie diesen Winter Ihre Abende mit den Donnerstags Cocktail &amp; Lichter im Ch\u00e2teau Carqueiranne. Eine Veranstaltung, bei der sich der Charme des Ch\u00e2teau Carqueiranne mit warmen und leuchtenden Momenten verbindet. Machen Sie es sich neben den Feuerk\u00f6rben gem\u00fctlich und genie\u00dfen Sie exklusive Cocktails auf der Basis unseres Ros\u00e9weines [&hellip;]\" \/>\n<meta property=\"og:url\" content=\"https:\/\/www.chateaucarqueiranne.com\/index.php\/cocktail-und-lichter-de\/\" \/>\n<meta property=\"og:site_name\" content=\"CH\u00c2TEAU CARQUEIRANNE\" \/>\n<meta name=\"twitter:card\" content=\"summary_large_image\" \/>\n<meta name=\"twitter:label1\" content=\"Dur\u00e9e de lecture estim\u00e9e\" \/>\n\t<meta name=\"twitter:data1\" content=\"1 minute\" \/>\n<script type=\"application\/ld+json\" class=\"yoast-schema-graph\">{\"@context\":\"https:\\\/\\\/schema.org\",\"@graph\":[{\"@type\":\"WebPage\",\"@id\":\"https:\\\/\\\/www.chateaucarqueiranne.com\\\/index.php\\\/cocktail-und-lichter-de\\\/\",\"url\":\"https:\\\/\\\/www.chateaucarqueiranne.com\\\/index.php\\\/cocktail-und-lichter-de\\\/\",\"name\":\"Cocktail und Lichter DE - CH\u00c2TEAU CARQUEIRANNE\",\"isPartOf\":{\"@id\":\"https:\\\/\\\/www.chateaucarqueiranne.com\\\/#website\"},\"primaryImageOfPage\":{\"@id\":\"https:\\\/\\\/www.chateaucarqueiranne.com\\\/index.php\\\/cocktail-und-lichter-de\\\/#primaryimage\"},\"image\":{\"@id\":\"https:\\\/\\\/www.chateaucarqueiranne.com\\\/index.php\\\/cocktail-und-lichter-de\\\/#primaryimage\"},\"thumbnailUrl\":\"http:\\\/\\\/www.chateaucarqueiranne.com\\\/wp-content\\\/uploads\\\/2024\\\/12\\\/IMG_9635-1-scaled.jpg\",\"datePublished\":\"2025-05-21T10:17:53+00:00\",\"breadcrumb\":{\"@id\":\"https:\\\/\\\/www.chateaucarqueiranne.com\\\/index.php\\\/cocktail-und-lichter-de\\\/#breadcrumb\"},\"inLanguage\":\"fr-FR\",\"potentialAction\":[{\"@type\":\"ReadAction\",\"target\":[\"https:\\\/\\\/www.chateaucarqueiranne.com\\\/index.php\\\/cocktail-und-lichter-de\\\/\"]}]},{\"@type\":\"ImageObject\",\"inLanguage\":\"fr-FR\",\"@id\":\"https:\\\/\\\/www.chateaucarqueiranne.com\\\/index.php\\\/cocktail-und-lichter-de\\\/#primaryimage\",\"url\":\"https:\\\/\\\/www.chateaucarqueiranne.com\\\/wp-content\\\/uploads\\\/2024\\\/12\\\/IMG_9635-1-scaled.jpg\",\"contentUrl\":\"https:\\\/\\\/www.chateaucarqueiranne.com\\\/wp-content\\\/uploads\\\/2024\\\/12\\\/IMG_9635-1-scaled.jpg\",\"width\":2560,\"height\":1920},{\"@type\":\"BreadcrumbList\",\"@id\":\"https:\\\/\\\/www.chateaucarqueiranne.com\\\/index.php\\\/cocktail-und-lichter-de\\\/#breadcrumb\",\"itemListElement\":[{\"@type\":\"ListItem\",\"position\":1,\"name\":\"Accueil\",\"item\":\"https:\\\/\\\/www.chateaucarqueiranne.com\\\/\"},{\"@type\":\"ListItem\",\"position\":2,\"name\":\"Cocktail und Lichter DE\"}]},{\"@type\":\"WebSite\",\"@id\":\"https:\\\/\\\/www.chateaucarqueiranne.com\\\/#website\",\"url\":\"https:\\\/\\\/www.chateaucarqueiranne.com\\\/\",\"name\":\"CH\u00c2TEAU CARQUEIRANNE\",\"description\":\"C\u00f4tes de Provence  \",\"publisher\":{\"@id\":\"https:\\\/\\\/www.chateaucarqueiranne.com\\\/#organization\"},\"potentialAction\":[{\"@type\":\"SearchAction\",\"target\":{\"@type\":\"EntryPoint\",\"urlTemplate\":\"https:\\\/\\\/www.chateaucarqueiranne.com\\\/?s={search_term_string}\"},\"query-input\":{\"@type\":\"PropertyValueSpecification\",\"valueRequired\":true,\"valueName\":\"search_term_string\"}}],\"inLanguage\":\"fr-FR\"},{\"@type\":\"Organization\",\"@id\":\"https:\\\/\\\/www.chateaucarqueiranne.com\\\/#organization\",\"name\":\"CH\u00c2TEAU CARQUEIRANNE\",\"url\":\"https:\\\/\\\/www.chateaucarqueiranne.com\\\/\",\"logo\":{\"@type\":\"ImageObject\",\"inLanguage\":\"fr-FR\",\"@id\":\"https:\\\/\\\/www.chateaucarqueiranne.com\\\/#\\\/schema\\\/logo\\\/image\\\/\",\"url\":\"https:\\\/\\\/www.chateaucarqueiranne.com\\\/wp-content\\\/uploads\\\/2024\\\/05\\\/Typo-Chateau-Sans-fond-1-e1715849615235.png\",\"contentUrl\":\"https:\\\/\\\/www.chateaucarqueiranne.com\\\/wp-content\\\/uploads\\\/2024\\\/05\\\/Typo-Chateau-Sans-fond-1-e1715849615235.png\",\"width\":1890,\"height\":592,\"caption\":\"CH\u00c2TEAU CARQUEIRANNE\"},\"image\":{\"@id\":\"https:\\\/\\\/www.chateaucarqueiranne.com\\\/#\\\/schema\\\/logo\\\/image\\\/\"}}]}<\/script>\n<!-- \/ Yoast SEO plugin. -->","yoast_head_json":{"title":"Cocktail und Lichter DE - CH\u00c2TEAU CARQUEIRANNE","robots":{"index":"index","follow":"follow","max-snippet":"max-snippet:-1","max-image-preview":"max-image-preview:large","max-video-preview":"max-video-preview:-1"},"canonical":"https:\/\/www.chateaucarqueiranne.com\/index.php\/cocktail-und-lichter-de\/","og_locale":"fr_FR","og_type":"article","og_title":"Cocktail und Lichter DE - CH\u00c2TEAU CARQUEIRANNE","og_description":"Cocktail und Lichter im Ch\u00e2teau Carqueiranne Erhellen Sie diesen Winter Ihre Abende mit den Donnerstags Cocktail &amp; Lichter im Ch\u00e2teau Carqueiranne. Eine Veranstaltung, bei der sich der Charme des Ch\u00e2teau Carqueiranne mit warmen und leuchtenden Momenten verbindet. Machen Sie es sich neben den Feuerk\u00f6rben gem\u00fctlich und genie\u00dfen Sie exklusive Cocktails auf der Basis unseres Ros\u00e9weines [&hellip;]","og_url":"https:\/\/www.chateaucarqueiranne.com\/index.php\/cocktail-und-lichter-de\/","og_site_name":"CH\u00c2TEAU CARQUEIRANNE","twitter_card":"summary_large_image","twitter_misc":{"Dur\u00e9e de lecture estim\u00e9e":"1 minute"},"schema":{"@context":"https:\/\/schema.org","@graph":[{"@type":"WebPage","@id":"https:\/\/www.chateaucarqueiranne.com\/index.php\/cocktail-und-lichter-de\/","url":"https:\/\/www.chateaucarqueiranne.com\/index.php\/cocktail-und-lichter-de\/","name":"Cocktail und Lichter DE - CH\u00c2TEAU CARQUEIRANNE","isPartOf":{"@id":"https:\/\/www.chateaucarqueiranne.com\/#website"},"primaryImageOfPage":{"@id":"https:\/\/www.chateaucarqueiranne.com\/index.php\/cocktail-und-lichter-de\/#primaryimage"},"image":{"@id":"https:\/\/www.chateaucarqueiranne.com\/index.php\/cocktail-und-lichter-de\/#primaryimage"},"thumbnailUrl":"http:\/\/www.chateaucarqueiranne.com\/wp-content\/uploads\/2024\/12\/IMG_9635-1-scaled.jpg","datePublished":"2025-05-21T10:17:53+00:00","breadcrumb":{"@id":"https:\/\/www.chateaucarqueiranne.com\/index.php\/cocktail-und-lichter-de\/#breadcrumb"},"inLanguage":"fr-FR","potentialAction":[{"@type":"ReadAction","target":["https:\/\/www.chateaucarqueiranne.com\/index.php\/cocktail-und-lichter-de\/"]}]},{"@type":"ImageObject","inLanguage":"fr-FR","@id":"https:\/\/www.chateaucarqueiranne.com\/index.php\/cocktail-und-lichter-de\/#primaryimage","url":"https:\/\/www.chateaucarqueiranne.com\/wp-content\/uploads\/2024\/12\/IMG_9635-1-scaled.jpg","contentUrl":"https:\/\/www.chateaucarqueiranne.com\/wp-content\/uploads\/2024\/12\/IMG_9635-1-scaled.jpg","width":2560,"height":1920},{"@type":"BreadcrumbList","@id":"https:\/\/www.chateaucarqueiranne.com\/index.php\/cocktail-und-lichter-de\/#breadcrumb","itemListElement":[{"@type":"ListItem","position":1,"name":"Accueil","item":"https:\/\/www.chateaucarqueiranne.com\/"},{"@type":"ListItem","position":2,"name":"Cocktail und Lichter DE"}]},{"@type":"WebSite","@id":"https:\/\/www.chateaucarqueiranne.com\/#website","url":"https:\/\/www.chateaucarqueiranne.com\/","name":"CH\u00c2TEAU CARQUEIRANNE","description":"C\u00f4tes de Provence  ","publisher":{"@id":"https:\/\/www.chateaucarqueiranne.com\/#organization"},"potentialAction":[{"@type":"SearchAction","target":{"@type":"EntryPoint","urlTemplate":"https:\/\/www.chateaucarqueiranne.com\/?s={search_term_string}"},"query-input":{"@type":"PropertyValueSpecification","valueRequired":true,"valueName":"search_term_string"}}],"inLanguage":"fr-FR"},{"@type":"Organization","@id":"https:\/\/www.chateaucarqueiranne.com\/#organization","name":"CH\u00c2TEAU CARQUEIRANNE","url":"https:\/\/www.chateaucarqueiranne.com\/","logo":{"@type":"ImageObject","inLanguage":"fr-FR","@id":"https:\/\/www.chateaucarqueiranne.com\/#\/schema\/logo\/image\/","url":"https:\/\/www.chateaucarqueiranne.com\/wp-content\/uploads\/2024\/05\/Typo-Chateau-Sans-fond-1-e1715849615235.png","contentUrl":"https:\/\/www.chateaucarqueiranne.com\/wp-content\/uploads\/2024\/05\/Typo-Chateau-Sans-fond-1-e1715849615235.png","width":1890,"height":592,"caption":"CH\u00c2TEAU CARQUEIRANNE"},"image":{"@id":"https:\/\/www.chateaucarqueiranne.com\/#\/schema\/logo\/image\/"}}]}},"_links":{"self":[{"href":"https:\/\/www.chateaucarqueiranne.com\/index.php\/wp-json\/wp\/v2\/pages\/1428","targetHints":{"allow":["GET"]}}],"collection":[{"href":"https:\/\/www.chateaucarqueiranne.com\/index.php\/wp-json\/wp\/v2\/pages"}],"about":[{"href":"https:\/\/www.chateaucarqueiranne.com\/index.php\/wp-json\/wp\/v2\/types\/page"}],"author":[{"embeddable":true,"href":"https:\/\/www.chateaucarqueiranne.com\/index.php\/wp-json\/wp\/v2\/users\/1"}],"replies":[{"embeddable":true,"href":"https:\/\/www.chateaucarqueiranne.com\/index.php\/wp-json\/wp\/v2\/comments?post=1428"}],"version-history":[{"count":3,"href":"https:\/\/www.chateaucarqueiranne.com\/index.php\/wp-json\/wp\/v2\/pages\/1428\/revisions"}],"predecessor-version":[{"id":1483,"href":"https:\/\/www.chateaucarqueiranne.com\/index.php\/wp-json\/wp\/v2\/pages\/1428\/revisions\/1483"}],"wp:attachment":[{"href":"https:\/\/www.chateaucarqueiranne.com\/index.php\/wp-json\/wp\/v2\/media?parent=1428"}],"curies":[{"name":"wp","href":"https:\/\/api.w.org\/{rel}","templated":true}]}}