{"id":1421,"date":"2025-05-21T12:16:59","date_gmt":"2025-05-21T10:16:59","guid":{"rendered":"https:\/\/www.chateaucarqueiranne.com\/?page_id=1421"},"modified":"2025-05-29T12:08:01","modified_gmt":"2025-05-29T10:08:01","slug":"klavierfestival-de","status":"publish","type":"page","link":"https:\/\/www.chateaucarqueiranne.com\/index.php\/klavierfestival-de\/","title":{"rendered":"KlavierFestival DE"},"content":{"rendered":"\n<div class=\"wp-block-buttons is-content-justification-right is-layout-flex wp-container-core-buttons-is-layout-d445cf74 wp-block-buttons-is-layout-flex\">\n<div class=\"wp-block-button is-style-outline is-style-outline--1\"><a class=\"wp-block-button__link wp-element-button\" href=\"https:\/\/www.chateaucarqueiranne.com\/index.php\/festival-de-piano-au-chateau-carqueiranne\/\">FR \ud83c\uddeb\ud83c\uddf7<\/a><\/div>\n\n\n\n<div class=\"wp-block-button is-style-outline is-style-outline--2\"><a class=\"wp-block-button__link wp-element-button\" href=\"https:\/\/www.chateaucarqueiranne.com\/index.php\/festival-de-piano-au-chateau-carqueiranne\/\">EN \ud83c\uddfa\ud83c\uddf8<\/a><\/div>\n<\/div>\n\n\n\n<h2 class=\"wp-block-heading has-text-align-center\">Klavierfestival im Ch\u00e2teau Carqueiranne<\/h2>\n\n\n\n\n\n<figure class=\"wp-block-video\"><video height=\"480\" style=\"aspect-ratio: 848 \/ 480;\" width=\"848\" autoplay controls muted src=\"https:\/\/www.chateaucarqueiranne.com\/wp-content\/uploads\/2025\/05\/589d38df-c24d-46ec-af78-6781b22c0a35-3.mov\"><\/video><\/figure>\n\n\n\n<p>Kleiden Sie sich in <strong>Ihrer elegantesten Abendroben <\/strong>weil, am 30. und 31. Mai \u00f6ffnet <strong>Ch\u00e2teau Carqueiranne <\/strong>seine T\u00fcren f\u00fcr das Klavierfestival, das Virtuosit\u00e4t, Kulturerbe und Lebenskunst vereint.<\/p>\n\n\n\n<p>Im Herzen der Weinberge und mit Blick auf das Meer bietet das<strong> Klavierfestival<\/strong> einen raffinierten Abend mit Musik und elegantem Wein. Ein talentierter Pianist spielt klassische und zeitgen\u00f6ssische Werke in einem intimen und bezaubernden Rahmen unter freiem Himmel.<\/p>\n\n\n\n<p>W\u00e4hrend des gesamten Abends k\u00f6nnen Sie unsere<strong> Cuv\u00e9es von LAMOUR und Ch\u00e2teau Carqueiranne<\/strong> verkosten, begleitet von den von unserer Gastronomie entwickelten Speisen- und Weinkombinationen.<\/p>\n\n\n\n\n\n<p>Ein echter Fl\u00fcgel begleitet den K\u00fcnstler und bietet den ganzen Reichtum und die Tiefe eines Konzertinstruments. Seine subtilen Nuancen treten in einen Dialog mit dem Ort und laden jede Note ein, aufrichtig und emotional zu erklingen.<\/p>\n\n\n\n<p>Gegen\u00fcber der Kapelle befindet sich eine echte B\u00fchne, auf der die Auff\u00fchrung in einem einfachen und zugleich majest\u00e4tischen Rahmen stattfindet. Unter freiem Himmel, umgeben von Natur und Geschichte, findet die Musik ihre Schatulle und der Augenblick wird magisch.<\/p>\n\n\n\n<p>Reservieren Sie jetzt Ihren Abend und lassen Sie sich \u00fcberraschen, was Sie diesen Sommer im Ch\u00e2teau Carqueiranne erwartet.<\/p>\n\n\n\n<div class=\"wp-block-buttons is-layout-flex wp-block-buttons-is-layout-flex\">\n<div class=\"wp-block-button is-style-outline is-style-outline--3\"><a class=\"wp-block-button__link wp-element-button\" href=\"https:\/\/www.eventbrite.com\/d\/france--carqueiranne\/chateau-carqueiranne\/?msockid=11846b569c4f6ae005197fbe9daf6bfa&amp;page=1&amp;hash=ff394ca65d2c6d8e959bcf42cae78e2d\" target=\"_blank\" rel=\"noreferrer noopener\">Reservieren Sie jetzt Ihren Platz<\/a><\/div>\n<\/div>\n\n\n\n\n\n<div class=\"wp-block-buttons is-layout-flex wp-block-buttons-is-layout-flex\">\n<div class=\"wp-block-button is-style-outline is-style-outline--4\"><a class=\"wp-block-button__link wp-element-button\" href=\"https:\/\/www.eventbrite.com\/d\/france--carqueiranne\/chateau-carqueiranne\/?msockid=11846b569c4f6ae005197fbe9daf6bfa&amp;page=1&amp;hash=ff394ca65d2c6d8e959bcf42cae78e2d\">Reservieren Sie jetzt Ihren Platz<\/a><\/div>\n<\/div>\n","protected":false},"excerpt":{"rendered":"<p>Klavierfestival im Ch\u00e2teau Carqueiranne Kleiden Sie sich in Ihrer elegantesten Abendroben weil, am 30. und 31. Mai \u00f6ffnet Ch\u00e2teau Carqueiranne seine T\u00fcren f\u00fcr das Klavierfestival, das Virtuosit\u00e4t, Kulturerbe und Lebenskunst vereint. Im Herzen der Weinberge und mit Blick auf das Meer bietet das Klavierfestival einen raffinierten Abend mit Musik und elegantem Wein. Ein talentierter Pianist [&hellip;]<\/p>\n","protected":false},"author":1,"featured_media":0,"parent":0,"menu_order":0,"comment_status":"closed","ping_status":"closed","template":"","meta":{"saved_in_kubio":false,"footnotes":""},"class_list":["post-1421","page","type-page","status-publish","hentry"],"kubio_ai_page_context":{"short_desc":"","purpose":"general"},"yoast_head":"<!-- This site is optimized with the Yoast SEO plugin v27.2 - https:\/\/yoast.com\/product\/yoast-seo-wordpress\/ -->\n<title>KlavierFestival DE - CH\u00c2TEAU CARQUEIRANNE<\/title>\n<meta name=\"robots\" content=\"index, follow, max-snippet:-1, max-image-preview:large, max-video-preview:-1\" \/>\n<link rel=\"canonical\" href=\"https:\/\/www.chateaucarqueiranne.com\/index.php\/klavierfestival-de\/\" \/>\n<meta property=\"og:locale\" content=\"fr_FR\" \/>\n<meta property=\"og:type\" content=\"article\" \/>\n<meta property=\"og:title\" content=\"KlavierFestival DE - CH\u00c2TEAU CARQUEIRANNE\" \/>\n<meta property=\"og:description\" content=\"Klavierfestival im Ch\u00e2teau Carqueiranne Kleiden Sie sich in Ihrer elegantesten Abendroben weil, am 30. und 31. Mai \u00f6ffnet Ch\u00e2teau Carqueiranne seine T\u00fcren f\u00fcr das Klavierfestival, das Virtuosit\u00e4t, Kulturerbe und Lebenskunst vereint. Im Herzen der Weinberge und mit Blick auf das Meer bietet das Klavierfestival einen raffinierten Abend mit Musik und elegantem Wein. Ein talentierter Pianist [&hellip;]\" \/>\n<meta property=\"og:url\" content=\"https:\/\/www.chateaucarqueiranne.com\/index.php\/klavierfestival-de\/\" \/>\n<meta property=\"og:site_name\" content=\"CH\u00c2TEAU CARQUEIRANNE\" \/>\n<meta property=\"article:modified_time\" content=\"2025-05-29T10:08:01+00:00\" \/>\n<meta name=\"twitter:card\" content=\"summary_large_image\" \/>\n<meta name=\"twitter:label1\" content=\"Dur\u00e9e de lecture estim\u00e9e\" \/>\n\t<meta name=\"twitter:data1\" content=\"2 minutes\" \/>\n<script type=\"application\/ld+json\" class=\"yoast-schema-graph\">{\"@context\":\"https:\/\/schema.org\",\"@graph\":[{\"@type\":\"WebPage\",\"@id\":\"https:\/\/www.chateaucarqueiranne.com\/index.php\/klavierfestival-de\/\",\"url\":\"https:\/\/www.chateaucarqueiranne.com\/index.php\/klavierfestival-de\/\",\"name\":\"KlavierFestival DE - CH\u00c2TEAU CARQUEIRANNE\",\"isPartOf\":{\"@id\":\"https:\/\/www.chateaucarqueiranne.com\/#website\"},\"datePublished\":\"2025-05-21T10:16:59+00:00\",\"dateModified\":\"2025-05-29T10:08:01+00:00\",\"breadcrumb\":{\"@id\":\"https:\/\/www.chateaucarqueiranne.com\/index.php\/klavierfestival-de\/#breadcrumb\"},\"inLanguage\":\"fr-FR\",\"potentialAction\":[{\"@type\":\"ReadAction\",\"target\":[\"https:\/\/www.chateaucarqueiranne.com\/index.php\/klavierfestival-de\/\"]}]},{\"@type\":\"BreadcrumbList\",\"@id\":\"https:\/\/www.chateaucarqueiranne.com\/index.php\/klavierfestival-de\/#breadcrumb\",\"itemListElement\":[{\"@type\":\"ListItem\",\"position\":1,\"name\":\"Accueil\",\"item\":\"https:\/\/www.chateaucarqueiranne.com\/\"},{\"@type\":\"ListItem\",\"position\":2,\"name\":\"KlavierFestival DE\"}]},{\"@type\":\"WebSite\",\"@id\":\"https:\/\/www.chateaucarqueiranne.com\/#website\",\"url\":\"https:\/\/www.chateaucarqueiranne.com\/\",\"name\":\"CH\u00c2TEAU CARQUEIRANNE\",\"description\":\"C\u00f4tes de Provence  \",\"publisher\":{\"@id\":\"https:\/\/www.chateaucarqueiranne.com\/#organization\"},\"potentialAction\":[{\"@type\":\"SearchAction\",\"target\":{\"@type\":\"EntryPoint\",\"urlTemplate\":\"https:\/\/www.chateaucarqueiranne.com\/?s={search_term_string}\"},\"query-input\":{\"@type\":\"PropertyValueSpecification\",\"valueRequired\":true,\"valueName\":\"search_term_string\"}}],\"inLanguage\":\"fr-FR\"},{\"@type\":\"Organization\",\"@id\":\"https:\/\/www.chateaucarqueiranne.com\/#organization\",\"name\":\"CH\u00c2TEAU CARQUEIRANNE\",\"url\":\"https:\/\/www.chateaucarqueiranne.com\/\",\"logo\":{\"@type\":\"ImageObject\",\"inLanguage\":\"fr-FR\",\"@id\":\"https:\/\/www.chateaucarqueiranne.com\/#\/schema\/logo\/image\/\",\"url\":\"https:\/\/www.chateaucarqueiranne.com\/wp-content\/uploads\/2024\/05\/Typo-Chateau-Sans-fond-1-e1715849615235.png\",\"contentUrl\":\"https:\/\/www.chateaucarqueiranne.com\/wp-content\/uploads\/2024\/05\/Typo-Chateau-Sans-fond-1-e1715849615235.png\",\"width\":1890,\"height\":592,\"caption\":\"CH\u00c2TEAU CARQUEIRANNE\"},\"image\":{\"@id\":\"https:\/\/www.chateaucarqueiranne.com\/#\/schema\/logo\/image\/\"}}]}<\/script>\n<!-- \/ Yoast SEO plugin. -->","yoast_head_json":{"title":"KlavierFestival DE - CH\u00c2TEAU CARQUEIRANNE","robots":{"index":"index","follow":"follow","max-snippet":"max-snippet:-1","max-image-preview":"max-image-preview:large","max-video-preview":"max-video-preview:-1"},"canonical":"https:\/\/www.chateaucarqueiranne.com\/index.php\/klavierfestival-de\/","og_locale":"fr_FR","og_type":"article","og_title":"KlavierFestival DE - CH\u00c2TEAU CARQUEIRANNE","og_description":"Klavierfestival im Ch\u00e2teau Carqueiranne Kleiden Sie sich in Ihrer elegantesten Abendroben weil, am 30. und 31. Mai \u00f6ffnet Ch\u00e2teau Carqueiranne seine T\u00fcren f\u00fcr das Klavierfestival, das Virtuosit\u00e4t, Kulturerbe und Lebenskunst vereint. Im Herzen der Weinberge und mit Blick auf das Meer bietet das Klavierfestival einen raffinierten Abend mit Musik und elegantem Wein. Ein talentierter Pianist [&hellip;]","og_url":"https:\/\/www.chateaucarqueiranne.com\/index.php\/klavierfestival-de\/","og_site_name":"CH\u00c2TEAU CARQUEIRANNE","article_modified_time":"2025-05-29T10:08:01+00:00","twitter_card":"summary_large_image","twitter_misc":{"Dur\u00e9e de lecture estim\u00e9e":"2 minutes"},"schema":{"@context":"https:\/\/schema.org","@graph":[{"@type":"WebPage","@id":"https:\/\/www.chateaucarqueiranne.com\/index.php\/klavierfestival-de\/","url":"https:\/\/www.chateaucarqueiranne.com\/index.php\/klavierfestival-de\/","name":"KlavierFestival DE - CH\u00c2TEAU CARQUEIRANNE","isPartOf":{"@id":"https:\/\/www.chateaucarqueiranne.com\/#website"},"datePublished":"2025-05-21T10:16:59+00:00","dateModified":"2025-05-29T10:08:01+00:00","breadcrumb":{"@id":"https:\/\/www.chateaucarqueiranne.com\/index.php\/klavierfestival-de\/#breadcrumb"},"inLanguage":"fr-FR","potentialAction":[{"@type":"ReadAction","target":["https:\/\/www.chateaucarqueiranne.com\/index.php\/klavierfestival-de\/"]}]},{"@type":"BreadcrumbList","@id":"https:\/\/www.chateaucarqueiranne.com\/index.php\/klavierfestival-de\/#breadcrumb","itemListElement":[{"@type":"ListItem","position":1,"name":"Accueil","item":"https:\/\/www.chateaucarqueiranne.com\/"},{"@type":"ListItem","position":2,"name":"KlavierFestival DE"}]},{"@type":"WebSite","@id":"https:\/\/www.chateaucarqueiranne.com\/#website","url":"https:\/\/www.chateaucarqueiranne.com\/","name":"CH\u00c2TEAU CARQUEIRANNE","description":"C\u00f4tes de Provence  ","publisher":{"@id":"https:\/\/www.chateaucarqueiranne.com\/#organization"},"potentialAction":[{"@type":"SearchAction","target":{"@type":"EntryPoint","urlTemplate":"https:\/\/www.chateaucarqueiranne.com\/?s={search_term_string}"},"query-input":{"@type":"PropertyValueSpecification","valueRequired":true,"valueName":"search_term_string"}}],"inLanguage":"fr-FR"},{"@type":"Organization","@id":"https:\/\/www.chateaucarqueiranne.com\/#organization","name":"CH\u00c2TEAU CARQUEIRANNE","url":"https:\/\/www.chateaucarqueiranne.com\/","logo":{"@type":"ImageObject","inLanguage":"fr-FR","@id":"https:\/\/www.chateaucarqueiranne.com\/#\/schema\/logo\/image\/","url":"https:\/\/www.chateaucarqueiranne.com\/wp-content\/uploads\/2024\/05\/Typo-Chateau-Sans-fond-1-e1715849615235.png","contentUrl":"https:\/\/www.chateaucarqueiranne.com\/wp-content\/uploads\/2024\/05\/Typo-Chateau-Sans-fond-1-e1715849615235.png","width":1890,"height":592,"caption":"CH\u00c2TEAU CARQUEIRANNE"},"image":{"@id":"https:\/\/www.chateaucarqueiranne.com\/#\/schema\/logo\/image\/"}}]}},"_links":{"self":[{"href":"https:\/\/www.chateaucarqueiranne.com\/index.php\/wp-json\/wp\/v2\/pages\/1421","targetHints":{"allow":["GET"]}}],"collection":[{"href":"https:\/\/www.chateaucarqueiranne.com\/index.php\/wp-json\/wp\/v2\/pages"}],"about":[{"href":"https:\/\/www.chateaucarqueiranne.com\/index.php\/wp-json\/wp\/v2\/types\/page"}],"author":[{"embeddable":true,"href":"https:\/\/www.chateaucarqueiranne.com\/index.php\/wp-json\/wp\/v2\/users\/1"}],"replies":[{"embeddable":true,"href":"https:\/\/www.chateaucarqueiranne.com\/index.php\/wp-json\/wp\/v2\/comments?post=1421"}],"version-history":[{"count":8,"href":"https:\/\/www.chateaucarqueiranne.com\/index.php\/wp-json\/wp\/v2\/pages\/1421\/revisions"}],"predecessor-version":[{"id":1714,"href":"https:\/\/www.chateaucarqueiranne.com\/index.php\/wp-json\/wp\/v2\/pages\/1421\/revisions\/1714"}],"wp:attachment":[{"href":"https:\/\/www.chateaucarqueiranne.com\/index.php\/wp-json\/wp\/v2\/media?parent=1421"}],"curies":[{"name":"wp","href":"https:\/\/api.w.org\/{rel}","templated":true}]}}