{"id":1328,"date":"2025-05-15T10:19:21","date_gmt":"2025-05-15T08:19:21","guid":{"rendered":"https:\/\/www.chateaucarqueiranne.com\/?page_id=1328"},"modified":"2025-05-29T12:05:58","modified_gmt":"2025-05-29T10:05:58","slug":"piano-festival-at-chateau-carqueiranne","status":"publish","type":"page","link":"https:\/\/www.chateaucarqueiranne.com\/index.php\/piano-festival-at-chateau-carqueiranne\/","title":{"rendered":"Piano Festival at Chateau Carqueiranne"},"content":{"rendered":"\n<div class=\"wp-block-buttons is-content-justification-right is-layout-flex wp-container-core-buttons-is-layout-d445cf74 wp-block-buttons-is-layout-flex\">\n<div class=\"wp-block-button is-style-outline is-style-outline--1\"><a class=\"wp-block-button__link wp-element-button\" href=\"https:\/\/www.chateaucarqueiranne.com\/index.php\/festival-de-piano-au-chateau-carqueiranne\/\">FR \ud83c\uddeb\ud83c\uddf7<\/a><\/div>\n<\/div>\n\n\n\n<h2 class=\"wp-block-heading has-text-align-center\">Piano Festival at Ch\u00e2teau Carqueiranne<\/h2>\n\n\n\n\n\n<figure class=\"wp-block-video\"><video height=\"480\" style=\"aspect-ratio: 848 \/ 480;\" width=\"848\" autoplay controls muted src=\"https:\/\/www.chateaucarqueiranne.com\/wp-content\/uploads\/2025\/05\/589d38df-c24d-46ec-af78-6781b22c0a35-2.mov\"><\/video><\/figure>\n\n\n\n<p>It&rsquo;s the occasion to wear your <strong>finest elegant evening<\/strong> outfit as on the 30th and 31st of May, <strong>Ch\u00e2teau Carqueiranne<\/strong> is opening it&rsquo;s doors for the Piano Festival, combining virtuosity, heritage and the art of living.<\/p>\n\n\n\n<p>In the heart of the vineyards and facing the sea, the <strong>Piano Festival <\/strong>offers a refined evening of music and elegant wine. A talented pianist will perform classical and contemporary works in an intimate and captivating open-air setting.<\/p>\n\n\n\n<p>Throughout the evening, you&rsquo;ll be able to savor our <strong>LAMOUR and Ch\u00e2teau Carqueiranne cuv\u00e9es<\/strong>, accompanied by food &amp; wine pairings devised by our catering workshop.<\/p>\n\n\n\n\n\n<p>An authentic grand piano accompanies the artist, offering all the richness and depth of a concert instrument. Its subtle nuances interact with the space, inviting each note to resonate with sincerity and emotion.<\/p>\n\n\n\n<p>In front of the chapel, an authentic stage hosts the show in a setting both simple and majestic. Under an open sky, surrounded by nature and history, the music finds its setting and the moment becomes magical.<\/p>\n\n\n\n<p>Book your evening now and stay tuned for all the surprises awaiting you this summer at Ch\u00e2teau Carqueiranne.<\/p>\n\n\n\n<div class=\"wp-block-buttons is-layout-flex wp-block-buttons-is-layout-flex\">\n<div class=\"wp-block-button is-style-outline is-style-outline--2\"><a class=\"wp-block-button__link wp-element-button\" href=\"https:\/\/www.eventbrite.com\/d\/france--carqueiranne\/chateau-carqueiranne\/?msockid=11846b569c4f6ae005197fbe9daf6bfa&amp;page=1&amp;hash=ff394ca65d2c6d8e959bcf42cae78e2d\" target=\"_blank\" rel=\"noreferrer noopener\">Reserve your place now<\/a><\/div>\n<\/div>\n\n\n\n\n\n<div class=\"wp-block-buttons is-layout-flex wp-block-buttons-is-layout-flex\">\n<div class=\"wp-block-button is-style-outline is-style-outline--3\"><a class=\"wp-block-button__link wp-element-button\" href=\"https:\/\/www.eventbrite.com\/d\/france--carqueiranne\/chateau-carqueiranne\/?msockid=11846b569c4f6ae005197fbe9daf6bfa&amp;page=1&amp;hash=ff394ca65d2c6d8e959bcf42cae78e2d\">Reserve your place now<\/a><\/div>\n<\/div>\n","protected":false},"excerpt":{"rendered":"<p>Piano Festival at Ch\u00e2teau Carqueiranne It&rsquo;s the occasion to wear your finest elegant evening outfit as on the 30th and 31st of May, Ch\u00e2teau Carqueiranne is opening it&rsquo;s doors for the Piano Festival, combining virtuosity, heritage and the art of living. In the heart of the vineyards and facing the sea, the Piano Festival offers [&hellip;]<\/p>\n","protected":false},"author":1,"featured_media":0,"parent":0,"menu_order":0,"comment_status":"closed","ping_status":"closed","template":"","meta":{"saved_in_kubio":false,"footnotes":""},"class_list":["post-1328","page","type-page","status-publish","hentry"],"kubio_ai_page_context":{"short_desc":"","purpose":"general"},"yoast_head":"<!-- This site is optimized with the Yoast SEO plugin v27.2 - https:\/\/yoast.com\/product\/yoast-seo-wordpress\/ -->\n<title>Piano Festival at Chateau Carqueiranne - CH\u00c2TEAU CARQUEIRANNE<\/title>\n<meta name=\"robots\" content=\"index, follow, max-snippet:-1, max-image-preview:large, max-video-preview:-1\" \/>\n<link rel=\"canonical\" href=\"https:\/\/www.chateaucarqueiranne.com\/index.php\/piano-festival-at-chateau-carqueiranne\/\" \/>\n<meta property=\"og:locale\" content=\"fr_FR\" \/>\n<meta property=\"og:type\" content=\"article\" \/>\n<meta property=\"og:title\" content=\"Piano Festival at Chateau Carqueiranne - CH\u00c2TEAU CARQUEIRANNE\" \/>\n<meta property=\"og:description\" content=\"Piano Festival at Ch\u00e2teau Carqueiranne It&rsquo;s the occasion to wear your finest elegant evening outfit as on the 30th and 31st of May, Ch\u00e2teau Carqueiranne is opening it&rsquo;s doors for the Piano Festival, combining virtuosity, heritage and the art of living. In the heart of the vineyards and facing the sea, the Piano Festival offers [&hellip;]\" \/>\n<meta property=\"og:url\" content=\"https:\/\/www.chateaucarqueiranne.com\/index.php\/piano-festival-at-chateau-carqueiranne\/\" \/>\n<meta property=\"og:site_name\" content=\"CH\u00c2TEAU CARQUEIRANNE\" \/>\n<meta property=\"article:modified_time\" content=\"2025-05-29T10:05:58+00:00\" \/>\n<meta name=\"twitter:card\" content=\"summary_large_image\" \/>\n<meta name=\"twitter:label1\" content=\"Dur\u00e9e de lecture estim\u00e9e\" \/>\n\t<meta name=\"twitter:data1\" content=\"2 minutes\" \/>\n<script type=\"application\/ld+json\" class=\"yoast-schema-graph\">{\"@context\":\"https:\/\/schema.org\",\"@graph\":[{\"@type\":\"WebPage\",\"@id\":\"https:\/\/www.chateaucarqueiranne.com\/index.php\/piano-festival-at-chateau-carqueiranne\/\",\"url\":\"https:\/\/www.chateaucarqueiranne.com\/index.php\/piano-festival-at-chateau-carqueiranne\/\",\"name\":\"Piano Festival at Chateau Carqueiranne - CH\u00c2TEAU CARQUEIRANNE\",\"isPartOf\":{\"@id\":\"https:\/\/www.chateaucarqueiranne.com\/#website\"},\"datePublished\":\"2025-05-15T08:19:21+00:00\",\"dateModified\":\"2025-05-29T10:05:58+00:00\",\"breadcrumb\":{\"@id\":\"https:\/\/www.chateaucarqueiranne.com\/index.php\/piano-festival-at-chateau-carqueiranne\/#breadcrumb\"},\"inLanguage\":\"fr-FR\",\"potentialAction\":[{\"@type\":\"ReadAction\",\"target\":[\"https:\/\/www.chateaucarqueiranne.com\/index.php\/piano-festival-at-chateau-carqueiranne\/\"]}]},{\"@type\":\"BreadcrumbList\",\"@id\":\"https:\/\/www.chateaucarqueiranne.com\/index.php\/piano-festival-at-chateau-carqueiranne\/#breadcrumb\",\"itemListElement\":[{\"@type\":\"ListItem\",\"position\":1,\"name\":\"Accueil\",\"item\":\"https:\/\/www.chateaucarqueiranne.com\/\"},{\"@type\":\"ListItem\",\"position\":2,\"name\":\"Piano Festival at Chateau Carqueiranne\"}]},{\"@type\":\"WebSite\",\"@id\":\"https:\/\/www.chateaucarqueiranne.com\/#website\",\"url\":\"https:\/\/www.chateaucarqueiranne.com\/\",\"name\":\"CH\u00c2TEAU CARQUEIRANNE\",\"description\":\"C\u00f4tes de Provence  \",\"publisher\":{\"@id\":\"https:\/\/www.chateaucarqueiranne.com\/#organization\"},\"potentialAction\":[{\"@type\":\"SearchAction\",\"target\":{\"@type\":\"EntryPoint\",\"urlTemplate\":\"https:\/\/www.chateaucarqueiranne.com\/?s={search_term_string}\"},\"query-input\":{\"@type\":\"PropertyValueSpecification\",\"valueRequired\":true,\"valueName\":\"search_term_string\"}}],\"inLanguage\":\"fr-FR\"},{\"@type\":\"Organization\",\"@id\":\"https:\/\/www.chateaucarqueiranne.com\/#organization\",\"name\":\"CH\u00c2TEAU CARQUEIRANNE\",\"url\":\"https:\/\/www.chateaucarqueiranne.com\/\",\"logo\":{\"@type\":\"ImageObject\",\"inLanguage\":\"fr-FR\",\"@id\":\"https:\/\/www.chateaucarqueiranne.com\/#\/schema\/logo\/image\/\",\"url\":\"https:\/\/www.chateaucarqueiranne.com\/wp-content\/uploads\/2024\/05\/Typo-Chateau-Sans-fond-1-e1715849615235.png\",\"contentUrl\":\"https:\/\/www.chateaucarqueiranne.com\/wp-content\/uploads\/2024\/05\/Typo-Chateau-Sans-fond-1-e1715849615235.png\",\"width\":1890,\"height\":592,\"caption\":\"CH\u00c2TEAU CARQUEIRANNE\"},\"image\":{\"@id\":\"https:\/\/www.chateaucarqueiranne.com\/#\/schema\/logo\/image\/\"}}]}<\/script>\n<!-- \/ Yoast SEO plugin. -->","yoast_head_json":{"title":"Piano Festival at Chateau Carqueiranne - CH\u00c2TEAU CARQUEIRANNE","robots":{"index":"index","follow":"follow","max-snippet":"max-snippet:-1","max-image-preview":"max-image-preview:large","max-video-preview":"max-video-preview:-1"},"canonical":"https:\/\/www.chateaucarqueiranne.com\/index.php\/piano-festival-at-chateau-carqueiranne\/","og_locale":"fr_FR","og_type":"article","og_title":"Piano Festival at Chateau Carqueiranne - CH\u00c2TEAU CARQUEIRANNE","og_description":"Piano Festival at Ch\u00e2teau Carqueiranne It&rsquo;s the occasion to wear your finest elegant evening outfit as on the 30th and 31st of May, Ch\u00e2teau Carqueiranne is opening it&rsquo;s doors for the Piano Festival, combining virtuosity, heritage and the art of living. In the heart of the vineyards and facing the sea, the Piano Festival offers [&hellip;]","og_url":"https:\/\/www.chateaucarqueiranne.com\/index.php\/piano-festival-at-chateau-carqueiranne\/","og_site_name":"CH\u00c2TEAU CARQUEIRANNE","article_modified_time":"2025-05-29T10:05:58+00:00","twitter_card":"summary_large_image","twitter_misc":{"Dur\u00e9e de lecture estim\u00e9e":"2 minutes"},"schema":{"@context":"https:\/\/schema.org","@graph":[{"@type":"WebPage","@id":"https:\/\/www.chateaucarqueiranne.com\/index.php\/piano-festival-at-chateau-carqueiranne\/","url":"https:\/\/www.chateaucarqueiranne.com\/index.php\/piano-festival-at-chateau-carqueiranne\/","name":"Piano Festival at Chateau Carqueiranne - CH\u00c2TEAU CARQUEIRANNE","isPartOf":{"@id":"https:\/\/www.chateaucarqueiranne.com\/#website"},"datePublished":"2025-05-15T08:19:21+00:00","dateModified":"2025-05-29T10:05:58+00:00","breadcrumb":{"@id":"https:\/\/www.chateaucarqueiranne.com\/index.php\/piano-festival-at-chateau-carqueiranne\/#breadcrumb"},"inLanguage":"fr-FR","potentialAction":[{"@type":"ReadAction","target":["https:\/\/www.chateaucarqueiranne.com\/index.php\/piano-festival-at-chateau-carqueiranne\/"]}]},{"@type":"BreadcrumbList","@id":"https:\/\/www.chateaucarqueiranne.com\/index.php\/piano-festival-at-chateau-carqueiranne\/#breadcrumb","itemListElement":[{"@type":"ListItem","position":1,"name":"Accueil","item":"https:\/\/www.chateaucarqueiranne.com\/"},{"@type":"ListItem","position":2,"name":"Piano Festival at Chateau Carqueiranne"}]},{"@type":"WebSite","@id":"https:\/\/www.chateaucarqueiranne.com\/#website","url":"https:\/\/www.chateaucarqueiranne.com\/","name":"CH\u00c2TEAU CARQUEIRANNE","description":"C\u00f4tes de Provence  ","publisher":{"@id":"https:\/\/www.chateaucarqueiranne.com\/#organization"},"potentialAction":[{"@type":"SearchAction","target":{"@type":"EntryPoint","urlTemplate":"https:\/\/www.chateaucarqueiranne.com\/?s={search_term_string}"},"query-input":{"@type":"PropertyValueSpecification","valueRequired":true,"valueName":"search_term_string"}}],"inLanguage":"fr-FR"},{"@type":"Organization","@id":"https:\/\/www.chateaucarqueiranne.com\/#organization","name":"CH\u00c2TEAU CARQUEIRANNE","url":"https:\/\/www.chateaucarqueiranne.com\/","logo":{"@type":"ImageObject","inLanguage":"fr-FR","@id":"https:\/\/www.chateaucarqueiranne.com\/#\/schema\/logo\/image\/","url":"https:\/\/www.chateaucarqueiranne.com\/wp-content\/uploads\/2024\/05\/Typo-Chateau-Sans-fond-1-e1715849615235.png","contentUrl":"https:\/\/www.chateaucarqueiranne.com\/wp-content\/uploads\/2024\/05\/Typo-Chateau-Sans-fond-1-e1715849615235.png","width":1890,"height":592,"caption":"CH\u00c2TEAU CARQUEIRANNE"},"image":{"@id":"https:\/\/www.chateaucarqueiranne.com\/#\/schema\/logo\/image\/"}}]}},"_links":{"self":[{"href":"https:\/\/www.chateaucarqueiranne.com\/index.php\/wp-json\/wp\/v2\/pages\/1328","targetHints":{"allow":["GET"]}}],"collection":[{"href":"https:\/\/www.chateaucarqueiranne.com\/index.php\/wp-json\/wp\/v2\/pages"}],"about":[{"href":"https:\/\/www.chateaucarqueiranne.com\/index.php\/wp-json\/wp\/v2\/types\/page"}],"author":[{"embeddable":true,"href":"https:\/\/www.chateaucarqueiranne.com\/index.php\/wp-json\/wp\/v2\/users\/1"}],"replies":[{"embeddable":true,"href":"https:\/\/www.chateaucarqueiranne.com\/index.php\/wp-json\/wp\/v2\/comments?post=1328"}],"version-history":[{"count":10,"href":"https:\/\/www.chateaucarqueiranne.com\/index.php\/wp-json\/wp\/v2\/pages\/1328\/revisions"}],"predecessor-version":[{"id":1712,"href":"https:\/\/www.chateaucarqueiranne.com\/index.php\/wp-json\/wp\/v2\/pages\/1328\/revisions\/1712"}],"wp:attachment":[{"href":"https:\/\/www.chateaucarqueiranne.com\/index.php\/wp-json\/wp\/v2\/media?parent=1328"}],"curies":[{"name":"wp","href":"https:\/\/api.w.org\/{rel}","templated":true}]}}