{"id":1325,"date":"2025-05-15T10:35:39","date_gmt":"2025-05-15T08:35:39","guid":{"rendered":"https:\/\/www.chateaucarqueiranne.com\/?page_id=1325"},"modified":"2025-06-13T15:04:59","modified_gmt":"2025-06-13T13:04:59","slug":"private-boney-m-concert-at-chateau-carqueiranne","status":"publish","type":"page","link":"https:\/\/www.chateaucarqueiranne.com\/index.php\/private-boney-m-concert-at-chateau-carqueiranne\/","title":{"rendered":"Private Boney M concert at Chateau Carqueiranne"},"content":{"rendered":"\n<div class=\"wp-block-buttons is-content-justification-right is-layout-flex wp-container-core-buttons-is-layout-d445cf74 wp-block-buttons-is-layout-flex\">\n<div class=\"wp-block-button is-style-outline is-style-outline--1\"><a class=\"wp-block-button__link wp-element-button\" href=\"https:\/\/www.chateaucarqueiranne.com\/index.php\/boney-m-au-chateau-de-carqueiranne\/\">FR \ud83c\uddeb\ud83c\uddf7<\/a><\/div>\n\n\n\n<div class=\"wp-block-button is-style-outline is-style-outline--2\"><a class=\"wp-block-button__link wp-element-button\" href=\"https:\/\/www.chateaucarqueiranne.com\/index.php\/boney-m-de\/\">DE \ud83c\udde9\ud83c\uddea<\/a><\/div>\n<\/div>\n\n\n\n<h2 class=\"wp-block-heading has-text-align-center\">Private Boney M Concert at Ch\u00e2teau Carqueiranne<\/h2>\n\n\n\n\n\n<figure class=\"wp-block-video\"><video height=\"480\" style=\"aspect-ratio: 848 \/ 480;\" width=\"848\" autoplay controls muted src=\"http:\/\/www.chateaucarqueiranne.com\/wp-content\/uploads\/2025\/06\/WhatsApp-Video-2025-06-11-at-16.05.38_10294bd0.mp4\"><\/video><\/figure>\n\n\n\n\n\n<p><strong>Exclusive Evening at Ch\u00e2teau Carqueiranne: Private Boney M concert<\/strong><\/p>\n\n\n\n<p>Enjoy a unique experience at Ch\u00e2teau de Carqueiranne with a private concert by BONEY M, an icon of the disco scene, in an exceptional setting between vineyards and sea.<\/p>\n\n\n\n<p>Rediscover the band&rsquo;s classics, such as Rasputin and Daddy Cool, in an intimate and festive atmosphere. Enjoy our LAMOUR and Ch\u00e2teau Carqueiranne selections at the wine bar, and savor refined dishes prepared by our caterer.<\/p>\n\n\n\n<p>Under the stars, immerse yourself in a chic and lively evening, where music and elegance meet for an unforgettable moment.<\/p>\n\n\n\n<p>Don&rsquo;t miss out on this exclusive evening and book now!<\/p>\n\n\n\n<div class=\"wp-block-buttons is-layout-flex wp-block-buttons-is-layout-flex\">\n<div class=\"wp-block-button is-style-outline is-style-outline--3\"><a class=\"wp-block-button__link wp-element-button\" href=\"https:\/\/www.eventbrite.fr\/e\/billets-chateau-carqueiranne-x-boney-m-concert-prive-exclusif-1343969923219?aff=oddtdtcreator\" target=\"_blank\" rel=\"noreferrer noopener\">Reserve your place now &#8211; 21\/06\/2025<\/a><\/div>\n<\/div>\n\n\n\n\n\n\n\n<p class=\"has-text-align-center\"><br><\/p>\n","protected":false},"excerpt":{"rendered":"<p>Private Boney M Concert at Ch\u00e2teau Carqueiranne Exclusive Evening at Ch\u00e2teau Carqueiranne: Private Boney M concert Enjoy a unique experience at Ch\u00e2teau de Carqueiranne with a private concert by BONEY M, an icon of the disco scene, in an exceptional setting between vineyards and sea. Rediscover the band&rsquo;s classics, such as Rasputin and Daddy Cool, [&hellip;]<\/p>\n","protected":false},"author":1,"featured_media":0,"parent":0,"menu_order":0,"comment_status":"closed","ping_status":"closed","template":"","meta":{"saved_in_kubio":false,"footnotes":""},"class_list":["post-1325","page","type-page","status-publish","hentry"],"kubio_ai_page_context":{"short_desc":"","purpose":"general"},"yoast_head":"<!-- This site is optimized with the Yoast SEO plugin v27.4 - https:\/\/yoast.com\/product\/yoast-seo-wordpress\/ -->\n<title>Private Boney M concert at Chateau Carqueiranne - CH\u00c2TEAU CARQUEIRANNE<\/title>\n<meta name=\"robots\" content=\"index, follow, max-snippet:-1, max-image-preview:large, max-video-preview:-1\" \/>\n<link rel=\"canonical\" href=\"https:\/\/www.chateaucarqueiranne.com\/index.php\/private-boney-m-concert-at-chateau-carqueiranne\/\" \/>\n<meta property=\"og:locale\" content=\"fr_FR\" \/>\n<meta property=\"og:type\" content=\"article\" \/>\n<meta property=\"og:title\" content=\"Private Boney M concert at Chateau Carqueiranne - CH\u00c2TEAU CARQUEIRANNE\" \/>\n<meta property=\"og:description\" content=\"Private Boney M Concert at Ch\u00e2teau Carqueiranne Exclusive Evening at Ch\u00e2teau Carqueiranne: Private Boney M concert Enjoy a unique experience at Ch\u00e2teau de Carqueiranne with a private concert by BONEY M, an icon of the disco scene, in an exceptional setting between vineyards and sea. Rediscover the band&rsquo;s classics, such as Rasputin and Daddy Cool, [&hellip;]\" \/>\n<meta property=\"og:url\" content=\"https:\/\/www.chateaucarqueiranne.com\/index.php\/private-boney-m-concert-at-chateau-carqueiranne\/\" \/>\n<meta property=\"og:site_name\" content=\"CH\u00c2TEAU CARQUEIRANNE\" \/>\n<meta property=\"article:modified_time\" content=\"2025-06-13T13:04:59+00:00\" \/>\n<meta name=\"twitter:card\" content=\"summary_large_image\" \/>\n<meta name=\"twitter:label1\" content=\"Dur\u00e9e de lecture estim\u00e9e\" \/>\n\t<meta name=\"twitter:data1\" content=\"1 minute\" \/>\n<script type=\"application\/ld+json\" class=\"yoast-schema-graph\">{\"@context\":\"https:\\\/\\\/schema.org\",\"@graph\":[{\"@type\":\"WebPage\",\"@id\":\"https:\\\/\\\/www.chateaucarqueiranne.com\\\/index.php\\\/private-boney-m-concert-at-chateau-carqueiranne\\\/\",\"url\":\"https:\\\/\\\/www.chateaucarqueiranne.com\\\/index.php\\\/private-boney-m-concert-at-chateau-carqueiranne\\\/\",\"name\":\"Private Boney M concert at Chateau Carqueiranne - CH\u00c2TEAU CARQUEIRANNE\",\"isPartOf\":{\"@id\":\"https:\\\/\\\/www.chateaucarqueiranne.com\\\/#website\"},\"datePublished\":\"2025-05-15T08:35:39+00:00\",\"dateModified\":\"2025-06-13T13:04:59+00:00\",\"breadcrumb\":{\"@id\":\"https:\\\/\\\/www.chateaucarqueiranne.com\\\/index.php\\\/private-boney-m-concert-at-chateau-carqueiranne\\\/#breadcrumb\"},\"inLanguage\":\"fr-FR\",\"potentialAction\":[{\"@type\":\"ReadAction\",\"target\":[\"https:\\\/\\\/www.chateaucarqueiranne.com\\\/index.php\\\/private-boney-m-concert-at-chateau-carqueiranne\\\/\"]}]},{\"@type\":\"BreadcrumbList\",\"@id\":\"https:\\\/\\\/www.chateaucarqueiranne.com\\\/index.php\\\/private-boney-m-concert-at-chateau-carqueiranne\\\/#breadcrumb\",\"itemListElement\":[{\"@type\":\"ListItem\",\"position\":1,\"name\":\"Accueil\",\"item\":\"https:\\\/\\\/www.chateaucarqueiranne.com\\\/\"},{\"@type\":\"ListItem\",\"position\":2,\"name\":\"Private Boney M concert at Chateau Carqueiranne\"}]},{\"@type\":\"WebSite\",\"@id\":\"https:\\\/\\\/www.chateaucarqueiranne.com\\\/#website\",\"url\":\"https:\\\/\\\/www.chateaucarqueiranne.com\\\/\",\"name\":\"CH\u00c2TEAU CARQUEIRANNE\",\"description\":\"C\u00f4tes de Provence  \",\"publisher\":{\"@id\":\"https:\\\/\\\/www.chateaucarqueiranne.com\\\/#organization\"},\"potentialAction\":[{\"@type\":\"SearchAction\",\"target\":{\"@type\":\"EntryPoint\",\"urlTemplate\":\"https:\\\/\\\/www.chateaucarqueiranne.com\\\/?s={search_term_string}\"},\"query-input\":{\"@type\":\"PropertyValueSpecification\",\"valueRequired\":true,\"valueName\":\"search_term_string\"}}],\"inLanguage\":\"fr-FR\"},{\"@type\":\"Organization\",\"@id\":\"https:\\\/\\\/www.chateaucarqueiranne.com\\\/#organization\",\"name\":\"CH\u00c2TEAU CARQUEIRANNE\",\"url\":\"https:\\\/\\\/www.chateaucarqueiranne.com\\\/\",\"logo\":{\"@type\":\"ImageObject\",\"inLanguage\":\"fr-FR\",\"@id\":\"https:\\\/\\\/www.chateaucarqueiranne.com\\\/#\\\/schema\\\/logo\\\/image\\\/\",\"url\":\"https:\\\/\\\/www.chateaucarqueiranne.com\\\/wp-content\\\/uploads\\\/2024\\\/05\\\/Typo-Chateau-Sans-fond-1-e1715849615235.png\",\"contentUrl\":\"https:\\\/\\\/www.chateaucarqueiranne.com\\\/wp-content\\\/uploads\\\/2024\\\/05\\\/Typo-Chateau-Sans-fond-1-e1715849615235.png\",\"width\":1890,\"height\":592,\"caption\":\"CH\u00c2TEAU CARQUEIRANNE\"},\"image\":{\"@id\":\"https:\\\/\\\/www.chateaucarqueiranne.com\\\/#\\\/schema\\\/logo\\\/image\\\/\"}}]}<\/script>\n<!-- \/ Yoast SEO plugin. -->","yoast_head_json":{"title":"Private Boney M concert at Chateau Carqueiranne - CH\u00c2TEAU CARQUEIRANNE","robots":{"index":"index","follow":"follow","max-snippet":"max-snippet:-1","max-image-preview":"max-image-preview:large","max-video-preview":"max-video-preview:-1"},"canonical":"https:\/\/www.chateaucarqueiranne.com\/index.php\/private-boney-m-concert-at-chateau-carqueiranne\/","og_locale":"fr_FR","og_type":"article","og_title":"Private Boney M concert at Chateau Carqueiranne - CH\u00c2TEAU CARQUEIRANNE","og_description":"Private Boney M Concert at Ch\u00e2teau Carqueiranne Exclusive Evening at Ch\u00e2teau Carqueiranne: Private Boney M concert Enjoy a unique experience at Ch\u00e2teau de Carqueiranne with a private concert by BONEY M, an icon of the disco scene, in an exceptional setting between vineyards and sea. Rediscover the band&rsquo;s classics, such as Rasputin and Daddy Cool, [&hellip;]","og_url":"https:\/\/www.chateaucarqueiranne.com\/index.php\/private-boney-m-concert-at-chateau-carqueiranne\/","og_site_name":"CH\u00c2TEAU CARQUEIRANNE","article_modified_time":"2025-06-13T13:04:59+00:00","twitter_card":"summary_large_image","twitter_misc":{"Dur\u00e9e de lecture estim\u00e9e":"1 minute"},"schema":{"@context":"https:\/\/schema.org","@graph":[{"@type":"WebPage","@id":"https:\/\/www.chateaucarqueiranne.com\/index.php\/private-boney-m-concert-at-chateau-carqueiranne\/","url":"https:\/\/www.chateaucarqueiranne.com\/index.php\/private-boney-m-concert-at-chateau-carqueiranne\/","name":"Private Boney M concert at Chateau Carqueiranne - CH\u00c2TEAU CARQUEIRANNE","isPartOf":{"@id":"https:\/\/www.chateaucarqueiranne.com\/#website"},"datePublished":"2025-05-15T08:35:39+00:00","dateModified":"2025-06-13T13:04:59+00:00","breadcrumb":{"@id":"https:\/\/www.chateaucarqueiranne.com\/index.php\/private-boney-m-concert-at-chateau-carqueiranne\/#breadcrumb"},"inLanguage":"fr-FR","potentialAction":[{"@type":"ReadAction","target":["https:\/\/www.chateaucarqueiranne.com\/index.php\/private-boney-m-concert-at-chateau-carqueiranne\/"]}]},{"@type":"BreadcrumbList","@id":"https:\/\/www.chateaucarqueiranne.com\/index.php\/private-boney-m-concert-at-chateau-carqueiranne\/#breadcrumb","itemListElement":[{"@type":"ListItem","position":1,"name":"Accueil","item":"https:\/\/www.chateaucarqueiranne.com\/"},{"@type":"ListItem","position":2,"name":"Private Boney M concert at Chateau Carqueiranne"}]},{"@type":"WebSite","@id":"https:\/\/www.chateaucarqueiranne.com\/#website","url":"https:\/\/www.chateaucarqueiranne.com\/","name":"CH\u00c2TEAU CARQUEIRANNE","description":"C\u00f4tes de Provence  ","publisher":{"@id":"https:\/\/www.chateaucarqueiranne.com\/#organization"},"potentialAction":[{"@type":"SearchAction","target":{"@type":"EntryPoint","urlTemplate":"https:\/\/www.chateaucarqueiranne.com\/?s={search_term_string}"},"query-input":{"@type":"PropertyValueSpecification","valueRequired":true,"valueName":"search_term_string"}}],"inLanguage":"fr-FR"},{"@type":"Organization","@id":"https:\/\/www.chateaucarqueiranne.com\/#organization","name":"CH\u00c2TEAU CARQUEIRANNE","url":"https:\/\/www.chateaucarqueiranne.com\/","logo":{"@type":"ImageObject","inLanguage":"fr-FR","@id":"https:\/\/www.chateaucarqueiranne.com\/#\/schema\/logo\/image\/","url":"https:\/\/www.chateaucarqueiranne.com\/wp-content\/uploads\/2024\/05\/Typo-Chateau-Sans-fond-1-e1715849615235.png","contentUrl":"https:\/\/www.chateaucarqueiranne.com\/wp-content\/uploads\/2024\/05\/Typo-Chateau-Sans-fond-1-e1715849615235.png","width":1890,"height":592,"caption":"CH\u00c2TEAU CARQUEIRANNE"},"image":{"@id":"https:\/\/www.chateaucarqueiranne.com\/#\/schema\/logo\/image\/"}}]}},"_links":{"self":[{"href":"https:\/\/www.chateaucarqueiranne.com\/index.php\/wp-json\/wp\/v2\/pages\/1325","targetHints":{"allow":["GET"]}}],"collection":[{"href":"https:\/\/www.chateaucarqueiranne.com\/index.php\/wp-json\/wp\/v2\/pages"}],"about":[{"href":"https:\/\/www.chateaucarqueiranne.com\/index.php\/wp-json\/wp\/v2\/types\/page"}],"author":[{"embeddable":true,"href":"https:\/\/www.chateaucarqueiranne.com\/index.php\/wp-json\/wp\/v2\/users\/1"}],"replies":[{"embeddable":true,"href":"https:\/\/www.chateaucarqueiranne.com\/index.php\/wp-json\/wp\/v2\/comments?post=1325"}],"version-history":[{"count":6,"href":"https:\/\/www.chateaucarqueiranne.com\/index.php\/wp-json\/wp\/v2\/pages\/1325\/revisions"}],"predecessor-version":[{"id":1843,"href":"https:\/\/www.chateaucarqueiranne.com\/index.php\/wp-json\/wp\/v2\/pages\/1325\/revisions\/1843"}],"wp:attachment":[{"href":"https:\/\/www.chateaucarqueiranne.com\/index.php\/wp-json\/wp\/v2\/media?parent=1325"}],"curies":[{"name":"wp","href":"https:\/\/api.w.org\/{rel}","templated":true}]}}