{"id":1254,"date":"2025-05-15T14:31:25","date_gmt":"2025-05-15T12:31:25","guid":{"rendered":"https:\/\/www.chateaucarqueiranne.com\/?page_id=1254"},"modified":"2025-10-22T16:00:28","modified_gmt":"2025-10-22T14:00:28","slug":"team-portraits","status":"publish","type":"page","link":"https:\/\/www.chateaucarqueiranne.com\/index.php\/en\/team-portraits\/","title":{"rendered":"Team Portraits"},"content":{"rendered":"\n\n\n<div class=\"wp-block-buttons is-content-justification-right is-layout-flex wp-container-core-buttons-is-layout-d445cf74 wp-block-buttons-is-layout-flex\">\n<div class=\"wp-block-button is-style-outline is-style-outline--1\"><a class=\"wp-block-button__link wp-element-button\" href=\"https:\/\/www.chateaucarqueiranne.com\/index.php\/portraits\/\">FR \ud83c\uddeb\ud83c\uddf7<\/a><\/div>\n<\/div>\n\n\n\n<h2 class=\"wp-block-heading has-text-align-center\">Meet our team<\/h2>\n\n\n\n<p class=\"has-text-align-center\"><strong>At Ch\u00e2teau Carqueiranne, each member of our team brings their own expertise, passion, and dedication to breathe life into this unique estate. Discover the inspiring journeys of those who work every day to shape the future of the ch\u00e2teau and contribute to its living history.<\/strong><\/p>\n\n\n\n\n\n<figure class=\"wp-block-image size-full is-resized\"><img loading=\"lazy\" decoding=\"async\" width=\"1050\" height=\"650\" src=\"https:\/\/www.chateaucarqueiranne.com\/wp-content\/uploads\/2024\/11\/Design-sans-titre-9-2.png\" alt=\"\" class=\"wp-image-788\" style=\"width:628px;height:auto\" srcset=\"https:\/\/www.chateaucarqueiranne.com\/wp-content\/uploads\/2024\/11\/Design-sans-titre-9-2.png 1050w, https:\/\/www.chateaucarqueiranne.com\/wp-content\/uploads\/2024\/11\/Design-sans-titre-9-2-300x186.png 300w, https:\/\/www.chateaucarqueiranne.com\/wp-content\/uploads\/2024\/11\/Design-sans-titre-9-2-1024x634.png 1024w, https:\/\/www.chateaucarqueiranne.com\/wp-content\/uploads\/2024\/11\/Design-sans-titre-9-2-768x475.png 768w\" sizes=\"(max-width: 1050px) 100vw, 1050px\" \/><\/figure>\n\n\n\n<h2 class=\"wp-block-heading has-medium-font-size\"><span style=\"font-family: Raleway;font-weight: 400\" class=\"kubio-has-inline-font-family-weight\"><strong><strong>Meet Laurent, Our Vineyard Manager at Ch\u00e2teau Carqueiranne<br><br><\/strong><\/strong><\/span>After a 12-year career in the army, Laurent returned to his agricultural roots, earning a Brevet Professionnel de Responsable d&rsquo;Exploitation Agricole (vocational diploma in farm management), with a focus on viticulture and oenology. Passionate about vine cultivation, he joined Ch\u00e2teau Carqueiranne in January 2024.<\/h2>\n\n\n\n<p>As Vineyard Manager, Laurent oversees both the technical and administrative aspects of the estate. He is responsible for all activities related to mixed farming \u2014 from selecting vine treatments to managing staff.<\/p>\n\n\n\n<p>What drew him to Ch\u00e2teau Carqueiranne? The scale of the challenge. The estate\u2019s ambitious restoration project offers him a unique opportunity to apply his expertise in an exceptional setting, alongside a close-knit and motivated team.<\/p>\n\n\n\n<p>A true sea lover, Laurent enjoys water sports and takes full advantage of the region\u2019s natural beauty.<\/p>\n\n\n\n<p>Thank you Laurent for your expertise as part of the team!<\/p>\n\n\n\n\n\n<figure class=\"wp-block-image size-full\"><img loading=\"lazy\" decoding=\"async\" width=\"1050\" height=\"650\" src=\"https:\/\/www.chateaucarqueiranne.com\/wp-content\/uploads\/2024\/11\/Design-sans-titre-10-1.png\" alt=\"\" class=\"wp-image-789\" srcset=\"https:\/\/www.chateaucarqueiranne.com\/wp-content\/uploads\/2024\/11\/Design-sans-titre-10-1.png 1050w, https:\/\/www.chateaucarqueiranne.com\/wp-content\/uploads\/2024\/11\/Design-sans-titre-10-1-300x186.png 300w, https:\/\/www.chateaucarqueiranne.com\/wp-content\/uploads\/2024\/11\/Design-sans-titre-10-1-1024x634.png 1024w, https:\/\/www.chateaucarqueiranne.com\/wp-content\/uploads\/2024\/11\/Design-sans-titre-10-1-768x475.png 768w\" sizes=\"(max-width: 1050px) 100vw, 1050px\" \/><\/figure>\n\n\n\n<h2 class=\"wp-block-heading has-medium-font-size\"><strong>Meet H\u00e9l\u00e8ne, our versatile technician at Ch\u00e2teau Carqueiranne<\/strong><br><\/h2>\n\n\n\n<p>Born in the Paris region and raised in Savoie, H\u00e9l\u00e8ne made Carqueiranne her home 20 years ago.<\/p>\n\n\n\n<p>A nature lover and avid sportswoman, she enjoys the outdoor lifestyle this region offers \u2014 a place she feels deeply connected to.<\/p>\n\n\n\n<p>Before joining the ch\u00e2teau in 2023, H\u00e9l\u00e8ne worked in market gardening after a 15-year career in the restaurant industry. Today, she brings her experience in both agriculture and events to the estate, helping with vine care and supporting the organisation of events.<\/p>\n\n\n\n<p>Thank you, H\u00e9l\u00e8ne, for being such a dynamic and polyvalent member of the team!<\/p>\n\n\n\n\n\n<figure class=\"wp-block-image size-full\"><img loading=\"lazy\" decoding=\"async\" width=\"1050\" height=\"650\" src=\"https:\/\/www.chateaucarqueiranne.com\/wp-content\/uploads\/2024\/11\/Design-sans-titre-11-1.png\" alt=\"\" class=\"wp-image-790\" srcset=\"https:\/\/www.chateaucarqueiranne.com\/wp-content\/uploads\/2024\/11\/Design-sans-titre-11-1.png 1050w, https:\/\/www.chateaucarqueiranne.com\/wp-content\/uploads\/2024\/11\/Design-sans-titre-11-1-300x186.png 300w, https:\/\/www.chateaucarqueiranne.com\/wp-content\/uploads\/2024\/11\/Design-sans-titre-11-1-1024x634.png 1024w, https:\/\/www.chateaucarqueiranne.com\/wp-content\/uploads\/2024\/11\/Design-sans-titre-11-1-768x475.png 768w\" sizes=\"(max-width: 1050px) 100vw, 1050px\" \/><\/figure>\n\n\n\n<h2 class=\"wp-block-heading has-medium-font-size\"><br><strong><strong>Meet Greg, Our Versatile Technician at Ch\u00e2teau Carqueiranne<\/strong><\/strong><br><\/h2>\n\n\n\n<p>A native of our beautiful region, Greg joined the team in March 2024. A true nature enthusiast, he loves exploring the area\u2019s diverse landscapes and indulging in one of his greatest passions: hunting.<\/p>\n\n\n\n<p>With over 10 years of experience in the wine industry, Greg initially focused on vineyard maintenance. He later transitioned into garden maintenance, where he developed a new set of skills.<\/p>\n\n\n\n<p>What drew him to Ch\u00e2teau Carqueiranne? The diversity of the role. For the past several months, he has been working alongside H\u00e9l\u00e8ne to care for the estate\u2019s green spaces.<\/p>\n\n\n\n<p>Thank you Greg for your commitment to the team!<\/p>\n\n\n","protected":false},"excerpt":{"rendered":"<p>Meet our team At Ch\u00e2teau Carqueiranne, each member of our team brings their own expertise, passion, and dedication to breathe life into this unique estate. Discover the inspiring journeys of those who work every day to shape the future of the ch\u00e2teau and contribute to its living history. Meet Laurent, Our Vineyard Manager at Ch\u00e2teau [&hellip;]<\/p>\n","protected":false},"author":1,"featured_media":0,"parent":0,"menu_order":0,"comment_status":"closed","ping_status":"closed","template":"","meta":{"saved_in_kubio":true,"footnotes":""},"class_list":["post-1254","page","type-page","status-publish","hentry"],"kubio_ai_page_context":{"short_desc":"","purpose":"general"},"yoast_head":"<!-- This site is optimized with the Yoast SEO plugin v27.2 - https:\/\/yoast.com\/product\/yoast-seo-wordpress\/ -->\n<title>Team Portraits - CH\u00c2TEAU CARQUEIRANNE<\/title>\n<meta name=\"robots\" content=\"index, follow, max-snippet:-1, max-image-preview:large, max-video-preview:-1\" \/>\n<link rel=\"canonical\" href=\"https:\/\/www.chateaucarqueiranne.com\/index.php\/en\/team-portraits\/\" \/>\n<meta property=\"og:locale\" content=\"fr_FR\" \/>\n<meta property=\"og:type\" content=\"article\" \/>\n<meta property=\"og:title\" content=\"Team Portraits - CH\u00c2TEAU CARQUEIRANNE\" \/>\n<meta property=\"og:description\" content=\"Meet our team At Ch\u00e2teau Carqueiranne, each member of our team brings their own expertise, passion, and dedication to breathe life into this unique estate. Discover the inspiring journeys of those who work every day to shape the future of the ch\u00e2teau and contribute to its living history. Meet Laurent, Our Vineyard Manager at Ch\u00e2teau [&hellip;]\" \/>\n<meta property=\"og:url\" content=\"https:\/\/www.chateaucarqueiranne.com\/index.php\/en\/team-portraits\/\" \/>\n<meta property=\"og:site_name\" content=\"CH\u00c2TEAU CARQUEIRANNE\" \/>\n<meta property=\"article:modified_time\" content=\"2025-10-22T14:00:28+00:00\" \/>\n<meta property=\"og:image\" content=\"https:\/\/www.chateaucarqueiranne.com\/wp-content\/uploads\/2024\/11\/Design-sans-titre-9-2.png\" \/>\n\t<meta property=\"og:image:width\" content=\"1050\" \/>\n\t<meta property=\"og:image:height\" content=\"650\" \/>\n\t<meta property=\"og:image:type\" content=\"image\/png\" \/>\n<meta name=\"twitter:card\" content=\"summary_large_image\" \/>\n<meta name=\"twitter:label1\" content=\"Dur\u00e9e de lecture estim\u00e9e\" \/>\n\t<meta name=\"twitter:data1\" content=\"4 minutes\" \/>\n<script type=\"application\/ld+json\" class=\"yoast-schema-graph\">{\"@context\":\"https:\/\/schema.org\",\"@graph\":[{\"@type\":\"WebPage\",\"@id\":\"https:\/\/www.chateaucarqueiranne.com\/index.php\/en\/team-portraits\/\",\"url\":\"https:\/\/www.chateaucarqueiranne.com\/index.php\/en\/team-portraits\/\",\"name\":\"Team Portraits - CH\u00c2TEAU CARQUEIRANNE\",\"isPartOf\":{\"@id\":\"https:\/\/www.chateaucarqueiranne.com\/#website\"},\"primaryImageOfPage\":{\"@id\":\"https:\/\/www.chateaucarqueiranne.com\/index.php\/en\/team-portraits\/#primaryimage\"},\"image\":{\"@id\":\"https:\/\/www.chateaucarqueiranne.com\/index.php\/en\/team-portraits\/#primaryimage\"},\"thumbnailUrl\":\"https:\/\/www.chateaucarqueiranne.com\/wp-content\/uploads\/2024\/11\/Design-sans-titre-9-2.png\",\"datePublished\":\"2025-05-15T12:31:25+00:00\",\"dateModified\":\"2025-10-22T14:00:28+00:00\",\"breadcrumb\":{\"@id\":\"https:\/\/www.chateaucarqueiranne.com\/index.php\/en\/team-portraits\/#breadcrumb\"},\"inLanguage\":\"fr-FR\",\"potentialAction\":[{\"@type\":\"ReadAction\",\"target\":[\"https:\/\/www.chateaucarqueiranne.com\/index.php\/en\/team-portraits\/\"]}]},{\"@type\":\"ImageObject\",\"inLanguage\":\"fr-FR\",\"@id\":\"https:\/\/www.chateaucarqueiranne.com\/index.php\/en\/team-portraits\/#primaryimage\",\"url\":\"https:\/\/www.chateaucarqueiranne.com\/wp-content\/uploads\/2024\/11\/Design-sans-titre-9-2.png\",\"contentUrl\":\"https:\/\/www.chateaucarqueiranne.com\/wp-content\/uploads\/2024\/11\/Design-sans-titre-9-2.png\",\"width\":1050,\"height\":650},{\"@type\":\"BreadcrumbList\",\"@id\":\"https:\/\/www.chateaucarqueiranne.com\/index.php\/en\/team-portraits\/#breadcrumb\",\"itemListElement\":[{\"@type\":\"ListItem\",\"position\":1,\"name\":\"Accueil\",\"item\":\"https:\/\/www.chateaucarqueiranne.com\/\"},{\"@type\":\"ListItem\",\"position\":2,\"name\":\"Team Portraits\"}]},{\"@type\":\"WebSite\",\"@id\":\"https:\/\/www.chateaucarqueiranne.com\/#website\",\"url\":\"https:\/\/www.chateaucarqueiranne.com\/\",\"name\":\"CH\u00c2TEAU CARQUEIRANNE\",\"description\":\"C\u00f4tes de Provence  \",\"publisher\":{\"@id\":\"https:\/\/www.chateaucarqueiranne.com\/#organization\"},\"potentialAction\":[{\"@type\":\"SearchAction\",\"target\":{\"@type\":\"EntryPoint\",\"urlTemplate\":\"https:\/\/www.chateaucarqueiranne.com\/?s={search_term_string}\"},\"query-input\":{\"@type\":\"PropertyValueSpecification\",\"valueRequired\":true,\"valueName\":\"search_term_string\"}}],\"inLanguage\":\"fr-FR\"},{\"@type\":\"Organization\",\"@id\":\"https:\/\/www.chateaucarqueiranne.com\/#organization\",\"name\":\"CH\u00c2TEAU CARQUEIRANNE\",\"url\":\"https:\/\/www.chateaucarqueiranne.com\/\",\"logo\":{\"@type\":\"ImageObject\",\"inLanguage\":\"fr-FR\",\"@id\":\"https:\/\/www.chateaucarqueiranne.com\/#\/schema\/logo\/image\/\",\"url\":\"https:\/\/www.chateaucarqueiranne.com\/wp-content\/uploads\/2024\/05\/Typo-Chateau-Sans-fond-1-e1715849615235.png\",\"contentUrl\":\"https:\/\/www.chateaucarqueiranne.com\/wp-content\/uploads\/2024\/05\/Typo-Chateau-Sans-fond-1-e1715849615235.png\",\"width\":1890,\"height\":592,\"caption\":\"CH\u00c2TEAU CARQUEIRANNE\"},\"image\":{\"@id\":\"https:\/\/www.chateaucarqueiranne.com\/#\/schema\/logo\/image\/\"}}]}<\/script>\n<!-- \/ Yoast SEO plugin. -->","yoast_head_json":{"title":"Team Portraits - CH\u00c2TEAU CARQUEIRANNE","robots":{"index":"index","follow":"follow","max-snippet":"max-snippet:-1","max-image-preview":"max-image-preview:large","max-video-preview":"max-video-preview:-1"},"canonical":"https:\/\/www.chateaucarqueiranne.com\/index.php\/en\/team-portraits\/","og_locale":"fr_FR","og_type":"article","og_title":"Team Portraits - CH\u00c2TEAU CARQUEIRANNE","og_description":"Meet our team At Ch\u00e2teau Carqueiranne, each member of our team brings their own expertise, passion, and dedication to breathe life into this unique estate. Discover the inspiring journeys of those who work every day to shape the future of the ch\u00e2teau and contribute to its living history. Meet Laurent, Our Vineyard Manager at Ch\u00e2teau [&hellip;]","og_url":"https:\/\/www.chateaucarqueiranne.com\/index.php\/en\/team-portraits\/","og_site_name":"CH\u00c2TEAU CARQUEIRANNE","article_modified_time":"2025-10-22T14:00:28+00:00","og_image":[{"width":1050,"height":650,"url":"https:\/\/www.chateaucarqueiranne.com\/wp-content\/uploads\/2024\/11\/Design-sans-titre-9-2.png","type":"image\/png"}],"twitter_card":"summary_large_image","twitter_misc":{"Dur\u00e9e de lecture estim\u00e9e":"4 minutes"},"schema":{"@context":"https:\/\/schema.org","@graph":[{"@type":"WebPage","@id":"https:\/\/www.chateaucarqueiranne.com\/index.php\/en\/team-portraits\/","url":"https:\/\/www.chateaucarqueiranne.com\/index.php\/en\/team-portraits\/","name":"Team Portraits - CH\u00c2TEAU CARQUEIRANNE","isPartOf":{"@id":"https:\/\/www.chateaucarqueiranne.com\/#website"},"primaryImageOfPage":{"@id":"https:\/\/www.chateaucarqueiranne.com\/index.php\/en\/team-portraits\/#primaryimage"},"image":{"@id":"https:\/\/www.chateaucarqueiranne.com\/index.php\/en\/team-portraits\/#primaryimage"},"thumbnailUrl":"https:\/\/www.chateaucarqueiranne.com\/wp-content\/uploads\/2024\/11\/Design-sans-titre-9-2.png","datePublished":"2025-05-15T12:31:25+00:00","dateModified":"2025-10-22T14:00:28+00:00","breadcrumb":{"@id":"https:\/\/www.chateaucarqueiranne.com\/index.php\/en\/team-portraits\/#breadcrumb"},"inLanguage":"fr-FR","potentialAction":[{"@type":"ReadAction","target":["https:\/\/www.chateaucarqueiranne.com\/index.php\/en\/team-portraits\/"]}]},{"@type":"ImageObject","inLanguage":"fr-FR","@id":"https:\/\/www.chateaucarqueiranne.com\/index.php\/en\/team-portraits\/#primaryimage","url":"https:\/\/www.chateaucarqueiranne.com\/wp-content\/uploads\/2024\/11\/Design-sans-titre-9-2.png","contentUrl":"https:\/\/www.chateaucarqueiranne.com\/wp-content\/uploads\/2024\/11\/Design-sans-titre-9-2.png","width":1050,"height":650},{"@type":"BreadcrumbList","@id":"https:\/\/www.chateaucarqueiranne.com\/index.php\/en\/team-portraits\/#breadcrumb","itemListElement":[{"@type":"ListItem","position":1,"name":"Accueil","item":"https:\/\/www.chateaucarqueiranne.com\/"},{"@type":"ListItem","position":2,"name":"Team Portraits"}]},{"@type":"WebSite","@id":"https:\/\/www.chateaucarqueiranne.com\/#website","url":"https:\/\/www.chateaucarqueiranne.com\/","name":"CH\u00c2TEAU CARQUEIRANNE","description":"C\u00f4tes de Provence  ","publisher":{"@id":"https:\/\/www.chateaucarqueiranne.com\/#organization"},"potentialAction":[{"@type":"SearchAction","target":{"@type":"EntryPoint","urlTemplate":"https:\/\/www.chateaucarqueiranne.com\/?s={search_term_string}"},"query-input":{"@type":"PropertyValueSpecification","valueRequired":true,"valueName":"search_term_string"}}],"inLanguage":"fr-FR"},{"@type":"Organization","@id":"https:\/\/www.chateaucarqueiranne.com\/#organization","name":"CH\u00c2TEAU CARQUEIRANNE","url":"https:\/\/www.chateaucarqueiranne.com\/","logo":{"@type":"ImageObject","inLanguage":"fr-FR","@id":"https:\/\/www.chateaucarqueiranne.com\/#\/schema\/logo\/image\/","url":"https:\/\/www.chateaucarqueiranne.com\/wp-content\/uploads\/2024\/05\/Typo-Chateau-Sans-fond-1-e1715849615235.png","contentUrl":"https:\/\/www.chateaucarqueiranne.com\/wp-content\/uploads\/2024\/05\/Typo-Chateau-Sans-fond-1-e1715849615235.png","width":1890,"height":592,"caption":"CH\u00c2TEAU CARQUEIRANNE"},"image":{"@id":"https:\/\/www.chateaucarqueiranne.com\/#\/schema\/logo\/image\/"}}]}},"_links":{"self":[{"href":"https:\/\/www.chateaucarqueiranne.com\/index.php\/wp-json\/wp\/v2\/pages\/1254","targetHints":{"allow":["GET"]}}],"collection":[{"href":"https:\/\/www.chateaucarqueiranne.com\/index.php\/wp-json\/wp\/v2\/pages"}],"about":[{"href":"https:\/\/www.chateaucarqueiranne.com\/index.php\/wp-json\/wp\/v2\/types\/page"}],"author":[{"embeddable":true,"href":"https:\/\/www.chateaucarqueiranne.com\/index.php\/wp-json\/wp\/v2\/users\/1"}],"replies":[{"embeddable":true,"href":"https:\/\/www.chateaucarqueiranne.com\/index.php\/wp-json\/wp\/v2\/comments?post=1254"}],"version-history":[{"count":4,"href":"https:\/\/www.chateaucarqueiranne.com\/index.php\/wp-json\/wp\/v2\/pages\/1254\/revisions"}],"predecessor-version":[{"id":2121,"href":"https:\/\/www.chateaucarqueiranne.com\/index.php\/wp-json\/wp\/v2\/pages\/1254\/revisions\/2121"}],"wp:attachment":[{"href":"https:\/\/www.chateaucarqueiranne.com\/index.php\/wp-json\/wp\/v2\/media?parent=1254"}],"curies":[{"name":"wp","href":"https:\/\/api.w.org\/{rel}","templated":true}]}}