{"id":1250,"date":"2025-05-15T12:44:14","date_gmt":"2025-05-15T10:44:14","guid":{"rendered":"https:\/\/www.chateaucarqueiranne.com\/?page_id=1250"},"modified":"2025-06-26T11:30:32","modified_gmt":"2025-06-26T09:30:32","slug":"chateau-carqueiranne-a-historic-heritage-site","status":"publish","type":"page","link":"https:\/\/www.chateaucarqueiranne.com\/index.php\/en\/chateau-carqueiranne-a-historic-heritage-site\/","title":{"rendered":"Ch\u00e2teau Carqueiranne, a historic heritage site"},"content":{"rendered":"\n\n\n<div class=\"wp-block-buttons is-content-justification-right is-layout-flex wp-container-core-buttons-is-layout-d445cf74 wp-block-buttons-is-layout-flex\">\n<div class=\"wp-block-button is-style-outline is-style-outline--1\"><a class=\"wp-block-button__link wp-element-button\" href=\"https:\/\/www.chateaucarqueiranne.com\/index.php\/chateau-carqueiranne-patrimoine-historique\/\">FR \ud83c\uddeb\ud83c\uddf7 <\/a><\/div>\n\n\n\n<div class=\"wp-block-button is-style-outline is-style-outline--2\"><a class=\"wp-block-button__link wp-element-button\" href=\"https:\/\/www.chateaucarqueiranne.com\/index.php\/eine-historisches-erbe-de\/\">DE \ud83c\udde9\ud83c\uddea<\/a><\/div>\n<\/div>\n\n\n\n<h2 class=\"wp-block-heading has-text-align-center\"><strong>Ch\u00e2teau Carqueiranne a historic heritage site<\/strong><\/h2>\n\n\n\n<p class=\"has-text-align-center\"><strong>The Ch\u00e2teau Carqueiranne, an exceptional heritage site in Provence, bears witness to the traditions and history of the region since the time of the Phocaeans, who brought viticulture to Provence 2600 years ago. Carqueiranne is located near Olbia and is an old Proven\u00e7al lordship. Its roots go back to the 13th century, when William of Carcairana from Corbetta near Milan took over the lordship.<\/strong><\/p>\n\n\n\n\n\n<div class=\"wp-block-media-text is-stacked-on-mobile\" style=\"grid-template-columns:48% auto\"><figure class=\"wp-block-media-text__media\"><img loading=\"lazy\" decoding=\"async\" width=\"505\" height=\"860\" src=\"https:\/\/www.chateaucarqueiranne.com\/wp-content\/uploads\/2024\/12\/Design-sans-titre-16.png\" alt=\"\" class=\"wp-image-839 size-full\" srcset=\"https:\/\/www.chateaucarqueiranne.com\/wp-content\/uploads\/2024\/12\/Design-sans-titre-16.png 505w, https:\/\/www.chateaucarqueiranne.com\/wp-content\/uploads\/2024\/12\/Design-sans-titre-16-176x300.png 176w\" sizes=\"(max-width: 505px) 100vw, 505px\" \/><\/figure><div class=\"wp-block-media-text__content\">\n<h3 class=\"wp-block-heading\" style=\"font-size:1.7rem\">A historic heritage site in Provence<\/h3>\n\n\n\n<p><\/p>\n\n\n\n<p>The <strong>history of the estate begins in 1217 <\/strong>with Guillaume de Carcairana&rsquo;s acquisition of the estate and its ecclesiastical investiture in 1252 by Pope Innocent IV.<\/p>\n\n\n\n<p>Ch\u00e2teau Carqueiranne was then closely linked to the seigniorial families of Provence. In particular, the Thomas de Fos and Ripert families, who left their mark on the 15th and 17th centuries. Situated in the heart of Provence, the ch\u00e2teau has witnessed many historic events. For example, the bishop of Toulon, Louis de La Tour du Pin de Montauban, died here on September 12, 1737. Today, Ch\u00e2teau Carqueiranne remains a true testament to the <strong>region&rsquo;s historical heritage.<\/strong><\/p>\n<\/div><\/div>\n\n\n\n\n\n<div class=\"wp-block-media-text has-media-on-the-right is-stacked-on-mobile is-image-fill-element\"><div class=\"wp-block-media-text__content\">\n<h3 class=\"wp-block-heading\" style=\"font-size:1.7rem\">Richet\u2019s influence at Ch\u00e2teau Carqueiranne<\/h3>\n\n\n\n<p><\/p>\n\n\n\n<p style=\"font-size:15px\">Covering 250 hectares, the estate was acquired in 1873 by the Richet family. They renovated the Ch\u00e2teau&rsquo;s facade and developed new infrastructures. These included the Colle Noire dam, water reservoirs, greenhouses and farm buildings. It also acquired the island of Grand Ribaud.<\/p>\n\n\n\n<p style=\"font-size:15px\">Charles Richet conducted research into animal heat, serums and, in 1902, with Paul Portier, discovered the phenomenon of anaphylaxis, for which he was awarded the Nobel Prize in Medicine in 1913. He is the author of over 700 works. He was a member of the Acad\u00e9mie de M\u00e9decine (1898) and the Acad\u00e9mie des Sciences (1914).<\/p>\n<\/div><figure class=\"wp-block-media-text__media\"><img loading=\"lazy\" decoding=\"async\" width=\"505\" height=\"860\" src=\"https:\/\/www.chateaucarqueiranne.com\/wp-content\/uploads\/2024\/12\/Design-sans-titre-17.png\" alt=\"\" class=\"wp-image-841 size-full\" style=\"object-position:50% 50%\" srcset=\"https:\/\/www.chateaucarqueiranne.com\/wp-content\/uploads\/2024\/12\/Design-sans-titre-17.png 505w, https:\/\/www.chateaucarqueiranne.com\/wp-content\/uploads\/2024\/12\/Design-sans-titre-17-176x300.png 176w\" sizes=\"(max-width: 505px) 100vw, 505px\" \/><\/figure><\/div>\n\n\n\n<div class=\"wp-block-media-text has-media-on-the-right is-stacked-on-mobile is-image-fill-element\"><div class=\"wp-block-media-text__content\">\n<p>But Charles Richet had other interests. An apostle of pacifism, he was also passionate about the beginnings of aviation, building the first steam-powered aeroplane in his hangar at Ch\u00e2teau Carqueiranne in 1896, which flew a hundred meters at Pointe Peno. He inspired and encouraged his wards Louis and Jacques Br\u00e9guet in their future ventures. A jack-of-all-trades, Charles Richet also devoted himself to the study of occult or supranormal phenomena, and founded the field of metapsychics, conducting numerous experiments at the Ch\u00e2teau with the famous Neapolitan medium Eusapia Paladino.<\/p>\n<\/div><figure class=\"wp-block-media-text__media\"><img loading=\"lazy\" decoding=\"async\" width=\"480\" height=\"650\" src=\"http:\/\/www.chateaucarqueiranne.com\/wp-content\/uploads\/2024\/11\/Design-sans-titre-4-1.png\" alt=\"\" class=\"wp-image-760 size-full\" style=\"object-position:50% 50%\" srcset=\"https:\/\/www.chateaucarqueiranne.com\/wp-content\/uploads\/2024\/11\/Design-sans-titre-4-1.png 480w, https:\/\/www.chateaucarqueiranne.com\/wp-content\/uploads\/2024\/11\/Design-sans-titre-4-1-222x300.png 222w\" sizes=\"(max-width: 480px) 100vw, 480px\" \/><\/figure><\/div>\n\n\n\n\n\n\n\n\n\n<div class=\"wp-block-media-text is-stacked-on-mobile\"><figure class=\"wp-block-media-text__media\"><img loading=\"lazy\" decoding=\"async\" width=\"495\" height=\"850\" src=\"https:\/\/www.chateaucarqueiranne.com\/wp-content\/uploads\/2024\/11\/Design-sans-titre-15-2.png\" alt=\"Fa\u00e7ade r\u00e9nov\u00e9e du Ch\u00e2teau Carqueiranne en Provence.\" class=\"wp-image-795 size-full\" srcset=\"https:\/\/www.chateaucarqueiranne.com\/wp-content\/uploads\/2024\/11\/Design-sans-titre-15-2.png 495w, https:\/\/www.chateaucarqueiranne.com\/wp-content\/uploads\/2024\/11\/Design-sans-titre-15-2-175x300.png 175w\" sizes=\"(max-width: 495px) 100vw, 495px\" \/><\/figure><div class=\"wp-block-media-text__content\">\n<h3 class=\"wp-block-heading\" style=\"font-size:1.7rem\">Restoration of the Historic Estate<\/h3>\n\n\n\n<p><\/p>\n\n\n\n<p style=\"font-size:15px\">In the 20th century, the ch\u00e2teau fell into serious decline, culminating in the partial collapse of its west tower in 2018.<\/p>\n\n\n\n<p style=\"font-size:15px\">Declared a safety hazard in 2022, it was rescued by the Lamour family, who rallied to preserve this exceptional piece of historical heritage. Restoration of the various buildings began in 2023 and includes the ch\u00e2teau, the chapel, the<a data-type=\"page\" data-id=\"240\" href=\"https:\/\/www.chateaucarqueiranne.com\/index.php\/la-paillote-ephemere-du-chateau\/\"><em><strong> paillote<\/strong><\/em><\/a>, the dovecote, the silkworm nursery, the Eiffel greenhouse, the farm sheds, and the rainwater tanks.<\/p>\n<\/div><\/div>\n\n\n\n\n\n<div class=\"wp-block-media-text has-media-on-the-right is-stacked-on-mobile\" style=\"grid-template-columns:auto 48%\"><div class=\"wp-block-media-text__content\">\n<h3 class=\"wp-block-heading\" style=\"font-size:1.7rem\">New winegrowing roots at Ch\u00e2teau Carqueiranne<\/h3>\n\n\n\n<p><\/p>\n\n\n\n<p style=\"font-size:15px\"> At the same time, a winegrowing development project has been launched in partnership with <strong><em><a href=\"https:\/\/www.cellierdelacrau.fr\">Cellier de la Crau<\/a><\/em><\/strong>. Today, the Ch\u00e2teau Carqueiranne wine estate spans 25 hectares of vineyards, located across the communes of Carqueiranne, La Crau, and Hy\u00e8res. The estate produces wines under the C\u00f4tes de Provence PDO and PGI Var appellations.<\/p>\n<\/div><figure class=\"wp-block-media-text__media\"><img loading=\"lazy\" decoding=\"async\" width=\"480\" height=\"650\" src=\"https:\/\/www.chateaucarqueiranne.com\/wp-content\/uploads\/2024\/11\/Design-sans-titre-14.png\" alt=\"Vignes en AOP C\u00f4tes de Provence du Ch\u00e2teau Carqueiranne.\" class=\"wp-image-756 size-full\" srcset=\"https:\/\/www.chateaucarqueiranne.com\/wp-content\/uploads\/2024\/11\/Design-sans-titre-14.png 480w, https:\/\/www.chateaucarqueiranne.com\/wp-content\/uploads\/2024\/11\/Design-sans-titre-14-222x300.png 222w\" sizes=\"(max-width: 480px) 100vw, 480px\" \/><\/figure><\/div>\n\n\n\n<p><\/p>\n","protected":false},"excerpt":{"rendered":"<p>Ch\u00e2teau Carqueiranne a historic heritage site The Ch\u00e2teau Carqueiranne, an exceptional heritage site in Provence, bears witness to the traditions and history of the region since the time of the Phocaeans, who brought viticulture to Provence 2600 years ago. Carqueiranne is located near Olbia and is an old Proven\u00e7al lordship. Its roots go back to [&hellip;]<\/p>\n","protected":false},"author":1,"featured_media":659,"parent":0,"menu_order":0,"comment_status":"closed","ping_status":"closed","template":"","meta":{"saved_in_kubio":true,"footnotes":""},"class_list":["post-1250","page","type-page","status-publish","has-post-thumbnail","hentry"],"kubio_ai_page_context":{"short_desc":"","purpose":"general"},"yoast_head":"<!-- This site is optimized with the Yoast SEO plugin v27.4 - https:\/\/yoast.com\/product\/yoast-seo-wordpress\/ -->\n<title>Ch\u00e2teau Carqueiranne, a historic heritage site - CH\u00c2TEAU CARQUEIRANNE<\/title>\n<meta name=\"description\" content=\"D\u00e9couvrez le Ch\u00e2teau Carqueiranne , entre patrimoine historique en Provence et domaine viticole en AOP C\u00f4tes de Provence.\" \/>\n<meta name=\"robots\" content=\"index, follow, max-snippet:-1, max-image-preview:large, max-video-preview:-1\" \/>\n<link rel=\"canonical\" href=\"https:\/\/www.chateaucarqueiranne.com\/index.php\/en\/chateau-carqueiranne-a-historic-heritage-site\/\" \/>\n<meta property=\"og:locale\" content=\"fr_FR\" \/>\n<meta property=\"og:type\" content=\"article\" \/>\n<meta property=\"og:title\" content=\"Ch\u00e2teau Carqueiranne, a historic heritage site - CH\u00c2TEAU CARQUEIRANNE\" \/>\n<meta property=\"og:description\" content=\"D\u00e9couvrez le Ch\u00e2teau Carqueiranne , entre patrimoine historique en Provence et domaine viticole en AOP C\u00f4tes de Provence.\" \/>\n<meta property=\"og:url\" content=\"https:\/\/www.chateaucarqueiranne.com\/index.php\/en\/chateau-carqueiranne-a-historic-heritage-site\/\" \/>\n<meta property=\"og:site_name\" content=\"CH\u00c2TEAU CARQUEIRANNE\" \/>\n<meta property=\"article:modified_time\" content=\"2025-06-26T09:30:32+00:00\" \/>\n<meta property=\"og:image\" content=\"http:\/\/www.chateaucarqueiranne.com\/wp-content\/uploads\/2024\/10\/1-CC-14-scaled.jpg\" \/>\n\t<meta property=\"og:image:width\" content=\"2560\" \/>\n\t<meta property=\"og:image:height\" content=\"1709\" \/>\n\t<meta property=\"og:image:type\" content=\"image\/jpeg\" \/>\n<meta name=\"twitter:card\" content=\"summary_large_image\" \/>\n<meta name=\"twitter:label1\" content=\"Dur\u00e9e de lecture estim\u00e9e\" \/>\n\t<meta name=\"twitter:data1\" content=\"4 minutes\" \/>\n<script type=\"application\/ld+json\" class=\"yoast-schema-graph\">{\"@context\":\"https:\\\/\\\/schema.org\",\"@graph\":[{\"@type\":\"WebPage\",\"@id\":\"https:\\\/\\\/www.chateaucarqueiranne.com\\\/index.php\\\/en\\\/chateau-carqueiranne-a-historic-heritage-site\\\/\",\"url\":\"https:\\\/\\\/www.chateaucarqueiranne.com\\\/index.php\\\/en\\\/chateau-carqueiranne-a-historic-heritage-site\\\/\",\"name\":\"Ch\u00e2teau Carqueiranne, a historic heritage site - CH\u00c2TEAU CARQUEIRANNE\",\"isPartOf\":{\"@id\":\"https:\\\/\\\/www.chateaucarqueiranne.com\\\/#website\"},\"primaryImageOfPage\":{\"@id\":\"https:\\\/\\\/www.chateaucarqueiranne.com\\\/index.php\\\/en\\\/chateau-carqueiranne-a-historic-heritage-site\\\/#primaryimage\"},\"image\":{\"@id\":\"https:\\\/\\\/www.chateaucarqueiranne.com\\\/index.php\\\/en\\\/chateau-carqueiranne-a-historic-heritage-site\\\/#primaryimage\"},\"thumbnailUrl\":\"https:\\\/\\\/www.chateaucarqueiranne.com\\\/wp-content\\\/uploads\\\/2024\\\/10\\\/1-CC-14-scaled.jpg\",\"datePublished\":\"2025-05-15T10:44:14+00:00\",\"dateModified\":\"2025-06-26T09:30:32+00:00\",\"description\":\"D\u00e9couvrez le Ch\u00e2teau Carqueiranne , entre patrimoine historique en Provence et domaine viticole en AOP C\u00f4tes de Provence.\",\"breadcrumb\":{\"@id\":\"https:\\\/\\\/www.chateaucarqueiranne.com\\\/index.php\\\/en\\\/chateau-carqueiranne-a-historic-heritage-site\\\/#breadcrumb\"},\"inLanguage\":\"fr-FR\",\"potentialAction\":[{\"@type\":\"ReadAction\",\"target\":[\"https:\\\/\\\/www.chateaucarqueiranne.com\\\/index.php\\\/en\\\/chateau-carqueiranne-a-historic-heritage-site\\\/\"]}]},{\"@type\":\"ImageObject\",\"inLanguage\":\"fr-FR\",\"@id\":\"https:\\\/\\\/www.chateaucarqueiranne.com\\\/index.php\\\/en\\\/chateau-carqueiranne-a-historic-heritage-site\\\/#primaryimage\",\"url\":\"https:\\\/\\\/www.chateaucarqueiranne.com\\\/wp-content\\\/uploads\\\/2024\\\/10\\\/1-CC-14-scaled.jpg\",\"contentUrl\":\"https:\\\/\\\/www.chateaucarqueiranne.com\\\/wp-content\\\/uploads\\\/2024\\\/10\\\/1-CC-14-scaled.jpg\",\"width\":2560,\"height\":1709},{\"@type\":\"BreadcrumbList\",\"@id\":\"https:\\\/\\\/www.chateaucarqueiranne.com\\\/index.php\\\/en\\\/chateau-carqueiranne-a-historic-heritage-site\\\/#breadcrumb\",\"itemListElement\":[{\"@type\":\"ListItem\",\"position\":1,\"name\":\"Accueil\",\"item\":\"https:\\\/\\\/www.chateaucarqueiranne.com\\\/\"},{\"@type\":\"ListItem\",\"position\":2,\"name\":\"Ch\u00e2teau Carqueiranne, a historic heritage site\"}]},{\"@type\":\"WebSite\",\"@id\":\"https:\\\/\\\/www.chateaucarqueiranne.com\\\/#website\",\"url\":\"https:\\\/\\\/www.chateaucarqueiranne.com\\\/\",\"name\":\"CH\u00c2TEAU CARQUEIRANNE\",\"description\":\"C\u00f4tes de Provence  \",\"publisher\":{\"@id\":\"https:\\\/\\\/www.chateaucarqueiranne.com\\\/#organization\"},\"potentialAction\":[{\"@type\":\"SearchAction\",\"target\":{\"@type\":\"EntryPoint\",\"urlTemplate\":\"https:\\\/\\\/www.chateaucarqueiranne.com\\\/?s={search_term_string}\"},\"query-input\":{\"@type\":\"PropertyValueSpecification\",\"valueRequired\":true,\"valueName\":\"search_term_string\"}}],\"inLanguage\":\"fr-FR\"},{\"@type\":\"Organization\",\"@id\":\"https:\\\/\\\/www.chateaucarqueiranne.com\\\/#organization\",\"name\":\"CH\u00c2TEAU CARQUEIRANNE\",\"url\":\"https:\\\/\\\/www.chateaucarqueiranne.com\\\/\",\"logo\":{\"@type\":\"ImageObject\",\"inLanguage\":\"fr-FR\",\"@id\":\"https:\\\/\\\/www.chateaucarqueiranne.com\\\/#\\\/schema\\\/logo\\\/image\\\/\",\"url\":\"https:\\\/\\\/www.chateaucarqueiranne.com\\\/wp-content\\\/uploads\\\/2024\\\/05\\\/Typo-Chateau-Sans-fond-1-e1715849615235.png\",\"contentUrl\":\"https:\\\/\\\/www.chateaucarqueiranne.com\\\/wp-content\\\/uploads\\\/2024\\\/05\\\/Typo-Chateau-Sans-fond-1-e1715849615235.png\",\"width\":1890,\"height\":592,\"caption\":\"CH\u00c2TEAU CARQUEIRANNE\"},\"image\":{\"@id\":\"https:\\\/\\\/www.chateaucarqueiranne.com\\\/#\\\/schema\\\/logo\\\/image\\\/\"}}]}<\/script>\n<!-- \/ Yoast SEO plugin. -->","yoast_head_json":{"title":"Ch\u00e2teau Carqueiranne, a historic heritage site - CH\u00c2TEAU CARQUEIRANNE","description":"D\u00e9couvrez le Ch\u00e2teau Carqueiranne , entre patrimoine historique en Provence et domaine viticole en AOP C\u00f4tes de Provence.","robots":{"index":"index","follow":"follow","max-snippet":"max-snippet:-1","max-image-preview":"max-image-preview:large","max-video-preview":"max-video-preview:-1"},"canonical":"https:\/\/www.chateaucarqueiranne.com\/index.php\/en\/chateau-carqueiranne-a-historic-heritage-site\/","og_locale":"fr_FR","og_type":"article","og_title":"Ch\u00e2teau Carqueiranne, a historic heritage site - CH\u00c2TEAU CARQUEIRANNE","og_description":"D\u00e9couvrez le Ch\u00e2teau Carqueiranne , entre patrimoine historique en Provence et domaine viticole en AOP C\u00f4tes de Provence.","og_url":"https:\/\/www.chateaucarqueiranne.com\/index.php\/en\/chateau-carqueiranne-a-historic-heritage-site\/","og_site_name":"CH\u00c2TEAU CARQUEIRANNE","article_modified_time":"2025-06-26T09:30:32+00:00","og_image":[{"width":2560,"height":1709,"url":"http:\/\/www.chateaucarqueiranne.com\/wp-content\/uploads\/2024\/10\/1-CC-14-scaled.jpg","type":"image\/jpeg"}],"twitter_card":"summary_large_image","twitter_misc":{"Dur\u00e9e de lecture estim\u00e9e":"4 minutes"},"schema":{"@context":"https:\/\/schema.org","@graph":[{"@type":"WebPage","@id":"https:\/\/www.chateaucarqueiranne.com\/index.php\/en\/chateau-carqueiranne-a-historic-heritage-site\/","url":"https:\/\/www.chateaucarqueiranne.com\/index.php\/en\/chateau-carqueiranne-a-historic-heritage-site\/","name":"Ch\u00e2teau Carqueiranne, a historic heritage site - CH\u00c2TEAU CARQUEIRANNE","isPartOf":{"@id":"https:\/\/www.chateaucarqueiranne.com\/#website"},"primaryImageOfPage":{"@id":"https:\/\/www.chateaucarqueiranne.com\/index.php\/en\/chateau-carqueiranne-a-historic-heritage-site\/#primaryimage"},"image":{"@id":"https:\/\/www.chateaucarqueiranne.com\/index.php\/en\/chateau-carqueiranne-a-historic-heritage-site\/#primaryimage"},"thumbnailUrl":"https:\/\/www.chateaucarqueiranne.com\/wp-content\/uploads\/2024\/10\/1-CC-14-scaled.jpg","datePublished":"2025-05-15T10:44:14+00:00","dateModified":"2025-06-26T09:30:32+00:00","description":"D\u00e9couvrez le Ch\u00e2teau Carqueiranne , entre patrimoine historique en Provence et domaine viticole en AOP C\u00f4tes de Provence.","breadcrumb":{"@id":"https:\/\/www.chateaucarqueiranne.com\/index.php\/en\/chateau-carqueiranne-a-historic-heritage-site\/#breadcrumb"},"inLanguage":"fr-FR","potentialAction":[{"@type":"ReadAction","target":["https:\/\/www.chateaucarqueiranne.com\/index.php\/en\/chateau-carqueiranne-a-historic-heritage-site\/"]}]},{"@type":"ImageObject","inLanguage":"fr-FR","@id":"https:\/\/www.chateaucarqueiranne.com\/index.php\/en\/chateau-carqueiranne-a-historic-heritage-site\/#primaryimage","url":"https:\/\/www.chateaucarqueiranne.com\/wp-content\/uploads\/2024\/10\/1-CC-14-scaled.jpg","contentUrl":"https:\/\/www.chateaucarqueiranne.com\/wp-content\/uploads\/2024\/10\/1-CC-14-scaled.jpg","width":2560,"height":1709},{"@type":"BreadcrumbList","@id":"https:\/\/www.chateaucarqueiranne.com\/index.php\/en\/chateau-carqueiranne-a-historic-heritage-site\/#breadcrumb","itemListElement":[{"@type":"ListItem","position":1,"name":"Accueil","item":"https:\/\/www.chateaucarqueiranne.com\/"},{"@type":"ListItem","position":2,"name":"Ch\u00e2teau Carqueiranne, a historic heritage site"}]},{"@type":"WebSite","@id":"https:\/\/www.chateaucarqueiranne.com\/#website","url":"https:\/\/www.chateaucarqueiranne.com\/","name":"CH\u00c2TEAU CARQUEIRANNE","description":"C\u00f4tes de Provence  ","publisher":{"@id":"https:\/\/www.chateaucarqueiranne.com\/#organization"},"potentialAction":[{"@type":"SearchAction","target":{"@type":"EntryPoint","urlTemplate":"https:\/\/www.chateaucarqueiranne.com\/?s={search_term_string}"},"query-input":{"@type":"PropertyValueSpecification","valueRequired":true,"valueName":"search_term_string"}}],"inLanguage":"fr-FR"},{"@type":"Organization","@id":"https:\/\/www.chateaucarqueiranne.com\/#organization","name":"CH\u00c2TEAU CARQUEIRANNE","url":"https:\/\/www.chateaucarqueiranne.com\/","logo":{"@type":"ImageObject","inLanguage":"fr-FR","@id":"https:\/\/www.chateaucarqueiranne.com\/#\/schema\/logo\/image\/","url":"https:\/\/www.chateaucarqueiranne.com\/wp-content\/uploads\/2024\/05\/Typo-Chateau-Sans-fond-1-e1715849615235.png","contentUrl":"https:\/\/www.chateaucarqueiranne.com\/wp-content\/uploads\/2024\/05\/Typo-Chateau-Sans-fond-1-e1715849615235.png","width":1890,"height":592,"caption":"CH\u00c2TEAU CARQUEIRANNE"},"image":{"@id":"https:\/\/www.chateaucarqueiranne.com\/#\/schema\/logo\/image\/"}}]}},"_links":{"self":[{"href":"https:\/\/www.chateaucarqueiranne.com\/index.php\/wp-json\/wp\/v2\/pages\/1250","targetHints":{"allow":["GET"]}}],"collection":[{"href":"https:\/\/www.chateaucarqueiranne.com\/index.php\/wp-json\/wp\/v2\/pages"}],"about":[{"href":"https:\/\/www.chateaucarqueiranne.com\/index.php\/wp-json\/wp\/v2\/types\/page"}],"author":[{"embeddable":true,"href":"https:\/\/www.chateaucarqueiranne.com\/index.php\/wp-json\/wp\/v2\/users\/1"}],"replies":[{"embeddable":true,"href":"https:\/\/www.chateaucarqueiranne.com\/index.php\/wp-json\/wp\/v2\/comments?post=1250"}],"version-history":[{"count":14,"href":"https:\/\/www.chateaucarqueiranne.com\/index.php\/wp-json\/wp\/v2\/pages\/1250\/revisions"}],"predecessor-version":[{"id":1912,"href":"https:\/\/www.chateaucarqueiranne.com\/index.php\/wp-json\/wp\/v2\/pages\/1250\/revisions\/1912"}],"wp:featuredmedia":[{"embeddable":true,"href":"https:\/\/www.chateaucarqueiranne.com\/index.php\/wp-json\/wp\/v2\/media\/659"}],"wp:attachment":[{"href":"https:\/\/www.chateaucarqueiranne.com\/index.php\/wp-json\/wp\/v2\/media?parent=1250"}],"curies":[{"name":"wp","href":"https:\/\/api.w.org\/{rel}","templated":true}]}}