{"id":1244,"date":"2025-05-15T11:45:22","date_gmt":"2025-05-15T09:45:22","guid":{"rendered":"https:\/\/www.chateaucarqueiranne.com\/?page_id=1244"},"modified":"2025-05-15T11:48:17","modified_gmt":"2025-05-15T09:48:17","slug":"hve-certification-for-chateau-carqueiranne","status":"publish","type":"page","link":"https:\/\/www.chateaucarqueiranne.com\/index.php\/en\/hve-certification-for-chateau-carqueiranne\/","title":{"rendered":"HVE certification for Ch\u00e2teau Carqueiranne"},"content":{"rendered":"\n<div class=\"wp-block-buttons is-content-justification-right is-layout-flex wp-container-core-buttons-is-layout-d445cf74 wp-block-buttons-is-layout-flex\">\n<div class=\"wp-block-button is-style-outline is-style-outline--1\"><a class=\"wp-block-button__link wp-element-button\" href=\"https:\/\/www.chateaucarqueiranne.com\/index.php\/certification-hve-chateau-carqueiranne\/\">FR \ud83c\uddeb\ud83c\uddf7<\/a><\/div>\n<\/div>\n\n\n\n<h2 class=\"wp-block-heading has-text-align-center\">The HVE Certification awarded to Ch\u00e2teau Carqueiranne<\/h2>\n\n\n\n\n\n\n\n\n\n<figure class=\"wp-block-image size-large\"><img loading=\"lazy\" decoding=\"async\" width=\"1024\" height=\"683\" src=\"http:\/\/www.chateaucarqueiranne.com\/wp-content\/uploads\/2024\/10\/1-CC-14-1024x683.jpg\" alt=\"Exploitation viticole certifi\u00e9e HVE et vue sur le Ch\u00e2teau Carqueiranne\" class=\"wp-image-659\" srcset=\"https:\/\/www.chateaucarqueiranne.com\/wp-content\/uploads\/2024\/10\/1-CC-14-1024x683.jpg 1024w, https:\/\/www.chateaucarqueiranne.com\/wp-content\/uploads\/2024\/10\/1-CC-14-300x200.jpg 300w, https:\/\/www.chateaucarqueiranne.com\/wp-content\/uploads\/2024\/10\/1-CC-14-768x513.jpg 768w, https:\/\/www.chateaucarqueiranne.com\/wp-content\/uploads\/2024\/10\/1-CC-14-1536x1025.jpg 1536w\" sizes=\"(max-width: 1024px) 100vw, 1024px\" \/><\/figure>\n\n\n\n\n\n<h3 class=\"wp-block-heading\" style=\"font-size:18px\"><strong>Official Certification for Ch\u00e2teau Carqueiranne<\/strong><\/h3>\n\n\n\n<p>HVE certification (High Environmental Value) is an <a href=\"https:\/\/agriculture.gouv.fr\/tout-savoir-sur-la-haute-valeur-environnementale-hve\"><strong><em>official French label granted by the Ministry of Agriculture and Food<\/em><\/strong><\/a>. It is awarded to farms that meet strict criteria for protecting biodiversity \u2014 including responsible water management, reduced use of chemical inputs, and preservation of soil health. This certification is part of a broader effort to promote sustainable agriculture and reduce the environmental impact of farming.<\/p>\n\n\n\n<h3 class=\"wp-block-heading\" style=\"font-size:18px\"><strong>A Recognised Label for Our C\u00f4tes de Provence Wines<\/strong><\/h3>\n\n\n\n<p>Ch\u00e2teau Carqueiranne is proudly part of the collective certification scheme led by the Syndicat des Vins C\u00f4tes de Provence. We are one of 947 farms certified HVE this year. This label recognises our commitment to producing high-quality wines while respecting the environment and the natural rhythms of our <a href=\"https:\/\/www.chateaucarqueiranne.com\/index.php\/terroir-viticole-provence\/\"><strong><em>Proven\u00e7al terroir<\/em><\/strong><\/a>.<\/p>\n\n\n\n<h3 class=\"wp-block-heading\" style=\"font-size:18px\"><strong>HVE certification on our products<\/strong><\/h3>\n\n\n\n<p>Ch\u00e2teau Carqueiranne is now authorised to display the HVE logo on its bottles and communication materials. This mark assures our customers that our wines are made using sustainable, environmentally responsible farming practices.<\/p>\n\n\n\n\n\n<figure class=\"wp-block-image aligncenter size-large is-resized\"><img loading=\"lazy\" decoding=\"async\" width=\"1024\" height=\"1024\" src=\"https:\/\/www.chateaucarqueiranne.com\/wp-content\/uploads\/2024\/10\/image-1-1024x1024.png\" alt=\"Certification HVE\" class=\"wp-image-673\" style=\"width:229px;height:auto\" srcset=\"https:\/\/www.chateaucarqueiranne.com\/wp-content\/uploads\/2024\/10\/image-1-1024x1024.png 1024w, https:\/\/www.chateaucarqueiranne.com\/wp-content\/uploads\/2024\/10\/image-1-300x300.png 300w, https:\/\/www.chateaucarqueiranne.com\/wp-content\/uploads\/2024\/10\/image-1-150x150.png 150w, https:\/\/www.chateaucarqueiranne.com\/wp-content\/uploads\/2024\/10\/image-1-768x768.png 768w, https:\/\/www.chateaucarqueiranne.com\/wp-content\/uploads\/2024\/10\/image-1-1080x1080.png 1080w, https:\/\/www.chateaucarqueiranne.com\/wp-content\/uploads\/2024\/10\/image-1.png 1181w\" sizes=\"(max-width: 1024px) 100vw, 1024px\" \/><\/figure>\n\n\n\n<p><\/p>\n","protected":false},"excerpt":{"rendered":"<p>The HVE Certification awarded to Ch\u00e2teau Carqueiranne Official Certification for Ch\u00e2teau Carqueiranne HVE certification (High Environmental Value) is an official French label granted by the Ministry of Agriculture and Food. It is awarded to farms that meet strict criteria for protecting biodiversity \u2014 including responsible water management, reduced use of chemical inputs, and preservation of [&hellip;]<\/p>\n","protected":false},"author":1,"featured_media":673,"parent":0,"menu_order":0,"comment_status":"closed","ping_status":"closed","template":"","meta":{"saved_in_kubio":false,"footnotes":""},"class_list":["post-1244","page","type-page","status-publish","has-post-thumbnail","hentry"],"kubio_ai_page_context":{"short_desc":"","purpose":"general"},"yoast_head":"<!-- This site is optimized with the Yoast SEO plugin v27.4 - https:\/\/yoast.com\/product\/yoast-seo-wordpress\/ -->\n<title>HVE certification for Ch\u00e2teau Carqueiranne - CH\u00c2TEAU CARQUEIRANNE<\/title>\n<meta name=\"description\" content=\"La certification HVE pour le Ch\u00e2teau Carqueiranne valorise des pratiques agricoles durables en Provence. Un engagement pour l&#039;environnement.\" \/>\n<meta name=\"robots\" content=\"index, follow, max-snippet:-1, max-image-preview:large, max-video-preview:-1\" \/>\n<link rel=\"canonical\" href=\"https:\/\/www.chateaucarqueiranne.com\/index.php\/en\/hve-certification-for-chateau-carqueiranne\/\" \/>\n<meta property=\"og:locale\" content=\"fr_FR\" \/>\n<meta property=\"og:type\" content=\"article\" \/>\n<meta property=\"og:title\" content=\"HVE certification for Ch\u00e2teau Carqueiranne - CH\u00c2TEAU CARQUEIRANNE\" \/>\n<meta property=\"og:description\" content=\"La certification HVE pour le Ch\u00e2teau Carqueiranne valorise des pratiques agricoles durables en Provence. Un engagement pour l&#039;environnement.\" \/>\n<meta property=\"og:url\" content=\"https:\/\/www.chateaucarqueiranne.com\/index.php\/en\/hve-certification-for-chateau-carqueiranne\/\" \/>\n<meta property=\"og:site_name\" content=\"CH\u00c2TEAU CARQUEIRANNE\" \/>\n<meta property=\"article:modified_time\" content=\"2025-05-15T09:48:17+00:00\" \/>\n<meta property=\"og:image\" content=\"http:\/\/www.chateaucarqueiranne.com\/wp-content\/uploads\/2024\/10\/image-1.png\" \/>\n\t<meta property=\"og:image:width\" content=\"1181\" \/>\n\t<meta property=\"og:image:height\" content=\"1181\" \/>\n\t<meta property=\"og:image:type\" content=\"image\/png\" \/>\n<meta name=\"twitter:card\" content=\"summary_large_image\" \/>\n<meta name=\"twitter:label1\" content=\"Dur\u00e9e de lecture estim\u00e9e\" \/>\n\t<meta name=\"twitter:data1\" content=\"2 minutes\" \/>\n<script type=\"application\/ld+json\" class=\"yoast-schema-graph\">{\"@context\":\"https:\\\/\\\/schema.org\",\"@graph\":[{\"@type\":\"WebPage\",\"@id\":\"https:\\\/\\\/www.chateaucarqueiranne.com\\\/index.php\\\/en\\\/hve-certification-for-chateau-carqueiranne\\\/\",\"url\":\"https:\\\/\\\/www.chateaucarqueiranne.com\\\/index.php\\\/en\\\/hve-certification-for-chateau-carqueiranne\\\/\",\"name\":\"HVE certification for Ch\u00e2teau Carqueiranne - CH\u00c2TEAU CARQUEIRANNE\",\"isPartOf\":{\"@id\":\"https:\\\/\\\/www.chateaucarqueiranne.com\\\/#website\"},\"primaryImageOfPage\":{\"@id\":\"https:\\\/\\\/www.chateaucarqueiranne.com\\\/index.php\\\/en\\\/hve-certification-for-chateau-carqueiranne\\\/#primaryimage\"},\"image\":{\"@id\":\"https:\\\/\\\/www.chateaucarqueiranne.com\\\/index.php\\\/en\\\/hve-certification-for-chateau-carqueiranne\\\/#primaryimage\"},\"thumbnailUrl\":\"https:\\\/\\\/www.chateaucarqueiranne.com\\\/wp-content\\\/uploads\\\/2024\\\/10\\\/image-1.png\",\"datePublished\":\"2025-05-15T09:45:22+00:00\",\"dateModified\":\"2025-05-15T09:48:17+00:00\",\"description\":\"La certification HVE pour le Ch\u00e2teau Carqueiranne valorise des pratiques agricoles durables en Provence. Un engagement pour l'environnement.\",\"breadcrumb\":{\"@id\":\"https:\\\/\\\/www.chateaucarqueiranne.com\\\/index.php\\\/en\\\/hve-certification-for-chateau-carqueiranne\\\/#breadcrumb\"},\"inLanguage\":\"fr-FR\",\"potentialAction\":[{\"@type\":\"ReadAction\",\"target\":[\"https:\\\/\\\/www.chateaucarqueiranne.com\\\/index.php\\\/en\\\/hve-certification-for-chateau-carqueiranne\\\/\"]}]},{\"@type\":\"ImageObject\",\"inLanguage\":\"fr-FR\",\"@id\":\"https:\\\/\\\/www.chateaucarqueiranne.com\\\/index.php\\\/en\\\/hve-certification-for-chateau-carqueiranne\\\/#primaryimage\",\"url\":\"https:\\\/\\\/www.chateaucarqueiranne.com\\\/wp-content\\\/uploads\\\/2024\\\/10\\\/image-1.png\",\"contentUrl\":\"https:\\\/\\\/www.chateaucarqueiranne.com\\\/wp-content\\\/uploads\\\/2024\\\/10\\\/image-1.png\",\"width\":1181,\"height\":1181},{\"@type\":\"BreadcrumbList\",\"@id\":\"https:\\\/\\\/www.chateaucarqueiranne.com\\\/index.php\\\/en\\\/hve-certification-for-chateau-carqueiranne\\\/#breadcrumb\",\"itemListElement\":[{\"@type\":\"ListItem\",\"position\":1,\"name\":\"Accueil\",\"item\":\"https:\\\/\\\/www.chateaucarqueiranne.com\\\/\"},{\"@type\":\"ListItem\",\"position\":2,\"name\":\"HVE certification for Ch\u00e2teau Carqueiranne\"}]},{\"@type\":\"WebSite\",\"@id\":\"https:\\\/\\\/www.chateaucarqueiranne.com\\\/#website\",\"url\":\"https:\\\/\\\/www.chateaucarqueiranne.com\\\/\",\"name\":\"CH\u00c2TEAU CARQUEIRANNE\",\"description\":\"C\u00f4tes de Provence  \",\"publisher\":{\"@id\":\"https:\\\/\\\/www.chateaucarqueiranne.com\\\/#organization\"},\"potentialAction\":[{\"@type\":\"SearchAction\",\"target\":{\"@type\":\"EntryPoint\",\"urlTemplate\":\"https:\\\/\\\/www.chateaucarqueiranne.com\\\/?s={search_term_string}\"},\"query-input\":{\"@type\":\"PropertyValueSpecification\",\"valueRequired\":true,\"valueName\":\"search_term_string\"}}],\"inLanguage\":\"fr-FR\"},{\"@type\":\"Organization\",\"@id\":\"https:\\\/\\\/www.chateaucarqueiranne.com\\\/#organization\",\"name\":\"CH\u00c2TEAU CARQUEIRANNE\",\"url\":\"https:\\\/\\\/www.chateaucarqueiranne.com\\\/\",\"logo\":{\"@type\":\"ImageObject\",\"inLanguage\":\"fr-FR\",\"@id\":\"https:\\\/\\\/www.chateaucarqueiranne.com\\\/#\\\/schema\\\/logo\\\/image\\\/\",\"url\":\"https:\\\/\\\/www.chateaucarqueiranne.com\\\/wp-content\\\/uploads\\\/2024\\\/05\\\/Typo-Chateau-Sans-fond-1-e1715849615235.png\",\"contentUrl\":\"https:\\\/\\\/www.chateaucarqueiranne.com\\\/wp-content\\\/uploads\\\/2024\\\/05\\\/Typo-Chateau-Sans-fond-1-e1715849615235.png\",\"width\":1890,\"height\":592,\"caption\":\"CH\u00c2TEAU CARQUEIRANNE\"},\"image\":{\"@id\":\"https:\\\/\\\/www.chateaucarqueiranne.com\\\/#\\\/schema\\\/logo\\\/image\\\/\"}}]}<\/script>\n<!-- \/ Yoast SEO plugin. -->","yoast_head_json":{"title":"HVE certification for Ch\u00e2teau Carqueiranne - CH\u00c2TEAU CARQUEIRANNE","description":"La certification HVE pour le Ch\u00e2teau Carqueiranne valorise des pratiques agricoles durables en Provence. Un engagement pour l'environnement.","robots":{"index":"index","follow":"follow","max-snippet":"max-snippet:-1","max-image-preview":"max-image-preview:large","max-video-preview":"max-video-preview:-1"},"canonical":"https:\/\/www.chateaucarqueiranne.com\/index.php\/en\/hve-certification-for-chateau-carqueiranne\/","og_locale":"fr_FR","og_type":"article","og_title":"HVE certification for Ch\u00e2teau Carqueiranne - CH\u00c2TEAU CARQUEIRANNE","og_description":"La certification HVE pour le Ch\u00e2teau Carqueiranne valorise des pratiques agricoles durables en Provence. Un engagement pour l'environnement.","og_url":"https:\/\/www.chateaucarqueiranne.com\/index.php\/en\/hve-certification-for-chateau-carqueiranne\/","og_site_name":"CH\u00c2TEAU CARQUEIRANNE","article_modified_time":"2025-05-15T09:48:17+00:00","og_image":[{"width":1181,"height":1181,"url":"http:\/\/www.chateaucarqueiranne.com\/wp-content\/uploads\/2024\/10\/image-1.png","type":"image\/png"}],"twitter_card":"summary_large_image","twitter_misc":{"Dur\u00e9e de lecture estim\u00e9e":"2 minutes"},"schema":{"@context":"https:\/\/schema.org","@graph":[{"@type":"WebPage","@id":"https:\/\/www.chateaucarqueiranne.com\/index.php\/en\/hve-certification-for-chateau-carqueiranne\/","url":"https:\/\/www.chateaucarqueiranne.com\/index.php\/en\/hve-certification-for-chateau-carqueiranne\/","name":"HVE certification for Ch\u00e2teau Carqueiranne - CH\u00c2TEAU CARQUEIRANNE","isPartOf":{"@id":"https:\/\/www.chateaucarqueiranne.com\/#website"},"primaryImageOfPage":{"@id":"https:\/\/www.chateaucarqueiranne.com\/index.php\/en\/hve-certification-for-chateau-carqueiranne\/#primaryimage"},"image":{"@id":"https:\/\/www.chateaucarqueiranne.com\/index.php\/en\/hve-certification-for-chateau-carqueiranne\/#primaryimage"},"thumbnailUrl":"https:\/\/www.chateaucarqueiranne.com\/wp-content\/uploads\/2024\/10\/image-1.png","datePublished":"2025-05-15T09:45:22+00:00","dateModified":"2025-05-15T09:48:17+00:00","description":"La certification HVE pour le Ch\u00e2teau Carqueiranne valorise des pratiques agricoles durables en Provence. Un engagement pour l'environnement.","breadcrumb":{"@id":"https:\/\/www.chateaucarqueiranne.com\/index.php\/en\/hve-certification-for-chateau-carqueiranne\/#breadcrumb"},"inLanguage":"fr-FR","potentialAction":[{"@type":"ReadAction","target":["https:\/\/www.chateaucarqueiranne.com\/index.php\/en\/hve-certification-for-chateau-carqueiranne\/"]}]},{"@type":"ImageObject","inLanguage":"fr-FR","@id":"https:\/\/www.chateaucarqueiranne.com\/index.php\/en\/hve-certification-for-chateau-carqueiranne\/#primaryimage","url":"https:\/\/www.chateaucarqueiranne.com\/wp-content\/uploads\/2024\/10\/image-1.png","contentUrl":"https:\/\/www.chateaucarqueiranne.com\/wp-content\/uploads\/2024\/10\/image-1.png","width":1181,"height":1181},{"@type":"BreadcrumbList","@id":"https:\/\/www.chateaucarqueiranne.com\/index.php\/en\/hve-certification-for-chateau-carqueiranne\/#breadcrumb","itemListElement":[{"@type":"ListItem","position":1,"name":"Accueil","item":"https:\/\/www.chateaucarqueiranne.com\/"},{"@type":"ListItem","position":2,"name":"HVE certification for Ch\u00e2teau Carqueiranne"}]},{"@type":"WebSite","@id":"https:\/\/www.chateaucarqueiranne.com\/#website","url":"https:\/\/www.chateaucarqueiranne.com\/","name":"CH\u00c2TEAU CARQUEIRANNE","description":"C\u00f4tes de Provence  ","publisher":{"@id":"https:\/\/www.chateaucarqueiranne.com\/#organization"},"potentialAction":[{"@type":"SearchAction","target":{"@type":"EntryPoint","urlTemplate":"https:\/\/www.chateaucarqueiranne.com\/?s={search_term_string}"},"query-input":{"@type":"PropertyValueSpecification","valueRequired":true,"valueName":"search_term_string"}}],"inLanguage":"fr-FR"},{"@type":"Organization","@id":"https:\/\/www.chateaucarqueiranne.com\/#organization","name":"CH\u00c2TEAU CARQUEIRANNE","url":"https:\/\/www.chateaucarqueiranne.com\/","logo":{"@type":"ImageObject","inLanguage":"fr-FR","@id":"https:\/\/www.chateaucarqueiranne.com\/#\/schema\/logo\/image\/","url":"https:\/\/www.chateaucarqueiranne.com\/wp-content\/uploads\/2024\/05\/Typo-Chateau-Sans-fond-1-e1715849615235.png","contentUrl":"https:\/\/www.chateaucarqueiranne.com\/wp-content\/uploads\/2024\/05\/Typo-Chateau-Sans-fond-1-e1715849615235.png","width":1890,"height":592,"caption":"CH\u00c2TEAU CARQUEIRANNE"},"image":{"@id":"https:\/\/www.chateaucarqueiranne.com\/#\/schema\/logo\/image\/"}}]}},"_links":{"self":[{"href":"https:\/\/www.chateaucarqueiranne.com\/index.php\/wp-json\/wp\/v2\/pages\/1244","targetHints":{"allow":["GET"]}}],"collection":[{"href":"https:\/\/www.chateaucarqueiranne.com\/index.php\/wp-json\/wp\/v2\/pages"}],"about":[{"href":"https:\/\/www.chateaucarqueiranne.com\/index.php\/wp-json\/wp\/v2\/types\/page"}],"author":[{"embeddable":true,"href":"https:\/\/www.chateaucarqueiranne.com\/index.php\/wp-json\/wp\/v2\/users\/1"}],"replies":[{"embeddable":true,"href":"https:\/\/www.chateaucarqueiranne.com\/index.php\/wp-json\/wp\/v2\/comments?post=1244"}],"version-history":[{"count":7,"href":"https:\/\/www.chateaucarqueiranne.com\/index.php\/wp-json\/wp\/v2\/pages\/1244\/revisions"}],"predecessor-version":[{"id":1371,"href":"https:\/\/www.chateaucarqueiranne.com\/index.php\/wp-json\/wp\/v2\/pages\/1244\/revisions\/1371"}],"wp:featuredmedia":[{"embeddable":true,"href":"https:\/\/www.chateaucarqueiranne.com\/index.php\/wp-json\/wp\/v2\/media\/673"}],"wp:attachment":[{"href":"https:\/\/www.chateaucarqueiranne.com\/index.php\/wp-json\/wp\/v2\/media?parent=1244"}],"curies":[{"name":"wp","href":"https:\/\/api.w.org\/{rel}","templated":true}]}}