{"id":1242,"date":"2025-05-15T14:41:33","date_gmt":"2025-05-15T12:41:33","guid":{"rendered":"https:\/\/www.chateaucarqueiranne.com\/?page_id=1242"},"modified":"2025-05-15T14:41:34","modified_gmt":"2025-05-15T12:41:34","slug":"the-unique-spirit-of-chateau-carqueiranne","status":"publish","type":"page","link":"https:\/\/www.chateaucarqueiranne.com\/index.php\/en\/the-unique-spirit-of-chateau-carqueiranne\/","title":{"rendered":"The Unique Spirit of Ch\u00e2teau Carqueiranne"},"content":{"rendered":"\n<div class=\"wp-block-buttons is-content-justification-right is-layout-flex wp-container-core-buttons-is-layout-d445cf74 wp-block-buttons-is-layout-flex\">\n<div class=\"wp-block-button is-style-outline is-style-outline--1\"><a class=\"wp-block-button__link wp-element-button\" href=\"https:\/\/www.chateaucarqueiranne.com\/index.php\/lesprit-unique-chateau-carqueiranne\/\">FR \ud83c\uddeb\ud83c\uddf7<\/a><\/div>\n<\/div>\n\n\n\n<h2 class=\"wp-block-heading has-text-align-center\" style=\"font-size:2.8rem\">The Unique Spirit of Ch\u00e2teau Carqueiranne<\/h2>\n\n\n\n\n\n<p class=\"has-text-align-center\"><strong>The unique spirit of Ch\u00e2teau Carqueiranne is built around three essential pillars: honoring our historic heritage, producing exceptional wines, and embodying the Proven\u00e7al art of living. Guided by this spirit, every action reflects time-honored expertise .<\/strong><\/p>\n\n\n\n\n\n<div class=\"wp-block-media-text is-stacked-on-mobile\"><figure class=\"wp-block-media-text__media\"><img loading=\"lazy\" decoding=\"async\" width=\"480\" height=\"650\" src=\"https:\/\/www.chateaucarqueiranne.com\/wp-content\/uploads\/2024\/11\/Design-sans-titre-4-1.png\" alt=\"Croix d'\u00e9poque sur le haut du Ch\u00e2teau Carqueiranne.\" class=\"wp-image-760 size-full\" srcset=\"https:\/\/www.chateaucarqueiranne.com\/wp-content\/uploads\/2024\/11\/Design-sans-titre-4-1.png 480w, https:\/\/www.chateaucarqueiranne.com\/wp-content\/uploads\/2024\/11\/Design-sans-titre-4-1-222x300.png 222w\" sizes=\"(max-width: 480px) 100vw, 480px\" \/><\/figure><div class=\"wp-block-media-text__content\">\n<h3 class=\"wp-block-heading\" style=\"font-size:1.8rem\">A unique dual heritage<\/h3>\n\n\n\n<p><\/p>\n\n\n\n<p style=\"font-size:15px\">Ch\u00e2teau Carqueiranne, a <strong><em><a href=\"https:\/\/www.chateaucarqueiranne.com\/index.php\/chateau-carqueiranne-patrimoine-historique\/\">historic landmark in Provence<\/a><\/em><\/strong>, embodies a dual heritage: the memory of centuries of history, and a distinctive winegrowing ecosystem. Its rich soils, bathed in Mediterranean sunshine and shaped by the Mistral wind, nurture both the vines and the surrounding biodiversity.<\/p>\n<\/div><\/div>\n\n\n\n\n\n<div class=\"wp-block-media-text has-media-on-the-right is-stacked-on-mobile\"><div class=\"wp-block-media-text__content\">\n<h3 class=\"wp-block-heading\" style=\"font-size:1.8rem\">Quality as a commitment<\/h3>\n\n\n\n<p style=\"font-size:15px\">At Ch\u00e2teau Carqueiranne, the pursuit of quality lies at the heart of everything we do. Every stage of our work is guided by strict, environmentally respectful practices. We are subject to external audits to ensure compliance with the highest standards. Yet beyond certifications, it is the passion of our teams \u2014 for excellence and sustainability \u2014 that truly sets us apart. We believe in producing less, but producing better: wines of lasting quality. From vine to vinification, every detail is considered to craft exceptional  <strong><em><a href=\"https:\/\/www.vinsdeprovence.com\/les-appellations\/cotes-de-provence\">AOP C\u00f4tes de Provence<\/a><\/em><\/strong> wines.<\/p>\n<\/div><figure class=\"wp-block-media-text__media\"><img loading=\"lazy\" decoding=\"async\" width=\"480\" height=\"650\" src=\"http:\/\/www.chateaucarqueiranne.com\/wp-content\/uploads\/2024\/11\/Design-sans-titre-5.png\" alt=\"Feuille de vigne du Ch\u00e2teau Carqueiranne\" class=\"wp-image-745 size-full\" srcset=\"https:\/\/www.chateaucarqueiranne.com\/wp-content\/uploads\/2024\/11\/Design-sans-titre-5.png 480w, https:\/\/www.chateaucarqueiranne.com\/wp-content\/uploads\/2024\/11\/Design-sans-titre-5-222x300.png 222w\" sizes=\"(max-width: 480px) 100vw, 480px\" \/><\/figure><\/div>\n\n\n\n\n\n<div class=\"wp-block-media-text is-stacked-on-mobile\"><figure class=\"wp-block-media-text__media\"><img loading=\"lazy\" decoding=\"async\" width=\"480\" height=\"650\" src=\"http:\/\/www.chateaucarqueiranne.com\/wp-content\/uploads\/2024\/11\/Design-sans-titre-7.png\" alt=\"\" class=\"wp-image-747 size-full\" srcset=\"https:\/\/www.chateaucarqueiranne.com\/wp-content\/uploads\/2024\/11\/Design-sans-titre-7.png 480w, https:\/\/www.chateaucarqueiranne.com\/wp-content\/uploads\/2024\/11\/Design-sans-titre-7-222x300.png 222w\" sizes=\"(max-width: 480px) 100vw, 480px\" \/><\/figure><div class=\"wp-block-media-text__content\">\n<h3 class=\"wp-block-heading\" style=\"font-size:1.8rem\">The authentic spirit of Provence at Ch\u00e2teau Carqueiranne<\/h3>\n\n\n\n<p style=\"font-size:15px\">The essence of our estate lies in a refined, unpretentious form of luxury \u2014 true to the Proven\u00e7al art of living. We welcome visitors into an authentic setting where nature, local know-how, and our wines come together to offer a sincere, rooted experience. This authenticity is reflected in our choices: we collaborate with local artisans for much of our work, and <a href=\"https:\/\/www.chateaucarqueiranne.com\/index.php\/portraits\/\"><strong><em>our team<\/em><\/strong><\/a> \u2014 deeply connected to the region \u2014 is committed to sharing an experience that is both genuine and grounded.<\/p>\n<\/div><\/div>\n\n\n\n\n\n<div class=\"wp-block-media-text has-media-on-the-right is-stacked-on-mobile\"><div class=\"wp-block-media-text__content\">\n<h3 class=\"wp-block-heading\" style=\"font-size:1.8rem\">Transparency at the heart of our events<\/h3>\n\n\n\n<p style=\"font-size:15px\">At Ch\u00e2teau Carqueiranne, transparency is a core value we proudly uphold. Everything is brought into the open \u2014 nothing is hidden. We regularly host events that invite visitors to meet our teams and discover the behind-the-scenes life of the estate. This openness is a mark of trust, and a reflection of our mission: to preserve this heritage and pass it on to future generations.<\/p>\n<\/div><figure class=\"wp-block-media-text__media\"><img loading=\"lazy\" decoding=\"async\" width=\"480\" height=\"650\" src=\"http:\/\/www.chateaucarqueiranne.com\/wp-content\/uploads\/2024\/11\/Design-sans-titre-8.png\" alt=\"Verre s\u00e9rigraphie Ch\u00e2teau Carqueiranne\" class=\"wp-image-748 size-full\" srcset=\"https:\/\/www.chateaucarqueiranne.com\/wp-content\/uploads\/2024\/11\/Design-sans-titre-8.png 480w, https:\/\/www.chateaucarqueiranne.com\/wp-content\/uploads\/2024\/11\/Design-sans-titre-8-222x300.png 222w\" sizes=\"(max-width: 480px) 100vw, 480px\" \/><\/figure><\/div>\n","protected":false},"excerpt":{"rendered":"<p>The Unique Spirit of Ch\u00e2teau Carqueiranne The unique spirit of Ch\u00e2teau Carqueiranne is built around three essential pillars: honoring our historic heritage, producing exceptional wines, and embodying the Proven\u00e7al art of living. Guided by this spirit, every action reflects time-honored expertise . A unique dual heritage Ch\u00e2teau Carqueiranne, a historic landmark in Provence, embodies a [&hellip;]<\/p>\n","protected":false},"author":1,"featured_media":748,"parent":0,"menu_order":0,"comment_status":"closed","ping_status":"closed","template":"","meta":{"saved_in_kubio":false,"footnotes":""},"class_list":["post-1242","page","type-page","status-publish","has-post-thumbnail","hentry"],"kubio_ai_page_context":{"short_desc":"","purpose":"general"},"yoast_head":"<!-- This site is optimized with the Yoast SEO plugin v27.4 - https:\/\/yoast.com\/product\/yoast-seo-wordpress\/ -->\n<title>The Unique Spirit of Ch\u00e2teau Carqueiranne - CH\u00c2TEAU CARQUEIRANNE<\/title>\n<meta name=\"description\" content=\"L&#039;esprit unique Ch\u00e2teau Carqueiranne se construit autour du patrimoine, de la qualit\u00e9 de nos vins \u00e0 travers l&#039;art de vivre proven\u00e7al.\" \/>\n<meta name=\"robots\" content=\"index, follow, max-snippet:-1, max-image-preview:large, max-video-preview:-1\" \/>\n<link rel=\"canonical\" href=\"https:\/\/www.chateaucarqueiranne.com\/index.php\/en\/the-unique-spirit-of-chateau-carqueiranne\/\" \/>\n<meta property=\"og:locale\" content=\"fr_FR\" \/>\n<meta property=\"og:type\" content=\"article\" \/>\n<meta property=\"og:title\" content=\"The Unique Spirit of Ch\u00e2teau Carqueiranne - CH\u00c2TEAU CARQUEIRANNE\" \/>\n<meta property=\"og:description\" content=\"L&#039;esprit unique Ch\u00e2teau Carqueiranne se construit autour du patrimoine, de la qualit\u00e9 de nos vins \u00e0 travers l&#039;art de vivre proven\u00e7al.\" \/>\n<meta property=\"og:url\" content=\"https:\/\/www.chateaucarqueiranne.com\/index.php\/en\/the-unique-spirit-of-chateau-carqueiranne\/\" \/>\n<meta property=\"og:site_name\" content=\"CH\u00c2TEAU CARQUEIRANNE\" \/>\n<meta property=\"article:modified_time\" content=\"2025-05-15T12:41:34+00:00\" \/>\n<meta property=\"og:image\" content=\"http:\/\/www.chateaucarqueiranne.com\/wp-content\/uploads\/2024\/11\/Design-sans-titre-8.png\" \/>\n\t<meta property=\"og:image:width\" content=\"480\" \/>\n\t<meta property=\"og:image:height\" content=\"650\" \/>\n\t<meta property=\"og:image:type\" content=\"image\/png\" \/>\n<meta name=\"twitter:card\" content=\"summary_large_image\" \/>\n<meta name=\"twitter:label1\" content=\"Dur\u00e9e de lecture estim\u00e9e\" \/>\n\t<meta name=\"twitter:data1\" content=\"3 minutes\" \/>\n<script type=\"application\/ld+json\" class=\"yoast-schema-graph\">{\"@context\":\"https:\\\/\\\/schema.org\",\"@graph\":[{\"@type\":\"WebPage\",\"@id\":\"https:\\\/\\\/www.chateaucarqueiranne.com\\\/index.php\\\/en\\\/the-unique-spirit-of-chateau-carqueiranne\\\/\",\"url\":\"https:\\\/\\\/www.chateaucarqueiranne.com\\\/index.php\\\/en\\\/the-unique-spirit-of-chateau-carqueiranne\\\/\",\"name\":\"The Unique Spirit of Ch\u00e2teau Carqueiranne - CH\u00c2TEAU CARQUEIRANNE\",\"isPartOf\":{\"@id\":\"https:\\\/\\\/www.chateaucarqueiranne.com\\\/#website\"},\"primaryImageOfPage\":{\"@id\":\"https:\\\/\\\/www.chateaucarqueiranne.com\\\/index.php\\\/en\\\/the-unique-spirit-of-chateau-carqueiranne\\\/#primaryimage\"},\"image\":{\"@id\":\"https:\\\/\\\/www.chateaucarqueiranne.com\\\/index.php\\\/en\\\/the-unique-spirit-of-chateau-carqueiranne\\\/#primaryimage\"},\"thumbnailUrl\":\"https:\\\/\\\/www.chateaucarqueiranne.com\\\/wp-content\\\/uploads\\\/2024\\\/11\\\/Design-sans-titre-8.png\",\"datePublished\":\"2025-05-15T12:41:33+00:00\",\"dateModified\":\"2025-05-15T12:41:34+00:00\",\"description\":\"L'esprit unique Ch\u00e2teau Carqueiranne se construit autour du patrimoine, de la qualit\u00e9 de nos vins \u00e0 travers l'art de vivre proven\u00e7al.\",\"breadcrumb\":{\"@id\":\"https:\\\/\\\/www.chateaucarqueiranne.com\\\/index.php\\\/en\\\/the-unique-spirit-of-chateau-carqueiranne\\\/#breadcrumb\"},\"inLanguage\":\"fr-FR\",\"potentialAction\":[{\"@type\":\"ReadAction\",\"target\":[\"https:\\\/\\\/www.chateaucarqueiranne.com\\\/index.php\\\/en\\\/the-unique-spirit-of-chateau-carqueiranne\\\/\"]}]},{\"@type\":\"ImageObject\",\"inLanguage\":\"fr-FR\",\"@id\":\"https:\\\/\\\/www.chateaucarqueiranne.com\\\/index.php\\\/en\\\/the-unique-spirit-of-chateau-carqueiranne\\\/#primaryimage\",\"url\":\"https:\\\/\\\/www.chateaucarqueiranne.com\\\/wp-content\\\/uploads\\\/2024\\\/11\\\/Design-sans-titre-8.png\",\"contentUrl\":\"https:\\\/\\\/www.chateaucarqueiranne.com\\\/wp-content\\\/uploads\\\/2024\\\/11\\\/Design-sans-titre-8.png\",\"width\":480,\"height\":650},{\"@type\":\"BreadcrumbList\",\"@id\":\"https:\\\/\\\/www.chateaucarqueiranne.com\\\/index.php\\\/en\\\/the-unique-spirit-of-chateau-carqueiranne\\\/#breadcrumb\",\"itemListElement\":[{\"@type\":\"ListItem\",\"position\":1,\"name\":\"Accueil\",\"item\":\"https:\\\/\\\/www.chateaucarqueiranne.com\\\/\"},{\"@type\":\"ListItem\",\"position\":2,\"name\":\"The Unique Spirit of Ch\u00e2teau Carqueiranne\"}]},{\"@type\":\"WebSite\",\"@id\":\"https:\\\/\\\/www.chateaucarqueiranne.com\\\/#website\",\"url\":\"https:\\\/\\\/www.chateaucarqueiranne.com\\\/\",\"name\":\"CH\u00c2TEAU CARQUEIRANNE\",\"description\":\"C\u00f4tes de Provence  \",\"publisher\":{\"@id\":\"https:\\\/\\\/www.chateaucarqueiranne.com\\\/#organization\"},\"potentialAction\":[{\"@type\":\"SearchAction\",\"target\":{\"@type\":\"EntryPoint\",\"urlTemplate\":\"https:\\\/\\\/www.chateaucarqueiranne.com\\\/?s={search_term_string}\"},\"query-input\":{\"@type\":\"PropertyValueSpecification\",\"valueRequired\":true,\"valueName\":\"search_term_string\"}}],\"inLanguage\":\"fr-FR\"},{\"@type\":\"Organization\",\"@id\":\"https:\\\/\\\/www.chateaucarqueiranne.com\\\/#organization\",\"name\":\"CH\u00c2TEAU CARQUEIRANNE\",\"url\":\"https:\\\/\\\/www.chateaucarqueiranne.com\\\/\",\"logo\":{\"@type\":\"ImageObject\",\"inLanguage\":\"fr-FR\",\"@id\":\"https:\\\/\\\/www.chateaucarqueiranne.com\\\/#\\\/schema\\\/logo\\\/image\\\/\",\"url\":\"https:\\\/\\\/www.chateaucarqueiranne.com\\\/wp-content\\\/uploads\\\/2024\\\/05\\\/Typo-Chateau-Sans-fond-1-e1715849615235.png\",\"contentUrl\":\"https:\\\/\\\/www.chateaucarqueiranne.com\\\/wp-content\\\/uploads\\\/2024\\\/05\\\/Typo-Chateau-Sans-fond-1-e1715849615235.png\",\"width\":1890,\"height\":592,\"caption\":\"CH\u00c2TEAU CARQUEIRANNE\"},\"image\":{\"@id\":\"https:\\\/\\\/www.chateaucarqueiranne.com\\\/#\\\/schema\\\/logo\\\/image\\\/\"}}]}<\/script>\n<!-- \/ Yoast SEO plugin. -->","yoast_head_json":{"title":"The Unique Spirit of Ch\u00e2teau Carqueiranne - CH\u00c2TEAU CARQUEIRANNE","description":"L'esprit unique Ch\u00e2teau Carqueiranne se construit autour du patrimoine, de la qualit\u00e9 de nos vins \u00e0 travers l'art de vivre proven\u00e7al.","robots":{"index":"index","follow":"follow","max-snippet":"max-snippet:-1","max-image-preview":"max-image-preview:large","max-video-preview":"max-video-preview:-1"},"canonical":"https:\/\/www.chateaucarqueiranne.com\/index.php\/en\/the-unique-spirit-of-chateau-carqueiranne\/","og_locale":"fr_FR","og_type":"article","og_title":"The Unique Spirit of Ch\u00e2teau Carqueiranne - CH\u00c2TEAU CARQUEIRANNE","og_description":"L'esprit unique Ch\u00e2teau Carqueiranne se construit autour du patrimoine, de la qualit\u00e9 de nos vins \u00e0 travers l'art de vivre proven\u00e7al.","og_url":"https:\/\/www.chateaucarqueiranne.com\/index.php\/en\/the-unique-spirit-of-chateau-carqueiranne\/","og_site_name":"CH\u00c2TEAU CARQUEIRANNE","article_modified_time":"2025-05-15T12:41:34+00:00","og_image":[{"width":480,"height":650,"url":"http:\/\/www.chateaucarqueiranne.com\/wp-content\/uploads\/2024\/11\/Design-sans-titre-8.png","type":"image\/png"}],"twitter_card":"summary_large_image","twitter_misc":{"Dur\u00e9e de lecture estim\u00e9e":"3 minutes"},"schema":{"@context":"https:\/\/schema.org","@graph":[{"@type":"WebPage","@id":"https:\/\/www.chateaucarqueiranne.com\/index.php\/en\/the-unique-spirit-of-chateau-carqueiranne\/","url":"https:\/\/www.chateaucarqueiranne.com\/index.php\/en\/the-unique-spirit-of-chateau-carqueiranne\/","name":"The Unique Spirit of Ch\u00e2teau Carqueiranne - CH\u00c2TEAU CARQUEIRANNE","isPartOf":{"@id":"https:\/\/www.chateaucarqueiranne.com\/#website"},"primaryImageOfPage":{"@id":"https:\/\/www.chateaucarqueiranne.com\/index.php\/en\/the-unique-spirit-of-chateau-carqueiranne\/#primaryimage"},"image":{"@id":"https:\/\/www.chateaucarqueiranne.com\/index.php\/en\/the-unique-spirit-of-chateau-carqueiranne\/#primaryimage"},"thumbnailUrl":"https:\/\/www.chateaucarqueiranne.com\/wp-content\/uploads\/2024\/11\/Design-sans-titre-8.png","datePublished":"2025-05-15T12:41:33+00:00","dateModified":"2025-05-15T12:41:34+00:00","description":"L'esprit unique Ch\u00e2teau Carqueiranne se construit autour du patrimoine, de la qualit\u00e9 de nos vins \u00e0 travers l'art de vivre proven\u00e7al.","breadcrumb":{"@id":"https:\/\/www.chateaucarqueiranne.com\/index.php\/en\/the-unique-spirit-of-chateau-carqueiranne\/#breadcrumb"},"inLanguage":"fr-FR","potentialAction":[{"@type":"ReadAction","target":["https:\/\/www.chateaucarqueiranne.com\/index.php\/en\/the-unique-spirit-of-chateau-carqueiranne\/"]}]},{"@type":"ImageObject","inLanguage":"fr-FR","@id":"https:\/\/www.chateaucarqueiranne.com\/index.php\/en\/the-unique-spirit-of-chateau-carqueiranne\/#primaryimage","url":"https:\/\/www.chateaucarqueiranne.com\/wp-content\/uploads\/2024\/11\/Design-sans-titre-8.png","contentUrl":"https:\/\/www.chateaucarqueiranne.com\/wp-content\/uploads\/2024\/11\/Design-sans-titre-8.png","width":480,"height":650},{"@type":"BreadcrumbList","@id":"https:\/\/www.chateaucarqueiranne.com\/index.php\/en\/the-unique-spirit-of-chateau-carqueiranne\/#breadcrumb","itemListElement":[{"@type":"ListItem","position":1,"name":"Accueil","item":"https:\/\/www.chateaucarqueiranne.com\/"},{"@type":"ListItem","position":2,"name":"The Unique Spirit of Ch\u00e2teau Carqueiranne"}]},{"@type":"WebSite","@id":"https:\/\/www.chateaucarqueiranne.com\/#website","url":"https:\/\/www.chateaucarqueiranne.com\/","name":"CH\u00c2TEAU CARQUEIRANNE","description":"C\u00f4tes de Provence  ","publisher":{"@id":"https:\/\/www.chateaucarqueiranne.com\/#organization"},"potentialAction":[{"@type":"SearchAction","target":{"@type":"EntryPoint","urlTemplate":"https:\/\/www.chateaucarqueiranne.com\/?s={search_term_string}"},"query-input":{"@type":"PropertyValueSpecification","valueRequired":true,"valueName":"search_term_string"}}],"inLanguage":"fr-FR"},{"@type":"Organization","@id":"https:\/\/www.chateaucarqueiranne.com\/#organization","name":"CH\u00c2TEAU CARQUEIRANNE","url":"https:\/\/www.chateaucarqueiranne.com\/","logo":{"@type":"ImageObject","inLanguage":"fr-FR","@id":"https:\/\/www.chateaucarqueiranne.com\/#\/schema\/logo\/image\/","url":"https:\/\/www.chateaucarqueiranne.com\/wp-content\/uploads\/2024\/05\/Typo-Chateau-Sans-fond-1-e1715849615235.png","contentUrl":"https:\/\/www.chateaucarqueiranne.com\/wp-content\/uploads\/2024\/05\/Typo-Chateau-Sans-fond-1-e1715849615235.png","width":1890,"height":592,"caption":"CH\u00c2TEAU CARQUEIRANNE"},"image":{"@id":"https:\/\/www.chateaucarqueiranne.com\/#\/schema\/logo\/image\/"}}]}},"_links":{"self":[{"href":"https:\/\/www.chateaucarqueiranne.com\/index.php\/wp-json\/wp\/v2\/pages\/1242","targetHints":{"allow":["GET"]}}],"collection":[{"href":"https:\/\/www.chateaucarqueiranne.com\/index.php\/wp-json\/wp\/v2\/pages"}],"about":[{"href":"https:\/\/www.chateaucarqueiranne.com\/index.php\/wp-json\/wp\/v2\/types\/page"}],"author":[{"embeddable":true,"href":"https:\/\/www.chateaucarqueiranne.com\/index.php\/wp-json\/wp\/v2\/users\/1"}],"replies":[{"embeddable":true,"href":"https:\/\/www.chateaucarqueiranne.com\/index.php\/wp-json\/wp\/v2\/comments?post=1242"}],"version-history":[{"count":2,"href":"https:\/\/www.chateaucarqueiranne.com\/index.php\/wp-json\/wp\/v2\/pages\/1242\/revisions"}],"predecessor-version":[{"id":1391,"href":"https:\/\/www.chateaucarqueiranne.com\/index.php\/wp-json\/wp\/v2\/pages\/1242\/revisions\/1391"}],"wp:featuredmedia":[{"embeddable":true,"href":"https:\/\/www.chateaucarqueiranne.com\/index.php\/wp-json\/wp\/v2\/media\/748"}],"wp:attachment":[{"href":"https:\/\/www.chateaucarqueiranne.com\/index.php\/wp-json\/wp\/v2\/media?parent=1242"}],"curies":[{"name":"wp","href":"https:\/\/api.w.org\/{rel}","templated":true}]}}