{"id":1239,"date":"2025-05-14T16:01:40","date_gmt":"2025-05-14T14:01:40","guid":{"rendered":"https:\/\/www.chateaucarqueiranne.com\/?page_id=1239"},"modified":"2025-09-08T17:06:57","modified_gmt":"2025-09-08T15:06:57","slug":"jazz-vignes-at-chateau-carqueiranne","status":"publish","type":"page","link":"https:\/\/www.chateaucarqueiranne.com\/index.php\/en\/jazz-vignes-at-chateau-carqueiranne\/","title":{"rendered":"Jazz &amp; Vignes at Ch\u00e2teau Carqueiranne"},"content":{"rendered":"\n<div class=\"wp-block-buttons is-content-justification-right is-layout-flex wp-container-core-buttons-is-layout-d445cf74 wp-block-buttons-is-layout-flex\">\n<div class=\"wp-block-button is-style-outline is-style-outline--1\"><a class=\"wp-block-button__link wp-element-button\" href=\"https:\/\/www.chateaucarqueiranne.com\/index.php\/jazz-vignes-au-chateau-carqueiranne\/\">FR \ud83c\uddeb\ud83c\uddf7<\/a><\/div>\n<\/div>\n\n\n\n<h2 class=\"wp-block-heading has-text-align-center\" style=\"font-size:2.8rem\">Jazz &amp; Vignes at Ch\u00e2teau Carqueiranne<\/h2>\n\n\n\n\n\n\n\n<p>Jazz &amp; Vignes events return for a new edition in 2026 ! An event that combines jazz and Provencal flavors.<\/p>\n\n\n\n<p>At the foot of the ch\u00e2teau, Jazz &amp; Vignes offers an experience where music, wine and Provencal terroir meet to create memorable evenings.<\/p>\n\n\n\n<p>Every Thursday evening in summer, you can enjoy live jazz concerts, while tasting our ros\u00e9, white or red C\u00f4tes de Provence wines, as well as platters of local produce.<\/p>\n\n\n\n<p>Between music, wine and the warmth of the evening, Jazz &amp; Vignes celebrates the meeting of the Ch\u00e2teau&rsquo;s living heritage and the warmth of summer evenings.<\/p>\n\n\n\n<p>In the meantime, stay tuned to find out what&rsquo;s next and what&rsquo;s new at Ch\u00e2teau Carqueiranne.<\/p>\n\n\n","protected":false},"excerpt":{"rendered":"<p>Jazz &amp; Vignes at Ch\u00e2teau Carqueiranne Jazz &amp; Vignes events return for a new edition in 2026 ! An event that combines jazz and Provencal flavors. At the foot of the ch\u00e2teau, Jazz &amp; Vignes offers an experience where music, wine and Provencal terroir meet to create memorable evenings. Every Thursday evening in summer, you [&hellip;]<\/p>\n","protected":false},"author":1,"featured_media":631,"parent":0,"menu_order":0,"comment_status":"closed","ping_status":"closed","template":"","meta":{"saved_in_kubio":true,"footnotes":""},"class_list":["post-1239","page","type-page","status-publish","has-post-thumbnail","hentry"],"kubio_ai_page_context":{"short_desc":"","purpose":"general"},"yoast_head":"<!-- This site is optimized with the Yoast SEO plugin v27.4 - https:\/\/yoast.com\/product\/yoast-seo-wordpress\/ -->\n<title>Jazz &amp; Vignes at Ch\u00e2teau Carqueiranne - CH\u00c2TEAU CARQUEIRANNE<\/title>\n<meta name=\"description\" content=\"Vivez l&#039;exp\u00e9rience de Jazz &amp; Vignes au Ch\u00e2teau Carqueiranne : concertsde jazz, d\u00e9gustation de vins C\u00f4tes de Provence et saveurs du terroir.\" \/>\n<meta name=\"robots\" content=\"index, follow, max-snippet:-1, max-image-preview:large, max-video-preview:-1\" \/>\n<link rel=\"canonical\" href=\"https:\/\/www.chateaucarqueiranne.com\/index.php\/en\/jazz-vignes-at-chateau-carqueiranne\/\" \/>\n<meta property=\"og:locale\" content=\"fr_FR\" \/>\n<meta property=\"og:type\" content=\"article\" \/>\n<meta property=\"og:title\" content=\"Jazz &amp; Vignes at Ch\u00e2teau Carqueiranne - CH\u00c2TEAU CARQUEIRANNE\" \/>\n<meta property=\"og:description\" content=\"Vivez l&#039;exp\u00e9rience de Jazz &amp; Vignes au Ch\u00e2teau Carqueiranne : concertsde jazz, d\u00e9gustation de vins C\u00f4tes de Provence et saveurs du terroir.\" \/>\n<meta property=\"og:url\" content=\"https:\/\/www.chateaucarqueiranne.com\/index.php\/en\/jazz-vignes-at-chateau-carqueiranne\/\" \/>\n<meta property=\"og:site_name\" content=\"CH\u00c2TEAU CARQUEIRANNE\" \/>\n<meta property=\"article:modified_time\" content=\"2025-09-08T15:06:57+00:00\" \/>\n<meta property=\"og:image\" content=\"http:\/\/www.chateaucarqueiranne.com\/wp-content\/uploads\/2024\/10\/3-CC2-42-1-scaled.jpg\" \/>\n\t<meta property=\"og:image:width\" content=\"2560\" \/>\n\t<meta property=\"og:image:height\" content=\"1707\" \/>\n\t<meta property=\"og:image:type\" content=\"image\/jpeg\" \/>\n<meta name=\"twitter:card\" content=\"summary_large_image\" \/>\n<meta name=\"twitter:label1\" content=\"Dur\u00e9e de lecture estim\u00e9e\" \/>\n\t<meta name=\"twitter:data1\" content=\"1 minute\" \/>\n<script type=\"application\/ld+json\" class=\"yoast-schema-graph\">{\"@context\":\"https:\\\/\\\/schema.org\",\"@graph\":[{\"@type\":\"WebPage\",\"@id\":\"https:\\\/\\\/www.chateaucarqueiranne.com\\\/index.php\\\/en\\\/jazz-vignes-at-chateau-carqueiranne\\\/\",\"url\":\"https:\\\/\\\/www.chateaucarqueiranne.com\\\/index.php\\\/en\\\/jazz-vignes-at-chateau-carqueiranne\\\/\",\"name\":\"Jazz &amp; Vignes at Ch\u00e2teau Carqueiranne - CH\u00c2TEAU CARQUEIRANNE\",\"isPartOf\":{\"@id\":\"https:\\\/\\\/www.chateaucarqueiranne.com\\\/#website\"},\"primaryImageOfPage\":{\"@id\":\"https:\\\/\\\/www.chateaucarqueiranne.com\\\/index.php\\\/en\\\/jazz-vignes-at-chateau-carqueiranne\\\/#primaryimage\"},\"image\":{\"@id\":\"https:\\\/\\\/www.chateaucarqueiranne.com\\\/index.php\\\/en\\\/jazz-vignes-at-chateau-carqueiranne\\\/#primaryimage\"},\"thumbnailUrl\":\"https:\\\/\\\/www.chateaucarqueiranne.com\\\/wp-content\\\/uploads\\\/2024\\\/10\\\/3-CC2-42-1-scaled.jpg\",\"datePublished\":\"2025-05-14T14:01:40+00:00\",\"dateModified\":\"2025-09-08T15:06:57+00:00\",\"description\":\"Vivez l'exp\u00e9rience de Jazz & Vignes au Ch\u00e2teau Carqueiranne : concertsde jazz, d\u00e9gustation de vins C\u00f4tes de Provence et saveurs du terroir.\",\"breadcrumb\":{\"@id\":\"https:\\\/\\\/www.chateaucarqueiranne.com\\\/index.php\\\/en\\\/jazz-vignes-at-chateau-carqueiranne\\\/#breadcrumb\"},\"inLanguage\":\"fr-FR\",\"potentialAction\":[{\"@type\":\"ReadAction\",\"target\":[\"https:\\\/\\\/www.chateaucarqueiranne.com\\\/index.php\\\/en\\\/jazz-vignes-at-chateau-carqueiranne\\\/\"]}]},{\"@type\":\"ImageObject\",\"inLanguage\":\"fr-FR\",\"@id\":\"https:\\\/\\\/www.chateaucarqueiranne.com\\\/index.php\\\/en\\\/jazz-vignes-at-chateau-carqueiranne\\\/#primaryimage\",\"url\":\"https:\\\/\\\/www.chateaucarqueiranne.com\\\/wp-content\\\/uploads\\\/2024\\\/10\\\/3-CC2-42-1-scaled.jpg\",\"contentUrl\":\"https:\\\/\\\/www.chateaucarqueiranne.com\\\/wp-content\\\/uploads\\\/2024\\\/10\\\/3-CC2-42-1-scaled.jpg\",\"width\":2560,\"height\":1707,\"caption\":\"Jazz & Vignes au Ch\u00e2teau Carqueiranne\"},{\"@type\":\"BreadcrumbList\",\"@id\":\"https:\\\/\\\/www.chateaucarqueiranne.com\\\/index.php\\\/en\\\/jazz-vignes-at-chateau-carqueiranne\\\/#breadcrumb\",\"itemListElement\":[{\"@type\":\"ListItem\",\"position\":1,\"name\":\"Accueil\",\"item\":\"https:\\\/\\\/www.chateaucarqueiranne.com\\\/\"},{\"@type\":\"ListItem\",\"position\":2,\"name\":\"Jazz &amp; Vignes at Ch\u00e2teau Carqueiranne\"}]},{\"@type\":\"WebSite\",\"@id\":\"https:\\\/\\\/www.chateaucarqueiranne.com\\\/#website\",\"url\":\"https:\\\/\\\/www.chateaucarqueiranne.com\\\/\",\"name\":\"CH\u00c2TEAU CARQUEIRANNE\",\"description\":\"C\u00f4tes de Provence  \",\"publisher\":{\"@id\":\"https:\\\/\\\/www.chateaucarqueiranne.com\\\/#organization\"},\"potentialAction\":[{\"@type\":\"SearchAction\",\"target\":{\"@type\":\"EntryPoint\",\"urlTemplate\":\"https:\\\/\\\/www.chateaucarqueiranne.com\\\/?s={search_term_string}\"},\"query-input\":{\"@type\":\"PropertyValueSpecification\",\"valueRequired\":true,\"valueName\":\"search_term_string\"}}],\"inLanguage\":\"fr-FR\"},{\"@type\":\"Organization\",\"@id\":\"https:\\\/\\\/www.chateaucarqueiranne.com\\\/#organization\",\"name\":\"CH\u00c2TEAU CARQUEIRANNE\",\"url\":\"https:\\\/\\\/www.chateaucarqueiranne.com\\\/\",\"logo\":{\"@type\":\"ImageObject\",\"inLanguage\":\"fr-FR\",\"@id\":\"https:\\\/\\\/www.chateaucarqueiranne.com\\\/#\\\/schema\\\/logo\\\/image\\\/\",\"url\":\"https:\\\/\\\/www.chateaucarqueiranne.com\\\/wp-content\\\/uploads\\\/2024\\\/05\\\/Typo-Chateau-Sans-fond-1-e1715849615235.png\",\"contentUrl\":\"https:\\\/\\\/www.chateaucarqueiranne.com\\\/wp-content\\\/uploads\\\/2024\\\/05\\\/Typo-Chateau-Sans-fond-1-e1715849615235.png\",\"width\":1890,\"height\":592,\"caption\":\"CH\u00c2TEAU CARQUEIRANNE\"},\"image\":{\"@id\":\"https:\\\/\\\/www.chateaucarqueiranne.com\\\/#\\\/schema\\\/logo\\\/image\\\/\"}}]}<\/script>\n<!-- \/ Yoast SEO plugin. -->","yoast_head_json":{"title":"Jazz &amp; Vignes at Ch\u00e2teau Carqueiranne - CH\u00c2TEAU CARQUEIRANNE","description":"Vivez l'exp\u00e9rience de Jazz & Vignes au Ch\u00e2teau Carqueiranne : concertsde jazz, d\u00e9gustation de vins C\u00f4tes de Provence et saveurs du terroir.","robots":{"index":"index","follow":"follow","max-snippet":"max-snippet:-1","max-image-preview":"max-image-preview:large","max-video-preview":"max-video-preview:-1"},"canonical":"https:\/\/www.chateaucarqueiranne.com\/index.php\/en\/jazz-vignes-at-chateau-carqueiranne\/","og_locale":"fr_FR","og_type":"article","og_title":"Jazz &amp; Vignes at Ch\u00e2teau Carqueiranne - CH\u00c2TEAU CARQUEIRANNE","og_description":"Vivez l'exp\u00e9rience de Jazz & Vignes au Ch\u00e2teau Carqueiranne : concertsde jazz, d\u00e9gustation de vins C\u00f4tes de Provence et saveurs du terroir.","og_url":"https:\/\/www.chateaucarqueiranne.com\/index.php\/en\/jazz-vignes-at-chateau-carqueiranne\/","og_site_name":"CH\u00c2TEAU CARQUEIRANNE","article_modified_time":"2025-09-08T15:06:57+00:00","og_image":[{"width":2560,"height":1707,"url":"http:\/\/www.chateaucarqueiranne.com\/wp-content\/uploads\/2024\/10\/3-CC2-42-1-scaled.jpg","type":"image\/jpeg"}],"twitter_card":"summary_large_image","twitter_misc":{"Dur\u00e9e de lecture estim\u00e9e":"1 minute"},"schema":{"@context":"https:\/\/schema.org","@graph":[{"@type":"WebPage","@id":"https:\/\/www.chateaucarqueiranne.com\/index.php\/en\/jazz-vignes-at-chateau-carqueiranne\/","url":"https:\/\/www.chateaucarqueiranne.com\/index.php\/en\/jazz-vignes-at-chateau-carqueiranne\/","name":"Jazz &amp; Vignes at Ch\u00e2teau Carqueiranne - CH\u00c2TEAU CARQUEIRANNE","isPartOf":{"@id":"https:\/\/www.chateaucarqueiranne.com\/#website"},"primaryImageOfPage":{"@id":"https:\/\/www.chateaucarqueiranne.com\/index.php\/en\/jazz-vignes-at-chateau-carqueiranne\/#primaryimage"},"image":{"@id":"https:\/\/www.chateaucarqueiranne.com\/index.php\/en\/jazz-vignes-at-chateau-carqueiranne\/#primaryimage"},"thumbnailUrl":"https:\/\/www.chateaucarqueiranne.com\/wp-content\/uploads\/2024\/10\/3-CC2-42-1-scaled.jpg","datePublished":"2025-05-14T14:01:40+00:00","dateModified":"2025-09-08T15:06:57+00:00","description":"Vivez l'exp\u00e9rience de Jazz & Vignes au Ch\u00e2teau Carqueiranne : concertsde jazz, d\u00e9gustation de vins C\u00f4tes de Provence et saveurs du terroir.","breadcrumb":{"@id":"https:\/\/www.chateaucarqueiranne.com\/index.php\/en\/jazz-vignes-at-chateau-carqueiranne\/#breadcrumb"},"inLanguage":"fr-FR","potentialAction":[{"@type":"ReadAction","target":["https:\/\/www.chateaucarqueiranne.com\/index.php\/en\/jazz-vignes-at-chateau-carqueiranne\/"]}]},{"@type":"ImageObject","inLanguage":"fr-FR","@id":"https:\/\/www.chateaucarqueiranne.com\/index.php\/en\/jazz-vignes-at-chateau-carqueiranne\/#primaryimage","url":"https:\/\/www.chateaucarqueiranne.com\/wp-content\/uploads\/2024\/10\/3-CC2-42-1-scaled.jpg","contentUrl":"https:\/\/www.chateaucarqueiranne.com\/wp-content\/uploads\/2024\/10\/3-CC2-42-1-scaled.jpg","width":2560,"height":1707,"caption":"Jazz & Vignes au Ch\u00e2teau Carqueiranne"},{"@type":"BreadcrumbList","@id":"https:\/\/www.chateaucarqueiranne.com\/index.php\/en\/jazz-vignes-at-chateau-carqueiranne\/#breadcrumb","itemListElement":[{"@type":"ListItem","position":1,"name":"Accueil","item":"https:\/\/www.chateaucarqueiranne.com\/"},{"@type":"ListItem","position":2,"name":"Jazz &amp; Vignes at Ch\u00e2teau Carqueiranne"}]},{"@type":"WebSite","@id":"https:\/\/www.chateaucarqueiranne.com\/#website","url":"https:\/\/www.chateaucarqueiranne.com\/","name":"CH\u00c2TEAU CARQUEIRANNE","description":"C\u00f4tes de Provence  ","publisher":{"@id":"https:\/\/www.chateaucarqueiranne.com\/#organization"},"potentialAction":[{"@type":"SearchAction","target":{"@type":"EntryPoint","urlTemplate":"https:\/\/www.chateaucarqueiranne.com\/?s={search_term_string}"},"query-input":{"@type":"PropertyValueSpecification","valueRequired":true,"valueName":"search_term_string"}}],"inLanguage":"fr-FR"},{"@type":"Organization","@id":"https:\/\/www.chateaucarqueiranne.com\/#organization","name":"CH\u00c2TEAU CARQUEIRANNE","url":"https:\/\/www.chateaucarqueiranne.com\/","logo":{"@type":"ImageObject","inLanguage":"fr-FR","@id":"https:\/\/www.chateaucarqueiranne.com\/#\/schema\/logo\/image\/","url":"https:\/\/www.chateaucarqueiranne.com\/wp-content\/uploads\/2024\/05\/Typo-Chateau-Sans-fond-1-e1715849615235.png","contentUrl":"https:\/\/www.chateaucarqueiranne.com\/wp-content\/uploads\/2024\/05\/Typo-Chateau-Sans-fond-1-e1715849615235.png","width":1890,"height":592,"caption":"CH\u00c2TEAU CARQUEIRANNE"},"image":{"@id":"https:\/\/www.chateaucarqueiranne.com\/#\/schema\/logo\/image\/"}}]}},"_links":{"self":[{"href":"https:\/\/www.chateaucarqueiranne.com\/index.php\/wp-json\/wp\/v2\/pages\/1239","targetHints":{"allow":["GET"]}}],"collection":[{"href":"https:\/\/www.chateaucarqueiranne.com\/index.php\/wp-json\/wp\/v2\/pages"}],"about":[{"href":"https:\/\/www.chateaucarqueiranne.com\/index.php\/wp-json\/wp\/v2\/types\/page"}],"author":[{"embeddable":true,"href":"https:\/\/www.chateaucarqueiranne.com\/index.php\/wp-json\/wp\/v2\/users\/1"}],"replies":[{"embeddable":true,"href":"https:\/\/www.chateaucarqueiranne.com\/index.php\/wp-json\/wp\/v2\/comments?post=1239"}],"version-history":[{"count":10,"href":"https:\/\/www.chateaucarqueiranne.com\/index.php\/wp-json\/wp\/v2\/pages\/1239\/revisions"}],"predecessor-version":[{"id":2099,"href":"https:\/\/www.chateaucarqueiranne.com\/index.php\/wp-json\/wp\/v2\/pages\/1239\/revisions\/2099"}],"wp:featuredmedia":[{"embeddable":true,"href":"https:\/\/www.chateaucarqueiranne.com\/index.php\/wp-json\/wp\/v2\/media\/631"}],"wp:attachment":[{"href":"https:\/\/www.chateaucarqueiranne.com\/index.php\/wp-json\/wp\/v2\/media?parent=1239"}],"curies":[{"name":"wp","href":"https:\/\/api.w.org\/{rel}","templated":true}]}}